{"id":1030658,"date":"2026-04-22T16:29:29","date_gmt":"2026-04-22T16:29:29","guid":{"rendered":"https:\/\/fjallshop.hr\/?post_type=product&#038;p=1030658"},"modified":"2026-04-22T16:29:29","modified_gmt":"2026-04-22T16:29:29","slug":"devold-breeze-merino-150-hipster-wmn","status":"publish","type":"product","link":"https:\/\/fjallshop.hr\/sl\/izdelek\/devold-breeze-merino-150-hipster-wmn\/","title":{"rendered":"Devold Breeze Merino 150 Hipster Wmn"},"content":{"rendered":"<p>Devold Breeze hipster ga\u0107ice izra\u0111ene su od najfinijih i najdu\u017eih vlakana merino vune dostupnih na tr\u017ei\u0161tu. Izra\u0111ene od 100% vrhunske merino vune, ru\u010dno odabrane zbog svoje kvalitete, nude iznimnu meko\u0107u i prozra\u010dnost &#8211; jedan od najboljih izbora za donje rublje. Merino vuna regulira temperaturu i odvodi vlagu s tijela, stvaraju\u0107i zdravu mikroklimu za va\u0161u ko\u017eu. Merino vuna u ovim hipster ga\u0107icama posebno je nje\u017ena za osjetljivu ko\u017eu. &#8211; \u0160irok i udoban elasti\u010dni pojas. &#8211; Ravni \u0161avovi za optimalnu udobnost. &#8211; 100% ultra lagana i mekana merino vuna. &#8211; Mo\u017ee se prati u perilici rublja i su\u0161iti u su\u0161ilici rublja (merino vuna Total Easy Care).<\/p>\n","protected":false},"excerpt":{"rendered":"<p>Devold Breeze hipster ga\u0107ice izra\u0111ene su od najfinijih i najdu\u017eih vlakana merino vune dostupnih na tr\u017ei\u0161tu. Izra\u0111ene od 100% vrhunske merino vune, ru\u010dno odabrane zbog svoje kvalitete, nude iznimnu meko\u0107u i prozra\u010dnost &#8211; jedan od najboljih izbora za donje rublje. Merino vuna regulira temperaturu i odvodi vlagu s tijela, stvaraju\u0107i zdravu mikroklimu za va\u0161u ko\u017eu. [&hellip;]<\/p>\n","protected":false},"featured_media":1030662,"template":"","meta":[],"product_brand":[738],"product_cat":[],"product_tag":[575,571],"class_list":{"0":"post-1030658","1":"product","2":"type-product","3":"status-publish","4":"has-post-thumbnail","6":"product_brand-devold","7":"product_tag-merino-zene-rublje","8":"product_tag-merino-zene","10":"first","11":"outofstock","12":"shipping-taxable","13":"purchasable","14":"product-type-variable"},"yoast_head":"<!-- This site is optimized with the Yoast SEO plugin v27.4 - https:\/\/yoast.com\/product\/yoast-seo-wordpress\/ -->\n<title>Devold Breeze Merino 150 Hipster Wmn - Fj\u00e4llr\u00e4ven<\/title>\n<meta name=\"robots\" content=\"index, follow, max-snippet:-1, max-image-preview:large, max-video-preview:-1\" \/>\n<link rel=\"canonical\" href=\"https:\/\/fjallshop.hr\/proizvod\/devold-breeze-merino-150-hipster-wmn\/\" \/>\n<meta property=\"og:locale\" content=\"sl_SI\" \/>\n<meta property=\"og:type\" content=\"article\" \/>\n<meta property=\"og:title\" content=\"Devold Breeze Merino 150 Hipster Wmn - Fj\u00e4llr\u00e4ven\" \/>\n<meta property=\"og:description\" content=\"Devold Breeze hipster ga\u0107ice izra\u0111ene su od najfinijih i najdu\u017eih vlakana merino vune dostupnih na tr\u017ei\u0161tu. Izra\u0111ene od 100% vrhunske merino vune, ru\u010dno odabrane zbog svoje kvalitete, nude iznimnu meko\u0107u i prozra\u010dnost &#8211; jedan od najboljih izbora za donje rublje. Merino vuna regulira temperaturu i odvodi vlagu s tijela, stvaraju\u0107i zdravu mikroklimu za va\u0161u ko\u017eu. [&hellip;]\" \/>\n<meta property=\"og:url\" content=\"https:\/\/fjallshop.hr\/proizvod\/devold-breeze-merino-150-hipster-wmn\/\" \/>\n<meta property=\"og:site_name\" content=\"Fj\u00e4llr\u00e4ven\" \/>\n<meta property=\"og:image\" content=\"https:\/\/fjallshop.hr\/wp-content\/uploads\/2026\/04\/go-180-144-a-950a.webp\" \/>\n\t<meta property=\"og:image:width\" content=\"737\" \/>\n\t<meta property=\"og:image:height\" content=\"737\" \/>\n\t<meta property=\"og:image:type\" content=\"image\/webp\" \/>\n<meta name=\"twitter:card\" content=\"summary_large_image\" \/>\n<meta name=\"twitter:label1\" content=\"Est. reading time\" \/>\n\t<meta name=\"twitter:data1\" content=\"1 minuta\" \/>\n<script type=\"application\/ld+json\" class=\"yoast-schema-graph\">{\"@context\":\"https:\\\/\\\/schema.org\",\"@graph\":[{\"@type\":\"WebPage\",\"@id\":\"https:\\\/\\\/fjallshop.hr\\\/proizvod\\\/devold-breeze-merino-150-hipster-wmn\\\/\",\"url\":\"https:\\\/\\\/fjallshop.hr\\\/proizvod\\\/devold-breeze-merino-150-hipster-wmn\\\/\",\"name\":\"Devold Breeze Merino 150 Hipster Wmn - Fj\u00e4llr\u00e4ven\",\"isPartOf\":{\"@id\":\"https:\\\/\\\/fjallshop.hr\\\/sl\\\/#website\"},\"primaryImageOfPage\":{\"@id\":\"https:\\\/\\\/fjallshop.hr\\\/proizvod\\\/devold-breeze-merino-150-hipster-wmn\\\/#primaryimage\"},\"image\":{\"@id\":\"https:\\\/\\\/fjallshop.hr\\\/proizvod\\\/devold-breeze-merino-150-hipster-wmn\\\/#primaryimage\"},\"thumbnailUrl\":\"https:\\\/\\\/fjallshop.hr\\\/wp-content\\\/uploads\\\/2026\\\/04\\\/go-180-144-a-950a.webp\",\"datePublished\":\"2026-04-22T16:29:29+00:00\",\"breadcrumb\":{\"@id\":\"https:\\\/\\\/fjallshop.hr\\\/proizvod\\\/devold-breeze-merino-150-hipster-wmn\\\/#breadcrumb\"},\"inLanguage\":\"sl-SI\",\"potentialAction\":[{\"@type\":\"ReadAction\",\"target\":[\"https:\\\/\\\/fjallshop.hr\\\/proizvod\\\/devold-breeze-merino-150-hipster-wmn\\\/\"]}]},{\"@type\":\"ImageObject\",\"inLanguage\":\"sl-SI\",\"@id\":\"https:\\\/\\\/fjallshop.hr\\\/proizvod\\\/devold-breeze-merino-150-hipster-wmn\\\/#primaryimage\",\"url\":\"https:\\\/\\\/fjallshop.hr\\\/wp-content\\\/uploads\\\/2026\\\/04\\\/go-180-144-a-950a.webp\",\"contentUrl\":\"https:\\\/\\\/fjallshop.hr\\\/wp-content\\\/uploads\\\/2026\\\/04\\\/go-180-144-a-950a.webp\",\"width\":737,\"height\":737},{\"@type\":\"BreadcrumbList\",\"@id\":\"https:\\\/\\\/fjallshop.hr\\\/proizvod\\\/devold-breeze-merino-150-hipster-wmn\\\/#breadcrumb\",\"itemListElement\":[{\"@type\":\"ListItem\",\"position\":1,\"name\":\"Home\",\"item\":\"https:\\\/\\\/fjallshop.hr\\\/sl\\\/\"},{\"@type\":\"ListItem\",\"position\":2,\"name\":\"Trgovina\",\"item\":\"https:\\\/\\\/fjallshop.hr\\\/sl\\\/shop\\\/\"},{\"@type\":\"ListItem\",\"position\":3,\"name\":\"Devold Breeze Merino 150 Hipster Wmn\"}]},{\"@type\":\"WebSite\",\"@id\":\"https:\\\/\\\/fjallshop.hr\\\/sl\\\/#website\",\"url\":\"https:\\\/\\\/fjallshop.hr\\\/sl\\\/\",\"name\":\"Fj\u00e4llr\u00e4ven\",\"description\":\"Web trgovina\",\"publisher\":{\"@id\":\"https:\\\/\\\/fjallshop.hr\\\/sl\\\/#organization\"},\"potentialAction\":[{\"@type\":\"SearchAction\",\"target\":{\"@type\":\"EntryPoint\",\"urlTemplate\":\"https:\\\/\\\/fjallshop.hr\\\/sl\\\/?s={search_term_string}\"},\"query-input\":{\"@type\":\"PropertyValueSpecification\",\"valueRequired\":true,\"valueName\":\"search_term_string\"}}],\"inLanguage\":\"sl-SI\"},{\"@type\":\"Organization\",\"@id\":\"https:\\\/\\\/fjallshop.hr\\\/sl\\\/#organization\",\"name\":\"Fj\u00e4llr\u00e4ven\",\"url\":\"https:\\\/\\\/fjallshop.hr\\\/sl\\\/\",\"logo\":{\"@type\":\"ImageObject\",\"inLanguage\":\"sl-SI\",\"@id\":\"https:\\\/\\\/fjallshop.hr\\\/sl\\\/#\\\/schema\\\/logo\\\/image\\\/\",\"url\":\"https:\\\/\\\/fjallshop.hr\\\/wp-content\\\/uploads\\\/2026\\\/01\\\/fjr-logo.svg\",\"contentUrl\":\"https:\\\/\\\/fjallshop.hr\\\/wp-content\\\/uploads\\\/2026\\\/01\\\/fjr-logo.svg\",\"width\":1077,\"height\":393,\"caption\":\"Fj\u00e4llr\u00e4ven\"},\"image\":{\"@id\":\"https:\\\/\\\/fjallshop.hr\\\/sl\\\/#\\\/schema\\\/logo\\\/image\\\/\"}}]}<\/script>\n<!-- \/ Yoast SEO plugin. -->","yoast_head_json":{"title":"Devold Breeze Merino 150 Hipster Wmn - Fj\u00e4llr\u00e4ven","robots":{"index":"index","follow":"follow","max-snippet":"max-snippet:-1","max-image-preview":"max-image-preview:large","max-video-preview":"max-video-preview:-1"},"canonical":"https:\/\/fjallshop.hr\/proizvod\/devold-breeze-merino-150-hipster-wmn\/","og_locale":"sl_SI","og_type":"article","og_title":"Devold Breeze Merino 150 Hipster Wmn - Fj\u00e4llr\u00e4ven","og_description":"Devold Breeze hipster ga\u0107ice izra\u0111ene su od najfinijih i najdu\u017eih vlakana merino vune dostupnih na tr\u017ei\u0161tu. Izra\u0111ene od 100% vrhunske merino vune, ru\u010dno odabrane zbog svoje kvalitete, nude iznimnu meko\u0107u i prozra\u010dnost &#8211; jedan od najboljih izbora za donje rublje. Merino vuna regulira temperaturu i odvodi vlagu s tijela, stvaraju\u0107i zdravu mikroklimu za va\u0161u ko\u017eu. [&hellip;]","og_url":"https:\/\/fjallshop.hr\/proizvod\/devold-breeze-merino-150-hipster-wmn\/","og_site_name":"Fj\u00e4llr\u00e4ven","og_image":[{"width":737,"height":737,"url":"https:\/\/fjallshop.hr\/wp-content\/uploads\/2026\/04\/go-180-144-a-950a.webp","type":"image\/webp"}],"twitter_card":"summary_large_image","twitter_misc":{"Est. reading time":"1 minuta"},"schema":{"@context":"https:\/\/schema.org","@graph":[{"@type":"WebPage","@id":"https:\/\/fjallshop.hr\/proizvod\/devold-breeze-merino-150-hipster-wmn\/","url":"https:\/\/fjallshop.hr\/proizvod\/devold-breeze-merino-150-hipster-wmn\/","name":"Devold Breeze Merino 150 Hipster Wmn - Fj\u00e4llr\u00e4ven","isPartOf":{"@id":"https:\/\/fjallshop.hr\/sl\/#website"},"primaryImageOfPage":{"@id":"https:\/\/fjallshop.hr\/proizvod\/devold-breeze-merino-150-hipster-wmn\/#primaryimage"},"image":{"@id":"https:\/\/fjallshop.hr\/proizvod\/devold-breeze-merino-150-hipster-wmn\/#primaryimage"},"thumbnailUrl":"https:\/\/fjallshop.hr\/wp-content\/uploads\/2026\/04\/go-180-144-a-950a.webp","datePublished":"2026-04-22T16:29:29+00:00","breadcrumb":{"@id":"https:\/\/fjallshop.hr\/proizvod\/devold-breeze-merino-150-hipster-wmn\/#breadcrumb"},"inLanguage":"sl-SI","potentialAction":[{"@type":"ReadAction","target":["https:\/\/fjallshop.hr\/proizvod\/devold-breeze-merino-150-hipster-wmn\/"]}]},{"@type":"ImageObject","inLanguage":"sl-SI","@id":"https:\/\/fjallshop.hr\/proizvod\/devold-breeze-merino-150-hipster-wmn\/#primaryimage","url":"https:\/\/fjallshop.hr\/wp-content\/uploads\/2026\/04\/go-180-144-a-950a.webp","contentUrl":"https:\/\/fjallshop.hr\/wp-content\/uploads\/2026\/04\/go-180-144-a-950a.webp","width":737,"height":737},{"@type":"BreadcrumbList","@id":"https:\/\/fjallshop.hr\/proizvod\/devold-breeze-merino-150-hipster-wmn\/#breadcrumb","itemListElement":[{"@type":"ListItem","position":1,"name":"Home","item":"https:\/\/fjallshop.hr\/sl\/"},{"@type":"ListItem","position":2,"name":"Trgovina","item":"https:\/\/fjallshop.hr\/sl\/shop\/"},{"@type":"ListItem","position":3,"name":"Devold Breeze Merino 150 Hipster Wmn"}]},{"@type":"WebSite","@id":"https:\/\/fjallshop.hr\/sl\/#website","url":"https:\/\/fjallshop.hr\/sl\/","name":"Fj\u00e4llr\u00e4ven","description":"Web trgovina","publisher":{"@id":"https:\/\/fjallshop.hr\/sl\/#organization"},"potentialAction":[{"@type":"SearchAction","target":{"@type":"EntryPoint","urlTemplate":"https:\/\/fjallshop.hr\/sl\/?s={search_term_string}"},"query-input":{"@type":"PropertyValueSpecification","valueRequired":true,"valueName":"search_term_string"}}],"inLanguage":"sl-SI"},{"@type":"Organization","@id":"https:\/\/fjallshop.hr\/sl\/#organization","name":"Fj\u00e4llr\u00e4ven","url":"https:\/\/fjallshop.hr\/sl\/","logo":{"@type":"ImageObject","inLanguage":"sl-SI","@id":"https:\/\/fjallshop.hr\/sl\/#\/schema\/logo\/image\/","url":"https:\/\/fjallshop.hr\/wp-content\/uploads\/2026\/01\/fjr-logo.svg","contentUrl":"https:\/\/fjallshop.hr\/wp-content\/uploads\/2026\/01\/fjr-logo.svg","width":1077,"height":393,"caption":"Fj\u00e4llr\u00e4ven"},"image":{"@id":"https:\/\/fjallshop.hr\/sl\/#\/schema\/logo\/image\/"}}]}},"_links":{"self":[{"href":"https:\/\/fjallshop.hr\/sl\/wp-json\/wp\/v2\/product\/1030658","targetHints":{"allow":["GET"]}}],"collection":[{"href":"https:\/\/fjallshop.hr\/sl\/wp-json\/wp\/v2\/product"}],"about":[{"href":"https:\/\/fjallshop.hr\/sl\/wp-json\/wp\/v2\/types\/product"}],"version-history":[{"count":1,"href":"https:\/\/fjallshop.hr\/sl\/wp-json\/wp\/v2\/product\/1030658\/revisions"}],"predecessor-version":[{"id":1030675,"href":"https:\/\/fjallshop.hr\/sl\/wp-json\/wp\/v2\/product\/1030658\/revisions\/1030675"}],"wp:featuredmedia":[{"embeddable":true,"href":"https:\/\/fjallshop.hr\/sl\/wp-json\/wp\/v2\/media\/1030662"}],"wp:attachment":[{"href":"https:\/\/fjallshop.hr\/sl\/wp-json\/wp\/v2\/media?parent=1030658"}],"wp:term":[{"taxonomy":"product_brand","embeddable":true,"href":"https:\/\/fjallshop.hr\/sl\/wp-json\/wp\/v2\/product_brand?post=1030658"},{"taxonomy":"product_cat","embeddable":true,"href":"https:\/\/fjallshop.hr\/sl\/wp-json\/wp\/v2\/product_cat?post=1030658"},{"taxonomy":"product_tag","embeddable":true,"href":"https:\/\/fjallshop.hr\/sl\/wp-json\/wp\/v2\/product_tag?post=1030658"}],"curies":[{"name":"wp","href":"https:\/\/api.w.org\/{rel}","templated":true}]}}