{"id":1026566,"date":"2026-03-12T20:26:43","date_gmt":"2026-03-12T20:26:43","guid":{"rendered":"https:\/\/fjallshop.hr\/?post_type=product&#038;p=1026566"},"modified":"2026-04-01T15:04:05","modified_gmt":"2026-04-01T15:04:05","slug":"vidda-pro-lite-shorts-m","status":"publish","type":"product","link":"https:\/\/fjallshop.hr\/sl\/izdelek\/vidda-pro-lite-shorts-m\/","title":{"rendered":"Vidda Pro Lite Shorts M"},"content":{"rendered":"<p>Lagane, udobne kratke hla\u010de za planinarenje izra\u0111ene od tkanine G-1000 Air Stretch i oja\u010dane dvostrukim slojevima tkanine na stra\u017enjoj strani \u2013 Vidda Pro Lite Shorts M su funkcionalne kratke hla\u010de s prakti\u010dnim d\u017eepovima \u2013 savr\u0161ene za planinarenje u toplim klimama. Vi\u0161e d\u017eepova uklju\u010duju\u0107i otvorene d\u017eepove za ruke, zakop\u010dane d\u017eepove na nogavicama s pro\u0161irenjem, d\u017eep za vi\u0161enamjenski alat i unutarnji d\u017eep za mobitel. Udobne kratke hla\u010de s regularnim krojem. Ako ste ve\u0107 ljubitelj na\u0161ih hla\u010da, trebali biste naru\u010diti broj ve\u0107i u na\u0161em pobolj\u0161anom kroju (Improved Fit). Ako su ovo va\u0161e prve hla\u010de, provjerite na\u0161 Vodi\u010d za veli\u010dine kako biste prona\u0161li najbolji kroj za vas.<\/p>\n","protected":false},"excerpt":{"rendered":"<p>Lagane, udobne kratke hla\u010de za planinarenje s prakti\u010dnim d\u017eepovima za planinarenje u toplim klimama. Proizvedeno bez PFAS-a.<\/p>\n","protected":false},"featured_media":1029820,"template":"","meta":[],"product_brand":[461],"product_cat":[221],"product_tag":[528,538,535,470,488,471],"class_list":{"0":"post-1026566","1":"product","2":"type-product","3":"status-publish","4":"has-post-thumbnail","6":"product_brand-singi","7":"product_cat-hlace","8":"product_tag-hlace-muski","9":"product_tag-hlace-muski-kratke","10":"product_tag-muske-trekking-hlace","11":"product_tag-muski","12":"product_tag-singi","13":"product_tag-trekking","15":"first","16":"instock","17":"shipping-taxable","18":"purchasable","19":"product-type-variable"},"yoast_head":"<!-- This site is optimized with the Yoast SEO plugin v27.3 - https:\/\/yoast.com\/product\/yoast-seo-wordpress\/ -->\n<title>Vidda Pro Lite Shorts M - Fj\u00e4llr\u00e4ven<\/title>\n<meta name=\"robots\" content=\"index, follow, max-snippet:-1, max-image-preview:large, max-video-preview:-1\" \/>\n<link rel=\"canonical\" href=\"https:\/\/fjallshop.hr\/proizvod\/vidda-pro-lite-shorts-m\/\" \/>\n<meta property=\"og:locale\" content=\"sl_SI\" \/>\n<meta property=\"og:type\" content=\"article\" \/>\n<meta property=\"og:title\" content=\"Vidda Pro Lite Shorts M - Fj\u00e4llr\u00e4ven\" \/>\n<meta property=\"og:description\" content=\"Lagane, udobne kratke hla\u010de za planinarenje s prakti\u010dnim d\u017eepovima za planinarenje u toplim klimama. Proizvedeno bez PFAS-a.\" \/>\n<meta property=\"og:url\" content=\"https:\/\/fjallshop.hr\/proizvod\/vidda-pro-lite-shorts-m\/\" \/>\n<meta property=\"og:site_name\" content=\"Fj\u00e4llr\u00e4ven\" \/>\n<meta property=\"article:modified_time\" content=\"2026-04-01T15:04:05+00:00\" \/>\n<meta property=\"og:image\" content=\"https:\/\/fjallshop.hr\/wp-content\/uploads\/2026\/03\/Vidda_Pro_Lite_Shorts_M_86892-534_A_MAIN_FJR.webp\" \/>\n\t<meta property=\"og:image:width\" content=\"1500\" \/>\n\t<meta property=\"og:image:height\" content=\"1500\" \/>\n\t<meta property=\"og:image:type\" content=\"image\/webp\" \/>\n<meta name=\"twitter:card\" content=\"summary_large_image\" \/>\n<meta name=\"twitter:label1\" content=\"Est. reading time\" \/>\n\t<meta name=\"twitter:data1\" content=\"1 minuta\" \/>\n<script type=\"application\/ld+json\" class=\"yoast-schema-graph\">{\"@context\":\"https:\\\/\\\/schema.org\",\"@graph\":[{\"@type\":\"WebPage\",\"@id\":\"https:\\\/\\\/fjallshop.hr\\\/proizvod\\\/vidda-pro-lite-shorts-m\\\/\",\"url\":\"https:\\\/\\\/fjallshop.hr\\\/proizvod\\\/vidda-pro-lite-shorts-m\\\/\",\"name\":\"Vidda Pro Lite Shorts M - Fj\u00e4llr\u00e4ven\",\"isPartOf\":{\"@id\":\"https:\\\/\\\/fjallshop.hr\\\/sl\\\/#website\"},\"primaryImageOfPage\":{\"@id\":\"https:\\\/\\\/fjallshop.hr\\\/proizvod\\\/vidda-pro-lite-shorts-m\\\/#primaryimage\"},\"image\":{\"@id\":\"https:\\\/\\\/fjallshop.hr\\\/proizvod\\\/vidda-pro-lite-shorts-m\\\/#primaryimage\"},\"thumbnailUrl\":\"https:\\\/\\\/fjallshop.hr\\\/wp-content\\\/uploads\\\/2026\\\/03\\\/Vidda_Pro_Lite_Shorts_M_86892-534_A_MAIN_FJR.webp\",\"datePublished\":\"2026-03-12T20:26:43+00:00\",\"dateModified\":\"2026-04-01T15:04:05+00:00\",\"breadcrumb\":{\"@id\":\"https:\\\/\\\/fjallshop.hr\\\/proizvod\\\/vidda-pro-lite-shorts-m\\\/#breadcrumb\"},\"inLanguage\":\"sl-SI\",\"potentialAction\":[{\"@type\":\"ReadAction\",\"target\":[\"https:\\\/\\\/fjallshop.hr\\\/proizvod\\\/vidda-pro-lite-shorts-m\\\/\"]}]},{\"@type\":\"ImageObject\",\"inLanguage\":\"sl-SI\",\"@id\":\"https:\\\/\\\/fjallshop.hr\\\/proizvod\\\/vidda-pro-lite-shorts-m\\\/#primaryimage\",\"url\":\"https:\\\/\\\/fjallshop.hr\\\/wp-content\\\/uploads\\\/2026\\\/03\\\/Vidda_Pro_Lite_Shorts_M_86892-534_A_MAIN_FJR.webp\",\"contentUrl\":\"https:\\\/\\\/fjallshop.hr\\\/wp-content\\\/uploads\\\/2026\\\/03\\\/Vidda_Pro_Lite_Shorts_M_86892-534_A_MAIN_FJR.webp\",\"width\":1500,\"height\":1500},{\"@type\":\"BreadcrumbList\",\"@id\":\"https:\\\/\\\/fjallshop.hr\\\/proizvod\\\/vidda-pro-lite-shorts-m\\\/#breadcrumb\",\"itemListElement\":[{\"@type\":\"ListItem\",\"position\":1,\"name\":\"Home\",\"item\":\"https:\\\/\\\/fjallshop.hr\\\/sl\\\/\"},{\"@type\":\"ListItem\",\"position\":2,\"name\":\"Trgovina\",\"item\":\"https:\\\/\\\/fjallshop.hr\\\/sl\\\/shop\\\/\"},{\"@type\":\"ListItem\",\"position\":3,\"name\":\"Vidda Pro Lite Shorts M\"}]},{\"@type\":\"WebSite\",\"@id\":\"https:\\\/\\\/fjallshop.hr\\\/sl\\\/#website\",\"url\":\"https:\\\/\\\/fjallshop.hr\\\/sl\\\/\",\"name\":\"Fj\u00e4llr\u00e4ven\",\"description\":\"Web trgovina\",\"publisher\":{\"@id\":\"https:\\\/\\\/fjallshop.hr\\\/sl\\\/#organization\"},\"potentialAction\":[{\"@type\":\"SearchAction\",\"target\":{\"@type\":\"EntryPoint\",\"urlTemplate\":\"https:\\\/\\\/fjallshop.hr\\\/sl\\\/?s={search_term_string}\"},\"query-input\":{\"@type\":\"PropertyValueSpecification\",\"valueRequired\":true,\"valueName\":\"search_term_string\"}}],\"inLanguage\":\"sl-SI\"},{\"@type\":\"Organization\",\"@id\":\"https:\\\/\\\/fjallshop.hr\\\/sl\\\/#organization\",\"name\":\"Fj\u00e4llr\u00e4ven\",\"url\":\"https:\\\/\\\/fjallshop.hr\\\/sl\\\/\",\"logo\":{\"@type\":\"ImageObject\",\"inLanguage\":\"sl-SI\",\"@id\":\"https:\\\/\\\/fjallshop.hr\\\/sl\\\/#\\\/schema\\\/logo\\\/image\\\/\",\"url\":\"https:\\\/\\\/fjallshop.hr\\\/wp-content\\\/uploads\\\/2026\\\/01\\\/fjr-logo.svg\",\"contentUrl\":\"https:\\\/\\\/fjallshop.hr\\\/wp-content\\\/uploads\\\/2026\\\/01\\\/fjr-logo.svg\",\"width\":1077,\"height\":393,\"caption\":\"Fj\u00e4llr\u00e4ven\"},\"image\":{\"@id\":\"https:\\\/\\\/fjallshop.hr\\\/sl\\\/#\\\/schema\\\/logo\\\/image\\\/\"}}]}<\/script>\n<!-- \/ Yoast SEO plugin. -->","yoast_head_json":{"title":"Vidda Pro Lite Shorts M - Fj\u00e4llr\u00e4ven","robots":{"index":"index","follow":"follow","max-snippet":"max-snippet:-1","max-image-preview":"max-image-preview:large","max-video-preview":"max-video-preview:-1"},"canonical":"https:\/\/fjallshop.hr\/proizvod\/vidda-pro-lite-shorts-m\/","og_locale":"sl_SI","og_type":"article","og_title":"Vidda Pro Lite Shorts M - Fj\u00e4llr\u00e4ven","og_description":"Lagane, udobne kratke hla\u010de za planinarenje s prakti\u010dnim d\u017eepovima za planinarenje u toplim klimama. Proizvedeno bez PFAS-a.","og_url":"https:\/\/fjallshop.hr\/proizvod\/vidda-pro-lite-shorts-m\/","og_site_name":"Fj\u00e4llr\u00e4ven","article_modified_time":"2026-04-01T15:04:05+00:00","og_image":[{"width":1500,"height":1500,"url":"https:\/\/fjallshop.hr\/wp-content\/uploads\/2026\/03\/Vidda_Pro_Lite_Shorts_M_86892-534_A_MAIN_FJR.webp","type":"image\/webp"}],"twitter_card":"summary_large_image","twitter_misc":{"Est. reading time":"1 minuta"},"schema":{"@context":"https:\/\/schema.org","@graph":[{"@type":"WebPage","@id":"https:\/\/fjallshop.hr\/proizvod\/vidda-pro-lite-shorts-m\/","url":"https:\/\/fjallshop.hr\/proizvod\/vidda-pro-lite-shorts-m\/","name":"Vidda Pro Lite Shorts M - Fj\u00e4llr\u00e4ven","isPartOf":{"@id":"https:\/\/fjallshop.hr\/sl\/#website"},"primaryImageOfPage":{"@id":"https:\/\/fjallshop.hr\/proizvod\/vidda-pro-lite-shorts-m\/#primaryimage"},"image":{"@id":"https:\/\/fjallshop.hr\/proizvod\/vidda-pro-lite-shorts-m\/#primaryimage"},"thumbnailUrl":"https:\/\/fjallshop.hr\/wp-content\/uploads\/2026\/03\/Vidda_Pro_Lite_Shorts_M_86892-534_A_MAIN_FJR.webp","datePublished":"2026-03-12T20:26:43+00:00","dateModified":"2026-04-01T15:04:05+00:00","breadcrumb":{"@id":"https:\/\/fjallshop.hr\/proizvod\/vidda-pro-lite-shorts-m\/#breadcrumb"},"inLanguage":"sl-SI","potentialAction":[{"@type":"ReadAction","target":["https:\/\/fjallshop.hr\/proizvod\/vidda-pro-lite-shorts-m\/"]}]},{"@type":"ImageObject","inLanguage":"sl-SI","@id":"https:\/\/fjallshop.hr\/proizvod\/vidda-pro-lite-shorts-m\/#primaryimage","url":"https:\/\/fjallshop.hr\/wp-content\/uploads\/2026\/03\/Vidda_Pro_Lite_Shorts_M_86892-534_A_MAIN_FJR.webp","contentUrl":"https:\/\/fjallshop.hr\/wp-content\/uploads\/2026\/03\/Vidda_Pro_Lite_Shorts_M_86892-534_A_MAIN_FJR.webp","width":1500,"height":1500},{"@type":"BreadcrumbList","@id":"https:\/\/fjallshop.hr\/proizvod\/vidda-pro-lite-shorts-m\/#breadcrumb","itemListElement":[{"@type":"ListItem","position":1,"name":"Home","item":"https:\/\/fjallshop.hr\/sl\/"},{"@type":"ListItem","position":2,"name":"Trgovina","item":"https:\/\/fjallshop.hr\/sl\/shop\/"},{"@type":"ListItem","position":3,"name":"Vidda Pro Lite Shorts M"}]},{"@type":"WebSite","@id":"https:\/\/fjallshop.hr\/sl\/#website","url":"https:\/\/fjallshop.hr\/sl\/","name":"Fj\u00e4llr\u00e4ven","description":"Web trgovina","publisher":{"@id":"https:\/\/fjallshop.hr\/sl\/#organization"},"potentialAction":[{"@type":"SearchAction","target":{"@type":"EntryPoint","urlTemplate":"https:\/\/fjallshop.hr\/sl\/?s={search_term_string}"},"query-input":{"@type":"PropertyValueSpecification","valueRequired":true,"valueName":"search_term_string"}}],"inLanguage":"sl-SI"},{"@type":"Organization","@id":"https:\/\/fjallshop.hr\/sl\/#organization","name":"Fj\u00e4llr\u00e4ven","url":"https:\/\/fjallshop.hr\/sl\/","logo":{"@type":"ImageObject","inLanguage":"sl-SI","@id":"https:\/\/fjallshop.hr\/sl\/#\/schema\/logo\/image\/","url":"https:\/\/fjallshop.hr\/wp-content\/uploads\/2026\/01\/fjr-logo.svg","contentUrl":"https:\/\/fjallshop.hr\/wp-content\/uploads\/2026\/01\/fjr-logo.svg","width":1077,"height":393,"caption":"Fj\u00e4llr\u00e4ven"},"image":{"@id":"https:\/\/fjallshop.hr\/sl\/#\/schema\/logo\/image\/"}}]}},"_links":{"self":[{"href":"https:\/\/fjallshop.hr\/sl\/wp-json\/wp\/v2\/product\/1026566","targetHints":{"allow":["GET"]}}],"collection":[{"href":"https:\/\/fjallshop.hr\/sl\/wp-json\/wp\/v2\/product"}],"about":[{"href":"https:\/\/fjallshop.hr\/sl\/wp-json\/wp\/v2\/types\/product"}],"version-history":[{"count":3,"href":"https:\/\/fjallshop.hr\/sl\/wp-json\/wp\/v2\/product\/1026566\/revisions"}],"predecessor-version":[{"id":1030315,"href":"https:\/\/fjallshop.hr\/sl\/wp-json\/wp\/v2\/product\/1026566\/revisions\/1030315"}],"wp:featuredmedia":[{"embeddable":true,"href":"https:\/\/fjallshop.hr\/sl\/wp-json\/wp\/v2\/media\/1029820"}],"wp:attachment":[{"href":"https:\/\/fjallshop.hr\/sl\/wp-json\/wp\/v2\/media?parent=1026566"}],"wp:term":[{"taxonomy":"product_brand","embeddable":true,"href":"https:\/\/fjallshop.hr\/sl\/wp-json\/wp\/v2\/product_brand?post=1026566"},{"taxonomy":"product_cat","embeddable":true,"href":"https:\/\/fjallshop.hr\/sl\/wp-json\/wp\/v2\/product_cat?post=1026566"},{"taxonomy":"product_tag","embeddable":true,"href":"https:\/\/fjallshop.hr\/sl\/wp-json\/wp\/v2\/product_tag?post=1026566"}],"curies":[{"name":"wp","href":"https:\/\/api.w.org\/{rel}","templated":true}]}}