{"id":1026328,"date":"2026-03-12T20:26:11","date_gmt":"2026-03-12T20:26:11","guid":{"rendered":"https:\/\/fjallshop.hr\/?post_type=product&#038;p=1026328"},"modified":"2026-04-17T11:20:52","modified_gmt":"2026-04-17T11:20:52","slug":"abisko-lite-2","status":"publish","type":"product","link":"https:\/\/fjallshop.hr\/sl\/izdelek\/abisko-lite-2\/","title":{"rendered":"Abisko Lite 2"},"content":{"rendered":"<p>Kompaktan i stabilan \u0161ator za planinare koji putuju s laganim ruksacima. Visina \u0161atora je ne\u0161to ni\u017ea, a predvorje manje, sve kako bi se smanjila te\u017eina. Savr\u0161en kao kompaktan i lagan planinarski \u0161ator u toplijim mjesecima godine, ali je tako\u0111er pogodan za zimsku upotrebu u svim osim najizlo\u017eenijim uvjetima. Navlaka je izra\u0111ena od Fj\u00e4llr\u00e4venovog novog visokou\u010dinkovitog poliamida TripleRip i ima inovativnu konstrukciju koja kombinira dvije razli\u010dite te\u017eine tkanine \u2013 20 dena u gornjem dijelu i 40 dena na dnu, gdje je trenje o tlo najintenzivnije \u2013 \u0161to pru\u017ea izvrsnu \u010dvrsto\u0107u uz nisku te\u017einu. Navlaka i unutarnji \u0161ator povezani su kako bi unutarnji \u0161ator ostao suh tijekom postavljanja. Jednostavno rukovanje s dvije \u0161ipke ozna\u010dene bojom, prostranim navlakama za \u0161ipke s malim trenjem i lako podesivim kop\u010dama za klinove. Tako\u0111er je mogu\u0107e koristiti dvostruke \u0161ipke za \u0161ator (dodatak) ako se \u0161ator koristi u izlo\u017eenim uvjetima. \u0160est odbojnica od Dyneeme s pode\u0161avanjem jednom rukom i utkanim reflektiraju\u0107im koncem. Izvrsna ventilacija s velikim, visoko postavljenim otvorima za prozra\u010divanje. U toplim uvjetima prednji i stra\u017enji dio vanjskog platna mogu se zavrnuti kako bi se pro\u0161irio pogled i osigurao fantasti\u010dan protok zraka. Ako je vrijeme toplo, ali nepredvidivo, ulaz se mo\u017ee u\u010dvrstiti u poluotvorenom polo\u017eaju \u2013 patentni zatvara\u010d ima automatsku blokadu pa ne\u0107e &#8220;skliznuti&#8221; na vjetru. Svi otvori prekriveni su finom mre\u017eicom koja sprje\u010dava ulazak \u010dak i najmanjih, jedva vidljivih kukaca. Vje\u0161alica za odje\u0107u i mre\u017easti d\u017eepovi u unutarnjem \u0161atoru olak\u0161avaju su\u0161enje opreme i odr\u017eavanje reda. U unutarnjem \u0161atoru nalaze se i to\u010dke za pri\u010dvr\u0161\u0107ivanje police za opremu (dodatak). Kao i svi Fj\u00e4llr\u00e4venovi \u0161atori, Abisko Lite 2 je u potpunosti izra\u0111en bez PVC-a i toksi\u010dnih sredstava za za\u0161titu od vatre, a njegova impregnacija proizvedena je bez PFAS-a.<\/p>\n","protected":false},"excerpt":{"rendered":"<p>Lagan, kompaktan i stabilan tunelski \u0161ator s malim predvorjem. Navlaka se mo\u017ee zavrnuti na oba kraja kako bi se otvorio pogled i maksimizirao protok zraka. Proizveden bez PFAS-a.<\/p>\n","protected":false},"featured_media":1027258,"template":"","meta":[],"product_brand":[458],"product_cat":[708],"product_tag":[472,590,585,577,471,485],"class_list":{"0":"post-1026328","1":"product","2":"type-product","3":"status-publish","4":"has-post-thumbnail","6":"product_brand-abisko","7":"product_cat-satori","8":"product_tag-abisko","9":"product_tag-oprema","10":"product_tag-satori","11":"product_tag-camping","12":"product_tag-trekking","13":"product_tag-unisex","15":"first","16":"instock","17":"shipping-taxable","18":"purchasable","19":"product-type-variable"},"yoast_head":"<!-- This site is optimized with the Yoast SEO plugin v27.4 - https:\/\/yoast.com\/product\/yoast-seo-wordpress\/ -->\n<title>Abisko Lite 2 - Fj\u00e4llr\u00e4ven<\/title>\n<meta name=\"robots\" content=\"index, follow, max-snippet:-1, max-image-preview:large, max-video-preview:-1\" \/>\n<link rel=\"canonical\" href=\"https:\/\/fjallshop.hr\/proizvod\/abisko-lite-2\/\" \/>\n<meta property=\"og:locale\" content=\"sl_SI\" \/>\n<meta property=\"og:type\" content=\"article\" \/>\n<meta property=\"og:title\" content=\"Abisko Lite 2 - Fj\u00e4llr\u00e4ven\" \/>\n<meta property=\"og:description\" content=\"Lagan, kompaktan i stabilan tunelski \u0161ator s malim predvorjem. Navlaka se mo\u017ee zavrnuti na oba kraja kako bi se otvorio pogled i maksimizirao protok zraka. Proizveden bez PFAS-a.\" \/>\n<meta property=\"og:url\" content=\"https:\/\/fjallshop.hr\/proizvod\/abisko-lite-2\/\" \/>\n<meta property=\"og:site_name\" content=\"Fj\u00e4llr\u00e4ven\" \/>\n<meta property=\"article:modified_time\" content=\"2026-04-17T11:20:52+00:00\" \/>\n<meta property=\"og:image\" content=\"https:\/\/fjallshop.hr\/wp-content\/uploads\/2026\/03\/Abisko_Lite_2_53302-220_A_MAIN_FJR.webp\" \/>\n\t<meta property=\"og:image:width\" content=\"1500\" \/>\n\t<meta property=\"og:image:height\" content=\"1500\" \/>\n\t<meta property=\"og:image:type\" content=\"image\/webp\" \/>\n<meta name=\"twitter:card\" content=\"summary_large_image\" \/>\n<meta name=\"twitter:label1\" content=\"Est. reading time\" \/>\n\t<meta name=\"twitter:data1\" content=\"2 minuti\" \/>\n<script type=\"application\/ld+json\" class=\"yoast-schema-graph\">{\"@context\":\"https:\\\/\\\/schema.org\",\"@graph\":[{\"@type\":\"WebPage\",\"@id\":\"https:\\\/\\\/fjallshop.hr\\\/proizvod\\\/abisko-lite-2\\\/\",\"url\":\"https:\\\/\\\/fjallshop.hr\\\/proizvod\\\/abisko-lite-2\\\/\",\"name\":\"Abisko Lite 2 - Fj\u00e4llr\u00e4ven\",\"isPartOf\":{\"@id\":\"https:\\\/\\\/fjallshop.hr\\\/sl\\\/#website\"},\"primaryImageOfPage\":{\"@id\":\"https:\\\/\\\/fjallshop.hr\\\/proizvod\\\/abisko-lite-2\\\/#primaryimage\"},\"image\":{\"@id\":\"https:\\\/\\\/fjallshop.hr\\\/proizvod\\\/abisko-lite-2\\\/#primaryimage\"},\"thumbnailUrl\":\"https:\\\/\\\/fjallshop.hr\\\/wp-content\\\/uploads\\\/2026\\\/03\\\/Abisko_Lite_2_53302-220_A_MAIN_FJR.webp\",\"datePublished\":\"2026-03-12T20:26:11+00:00\",\"dateModified\":\"2026-04-17T11:20:52+00:00\",\"breadcrumb\":{\"@id\":\"https:\\\/\\\/fjallshop.hr\\\/proizvod\\\/abisko-lite-2\\\/#breadcrumb\"},\"inLanguage\":\"sl-SI\",\"potentialAction\":[{\"@type\":\"ReadAction\",\"target\":[\"https:\\\/\\\/fjallshop.hr\\\/proizvod\\\/abisko-lite-2\\\/\"]}]},{\"@type\":\"ImageObject\",\"inLanguage\":\"sl-SI\",\"@id\":\"https:\\\/\\\/fjallshop.hr\\\/proizvod\\\/abisko-lite-2\\\/#primaryimage\",\"url\":\"https:\\\/\\\/fjallshop.hr\\\/wp-content\\\/uploads\\\/2026\\\/03\\\/Abisko_Lite_2_53302-220_A_MAIN_FJR.webp\",\"contentUrl\":\"https:\\\/\\\/fjallshop.hr\\\/wp-content\\\/uploads\\\/2026\\\/03\\\/Abisko_Lite_2_53302-220_A_MAIN_FJR.webp\",\"width\":1500,\"height\":1500},{\"@type\":\"BreadcrumbList\",\"@id\":\"https:\\\/\\\/fjallshop.hr\\\/proizvod\\\/abisko-lite-2\\\/#breadcrumb\",\"itemListElement\":[{\"@type\":\"ListItem\",\"position\":1,\"name\":\"Home\",\"item\":\"https:\\\/\\\/fjallshop.hr\\\/sl\\\/\"},{\"@type\":\"ListItem\",\"position\":2,\"name\":\"Trgovina\",\"item\":\"https:\\\/\\\/fjallshop.hr\\\/sl\\\/shop\\\/\"},{\"@type\":\"ListItem\",\"position\":3,\"name\":\"Abisko Lite 2\"}]},{\"@type\":\"WebSite\",\"@id\":\"https:\\\/\\\/fjallshop.hr\\\/sl\\\/#website\",\"url\":\"https:\\\/\\\/fjallshop.hr\\\/sl\\\/\",\"name\":\"Fj\u00e4llr\u00e4ven\",\"description\":\"Web trgovina\",\"publisher\":{\"@id\":\"https:\\\/\\\/fjallshop.hr\\\/sl\\\/#organization\"},\"potentialAction\":[{\"@type\":\"SearchAction\",\"target\":{\"@type\":\"EntryPoint\",\"urlTemplate\":\"https:\\\/\\\/fjallshop.hr\\\/sl\\\/?s={search_term_string}\"},\"query-input\":{\"@type\":\"PropertyValueSpecification\",\"valueRequired\":true,\"valueName\":\"search_term_string\"}}],\"inLanguage\":\"sl-SI\"},{\"@type\":\"Organization\",\"@id\":\"https:\\\/\\\/fjallshop.hr\\\/sl\\\/#organization\",\"name\":\"Fj\u00e4llr\u00e4ven\",\"url\":\"https:\\\/\\\/fjallshop.hr\\\/sl\\\/\",\"logo\":{\"@type\":\"ImageObject\",\"inLanguage\":\"sl-SI\",\"@id\":\"https:\\\/\\\/fjallshop.hr\\\/sl\\\/#\\\/schema\\\/logo\\\/image\\\/\",\"url\":\"https:\\\/\\\/fjallshop.hr\\\/wp-content\\\/uploads\\\/2026\\\/01\\\/fjr-logo.svg\",\"contentUrl\":\"https:\\\/\\\/fjallshop.hr\\\/wp-content\\\/uploads\\\/2026\\\/01\\\/fjr-logo.svg\",\"width\":1077,\"height\":393,\"caption\":\"Fj\u00e4llr\u00e4ven\"},\"image\":{\"@id\":\"https:\\\/\\\/fjallshop.hr\\\/sl\\\/#\\\/schema\\\/logo\\\/image\\\/\"}}]}<\/script>\n<!-- \/ Yoast SEO plugin. -->","yoast_head_json":{"title":"Abisko Lite 2 - Fj\u00e4llr\u00e4ven","robots":{"index":"index","follow":"follow","max-snippet":"max-snippet:-1","max-image-preview":"max-image-preview:large","max-video-preview":"max-video-preview:-1"},"canonical":"https:\/\/fjallshop.hr\/proizvod\/abisko-lite-2\/","og_locale":"sl_SI","og_type":"article","og_title":"Abisko Lite 2 - Fj\u00e4llr\u00e4ven","og_description":"Lagan, kompaktan i stabilan tunelski \u0161ator s malim predvorjem. Navlaka se mo\u017ee zavrnuti na oba kraja kako bi se otvorio pogled i maksimizirao protok zraka. Proizveden bez PFAS-a.","og_url":"https:\/\/fjallshop.hr\/proizvod\/abisko-lite-2\/","og_site_name":"Fj\u00e4llr\u00e4ven","article_modified_time":"2026-04-17T11:20:52+00:00","og_image":[{"width":1500,"height":1500,"url":"https:\/\/fjallshop.hr\/wp-content\/uploads\/2026\/03\/Abisko_Lite_2_53302-220_A_MAIN_FJR.webp","type":"image\/webp"}],"twitter_card":"summary_large_image","twitter_misc":{"Est. reading time":"2 minuti"},"schema":{"@context":"https:\/\/schema.org","@graph":[{"@type":"WebPage","@id":"https:\/\/fjallshop.hr\/proizvod\/abisko-lite-2\/","url":"https:\/\/fjallshop.hr\/proizvod\/abisko-lite-2\/","name":"Abisko Lite 2 - Fj\u00e4llr\u00e4ven","isPartOf":{"@id":"https:\/\/fjallshop.hr\/sl\/#website"},"primaryImageOfPage":{"@id":"https:\/\/fjallshop.hr\/proizvod\/abisko-lite-2\/#primaryimage"},"image":{"@id":"https:\/\/fjallshop.hr\/proizvod\/abisko-lite-2\/#primaryimage"},"thumbnailUrl":"https:\/\/fjallshop.hr\/wp-content\/uploads\/2026\/03\/Abisko_Lite_2_53302-220_A_MAIN_FJR.webp","datePublished":"2026-03-12T20:26:11+00:00","dateModified":"2026-04-17T11:20:52+00:00","breadcrumb":{"@id":"https:\/\/fjallshop.hr\/proizvod\/abisko-lite-2\/#breadcrumb"},"inLanguage":"sl-SI","potentialAction":[{"@type":"ReadAction","target":["https:\/\/fjallshop.hr\/proizvod\/abisko-lite-2\/"]}]},{"@type":"ImageObject","inLanguage":"sl-SI","@id":"https:\/\/fjallshop.hr\/proizvod\/abisko-lite-2\/#primaryimage","url":"https:\/\/fjallshop.hr\/wp-content\/uploads\/2026\/03\/Abisko_Lite_2_53302-220_A_MAIN_FJR.webp","contentUrl":"https:\/\/fjallshop.hr\/wp-content\/uploads\/2026\/03\/Abisko_Lite_2_53302-220_A_MAIN_FJR.webp","width":1500,"height":1500},{"@type":"BreadcrumbList","@id":"https:\/\/fjallshop.hr\/proizvod\/abisko-lite-2\/#breadcrumb","itemListElement":[{"@type":"ListItem","position":1,"name":"Home","item":"https:\/\/fjallshop.hr\/sl\/"},{"@type":"ListItem","position":2,"name":"Trgovina","item":"https:\/\/fjallshop.hr\/sl\/shop\/"},{"@type":"ListItem","position":3,"name":"Abisko Lite 2"}]},{"@type":"WebSite","@id":"https:\/\/fjallshop.hr\/sl\/#website","url":"https:\/\/fjallshop.hr\/sl\/","name":"Fj\u00e4llr\u00e4ven","description":"Web trgovina","publisher":{"@id":"https:\/\/fjallshop.hr\/sl\/#organization"},"potentialAction":[{"@type":"SearchAction","target":{"@type":"EntryPoint","urlTemplate":"https:\/\/fjallshop.hr\/sl\/?s={search_term_string}"},"query-input":{"@type":"PropertyValueSpecification","valueRequired":true,"valueName":"search_term_string"}}],"inLanguage":"sl-SI"},{"@type":"Organization","@id":"https:\/\/fjallshop.hr\/sl\/#organization","name":"Fj\u00e4llr\u00e4ven","url":"https:\/\/fjallshop.hr\/sl\/","logo":{"@type":"ImageObject","inLanguage":"sl-SI","@id":"https:\/\/fjallshop.hr\/sl\/#\/schema\/logo\/image\/","url":"https:\/\/fjallshop.hr\/wp-content\/uploads\/2026\/01\/fjr-logo.svg","contentUrl":"https:\/\/fjallshop.hr\/wp-content\/uploads\/2026\/01\/fjr-logo.svg","width":1077,"height":393,"caption":"Fj\u00e4llr\u00e4ven"},"image":{"@id":"https:\/\/fjallshop.hr\/sl\/#\/schema\/logo\/image\/"}}]}},"_links":{"self":[{"href":"https:\/\/fjallshop.hr\/sl\/wp-json\/wp\/v2\/product\/1026328","targetHints":{"allow":["GET"]}}],"collection":[{"href":"https:\/\/fjallshop.hr\/sl\/wp-json\/wp\/v2\/product"}],"about":[{"href":"https:\/\/fjallshop.hr\/sl\/wp-json\/wp\/v2\/types\/product"}],"version-history":[{"count":2,"href":"https:\/\/fjallshop.hr\/sl\/wp-json\/wp\/v2\/product\/1026328\/revisions"}],"predecessor-version":[{"id":1026797,"href":"https:\/\/fjallshop.hr\/sl\/wp-json\/wp\/v2\/product\/1026328\/revisions\/1026797"}],"wp:featuredmedia":[{"embeddable":true,"href":"https:\/\/fjallshop.hr\/sl\/wp-json\/wp\/v2\/media\/1027258"}],"wp:attachment":[{"href":"https:\/\/fjallshop.hr\/sl\/wp-json\/wp\/v2\/media?parent=1026328"}],"wp:term":[{"taxonomy":"product_brand","embeddable":true,"href":"https:\/\/fjallshop.hr\/sl\/wp-json\/wp\/v2\/product_brand?post=1026328"},{"taxonomy":"product_cat","embeddable":true,"href":"https:\/\/fjallshop.hr\/sl\/wp-json\/wp\/v2\/product_cat?post=1026328"},{"taxonomy":"product_tag","embeddable":true,"href":"https:\/\/fjallshop.hr\/sl\/wp-json\/wp\/v2\/product_tag?post=1026328"}],"curies":[{"name":"wp","href":"https:\/\/api.w.org\/{rel}","templated":true}]}}