{"id":1026325,"date":"2026-03-12T20:26:11","date_gmt":"2026-03-12T20:26:11","guid":{"rendered":"https:\/\/fjallshop.hr\/?post_type=product&#038;p=1026325"},"modified":"2026-04-17T11:20:54","modified_gmt":"2026-04-17T11:20:54","slug":"abisko-two-seasons-regular","status":"publish","type":"product","link":"https:\/\/fjallshop.hr\/sl\/izdelek\/abisko-two-seasons-regular\/","title":{"rendered":"Abisko Two Seasons Regular"},"content":{"rendered":"<p>Pouzdana dvosezonska vre\u0107a za spavanje savr\u0161ena za planinarske i trekking pustolovine, izra\u0111ena od recikliranih materijala koji su lagani za va\u0161a le\u0111a, kao i za va\u0161u savjest. Abisko Two Season Regular, za korisnike do 185 cm, ima brojne prakti\u010dne tehni\u010dke zna\u010dajke, uklju\u010duju\u0107i podesivu kapulja\u010du, unutarnji d\u017eep sa zatvara\u010dem, dvosmjerni zatvara\u010d punog raspona s kliza\u010dem protiv zapinjanja i nagnuti prostor za stopala, kao i ovratnik protiv propu\u0161tanja toplog zraka. Sinteti\u010dko punjenje PrimaLoft\u00ae posebno je razvijeno za vre\u0107e za spavanje i grijat \u0107e vas \u010dak i u vla\u017enim uvjetima, a tako\u0111er je izdr\u017eljiv i jednostavan za odr\u017eavanje.<\/p>\n","protected":false},"excerpt":{"rendered":"<p>Udobna sinteti\u010dka vre\u0107a za spavanje za dvije sezone za planinarenje i trekking avanture . Proizveden bez PFAS-a.<\/p>\n","protected":false},"featured_media":1027436,"template":"","meta":[],"product_brand":[458],"product_cat":[705],"product_tag":[472,587,590,577,471,485,586],"class_list":{"0":"post-1026325","1":"product","2":"type-product","3":"status-publish","4":"has-post-thumbnail","6":"product_brand-abisko","7":"product_cat-spalijeke-i-umetke","8":"product_tag-abisko","9":"product_tag-dodaci-satori","10":"product_tag-oprema","11":"product_tag-camping","12":"product_tag-trekking","13":"product_tag-unisex","14":"product_tag-vrece-za-spavanje","16":"first","17":"instock","18":"shipping-taxable","19":"purchasable","20":"product-type-variable"},"yoast_head":"<!-- This site is optimized with the Yoast SEO plugin v27.4 - https:\/\/yoast.com\/product\/yoast-seo-wordpress\/ -->\n<title>Abisko Two Seasons Regular - Fj\u00e4llr\u00e4ven<\/title>\n<meta name=\"robots\" content=\"index, follow, max-snippet:-1, max-image-preview:large, max-video-preview:-1\" \/>\n<link rel=\"canonical\" href=\"https:\/\/fjallshop.hr\/proizvod\/abisko-two-seasons-regular\/\" \/>\n<meta property=\"og:locale\" content=\"sl_SI\" \/>\n<meta property=\"og:type\" content=\"article\" \/>\n<meta property=\"og:title\" content=\"Abisko Two Seasons Regular - Fj\u00e4llr\u00e4ven\" \/>\n<meta property=\"og:description\" content=\"Udobna sinteti\u010dka vre\u0107a za spavanje za dvije sezone za planinarenje i trekking avanture . Proizveden bez PFAS-a.\" \/>\n<meta property=\"og:url\" content=\"https:\/\/fjallshop.hr\/proizvod\/abisko-two-seasons-regular\/\" \/>\n<meta property=\"og:site_name\" content=\"Fj\u00e4llr\u00e4ven\" \/>\n<meta property=\"article:modified_time\" content=\"2026-04-17T11:20:54+00:00\" \/>\n<meta property=\"og:image\" content=\"https:\/\/fjallshop.hr\/wp-content\/uploads\/2026\/03\/Abisko_Two_Seasons_Regular_33200095-630_A_MAIN_FJR.webp\" \/>\n\t<meta property=\"og:image:width\" content=\"1500\" \/>\n\t<meta property=\"og:image:height\" content=\"1500\" \/>\n\t<meta property=\"og:image:type\" content=\"image\/webp\" \/>\n<meta name=\"twitter:card\" content=\"summary_large_image\" \/>\n<meta name=\"twitter:label1\" content=\"Est. reading time\" \/>\n\t<meta name=\"twitter:data1\" content=\"1 minuta\" \/>\n<script type=\"application\/ld+json\" class=\"yoast-schema-graph\">{\"@context\":\"https:\\\/\\\/schema.org\",\"@graph\":[{\"@type\":\"WebPage\",\"@id\":\"https:\\\/\\\/fjallshop.hr\\\/proizvod\\\/abisko-two-seasons-regular\\\/\",\"url\":\"https:\\\/\\\/fjallshop.hr\\\/proizvod\\\/abisko-two-seasons-regular\\\/\",\"name\":\"Abisko Two Seasons Regular - Fj\u00e4llr\u00e4ven\",\"isPartOf\":{\"@id\":\"https:\\\/\\\/fjallshop.hr\\\/sl\\\/#website\"},\"primaryImageOfPage\":{\"@id\":\"https:\\\/\\\/fjallshop.hr\\\/proizvod\\\/abisko-two-seasons-regular\\\/#primaryimage\"},\"image\":{\"@id\":\"https:\\\/\\\/fjallshop.hr\\\/proizvod\\\/abisko-two-seasons-regular\\\/#primaryimage\"},\"thumbnailUrl\":\"https:\\\/\\\/fjallshop.hr\\\/wp-content\\\/uploads\\\/2026\\\/03\\\/Abisko_Two_Seasons_Regular_33200095-630_A_MAIN_FJR.webp\",\"datePublished\":\"2026-03-12T20:26:11+00:00\",\"dateModified\":\"2026-04-17T11:20:54+00:00\",\"breadcrumb\":{\"@id\":\"https:\\\/\\\/fjallshop.hr\\\/proizvod\\\/abisko-two-seasons-regular\\\/#breadcrumb\"},\"inLanguage\":\"sl-SI\",\"potentialAction\":[{\"@type\":\"ReadAction\",\"target\":[\"https:\\\/\\\/fjallshop.hr\\\/proizvod\\\/abisko-two-seasons-regular\\\/\"]}]},{\"@type\":\"ImageObject\",\"inLanguage\":\"sl-SI\",\"@id\":\"https:\\\/\\\/fjallshop.hr\\\/proizvod\\\/abisko-two-seasons-regular\\\/#primaryimage\",\"url\":\"https:\\\/\\\/fjallshop.hr\\\/wp-content\\\/uploads\\\/2026\\\/03\\\/Abisko_Two_Seasons_Regular_33200095-630_A_MAIN_FJR.webp\",\"contentUrl\":\"https:\\\/\\\/fjallshop.hr\\\/wp-content\\\/uploads\\\/2026\\\/03\\\/Abisko_Two_Seasons_Regular_33200095-630_A_MAIN_FJR.webp\",\"width\":1500,\"height\":1500},{\"@type\":\"BreadcrumbList\",\"@id\":\"https:\\\/\\\/fjallshop.hr\\\/proizvod\\\/abisko-two-seasons-regular\\\/#breadcrumb\",\"itemListElement\":[{\"@type\":\"ListItem\",\"position\":1,\"name\":\"Home\",\"item\":\"https:\\\/\\\/fjallshop.hr\\\/sl\\\/\"},{\"@type\":\"ListItem\",\"position\":2,\"name\":\"Trgovina\",\"item\":\"https:\\\/\\\/fjallshop.hr\\\/sl\\\/shop\\\/\"},{\"@type\":\"ListItem\",\"position\":3,\"name\":\"Abisko Two Seasons Regular\"}]},{\"@type\":\"WebSite\",\"@id\":\"https:\\\/\\\/fjallshop.hr\\\/sl\\\/#website\",\"url\":\"https:\\\/\\\/fjallshop.hr\\\/sl\\\/\",\"name\":\"Fj\u00e4llr\u00e4ven\",\"description\":\"Web trgovina\",\"publisher\":{\"@id\":\"https:\\\/\\\/fjallshop.hr\\\/sl\\\/#organization\"},\"potentialAction\":[{\"@type\":\"SearchAction\",\"target\":{\"@type\":\"EntryPoint\",\"urlTemplate\":\"https:\\\/\\\/fjallshop.hr\\\/sl\\\/?s={search_term_string}\"},\"query-input\":{\"@type\":\"PropertyValueSpecification\",\"valueRequired\":true,\"valueName\":\"search_term_string\"}}],\"inLanguage\":\"sl-SI\"},{\"@type\":\"Organization\",\"@id\":\"https:\\\/\\\/fjallshop.hr\\\/sl\\\/#organization\",\"name\":\"Fj\u00e4llr\u00e4ven\",\"url\":\"https:\\\/\\\/fjallshop.hr\\\/sl\\\/\",\"logo\":{\"@type\":\"ImageObject\",\"inLanguage\":\"sl-SI\",\"@id\":\"https:\\\/\\\/fjallshop.hr\\\/sl\\\/#\\\/schema\\\/logo\\\/image\\\/\",\"url\":\"https:\\\/\\\/fjallshop.hr\\\/wp-content\\\/uploads\\\/2026\\\/01\\\/fjr-logo.svg\",\"contentUrl\":\"https:\\\/\\\/fjallshop.hr\\\/wp-content\\\/uploads\\\/2026\\\/01\\\/fjr-logo.svg\",\"width\":1077,\"height\":393,\"caption\":\"Fj\u00e4llr\u00e4ven\"},\"image\":{\"@id\":\"https:\\\/\\\/fjallshop.hr\\\/sl\\\/#\\\/schema\\\/logo\\\/image\\\/\"}}]}<\/script>\n<!-- \/ Yoast SEO plugin. -->","yoast_head_json":{"title":"Abisko Two Seasons Regular - Fj\u00e4llr\u00e4ven","robots":{"index":"index","follow":"follow","max-snippet":"max-snippet:-1","max-image-preview":"max-image-preview:large","max-video-preview":"max-video-preview:-1"},"canonical":"https:\/\/fjallshop.hr\/proizvod\/abisko-two-seasons-regular\/","og_locale":"sl_SI","og_type":"article","og_title":"Abisko Two Seasons Regular - Fj\u00e4llr\u00e4ven","og_description":"Udobna sinteti\u010dka vre\u0107a za spavanje za dvije sezone za planinarenje i trekking avanture . Proizveden bez PFAS-a.","og_url":"https:\/\/fjallshop.hr\/proizvod\/abisko-two-seasons-regular\/","og_site_name":"Fj\u00e4llr\u00e4ven","article_modified_time":"2026-04-17T11:20:54+00:00","og_image":[{"width":1500,"height":1500,"url":"https:\/\/fjallshop.hr\/wp-content\/uploads\/2026\/03\/Abisko_Two_Seasons_Regular_33200095-630_A_MAIN_FJR.webp","type":"image\/webp"}],"twitter_card":"summary_large_image","twitter_misc":{"Est. reading time":"1 minuta"},"schema":{"@context":"https:\/\/schema.org","@graph":[{"@type":"WebPage","@id":"https:\/\/fjallshop.hr\/proizvod\/abisko-two-seasons-regular\/","url":"https:\/\/fjallshop.hr\/proizvod\/abisko-two-seasons-regular\/","name":"Abisko Two Seasons Regular - Fj\u00e4llr\u00e4ven","isPartOf":{"@id":"https:\/\/fjallshop.hr\/sl\/#website"},"primaryImageOfPage":{"@id":"https:\/\/fjallshop.hr\/proizvod\/abisko-two-seasons-regular\/#primaryimage"},"image":{"@id":"https:\/\/fjallshop.hr\/proizvod\/abisko-two-seasons-regular\/#primaryimage"},"thumbnailUrl":"https:\/\/fjallshop.hr\/wp-content\/uploads\/2026\/03\/Abisko_Two_Seasons_Regular_33200095-630_A_MAIN_FJR.webp","datePublished":"2026-03-12T20:26:11+00:00","dateModified":"2026-04-17T11:20:54+00:00","breadcrumb":{"@id":"https:\/\/fjallshop.hr\/proizvod\/abisko-two-seasons-regular\/#breadcrumb"},"inLanguage":"sl-SI","potentialAction":[{"@type":"ReadAction","target":["https:\/\/fjallshop.hr\/proizvod\/abisko-two-seasons-regular\/"]}]},{"@type":"ImageObject","inLanguage":"sl-SI","@id":"https:\/\/fjallshop.hr\/proizvod\/abisko-two-seasons-regular\/#primaryimage","url":"https:\/\/fjallshop.hr\/wp-content\/uploads\/2026\/03\/Abisko_Two_Seasons_Regular_33200095-630_A_MAIN_FJR.webp","contentUrl":"https:\/\/fjallshop.hr\/wp-content\/uploads\/2026\/03\/Abisko_Two_Seasons_Regular_33200095-630_A_MAIN_FJR.webp","width":1500,"height":1500},{"@type":"BreadcrumbList","@id":"https:\/\/fjallshop.hr\/proizvod\/abisko-two-seasons-regular\/#breadcrumb","itemListElement":[{"@type":"ListItem","position":1,"name":"Home","item":"https:\/\/fjallshop.hr\/sl\/"},{"@type":"ListItem","position":2,"name":"Trgovina","item":"https:\/\/fjallshop.hr\/sl\/shop\/"},{"@type":"ListItem","position":3,"name":"Abisko Two Seasons Regular"}]},{"@type":"WebSite","@id":"https:\/\/fjallshop.hr\/sl\/#website","url":"https:\/\/fjallshop.hr\/sl\/","name":"Fj\u00e4llr\u00e4ven","description":"Web trgovina","publisher":{"@id":"https:\/\/fjallshop.hr\/sl\/#organization"},"potentialAction":[{"@type":"SearchAction","target":{"@type":"EntryPoint","urlTemplate":"https:\/\/fjallshop.hr\/sl\/?s={search_term_string}"},"query-input":{"@type":"PropertyValueSpecification","valueRequired":true,"valueName":"search_term_string"}}],"inLanguage":"sl-SI"},{"@type":"Organization","@id":"https:\/\/fjallshop.hr\/sl\/#organization","name":"Fj\u00e4llr\u00e4ven","url":"https:\/\/fjallshop.hr\/sl\/","logo":{"@type":"ImageObject","inLanguage":"sl-SI","@id":"https:\/\/fjallshop.hr\/sl\/#\/schema\/logo\/image\/","url":"https:\/\/fjallshop.hr\/wp-content\/uploads\/2026\/01\/fjr-logo.svg","contentUrl":"https:\/\/fjallshop.hr\/wp-content\/uploads\/2026\/01\/fjr-logo.svg","width":1077,"height":393,"caption":"Fj\u00e4llr\u00e4ven"},"image":{"@id":"https:\/\/fjallshop.hr\/sl\/#\/schema\/logo\/image\/"}}]}},"_links":{"self":[{"href":"https:\/\/fjallshop.hr\/sl\/wp-json\/wp\/v2\/product\/1026325","targetHints":{"allow":["GET"]}}],"collection":[{"href":"https:\/\/fjallshop.hr\/sl\/wp-json\/wp\/v2\/product"}],"about":[{"href":"https:\/\/fjallshop.hr\/sl\/wp-json\/wp\/v2\/types\/product"}],"version-history":[{"count":2,"href":"https:\/\/fjallshop.hr\/sl\/wp-json\/wp\/v2\/product\/1026325\/revisions"}],"predecessor-version":[{"id":1026794,"href":"https:\/\/fjallshop.hr\/sl\/wp-json\/wp\/v2\/product\/1026325\/revisions\/1026794"}],"wp:featuredmedia":[{"embeddable":true,"href":"https:\/\/fjallshop.hr\/sl\/wp-json\/wp\/v2\/media\/1027436"}],"wp:attachment":[{"href":"https:\/\/fjallshop.hr\/sl\/wp-json\/wp\/v2\/media?parent=1026325"}],"wp:term":[{"taxonomy":"product_brand","embeddable":true,"href":"https:\/\/fjallshop.hr\/sl\/wp-json\/wp\/v2\/product_brand?post=1026325"},{"taxonomy":"product_cat","embeddable":true,"href":"https:\/\/fjallshop.hr\/sl\/wp-json\/wp\/v2\/product_cat?post=1026325"},{"taxonomy":"product_tag","embeddable":true,"href":"https:\/\/fjallshop.hr\/sl\/wp-json\/wp\/v2\/product_tag?post=1026325"}],"curies":[{"name":"wp","href":"https:\/\/api.w.org\/{rel}","templated":true}]}}