{"id":1026252,"date":"2026-03-12T20:26:01","date_gmt":"2026-03-12T20:26:01","guid":{"rendered":"https:\/\/fjallshop.hr\/?post_type=product&#038;p=1026252"},"modified":"2026-03-28T16:00:01","modified_gmt":"2026-03-28T16:00:01","slug":"kajka-35-m-l","status":"publish","type":"product","link":"https:\/\/fjallshop.hr\/sl\/izdelek\/kajka-35-m-l\/","title":{"rendered":"Kajka 35 M\/L"},"content":{"rendered":"<p>Izdr\u017eljivost uz visoku funkcionalnost i udobnost \u2013 Kajka 35 je napredni dnevni ruksak za planinarenje koji su pohvalili planinari diljem svijeta. Jedan od razloga je njegova konstrukcija drvenog okvira od breze koja, zajedno s lako podesivom duljinom le\u0111a, \u010dini ruksak Kajka dizajniranim za no\u0161enje te\u0161kog tereta kako biste se mogli usredoto\u010diti na planinarenje, a ne na bol u le\u0111ima. Ergonomske naramenice i potporni pojas s d\u017eepom dodatno pru\u017eaju funkcionalnost i udobnost. Izra\u0111en je od izdr\u017eljivog materijala Vinylon F s oja\u010danjem od recikliranog poliamida. Dodajte vi\u0161e prostora za pohranu ruksaku Kajka 35 pri\u010dvr\u0161\u0107ivanjem bo\u010dnih d\u017eepova Kajka Side Pockets na petlje s bo\u010dnih strana. Na prednjoj strani nalaze se i petlje za pri\u010dvr\u0161\u0107ivanje planinarskih \u0161tapova\/sjekira za led. Glavni pretinac ima unutarnji mre\u017easti d\u017eep i potpuno prednje otvaranje sa zatvara\u010dem radi lak\u0161eg organiziranja i boljeg pregleda sadr\u017eaja. Poklopac na vrhu ima tri d\u017eepa sa zatvara\u010dem te se mo\u017ee odvojiti i koristiti kao torbica preko ramena. Dva kompresijska remena sa svake strane osiguravaju ravnomjernu i u\u010dinkovitu kompresiju, a istovremeno ostavljaju bo\u010dne d\u017eepove dostupnima. Kompatibilno s hidratacijskim sustavom. Uklju\u010dena je i navlaka za ki\u0161u. Modeli S\/M imaju prednji dio naramenica blago su\u017een kako bi bolje pristajali manjim tjelesnim gra\u0111ama i pru\u017eali vi\u0161e prostora za prsa, uz ne\u0161to kra\u0107i podesivi pojas na struku. Modeli M\/L imaju du\u017ee naramenice koje se na krajevima ne su\u017eavaju kako bi bolje pristajali \u0161irem torzu.<\/p>\n","protected":false},"excerpt":{"rendered":"<p>Izdr\u017eljiv, udoban ruksak za planinarenje s izvrsnom funkcionalno\u0161\u0107u. Savr\u0161en kao dnevni ruksak za planinarenje. Proizveden bez PFAS-a.<\/p>\n","protected":false},"featured_media":1028404,"template":"","meta":[],"product_brand":[461],"product_cat":[689],"product_tag":[590,576,488,471,598,485],"class_list":{"0":"post-1026252","1":"product","2":"type-product","3":"status-publish","4":"has-post-thumbnail","6":"product_brand-singi","7":"product_cat-ruksaci","8":"product_tag-oprema","9":"product_tag-ruksaci-torbe","10":"product_tag-singi","11":"product_tag-trekking","12":"product_tag-trekking-ruksaci","13":"product_tag-unisex","15":"first","16":"instock","17":"shipping-taxable","18":"purchasable","19":"product-type-variable"},"yoast_head":"<!-- This site is optimized with the Yoast SEO plugin v27.3 - https:\/\/yoast.com\/product\/yoast-seo-wordpress\/ -->\n<title>Kajka 35 M\/L - Fj\u00e4llr\u00e4ven<\/title>\n<meta name=\"robots\" content=\"index, follow, max-snippet:-1, max-image-preview:large, max-video-preview:-1\" \/>\n<link rel=\"canonical\" href=\"https:\/\/fjallshop.hr\/proizvod\/kajka-35-m-l\/\" \/>\n<meta property=\"og:locale\" content=\"sl_SI\" \/>\n<meta property=\"og:type\" content=\"article\" \/>\n<meta property=\"og:title\" content=\"Kajka 35 M\/L - Fj\u00e4llr\u00e4ven\" \/>\n<meta property=\"og:description\" content=\"Izdr\u017eljiv, udoban ruksak za planinarenje s izvrsnom funkcionalno\u0161\u0107u. Savr\u0161en kao dnevni ruksak za planinarenje. Proizveden bez PFAS-a.\" \/>\n<meta property=\"og:url\" content=\"https:\/\/fjallshop.hr\/proizvod\/kajka-35-m-l\/\" \/>\n<meta property=\"og:site_name\" content=\"Fj\u00e4llr\u00e4ven\" \/>\n<meta property=\"article:modified_time\" content=\"2026-03-28T16:00:01+00:00\" \/>\n<meta name=\"twitter:card\" content=\"summary_large_image\" \/>\n<meta name=\"twitter:label1\" content=\"Est. reading time\" \/>\n\t<meta name=\"twitter:data1\" content=\"1 minuta\" \/>\n<script type=\"application\/ld+json\" class=\"yoast-schema-graph\">{\"@context\":\"https:\\\/\\\/schema.org\",\"@graph\":[{\"@type\":\"WebPage\",\"@id\":\"https:\\\/\\\/fjallshop.hr\\\/proizvod\\\/kajka-35-m-l\\\/\",\"url\":\"https:\\\/\\\/fjallshop.hr\\\/proizvod\\\/kajka-35-m-l\\\/\",\"name\":\"Kajka 35 M\\\/L - Fj\u00e4llr\u00e4ven\",\"isPartOf\":{\"@id\":\"https:\\\/\\\/fjallshop.hr\\\/sl\\\/#website\"},\"primaryImageOfPage\":{\"@id\":\"https:\\\/\\\/fjallshop.hr\\\/proizvod\\\/kajka-35-m-l\\\/#primaryimage\"},\"image\":{\"@id\":\"https:\\\/\\\/fjallshop.hr\\\/proizvod\\\/kajka-35-m-l\\\/#primaryimage\"},\"thumbnailUrl\":\"https:\\\/\\\/fjallshop.hr\\\/wp-content\\\/uploads\\\/2026\\\/03\\\/Kajka_35_M_L_23534-037_A_MAIN_FJR.webp\",\"datePublished\":\"2026-03-12T20:26:01+00:00\",\"dateModified\":\"2026-03-28T16:00:01+00:00\",\"breadcrumb\":{\"@id\":\"https:\\\/\\\/fjallshop.hr\\\/proizvod\\\/kajka-35-m-l\\\/#breadcrumb\"},\"inLanguage\":\"sl-SI\",\"potentialAction\":[{\"@type\":\"ReadAction\",\"target\":[\"https:\\\/\\\/fjallshop.hr\\\/proizvod\\\/kajka-35-m-l\\\/\"]}]},{\"@type\":\"ImageObject\",\"inLanguage\":\"sl-SI\",\"@id\":\"https:\\\/\\\/fjallshop.hr\\\/proizvod\\\/kajka-35-m-l\\\/#primaryimage\",\"url\":\"https:\\\/\\\/fjallshop.hr\\\/wp-content\\\/uploads\\\/2026\\\/03\\\/Kajka_35_M_L_23534-037_A_MAIN_FJR.webp\",\"contentUrl\":\"https:\\\/\\\/fjallshop.hr\\\/wp-content\\\/uploads\\\/2026\\\/03\\\/Kajka_35_M_L_23534-037_A_MAIN_FJR.webp\",\"width\":1500,\"height\":1500},{\"@type\":\"BreadcrumbList\",\"@id\":\"https:\\\/\\\/fjallshop.hr\\\/proizvod\\\/kajka-35-m-l\\\/#breadcrumb\",\"itemListElement\":[{\"@type\":\"ListItem\",\"position\":1,\"name\":\"Home\",\"item\":\"https:\\\/\\\/fjallshop.hr\\\/sl\\\/\"},{\"@type\":\"ListItem\",\"position\":2,\"name\":\"Trgovina\",\"item\":\"https:\\\/\\\/fjallshop.hr\\\/sl\\\/shop\\\/\"},{\"@type\":\"ListItem\",\"position\":3,\"name\":\"Kajka 35 M\\\/L\"}]},{\"@type\":\"WebSite\",\"@id\":\"https:\\\/\\\/fjallshop.hr\\\/sl\\\/#website\",\"url\":\"https:\\\/\\\/fjallshop.hr\\\/sl\\\/\",\"name\":\"Fj\u00e4llr\u00e4ven\",\"description\":\"Web trgovina\",\"publisher\":{\"@id\":\"https:\\\/\\\/fjallshop.hr\\\/sl\\\/#organization\"},\"potentialAction\":[{\"@type\":\"SearchAction\",\"target\":{\"@type\":\"EntryPoint\",\"urlTemplate\":\"https:\\\/\\\/fjallshop.hr\\\/sl\\\/?s={search_term_string}\"},\"query-input\":{\"@type\":\"PropertyValueSpecification\",\"valueRequired\":true,\"valueName\":\"search_term_string\"}}],\"inLanguage\":\"sl-SI\"},{\"@type\":\"Organization\",\"@id\":\"https:\\\/\\\/fjallshop.hr\\\/sl\\\/#organization\",\"name\":\"Fj\u00e4llr\u00e4ven\",\"url\":\"https:\\\/\\\/fjallshop.hr\\\/sl\\\/\",\"logo\":{\"@type\":\"ImageObject\",\"inLanguage\":\"sl-SI\",\"@id\":\"https:\\\/\\\/fjallshop.hr\\\/sl\\\/#\\\/schema\\\/logo\\\/image\\\/\",\"url\":\"https:\\\/\\\/fjallshop.hr\\\/wp-content\\\/uploads\\\/2026\\\/01\\\/fjr-logo.svg\",\"contentUrl\":\"https:\\\/\\\/fjallshop.hr\\\/wp-content\\\/uploads\\\/2026\\\/01\\\/fjr-logo.svg\",\"width\":1077,\"height\":393,\"caption\":\"Fj\u00e4llr\u00e4ven\"},\"image\":{\"@id\":\"https:\\\/\\\/fjallshop.hr\\\/sl\\\/#\\\/schema\\\/logo\\\/image\\\/\"}}]}<\/script>\n<!-- \/ Yoast SEO plugin. -->","yoast_head_json":{"title":"Kajka 35 M\/L - Fj\u00e4llr\u00e4ven","robots":{"index":"index","follow":"follow","max-snippet":"max-snippet:-1","max-image-preview":"max-image-preview:large","max-video-preview":"max-video-preview:-1"},"canonical":"https:\/\/fjallshop.hr\/proizvod\/kajka-35-m-l\/","og_locale":"sl_SI","og_type":"article","og_title":"Kajka 35 M\/L - Fj\u00e4llr\u00e4ven","og_description":"Izdr\u017eljiv, udoban ruksak za planinarenje s izvrsnom funkcionalno\u0161\u0107u. Savr\u0161en kao dnevni ruksak za planinarenje. Proizveden bez PFAS-a.","og_url":"https:\/\/fjallshop.hr\/proizvod\/kajka-35-m-l\/","og_site_name":"Fj\u00e4llr\u00e4ven","article_modified_time":"2026-03-28T16:00:01+00:00","twitter_card":"summary_large_image","twitter_misc":{"Est. reading time":"1 minuta"},"schema":{"@context":"https:\/\/schema.org","@graph":[{"@type":"WebPage","@id":"https:\/\/fjallshop.hr\/proizvod\/kajka-35-m-l\/","url":"https:\/\/fjallshop.hr\/proizvod\/kajka-35-m-l\/","name":"Kajka 35 M\/L - Fj\u00e4llr\u00e4ven","isPartOf":{"@id":"https:\/\/fjallshop.hr\/sl\/#website"},"primaryImageOfPage":{"@id":"https:\/\/fjallshop.hr\/proizvod\/kajka-35-m-l\/#primaryimage"},"image":{"@id":"https:\/\/fjallshop.hr\/proizvod\/kajka-35-m-l\/#primaryimage"},"thumbnailUrl":"https:\/\/fjallshop.hr\/wp-content\/uploads\/2026\/03\/Kajka_35_M_L_23534-037_A_MAIN_FJR.webp","datePublished":"2026-03-12T20:26:01+00:00","dateModified":"2026-03-28T16:00:01+00:00","breadcrumb":{"@id":"https:\/\/fjallshop.hr\/proizvod\/kajka-35-m-l\/#breadcrumb"},"inLanguage":"sl-SI","potentialAction":[{"@type":"ReadAction","target":["https:\/\/fjallshop.hr\/proizvod\/kajka-35-m-l\/"]}]},{"@type":"ImageObject","inLanguage":"sl-SI","@id":"https:\/\/fjallshop.hr\/proizvod\/kajka-35-m-l\/#primaryimage","url":"https:\/\/fjallshop.hr\/wp-content\/uploads\/2026\/03\/Kajka_35_M_L_23534-037_A_MAIN_FJR.webp","contentUrl":"https:\/\/fjallshop.hr\/wp-content\/uploads\/2026\/03\/Kajka_35_M_L_23534-037_A_MAIN_FJR.webp","width":1500,"height":1500},{"@type":"BreadcrumbList","@id":"https:\/\/fjallshop.hr\/proizvod\/kajka-35-m-l\/#breadcrumb","itemListElement":[{"@type":"ListItem","position":1,"name":"Home","item":"https:\/\/fjallshop.hr\/sl\/"},{"@type":"ListItem","position":2,"name":"Trgovina","item":"https:\/\/fjallshop.hr\/sl\/shop\/"},{"@type":"ListItem","position":3,"name":"Kajka 35 M\/L"}]},{"@type":"WebSite","@id":"https:\/\/fjallshop.hr\/sl\/#website","url":"https:\/\/fjallshop.hr\/sl\/","name":"Fj\u00e4llr\u00e4ven","description":"Web trgovina","publisher":{"@id":"https:\/\/fjallshop.hr\/sl\/#organization"},"potentialAction":[{"@type":"SearchAction","target":{"@type":"EntryPoint","urlTemplate":"https:\/\/fjallshop.hr\/sl\/?s={search_term_string}"},"query-input":{"@type":"PropertyValueSpecification","valueRequired":true,"valueName":"search_term_string"}}],"inLanguage":"sl-SI"},{"@type":"Organization","@id":"https:\/\/fjallshop.hr\/sl\/#organization","name":"Fj\u00e4llr\u00e4ven","url":"https:\/\/fjallshop.hr\/sl\/","logo":{"@type":"ImageObject","inLanguage":"sl-SI","@id":"https:\/\/fjallshop.hr\/sl\/#\/schema\/logo\/image\/","url":"https:\/\/fjallshop.hr\/wp-content\/uploads\/2026\/01\/fjr-logo.svg","contentUrl":"https:\/\/fjallshop.hr\/wp-content\/uploads\/2026\/01\/fjr-logo.svg","width":1077,"height":393,"caption":"Fj\u00e4llr\u00e4ven"},"image":{"@id":"https:\/\/fjallshop.hr\/sl\/#\/schema\/logo\/image\/"}}]}},"_links":{"self":[{"href":"https:\/\/fjallshop.hr\/sl\/wp-json\/wp\/v2\/product\/1026252","targetHints":{"allow":["GET"]}}],"collection":[{"href":"https:\/\/fjallshop.hr\/sl\/wp-json\/wp\/v2\/product"}],"about":[{"href":"https:\/\/fjallshop.hr\/sl\/wp-json\/wp\/v2\/types\/product"}],"version-history":[{"count":2,"href":"https:\/\/fjallshop.hr\/sl\/wp-json\/wp\/v2\/product\/1026252\/revisions"}],"predecessor-version":[{"id":1026780,"href":"https:\/\/fjallshop.hr\/sl\/wp-json\/wp\/v2\/product\/1026252\/revisions\/1026780"}],"wp:featuredmedia":[{"embeddable":true,"href":"https:\/\/fjallshop.hr\/sl\/wp-json\/wp\/v2\/media\/1028404"}],"wp:attachment":[{"href":"https:\/\/fjallshop.hr\/sl\/wp-json\/wp\/v2\/media?parent=1026252"}],"wp:term":[{"taxonomy":"product_brand","embeddable":true,"href":"https:\/\/fjallshop.hr\/sl\/wp-json\/wp\/v2\/product_brand?post=1026252"},{"taxonomy":"product_cat","embeddable":true,"href":"https:\/\/fjallshop.hr\/sl\/wp-json\/wp\/v2\/product_cat?post=1026252"},{"taxonomy":"product_tag","embeddable":true,"href":"https:\/\/fjallshop.hr\/sl\/wp-json\/wp\/v2\/product_tag?post=1026252"}],"curies":[{"name":"wp","href":"https:\/\/api.w.org\/{rel}","templated":true}]}}