{"id":1026177,"date":"2026-03-12T20:25:51","date_gmt":"2026-03-12T20:25:51","guid":{"rendered":"https:\/\/fjallshop.hr\/?post_type=product&#038;p=1026177"},"modified":"2026-03-31T21:04:55","modified_gmt":"2026-03-31T21:04:55","slug":"skule-sling-6","status":"publish","type":"product","link":"https:\/\/fjallshop.hr\/sl\/izdelek\/skule-sling-6\/","title":{"rendered":"Skule Sling 6"},"content":{"rendered":"<p>Ponesite sve svoje potrep\u0161tine sa sobom u ovoj nevjerojatno korisnoj torbici preko jednog ramena, zapremine 6 litara, koja se mo\u017ee nositi i na lijevom i na desnom ramenu. Skule Sling 6 savr\u0161en je suputnik za svakodnevnu upotrebu, a dodatni, odvojivi remen omogu\u0107uje joj udobno pristajanje tijekom vo\u017enje biciklom. Veliki glavni pretinac ima podstavljeni d\u017eep za tablet, a prostrani prednji d\u017eep ima kukicu za klju\u010deve kako bi vam klju\u010devi ostali na sigurnom. Podstavljeni remen za rame omogu\u0107uje no\u0161enje torbe i na prsima i na le\u0111ima, a mo\u017ee se i potpuno ukloniti kako bi torba mogla poslu\u017eiti kao putna torba ili torba za toaletne potrep\u0161tine. <\/p>\n","protected":false},"excerpt":{"rendered":"<p>Sling torba od \u0161est litara koju mo\u017eete nositi na bilo kojem ramenu, te sprijeda ili straga. Proizvedena bez PFAS-a.<\/p>\n","protected":false},"featured_media":1029379,"template":"","meta":[],"product_brand":[466],"product_cat":[672],"product_tag":[479,499,590,576,579,485],"class_list":{"0":"post-1026177","1":"product","2":"type-product","3":"status-publish","4":"has-post-thumbnail","6":"product_brand-high-coast","7":"product_cat-prsluci","8":"product_tag-everyday-outdoor","9":"product_tag-high-coast","10":"product_tag-oprema","11":"product_tag-ruksaci-torbe","12":"product_tag-torbice","13":"product_tag-unisex","15":"first","16":"instock","17":"shipping-taxable","18":"purchasable","19":"product-type-variable"},"yoast_head":"<!-- This site is optimized with the Yoast SEO plugin v27.3 - https:\/\/yoast.com\/product\/yoast-seo-wordpress\/ -->\n<title>Skule Sling 6 - Fj\u00e4llr\u00e4ven<\/title>\n<meta name=\"robots\" content=\"index, follow, max-snippet:-1, max-image-preview:large, max-video-preview:-1\" \/>\n<link rel=\"canonical\" href=\"https:\/\/fjallshop.hr\/proizvod\/skule-sling-6\/\" \/>\n<meta property=\"og:locale\" content=\"sl_SI\" \/>\n<meta property=\"og:type\" content=\"article\" \/>\n<meta property=\"og:title\" content=\"Skule Sling 6 - Fj\u00e4llr\u00e4ven\" \/>\n<meta property=\"og:description\" content=\"Sling torba od \u0161est litara koju mo\u017eete nositi na bilo kojem ramenu, te sprijeda ili straga. Proizvedena bez PFAS-a.\" \/>\n<meta property=\"og:url\" content=\"https:\/\/fjallshop.hr\/proizvod\/skule-sling-6\/\" \/>\n<meta property=\"og:site_name\" content=\"Fj\u00e4llr\u00e4ven\" \/>\n<meta property=\"article:modified_time\" content=\"2026-03-31T21:04:55+00:00\" \/>\n<meta name=\"twitter:card\" content=\"summary_large_image\" \/>\n<meta name=\"twitter:label1\" content=\"Est. reading time\" \/>\n\t<meta name=\"twitter:data1\" content=\"1 minuta\" \/>\n<script type=\"application\/ld+json\" class=\"yoast-schema-graph\">{\"@context\":\"https:\\\/\\\/schema.org\",\"@graph\":[{\"@type\":\"WebPage\",\"@id\":\"https:\\\/\\\/fjallshop.hr\\\/proizvod\\\/skule-sling-6\\\/\",\"url\":\"https:\\\/\\\/fjallshop.hr\\\/proizvod\\\/skule-sling-6\\\/\",\"name\":\"Skule Sling 6 - Fj\u00e4llr\u00e4ven\",\"isPartOf\":{\"@id\":\"https:\\\/\\\/fjallshop.hr\\\/sl\\\/#website\"},\"primaryImageOfPage\":{\"@id\":\"https:\\\/\\\/fjallshop.hr\\\/proizvod\\\/skule-sling-6\\\/#primaryimage\"},\"image\":{\"@id\":\"https:\\\/\\\/fjallshop.hr\\\/proizvod\\\/skule-sling-6\\\/#primaryimage\"},\"thumbnailUrl\":\"https:\\\/\\\/fjallshop.hr\\\/wp-content\\\/uploads\\\/2026\\\/03\\\/Skule_Sling_6_23200337-171_A_MAIN.webp\",\"datePublished\":\"2026-03-12T20:25:51+00:00\",\"dateModified\":\"2026-03-31T21:04:55+00:00\",\"breadcrumb\":{\"@id\":\"https:\\\/\\\/fjallshop.hr\\\/proizvod\\\/skule-sling-6\\\/#breadcrumb\"},\"inLanguage\":\"sl-SI\",\"potentialAction\":[{\"@type\":\"ReadAction\",\"target\":[\"https:\\\/\\\/fjallshop.hr\\\/proizvod\\\/skule-sling-6\\\/\"]}]},{\"@type\":\"ImageObject\",\"inLanguage\":\"sl-SI\",\"@id\":\"https:\\\/\\\/fjallshop.hr\\\/proizvod\\\/skule-sling-6\\\/#primaryimage\",\"url\":\"https:\\\/\\\/fjallshop.hr\\\/wp-content\\\/uploads\\\/2026\\\/03\\\/Skule_Sling_6_23200337-171_A_MAIN.webp\",\"contentUrl\":\"https:\\\/\\\/fjallshop.hr\\\/wp-content\\\/uploads\\\/2026\\\/03\\\/Skule_Sling_6_23200337-171_A_MAIN.webp\",\"width\":1500,\"height\":1500},{\"@type\":\"BreadcrumbList\",\"@id\":\"https:\\\/\\\/fjallshop.hr\\\/proizvod\\\/skule-sling-6\\\/#breadcrumb\",\"itemListElement\":[{\"@type\":\"ListItem\",\"position\":1,\"name\":\"Home\",\"item\":\"https:\\\/\\\/fjallshop.hr\\\/sl\\\/\"},{\"@type\":\"ListItem\",\"position\":2,\"name\":\"Trgovina\",\"item\":\"https:\\\/\\\/fjallshop.hr\\\/sl\\\/shop\\\/\"},{\"@type\":\"ListItem\",\"position\":3,\"name\":\"Skule Sling 6\"}]},{\"@type\":\"WebSite\",\"@id\":\"https:\\\/\\\/fjallshop.hr\\\/sl\\\/#website\",\"url\":\"https:\\\/\\\/fjallshop.hr\\\/sl\\\/\",\"name\":\"Fj\u00e4llr\u00e4ven\",\"description\":\"Web trgovina\",\"publisher\":{\"@id\":\"https:\\\/\\\/fjallshop.hr\\\/sl\\\/#organization\"},\"potentialAction\":[{\"@type\":\"SearchAction\",\"target\":{\"@type\":\"EntryPoint\",\"urlTemplate\":\"https:\\\/\\\/fjallshop.hr\\\/sl\\\/?s={search_term_string}\"},\"query-input\":{\"@type\":\"PropertyValueSpecification\",\"valueRequired\":true,\"valueName\":\"search_term_string\"}}],\"inLanguage\":\"sl-SI\"},{\"@type\":\"Organization\",\"@id\":\"https:\\\/\\\/fjallshop.hr\\\/sl\\\/#organization\",\"name\":\"Fj\u00e4llr\u00e4ven\",\"url\":\"https:\\\/\\\/fjallshop.hr\\\/sl\\\/\",\"logo\":{\"@type\":\"ImageObject\",\"inLanguage\":\"sl-SI\",\"@id\":\"https:\\\/\\\/fjallshop.hr\\\/sl\\\/#\\\/schema\\\/logo\\\/image\\\/\",\"url\":\"https:\\\/\\\/fjallshop.hr\\\/wp-content\\\/uploads\\\/2026\\\/01\\\/fjr-logo.svg\",\"contentUrl\":\"https:\\\/\\\/fjallshop.hr\\\/wp-content\\\/uploads\\\/2026\\\/01\\\/fjr-logo.svg\",\"width\":1077,\"height\":393,\"caption\":\"Fj\u00e4llr\u00e4ven\"},\"image\":{\"@id\":\"https:\\\/\\\/fjallshop.hr\\\/sl\\\/#\\\/schema\\\/logo\\\/image\\\/\"}}]}<\/script>\n<!-- \/ Yoast SEO plugin. -->","yoast_head_json":{"title":"Skule Sling 6 - Fj\u00e4llr\u00e4ven","robots":{"index":"index","follow":"follow","max-snippet":"max-snippet:-1","max-image-preview":"max-image-preview:large","max-video-preview":"max-video-preview:-1"},"canonical":"https:\/\/fjallshop.hr\/proizvod\/skule-sling-6\/","og_locale":"sl_SI","og_type":"article","og_title":"Skule Sling 6 - Fj\u00e4llr\u00e4ven","og_description":"Sling torba od \u0161est litara koju mo\u017eete nositi na bilo kojem ramenu, te sprijeda ili straga. Proizvedena bez PFAS-a.","og_url":"https:\/\/fjallshop.hr\/proizvod\/skule-sling-6\/","og_site_name":"Fj\u00e4llr\u00e4ven","article_modified_time":"2026-03-31T21:04:55+00:00","twitter_card":"summary_large_image","twitter_misc":{"Est. reading time":"1 minuta"},"schema":{"@context":"https:\/\/schema.org","@graph":[{"@type":"WebPage","@id":"https:\/\/fjallshop.hr\/proizvod\/skule-sling-6\/","url":"https:\/\/fjallshop.hr\/proizvod\/skule-sling-6\/","name":"Skule Sling 6 - Fj\u00e4llr\u00e4ven","isPartOf":{"@id":"https:\/\/fjallshop.hr\/sl\/#website"},"primaryImageOfPage":{"@id":"https:\/\/fjallshop.hr\/proizvod\/skule-sling-6\/#primaryimage"},"image":{"@id":"https:\/\/fjallshop.hr\/proizvod\/skule-sling-6\/#primaryimage"},"thumbnailUrl":"https:\/\/fjallshop.hr\/wp-content\/uploads\/2026\/03\/Skule_Sling_6_23200337-171_A_MAIN.webp","datePublished":"2026-03-12T20:25:51+00:00","dateModified":"2026-03-31T21:04:55+00:00","breadcrumb":{"@id":"https:\/\/fjallshop.hr\/proizvod\/skule-sling-6\/#breadcrumb"},"inLanguage":"sl-SI","potentialAction":[{"@type":"ReadAction","target":["https:\/\/fjallshop.hr\/proizvod\/skule-sling-6\/"]}]},{"@type":"ImageObject","inLanguage":"sl-SI","@id":"https:\/\/fjallshop.hr\/proizvod\/skule-sling-6\/#primaryimage","url":"https:\/\/fjallshop.hr\/wp-content\/uploads\/2026\/03\/Skule_Sling_6_23200337-171_A_MAIN.webp","contentUrl":"https:\/\/fjallshop.hr\/wp-content\/uploads\/2026\/03\/Skule_Sling_6_23200337-171_A_MAIN.webp","width":1500,"height":1500},{"@type":"BreadcrumbList","@id":"https:\/\/fjallshop.hr\/proizvod\/skule-sling-6\/#breadcrumb","itemListElement":[{"@type":"ListItem","position":1,"name":"Home","item":"https:\/\/fjallshop.hr\/sl\/"},{"@type":"ListItem","position":2,"name":"Trgovina","item":"https:\/\/fjallshop.hr\/sl\/shop\/"},{"@type":"ListItem","position":3,"name":"Skule Sling 6"}]},{"@type":"WebSite","@id":"https:\/\/fjallshop.hr\/sl\/#website","url":"https:\/\/fjallshop.hr\/sl\/","name":"Fj\u00e4llr\u00e4ven","description":"Web trgovina","publisher":{"@id":"https:\/\/fjallshop.hr\/sl\/#organization"},"potentialAction":[{"@type":"SearchAction","target":{"@type":"EntryPoint","urlTemplate":"https:\/\/fjallshop.hr\/sl\/?s={search_term_string}"},"query-input":{"@type":"PropertyValueSpecification","valueRequired":true,"valueName":"search_term_string"}}],"inLanguage":"sl-SI"},{"@type":"Organization","@id":"https:\/\/fjallshop.hr\/sl\/#organization","name":"Fj\u00e4llr\u00e4ven","url":"https:\/\/fjallshop.hr\/sl\/","logo":{"@type":"ImageObject","inLanguage":"sl-SI","@id":"https:\/\/fjallshop.hr\/sl\/#\/schema\/logo\/image\/","url":"https:\/\/fjallshop.hr\/wp-content\/uploads\/2026\/01\/fjr-logo.svg","contentUrl":"https:\/\/fjallshop.hr\/wp-content\/uploads\/2026\/01\/fjr-logo.svg","width":1077,"height":393,"caption":"Fj\u00e4llr\u00e4ven"},"image":{"@id":"https:\/\/fjallshop.hr\/sl\/#\/schema\/logo\/image\/"}}]}},"_links":{"self":[{"href":"https:\/\/fjallshop.hr\/sl\/wp-json\/wp\/v2\/product\/1026177","targetHints":{"allow":["GET"]}}],"collection":[{"href":"https:\/\/fjallshop.hr\/sl\/wp-json\/wp\/v2\/product"}],"about":[{"href":"https:\/\/fjallshop.hr\/sl\/wp-json\/wp\/v2\/types\/product"}],"version-history":[{"count":2,"href":"https:\/\/fjallshop.hr\/sl\/wp-json\/wp\/v2\/product\/1026177\/revisions"}],"predecessor-version":[{"id":1026764,"href":"https:\/\/fjallshop.hr\/sl\/wp-json\/wp\/v2\/product\/1026177\/revisions\/1026764"}],"wp:featuredmedia":[{"embeddable":true,"href":"https:\/\/fjallshop.hr\/sl\/wp-json\/wp\/v2\/media\/1029379"}],"wp:attachment":[{"href":"https:\/\/fjallshop.hr\/sl\/wp-json\/wp\/v2\/media?parent=1026177"}],"wp:term":[{"taxonomy":"product_brand","embeddable":true,"href":"https:\/\/fjallshop.hr\/sl\/wp-json\/wp\/v2\/product_brand?post=1026177"},{"taxonomy":"product_cat","embeddable":true,"href":"https:\/\/fjallshop.hr\/sl\/wp-json\/wp\/v2\/product_cat?post=1026177"},{"taxonomy":"product_tag","embeddable":true,"href":"https:\/\/fjallshop.hr\/sl\/wp-json\/wp\/v2\/product_tag?post=1026177"}],"curies":[{"name":"wp","href":"https:\/\/api.w.org\/{rel}","templated":true}]}}