{"id":1026060,"date":"2026-03-12T20:25:35","date_gmt":"2026-03-12T20:25:35","guid":{"rendered":"https:\/\/fjallshop.hr\/?post_type=product&#038;p=1026060"},"modified":"2026-03-31T21:05:01","modified_gmt":"2026-03-31T21:05:01","slug":"kanken-rain-cover-plus","status":"publish","type":"product","link":"https:\/\/fjallshop.hr\/sl\/izdelek\/kanken-rain-cover-plus\/","title":{"rendered":"K\u00e5nken Rain Cover Plus"},"content":{"rendered":"<p>Vinylon tkanina ruksaka K\u00e5nken mo\u017ee izdr\u017eati kratkotrajnu ki\u0161u, ali za stalnu ki\u0161u trebat \u0107e vam malo dodatne za\u0161tite. Ova navlaka za ki\u0161u posebno je dizajnirana da pristaje na\u0161im ve\u0107im ruksacima K\u00e5nken Outlong i Laptop 17&#8243;. Ima reflektiraju\u0107i logotip, elasti\u010dne rubove i gumbe na pritisk s kojima se pri\u010dvr\u0161\u0107uje na ruksak. Lako se spakira u vlastiti integrirani d\u017eep koji ima malu petlju pa ga mo\u017eete pri\u010dvrstiti na svoj K\u00e5nken, na primjer, pomo\u0107u malog karabinera.<\/p>\n","protected":false},"excerpt":{"rendered":"<p>Navlaka za ki\u0161u za na\u0161e ve\u0107e K\u00e5nken ruksake \u2013 Outlong i Laptop 17&#8243;. Proizvedeno bez PFAS-a.<\/p>\n","protected":false},"featured_media":1028819,"template":"","meta":[],"product_brand":[150],"product_cat":[687],"product_tag":[578,479,500,526,722,590,576,579,485],"class_list":{"0":"post-1026060","1":"product","2":"type-product","3":"status-publish","4":"has-post-thumbnail","6":"product_brand-kanken","7":"product_cat-navlake","8":"product_tag-dnevni-ruksaci","9":"product_tag-everyday-outdoor","10":"product_tag-kanken","11":"product_tag-kanken-dodaci","12":"product_tag-kanken25","13":"product_tag-oprema","14":"product_tag-ruksaci-torbe","15":"product_tag-torbice","16":"product_tag-unisex","18":"first","19":"instock","20":"sale","21":"shipping-taxable","22":"purchasable","23":"product-type-variable"},"yoast_head":"<!-- This site is optimized with the Yoast SEO plugin v27.3 - https:\/\/yoast.com\/product\/yoast-seo-wordpress\/ -->\n<title>K\u00e5nken Rain Cover Plus - Fj\u00e4llr\u00e4ven<\/title>\n<meta name=\"robots\" content=\"index, follow, max-snippet:-1, max-image-preview:large, max-video-preview:-1\" \/>\n<link rel=\"canonical\" href=\"https:\/\/fjallshop.hr\/proizvod\/kanken-rain-cover-plus\/\" \/>\n<meta property=\"og:locale\" content=\"sl_SI\" \/>\n<meta property=\"og:type\" content=\"article\" \/>\n<meta property=\"og:title\" content=\"K\u00e5nken Rain Cover Plus - Fj\u00e4llr\u00e4ven\" \/>\n<meta property=\"og:description\" content=\"Navlaka za ki\u0161u za na\u0161e ve\u0107e K\u00e5nken ruksake \u2013 Outlong i Laptop 17&quot;. Proizvedeno bez PFAS-a.\" \/>\n<meta property=\"og:url\" content=\"https:\/\/fjallshop.hr\/proizvod\/kanken-rain-cover-plus\/\" \/>\n<meta property=\"og:site_name\" content=\"Fj\u00e4llr\u00e4ven\" \/>\n<meta property=\"article:modified_time\" content=\"2026-03-31T21:05:01+00:00\" \/>\n<meta name=\"twitter:card\" content=\"summary_large_image\" \/>\n<script type=\"application\/ld+json\" class=\"yoast-schema-graph\">{\"@context\":\"https:\\\/\\\/schema.org\",\"@graph\":[{\"@type\":\"WebPage\",\"@id\":\"https:\\\/\\\/fjallshop.hr\\\/proizvod\\\/kanken-rain-cover-plus\\\/\",\"url\":\"https:\\\/\\\/fjallshop.hr\\\/proizvod\\\/kanken-rain-cover-plus\\\/\",\"name\":\"K\u00e5nken Rain Cover Plus - Fj\u00e4llr\u00e4ven\",\"isPartOf\":{\"@id\":\"https:\\\/\\\/fjallshop.hr\\\/sl\\\/#website\"},\"primaryImageOfPage\":{\"@id\":\"https:\\\/\\\/fjallshop.hr\\\/proizvod\\\/kanken-rain-cover-plus\\\/#primaryimage\"},\"image\":{\"@id\":\"https:\\\/\\\/fjallshop.hr\\\/proizvod\\\/kanken-rain-cover-plus\\\/#primaryimage\"},\"thumbnailUrl\":\"https:\\\/\\\/fjallshop.hr\\\/wp-content\\\/uploads\\\/2026\\\/03\\\/Kanken_Rain_Cover_Plus_23100158-525_A_MAIN_FJR.webp\",\"datePublished\":\"2026-03-12T20:25:35+00:00\",\"dateModified\":\"2026-03-31T21:05:01+00:00\",\"breadcrumb\":{\"@id\":\"https:\\\/\\\/fjallshop.hr\\\/proizvod\\\/kanken-rain-cover-plus\\\/#breadcrumb\"},\"inLanguage\":\"sl-SI\",\"potentialAction\":[{\"@type\":\"ReadAction\",\"target\":[\"https:\\\/\\\/fjallshop.hr\\\/proizvod\\\/kanken-rain-cover-plus\\\/\"]}]},{\"@type\":\"ImageObject\",\"inLanguage\":\"sl-SI\",\"@id\":\"https:\\\/\\\/fjallshop.hr\\\/proizvod\\\/kanken-rain-cover-plus\\\/#primaryimage\",\"url\":\"https:\\\/\\\/fjallshop.hr\\\/wp-content\\\/uploads\\\/2026\\\/03\\\/Kanken_Rain_Cover_Plus_23100158-525_A_MAIN_FJR.webp\",\"contentUrl\":\"https:\\\/\\\/fjallshop.hr\\\/wp-content\\\/uploads\\\/2026\\\/03\\\/Kanken_Rain_Cover_Plus_23100158-525_A_MAIN_FJR.webp\",\"width\":1500,\"height\":1500},{\"@type\":\"BreadcrumbList\",\"@id\":\"https:\\\/\\\/fjallshop.hr\\\/proizvod\\\/kanken-rain-cover-plus\\\/#breadcrumb\",\"itemListElement\":[{\"@type\":\"ListItem\",\"position\":1,\"name\":\"Home\",\"item\":\"https:\\\/\\\/fjallshop.hr\\\/sl\\\/\"},{\"@type\":\"ListItem\",\"position\":2,\"name\":\"Trgovina\",\"item\":\"https:\\\/\\\/fjallshop.hr\\\/sl\\\/shop\\\/\"},{\"@type\":\"ListItem\",\"position\":3,\"name\":\"K\u00e5nken Rain Cover Plus\"}]},{\"@type\":\"WebSite\",\"@id\":\"https:\\\/\\\/fjallshop.hr\\\/sl\\\/#website\",\"url\":\"https:\\\/\\\/fjallshop.hr\\\/sl\\\/\",\"name\":\"Fj\u00e4llr\u00e4ven\",\"description\":\"Web trgovina\",\"publisher\":{\"@id\":\"https:\\\/\\\/fjallshop.hr\\\/sl\\\/#organization\"},\"potentialAction\":[{\"@type\":\"SearchAction\",\"target\":{\"@type\":\"EntryPoint\",\"urlTemplate\":\"https:\\\/\\\/fjallshop.hr\\\/sl\\\/?s={search_term_string}\"},\"query-input\":{\"@type\":\"PropertyValueSpecification\",\"valueRequired\":true,\"valueName\":\"search_term_string\"}}],\"inLanguage\":\"sl-SI\"},{\"@type\":\"Organization\",\"@id\":\"https:\\\/\\\/fjallshop.hr\\\/sl\\\/#organization\",\"name\":\"Fj\u00e4llr\u00e4ven\",\"url\":\"https:\\\/\\\/fjallshop.hr\\\/sl\\\/\",\"logo\":{\"@type\":\"ImageObject\",\"inLanguage\":\"sl-SI\",\"@id\":\"https:\\\/\\\/fjallshop.hr\\\/sl\\\/#\\\/schema\\\/logo\\\/image\\\/\",\"url\":\"https:\\\/\\\/fjallshop.hr\\\/wp-content\\\/uploads\\\/2026\\\/01\\\/fjr-logo.svg\",\"contentUrl\":\"https:\\\/\\\/fjallshop.hr\\\/wp-content\\\/uploads\\\/2026\\\/01\\\/fjr-logo.svg\",\"width\":1077,\"height\":393,\"caption\":\"Fj\u00e4llr\u00e4ven\"},\"image\":{\"@id\":\"https:\\\/\\\/fjallshop.hr\\\/sl\\\/#\\\/schema\\\/logo\\\/image\\\/\"}}]}<\/script>\n<!-- \/ Yoast SEO plugin. -->","yoast_head_json":{"title":"K\u00e5nken Rain Cover Plus - Fj\u00e4llr\u00e4ven","robots":{"index":"index","follow":"follow","max-snippet":"max-snippet:-1","max-image-preview":"max-image-preview:large","max-video-preview":"max-video-preview:-1"},"canonical":"https:\/\/fjallshop.hr\/proizvod\/kanken-rain-cover-plus\/","og_locale":"sl_SI","og_type":"article","og_title":"K\u00e5nken Rain Cover Plus - Fj\u00e4llr\u00e4ven","og_description":"Navlaka za ki\u0161u za na\u0161e ve\u0107e K\u00e5nken ruksake \u2013 Outlong i Laptop 17\". Proizvedeno bez PFAS-a.","og_url":"https:\/\/fjallshop.hr\/proizvod\/kanken-rain-cover-plus\/","og_site_name":"Fj\u00e4llr\u00e4ven","article_modified_time":"2026-03-31T21:05:01+00:00","twitter_card":"summary_large_image","schema":{"@context":"https:\/\/schema.org","@graph":[{"@type":"WebPage","@id":"https:\/\/fjallshop.hr\/proizvod\/kanken-rain-cover-plus\/","url":"https:\/\/fjallshop.hr\/proizvod\/kanken-rain-cover-plus\/","name":"K\u00e5nken Rain Cover Plus - Fj\u00e4llr\u00e4ven","isPartOf":{"@id":"https:\/\/fjallshop.hr\/sl\/#website"},"primaryImageOfPage":{"@id":"https:\/\/fjallshop.hr\/proizvod\/kanken-rain-cover-plus\/#primaryimage"},"image":{"@id":"https:\/\/fjallshop.hr\/proizvod\/kanken-rain-cover-plus\/#primaryimage"},"thumbnailUrl":"https:\/\/fjallshop.hr\/wp-content\/uploads\/2026\/03\/Kanken_Rain_Cover_Plus_23100158-525_A_MAIN_FJR.webp","datePublished":"2026-03-12T20:25:35+00:00","dateModified":"2026-03-31T21:05:01+00:00","breadcrumb":{"@id":"https:\/\/fjallshop.hr\/proizvod\/kanken-rain-cover-plus\/#breadcrumb"},"inLanguage":"sl-SI","potentialAction":[{"@type":"ReadAction","target":["https:\/\/fjallshop.hr\/proizvod\/kanken-rain-cover-plus\/"]}]},{"@type":"ImageObject","inLanguage":"sl-SI","@id":"https:\/\/fjallshop.hr\/proizvod\/kanken-rain-cover-plus\/#primaryimage","url":"https:\/\/fjallshop.hr\/wp-content\/uploads\/2026\/03\/Kanken_Rain_Cover_Plus_23100158-525_A_MAIN_FJR.webp","contentUrl":"https:\/\/fjallshop.hr\/wp-content\/uploads\/2026\/03\/Kanken_Rain_Cover_Plus_23100158-525_A_MAIN_FJR.webp","width":1500,"height":1500},{"@type":"BreadcrumbList","@id":"https:\/\/fjallshop.hr\/proizvod\/kanken-rain-cover-plus\/#breadcrumb","itemListElement":[{"@type":"ListItem","position":1,"name":"Home","item":"https:\/\/fjallshop.hr\/sl\/"},{"@type":"ListItem","position":2,"name":"Trgovina","item":"https:\/\/fjallshop.hr\/sl\/shop\/"},{"@type":"ListItem","position":3,"name":"K\u00e5nken Rain Cover Plus"}]},{"@type":"WebSite","@id":"https:\/\/fjallshop.hr\/sl\/#website","url":"https:\/\/fjallshop.hr\/sl\/","name":"Fj\u00e4llr\u00e4ven","description":"Web trgovina","publisher":{"@id":"https:\/\/fjallshop.hr\/sl\/#organization"},"potentialAction":[{"@type":"SearchAction","target":{"@type":"EntryPoint","urlTemplate":"https:\/\/fjallshop.hr\/sl\/?s={search_term_string}"},"query-input":{"@type":"PropertyValueSpecification","valueRequired":true,"valueName":"search_term_string"}}],"inLanguage":"sl-SI"},{"@type":"Organization","@id":"https:\/\/fjallshop.hr\/sl\/#organization","name":"Fj\u00e4llr\u00e4ven","url":"https:\/\/fjallshop.hr\/sl\/","logo":{"@type":"ImageObject","inLanguage":"sl-SI","@id":"https:\/\/fjallshop.hr\/sl\/#\/schema\/logo\/image\/","url":"https:\/\/fjallshop.hr\/wp-content\/uploads\/2026\/01\/fjr-logo.svg","contentUrl":"https:\/\/fjallshop.hr\/wp-content\/uploads\/2026\/01\/fjr-logo.svg","width":1077,"height":393,"caption":"Fj\u00e4llr\u00e4ven"},"image":{"@id":"https:\/\/fjallshop.hr\/sl\/#\/schema\/logo\/image\/"}}]}},"_links":{"self":[{"href":"https:\/\/fjallshop.hr\/sl\/wp-json\/wp\/v2\/product\/1026060","targetHints":{"allow":["GET"]}}],"collection":[{"href":"https:\/\/fjallshop.hr\/sl\/wp-json\/wp\/v2\/product"}],"about":[{"href":"https:\/\/fjallshop.hr\/sl\/wp-json\/wp\/v2\/types\/product"}],"version-history":[{"count":2,"href":"https:\/\/fjallshop.hr\/sl\/wp-json\/wp\/v2\/product\/1026060\/revisions"}],"predecessor-version":[{"id":1026736,"href":"https:\/\/fjallshop.hr\/sl\/wp-json\/wp\/v2\/product\/1026060\/revisions\/1026736"}],"wp:featuredmedia":[{"embeddable":true,"href":"https:\/\/fjallshop.hr\/sl\/wp-json\/wp\/v2\/media\/1028819"}],"wp:attachment":[{"href":"https:\/\/fjallshop.hr\/sl\/wp-json\/wp\/v2\/media?parent=1026060"}],"wp:term":[{"taxonomy":"product_brand","embeddable":true,"href":"https:\/\/fjallshop.hr\/sl\/wp-json\/wp\/v2\/product_brand?post=1026060"},{"taxonomy":"product_cat","embeddable":true,"href":"https:\/\/fjallshop.hr\/sl\/wp-json\/wp\/v2\/product_cat?post=1026060"},{"taxonomy":"product_tag","embeddable":true,"href":"https:\/\/fjallshop.hr\/sl\/wp-json\/wp\/v2\/product_tag?post=1026060"}],"curies":[{"name":"wp","href":"https:\/\/api.w.org\/{rel}","templated":true}]}}