{"id":1025921,"date":"2026-03-12T20:25:14","date_gmt":"2026-03-12T20:25:14","guid":{"rendered":"https:\/\/fjallshop.hr\/?post_type=product&#038;p=1025921"},"modified":"2026-03-31T21:05:05","modified_gmt":"2026-03-31T21:05:05","slug":"hoja-rain-poncho","status":"publish","type":"product","link":"https:\/\/fjallshop.hr\/sl\/izdelek\/hoja-rain-poncho\/","title":{"rendered":"Hoja Rain Poncho"},"content":{"rendered":"<p>Posebno dizajniran da vas odr\u017ei suhim tijekom vo\u017enje biciklom, Hoja pon\u010do za ki\u0161u je funkcionalna, vodootporna i prozra\u010dna odje\u0107a. Reflektiraju\u0107i detalji osiguravaju da budete lako vidljivi po mokrom vremenu kada je vidljivost \u010desto ograni\u010dena, a kapulja\u010da kompatibilna s kacigom i man\u017eete koje mo\u017eete navu\u0107i preko ruku za\u0161titit \u0107e vas od ki\u0161e. Elasti\u010dni pojas omogu\u0107uje vam da ubrzate tempo bez pretjeranog lepr\u0161anja, a veliki klokan d\u017eep dr\u017eat \u0107e va\u0161e najpotrebnije stvari nadohvat ruke.<\/p>\n","protected":false},"excerpt":{"rendered":"<p>Vodootporni ki\u0161ni pon\u010do dizajniran da vas odr\u017ei ugodnim i suhim po mokrom vremenu. Optimiziran za vo\u017enju biciklom. Proizvedeno bez PFAS-a.<\/p>\n","protected":false},"featured_media":1028295,"template":"","meta":[],"product_brand":[631],"product_cat":[680],"product_tag":[670,668,669,624,681,485],"class_list":{"0":"post-1025921","1":"product","2":"type-product","3":"status-publish","4":"has-post-thumbnail","6":"product_brand-hoja","7":"product_cat-ponci","8":"product_tag-biciklizam","9":"product_tag-cycling","10":"product_tag-hoja","11":"product_tag-jakne","12":"product_tag-jakne-za-biciklizam","13":"product_tag-unisex","15":"first","16":"instock","17":"shipping-taxable","18":"purchasable","19":"product-type-variable"},"yoast_head":"<!-- This site is optimized with the Yoast SEO plugin v27.3 - https:\/\/yoast.com\/product\/yoast-seo-wordpress\/ -->\n<title>Hoja Rain Poncho - Fj\u00e4llr\u00e4ven<\/title>\n<meta name=\"robots\" content=\"index, follow, max-snippet:-1, max-image-preview:large, max-video-preview:-1\" \/>\n<link rel=\"canonical\" href=\"https:\/\/fjallshop.hr\/proizvod\/hoja-rain-poncho\/\" \/>\n<meta property=\"og:locale\" content=\"sl_SI\" \/>\n<meta property=\"og:type\" content=\"article\" \/>\n<meta property=\"og:title\" content=\"Hoja Rain Poncho - Fj\u00e4llr\u00e4ven\" \/>\n<meta property=\"og:description\" content=\"Vodootporni ki\u0161ni pon\u010do dizajniran da vas odr\u017ei ugodnim i suhim po mokrom vremenu. Optimiziran za vo\u017enju biciklom. Proizvedeno bez PFAS-a.\" \/>\n<meta property=\"og:url\" content=\"https:\/\/fjallshop.hr\/proizvod\/hoja-rain-poncho\/\" \/>\n<meta property=\"og:site_name\" content=\"Fj\u00e4llr\u00e4ven\" \/>\n<meta property=\"article:modified_time\" content=\"2026-03-31T21:05:05+00:00\" \/>\n<meta name=\"twitter:card\" content=\"summary_large_image\" \/>\n<script type=\"application\/ld+json\" class=\"yoast-schema-graph\">{\"@context\":\"https:\\\/\\\/schema.org\",\"@graph\":[{\"@type\":\"WebPage\",\"@id\":\"https:\\\/\\\/fjallshop.hr\\\/proizvod\\\/hoja-rain-poncho\\\/\",\"url\":\"https:\\\/\\\/fjallshop.hr\\\/proizvod\\\/hoja-rain-poncho\\\/\",\"name\":\"Hoja Rain Poncho - Fj\u00e4llr\u00e4ven\",\"isPartOf\":{\"@id\":\"https:\\\/\\\/fjallshop.hr\\\/sl\\\/#website\"},\"primaryImageOfPage\":{\"@id\":\"https:\\\/\\\/fjallshop.hr\\\/proizvod\\\/hoja-rain-poncho\\\/#primaryimage\"},\"image\":{\"@id\":\"https:\\\/\\\/fjallshop.hr\\\/proizvod\\\/hoja-rain-poncho\\\/#primaryimage\"},\"thumbnailUrl\":\"https:\\\/\\\/fjallshop.hr\\\/wp-content\\\/uploads\\\/2026\\\/03\\\/Hoja_Rain_Poncho_13500017-550_A_MAIN_FJR.webp\",\"datePublished\":\"2026-03-12T20:25:14+00:00\",\"dateModified\":\"2026-03-31T21:05:05+00:00\",\"breadcrumb\":{\"@id\":\"https:\\\/\\\/fjallshop.hr\\\/proizvod\\\/hoja-rain-poncho\\\/#breadcrumb\"},\"inLanguage\":\"sl-SI\",\"potentialAction\":[{\"@type\":\"ReadAction\",\"target\":[\"https:\\\/\\\/fjallshop.hr\\\/proizvod\\\/hoja-rain-poncho\\\/\"]}]},{\"@type\":\"ImageObject\",\"inLanguage\":\"sl-SI\",\"@id\":\"https:\\\/\\\/fjallshop.hr\\\/proizvod\\\/hoja-rain-poncho\\\/#primaryimage\",\"url\":\"https:\\\/\\\/fjallshop.hr\\\/wp-content\\\/uploads\\\/2026\\\/03\\\/Hoja_Rain_Poncho_13500017-550_A_MAIN_FJR.webp\",\"contentUrl\":\"https:\\\/\\\/fjallshop.hr\\\/wp-content\\\/uploads\\\/2026\\\/03\\\/Hoja_Rain_Poncho_13500017-550_A_MAIN_FJR.webp\",\"width\":1500,\"height\":1500},{\"@type\":\"BreadcrumbList\",\"@id\":\"https:\\\/\\\/fjallshop.hr\\\/proizvod\\\/hoja-rain-poncho\\\/#breadcrumb\",\"itemListElement\":[{\"@type\":\"ListItem\",\"position\":1,\"name\":\"Home\",\"item\":\"https:\\\/\\\/fjallshop.hr\\\/sl\\\/\"},{\"@type\":\"ListItem\",\"position\":2,\"name\":\"Trgovina\",\"item\":\"https:\\\/\\\/fjallshop.hr\\\/sl\\\/shop\\\/\"},{\"@type\":\"ListItem\",\"position\":3,\"name\":\"Hoja Rain Poncho\"}]},{\"@type\":\"WebSite\",\"@id\":\"https:\\\/\\\/fjallshop.hr\\\/sl\\\/#website\",\"url\":\"https:\\\/\\\/fjallshop.hr\\\/sl\\\/\",\"name\":\"Fj\u00e4llr\u00e4ven\",\"description\":\"Web trgovina\",\"publisher\":{\"@id\":\"https:\\\/\\\/fjallshop.hr\\\/sl\\\/#organization\"},\"potentialAction\":[{\"@type\":\"SearchAction\",\"target\":{\"@type\":\"EntryPoint\",\"urlTemplate\":\"https:\\\/\\\/fjallshop.hr\\\/sl\\\/?s={search_term_string}\"},\"query-input\":{\"@type\":\"PropertyValueSpecification\",\"valueRequired\":true,\"valueName\":\"search_term_string\"}}],\"inLanguage\":\"sl-SI\"},{\"@type\":\"Organization\",\"@id\":\"https:\\\/\\\/fjallshop.hr\\\/sl\\\/#organization\",\"name\":\"Fj\u00e4llr\u00e4ven\",\"url\":\"https:\\\/\\\/fjallshop.hr\\\/sl\\\/\",\"logo\":{\"@type\":\"ImageObject\",\"inLanguage\":\"sl-SI\",\"@id\":\"https:\\\/\\\/fjallshop.hr\\\/sl\\\/#\\\/schema\\\/logo\\\/image\\\/\",\"url\":\"https:\\\/\\\/fjallshop.hr\\\/wp-content\\\/uploads\\\/2026\\\/01\\\/fjr-logo.svg\",\"contentUrl\":\"https:\\\/\\\/fjallshop.hr\\\/wp-content\\\/uploads\\\/2026\\\/01\\\/fjr-logo.svg\",\"width\":1077,\"height\":393,\"caption\":\"Fj\u00e4llr\u00e4ven\"},\"image\":{\"@id\":\"https:\\\/\\\/fjallshop.hr\\\/sl\\\/#\\\/schema\\\/logo\\\/image\\\/\"}}]}<\/script>\n<!-- \/ Yoast SEO plugin. -->","yoast_head_json":{"title":"Hoja Rain Poncho - Fj\u00e4llr\u00e4ven","robots":{"index":"index","follow":"follow","max-snippet":"max-snippet:-1","max-image-preview":"max-image-preview:large","max-video-preview":"max-video-preview:-1"},"canonical":"https:\/\/fjallshop.hr\/proizvod\/hoja-rain-poncho\/","og_locale":"sl_SI","og_type":"article","og_title":"Hoja Rain Poncho - Fj\u00e4llr\u00e4ven","og_description":"Vodootporni ki\u0161ni pon\u010do dizajniran da vas odr\u017ei ugodnim i suhim po mokrom vremenu. Optimiziran za vo\u017enju biciklom. Proizvedeno bez PFAS-a.","og_url":"https:\/\/fjallshop.hr\/proizvod\/hoja-rain-poncho\/","og_site_name":"Fj\u00e4llr\u00e4ven","article_modified_time":"2026-03-31T21:05:05+00:00","twitter_card":"summary_large_image","schema":{"@context":"https:\/\/schema.org","@graph":[{"@type":"WebPage","@id":"https:\/\/fjallshop.hr\/proizvod\/hoja-rain-poncho\/","url":"https:\/\/fjallshop.hr\/proizvod\/hoja-rain-poncho\/","name":"Hoja Rain Poncho - Fj\u00e4llr\u00e4ven","isPartOf":{"@id":"https:\/\/fjallshop.hr\/sl\/#website"},"primaryImageOfPage":{"@id":"https:\/\/fjallshop.hr\/proizvod\/hoja-rain-poncho\/#primaryimage"},"image":{"@id":"https:\/\/fjallshop.hr\/proizvod\/hoja-rain-poncho\/#primaryimage"},"thumbnailUrl":"https:\/\/fjallshop.hr\/wp-content\/uploads\/2026\/03\/Hoja_Rain_Poncho_13500017-550_A_MAIN_FJR.webp","datePublished":"2026-03-12T20:25:14+00:00","dateModified":"2026-03-31T21:05:05+00:00","breadcrumb":{"@id":"https:\/\/fjallshop.hr\/proizvod\/hoja-rain-poncho\/#breadcrumb"},"inLanguage":"sl-SI","potentialAction":[{"@type":"ReadAction","target":["https:\/\/fjallshop.hr\/proizvod\/hoja-rain-poncho\/"]}]},{"@type":"ImageObject","inLanguage":"sl-SI","@id":"https:\/\/fjallshop.hr\/proizvod\/hoja-rain-poncho\/#primaryimage","url":"https:\/\/fjallshop.hr\/wp-content\/uploads\/2026\/03\/Hoja_Rain_Poncho_13500017-550_A_MAIN_FJR.webp","contentUrl":"https:\/\/fjallshop.hr\/wp-content\/uploads\/2026\/03\/Hoja_Rain_Poncho_13500017-550_A_MAIN_FJR.webp","width":1500,"height":1500},{"@type":"BreadcrumbList","@id":"https:\/\/fjallshop.hr\/proizvod\/hoja-rain-poncho\/#breadcrumb","itemListElement":[{"@type":"ListItem","position":1,"name":"Home","item":"https:\/\/fjallshop.hr\/sl\/"},{"@type":"ListItem","position":2,"name":"Trgovina","item":"https:\/\/fjallshop.hr\/sl\/shop\/"},{"@type":"ListItem","position":3,"name":"Hoja Rain Poncho"}]},{"@type":"WebSite","@id":"https:\/\/fjallshop.hr\/sl\/#website","url":"https:\/\/fjallshop.hr\/sl\/","name":"Fj\u00e4llr\u00e4ven","description":"Web trgovina","publisher":{"@id":"https:\/\/fjallshop.hr\/sl\/#organization"},"potentialAction":[{"@type":"SearchAction","target":{"@type":"EntryPoint","urlTemplate":"https:\/\/fjallshop.hr\/sl\/?s={search_term_string}"},"query-input":{"@type":"PropertyValueSpecification","valueRequired":true,"valueName":"search_term_string"}}],"inLanguage":"sl-SI"},{"@type":"Organization","@id":"https:\/\/fjallshop.hr\/sl\/#organization","name":"Fj\u00e4llr\u00e4ven","url":"https:\/\/fjallshop.hr\/sl\/","logo":{"@type":"ImageObject","inLanguage":"sl-SI","@id":"https:\/\/fjallshop.hr\/sl\/#\/schema\/logo\/image\/","url":"https:\/\/fjallshop.hr\/wp-content\/uploads\/2026\/01\/fjr-logo.svg","contentUrl":"https:\/\/fjallshop.hr\/wp-content\/uploads\/2026\/01\/fjr-logo.svg","width":1077,"height":393,"caption":"Fj\u00e4llr\u00e4ven"},"image":{"@id":"https:\/\/fjallshop.hr\/sl\/#\/schema\/logo\/image\/"}}]}},"_links":{"self":[{"href":"https:\/\/fjallshop.hr\/sl\/wp-json\/wp\/v2\/product\/1025921","targetHints":{"allow":["GET"]}}],"collection":[{"href":"https:\/\/fjallshop.hr\/sl\/wp-json\/wp\/v2\/product"}],"about":[{"href":"https:\/\/fjallshop.hr\/sl\/wp-json\/wp\/v2\/types\/product"}],"version-history":[{"count":2,"href":"https:\/\/fjallshop.hr\/sl\/wp-json\/wp\/v2\/product\/1025921\/revisions"}],"predecessor-version":[{"id":1026717,"href":"https:\/\/fjallshop.hr\/sl\/wp-json\/wp\/v2\/product\/1025921\/revisions\/1026717"}],"wp:featuredmedia":[{"embeddable":true,"href":"https:\/\/fjallshop.hr\/sl\/wp-json\/wp\/v2\/media\/1028295"}],"wp:attachment":[{"href":"https:\/\/fjallshop.hr\/sl\/wp-json\/wp\/v2\/media?parent=1025921"}],"wp:term":[{"taxonomy":"product_brand","embeddable":true,"href":"https:\/\/fjallshop.hr\/sl\/wp-json\/wp\/v2\/product_brand?post=1025921"},{"taxonomy":"product_cat","embeddable":true,"href":"https:\/\/fjallshop.hr\/sl\/wp-json\/wp\/v2\/product_cat?post=1025921"},{"taxonomy":"product_tag","embeddable":true,"href":"https:\/\/fjallshop.hr\/sl\/wp-json\/wp\/v2\/product_tag?post=1025921"}],"curies":[{"name":"wp","href":"https:\/\/api.w.org\/{rel}","templated":true}]}}