{"id":1025218,"date":"2026-01-30T19:23:10","date_gmt":"2026-01-30T19:23:10","guid":{"rendered":"https:\/\/fjallshop.hr\/?post_type=product&#038;p=1025218"},"modified":"2026-03-28T16:02:10","modified_gmt":"2026-03-28T16:02:10","slug":"bergtagen-g-1000-jacket-m","status":"publish","type":"product","link":"https:\/\/fjallshop.hr\/sl\/izdelek\/bergtagen-g-1000-jacket-m\/","title":{"rendered":"Bergtagen G-1000 Jacket M"},"content":{"rendered":"<p>Bergtagen G-1000 jakna za mu\u0161karce je bezvremenska Fj\u00e4llr\u00e4ven shell jakna izra\u0111ena od na\u0161e prilagodljive G-1000 tkanine koja se mo\u017ee dodatno impregnirati Greenland voskom za pobolj\u0161anu otpornost te izdr\u017eljivost na razli\u010dite vremenske uvjete. Ima podesivu kapulja\u010du kompatibilnu s kacigom, tri d\u017eepa na prsima, velike otvore za ventilaciju s patentnim zatvara\u010dem, unutarnje d\u017eepove za stvari, podesive man\u017eete s umetcima i rub s vezicom. Savr\u0161ena je za kori\u0161tenje u odmarali\u0161tima i za skijanje izvan terena i splitboarding, kao i za druge avanture na otvorenom.<\/p>\n","protected":false},"excerpt":{"rendered":"<p>Bezvremenska Fj\u00e4llr\u00e4ven shell jakna izra\u0111ena od na\u0161e prilagodljive G-1000 tkanine. Dizajnirana za kori\u0161tenje u odmarali\u0161tima i za skija\u0161ke turneje ili splitboarding. Proizvedena bez PFAS-a.<\/p>\n","protected":false},"featured_media":1025221,"template":"","meta":[],"product_brand":[462],"product_cat":[217],"product_tag":[491,512,516,513,470,473],"class_list":{"0":"post-1025218","1":"product","2":"type-product","3":"status-publish","4":"has-post-thumbnail","6":"product_brand-bergtagen","7":"product_cat-jakne","8":"product_tag-bergtagen","9":"product_tag-muske-jakne","10":"product_tag-muske-jakne-shell","11":"product_tag-muske-jakne-treking","12":"product_tag-muski","13":"product_tag-shell-jakne","15":"first","16":"instock","17":"shipping-taxable","18":"purchasable","19":"product-type-variable"},"yoast_head":"<!-- This site is optimized with the Yoast SEO plugin v27.3 - https:\/\/yoast.com\/product\/yoast-seo-wordpress\/ -->\n<title>Bergtagen G-1000 Jacket M - Fj\u00e4llr\u00e4ven<\/title>\n<meta name=\"robots\" content=\"index, follow, max-snippet:-1, max-image-preview:large, max-video-preview:-1\" \/>\n<link rel=\"canonical\" href=\"https:\/\/fjallshop.hr\/proizvod\/bergtagen-g-1000-jacket-m\/\" \/>\n<meta property=\"og:locale\" content=\"sl_SI\" \/>\n<meta property=\"og:type\" content=\"article\" \/>\n<meta property=\"og:title\" content=\"Bergtagen G-1000 Jacket M - Fj\u00e4llr\u00e4ven\" \/>\n<meta property=\"og:description\" content=\"Bezvremenska Fj\u00e4llr\u00e4ven shell jakna izra\u0111ena od na\u0161e prilagodljive G-1000 tkanine. Dizajnirana za kori\u0161tenje u odmarali\u0161tima i za skija\u0161ke turneje ili splitboarding. Proizvedena bez PFAS-a.\" \/>\n<meta property=\"og:url\" content=\"https:\/\/fjallshop.hr\/proizvod\/bergtagen-g-1000-jacket-m\/\" \/>\n<meta property=\"og:site_name\" content=\"Fj\u00e4llr\u00e4ven\" \/>\n<meta property=\"article:modified_time\" content=\"2026-03-28T16:02:10+00:00\" \/>\n<meta property=\"og:image\" content=\"https:\/\/fjallshop.hr\/wp-content\/uploads\/2026\/01\/bergtageng-1000jacketm_wp_570.webp\" \/>\n\t<meta property=\"og:image:width\" content=\"624\" \/>\n\t<meta property=\"og:image:height\" content=\"624\" \/>\n\t<meta property=\"og:image:type\" content=\"image\/webp\" \/>\n<meta name=\"twitter:card\" content=\"summary_large_image\" \/>\n<meta name=\"twitter:label1\" content=\"Est. reading time\" \/>\n\t<meta name=\"twitter:data1\" content=\"1 minuta\" \/>\n<script type=\"application\/ld+json\" class=\"yoast-schema-graph\">{\"@context\":\"https:\\\/\\\/schema.org\",\"@graph\":[{\"@type\":\"WebPage\",\"@id\":\"https:\\\/\\\/fjallshop.hr\\\/proizvod\\\/bergtagen-g-1000-jacket-m\\\/\",\"url\":\"https:\\\/\\\/fjallshop.hr\\\/proizvod\\\/bergtagen-g-1000-jacket-m\\\/\",\"name\":\"Bergtagen G-1000 Jacket M - Fj\u00e4llr\u00e4ven\",\"isPartOf\":{\"@id\":\"https:\\\/\\\/fjallshop.hr\\\/sl\\\/#website\"},\"primaryImageOfPage\":{\"@id\":\"https:\\\/\\\/fjallshop.hr\\\/proizvod\\\/bergtagen-g-1000-jacket-m\\\/#primaryimage\"},\"image\":{\"@id\":\"https:\\\/\\\/fjallshop.hr\\\/proizvod\\\/bergtagen-g-1000-jacket-m\\\/#primaryimage\"},\"thumbnailUrl\":\"https:\\\/\\\/fjallshop.hr\\\/wp-content\\\/uploads\\\/2026\\\/01\\\/bergtageng-1000jacketm_wp_570.webp\",\"datePublished\":\"2026-01-30T19:23:10+00:00\",\"dateModified\":\"2026-03-28T16:02:10+00:00\",\"breadcrumb\":{\"@id\":\"https:\\\/\\\/fjallshop.hr\\\/proizvod\\\/bergtagen-g-1000-jacket-m\\\/#breadcrumb\"},\"inLanguage\":\"sl-SI\",\"potentialAction\":[{\"@type\":\"ReadAction\",\"target\":[\"https:\\\/\\\/fjallshop.hr\\\/proizvod\\\/bergtagen-g-1000-jacket-m\\\/\"]}]},{\"@type\":\"ImageObject\",\"inLanguage\":\"sl-SI\",\"@id\":\"https:\\\/\\\/fjallshop.hr\\\/proizvod\\\/bergtagen-g-1000-jacket-m\\\/#primaryimage\",\"url\":\"https:\\\/\\\/fjallshop.hr\\\/wp-content\\\/uploads\\\/2026\\\/01\\\/bergtageng-1000jacketm_wp_570.webp\",\"contentUrl\":\"https:\\\/\\\/fjallshop.hr\\\/wp-content\\\/uploads\\\/2026\\\/01\\\/bergtageng-1000jacketm_wp_570.webp\",\"width\":624,\"height\":624},{\"@type\":\"BreadcrumbList\",\"@id\":\"https:\\\/\\\/fjallshop.hr\\\/proizvod\\\/bergtagen-g-1000-jacket-m\\\/#breadcrumb\",\"itemListElement\":[{\"@type\":\"ListItem\",\"position\":1,\"name\":\"Home\",\"item\":\"https:\\\/\\\/fjallshop.hr\\\/sl\\\/\"},{\"@type\":\"ListItem\",\"position\":2,\"name\":\"Trgovina\",\"item\":\"https:\\\/\\\/fjallshop.hr\\\/sl\\\/shop\\\/\"},{\"@type\":\"ListItem\",\"position\":3,\"name\":\"Bergtagen G-1000 Jacket M\"}]},{\"@type\":\"WebSite\",\"@id\":\"https:\\\/\\\/fjallshop.hr\\\/sl\\\/#website\",\"url\":\"https:\\\/\\\/fjallshop.hr\\\/sl\\\/\",\"name\":\"Fj\u00e4llr\u00e4ven\",\"description\":\"Web trgovina\",\"publisher\":{\"@id\":\"https:\\\/\\\/fjallshop.hr\\\/sl\\\/#organization\"},\"potentialAction\":[{\"@type\":\"SearchAction\",\"target\":{\"@type\":\"EntryPoint\",\"urlTemplate\":\"https:\\\/\\\/fjallshop.hr\\\/sl\\\/?s={search_term_string}\"},\"query-input\":{\"@type\":\"PropertyValueSpecification\",\"valueRequired\":true,\"valueName\":\"search_term_string\"}}],\"inLanguage\":\"sl-SI\"},{\"@type\":\"Organization\",\"@id\":\"https:\\\/\\\/fjallshop.hr\\\/sl\\\/#organization\",\"name\":\"Fj\u00e4llr\u00e4ven\",\"url\":\"https:\\\/\\\/fjallshop.hr\\\/sl\\\/\",\"logo\":{\"@type\":\"ImageObject\",\"inLanguage\":\"sl-SI\",\"@id\":\"https:\\\/\\\/fjallshop.hr\\\/sl\\\/#\\\/schema\\\/logo\\\/image\\\/\",\"url\":\"https:\\\/\\\/fjallshop.hr\\\/wp-content\\\/uploads\\\/2026\\\/01\\\/fjr-logo.svg\",\"contentUrl\":\"https:\\\/\\\/fjallshop.hr\\\/wp-content\\\/uploads\\\/2026\\\/01\\\/fjr-logo.svg\",\"width\":1077,\"height\":393,\"caption\":\"Fj\u00e4llr\u00e4ven\"},\"image\":{\"@id\":\"https:\\\/\\\/fjallshop.hr\\\/sl\\\/#\\\/schema\\\/logo\\\/image\\\/\"}}]}<\/script>\n<!-- \/ Yoast SEO plugin. -->","yoast_head_json":{"title":"Bergtagen G-1000 Jacket M - Fj\u00e4llr\u00e4ven","robots":{"index":"index","follow":"follow","max-snippet":"max-snippet:-1","max-image-preview":"max-image-preview:large","max-video-preview":"max-video-preview:-1"},"canonical":"https:\/\/fjallshop.hr\/proizvod\/bergtagen-g-1000-jacket-m\/","og_locale":"sl_SI","og_type":"article","og_title":"Bergtagen G-1000 Jacket M - Fj\u00e4llr\u00e4ven","og_description":"Bezvremenska Fj\u00e4llr\u00e4ven shell jakna izra\u0111ena od na\u0161e prilagodljive G-1000 tkanine. Dizajnirana za kori\u0161tenje u odmarali\u0161tima i za skija\u0161ke turneje ili splitboarding. Proizvedena bez PFAS-a.","og_url":"https:\/\/fjallshop.hr\/proizvod\/bergtagen-g-1000-jacket-m\/","og_site_name":"Fj\u00e4llr\u00e4ven","article_modified_time":"2026-03-28T16:02:10+00:00","og_image":[{"width":624,"height":624,"url":"https:\/\/fjallshop.hr\/wp-content\/uploads\/2026\/01\/bergtageng-1000jacketm_wp_570.webp","type":"image\/webp"}],"twitter_card":"summary_large_image","twitter_misc":{"Est. reading time":"1 minuta"},"schema":{"@context":"https:\/\/schema.org","@graph":[{"@type":"WebPage","@id":"https:\/\/fjallshop.hr\/proizvod\/bergtagen-g-1000-jacket-m\/","url":"https:\/\/fjallshop.hr\/proizvod\/bergtagen-g-1000-jacket-m\/","name":"Bergtagen G-1000 Jacket M - Fj\u00e4llr\u00e4ven","isPartOf":{"@id":"https:\/\/fjallshop.hr\/sl\/#website"},"primaryImageOfPage":{"@id":"https:\/\/fjallshop.hr\/proizvod\/bergtagen-g-1000-jacket-m\/#primaryimage"},"image":{"@id":"https:\/\/fjallshop.hr\/proizvod\/bergtagen-g-1000-jacket-m\/#primaryimage"},"thumbnailUrl":"https:\/\/fjallshop.hr\/wp-content\/uploads\/2026\/01\/bergtageng-1000jacketm_wp_570.webp","datePublished":"2026-01-30T19:23:10+00:00","dateModified":"2026-03-28T16:02:10+00:00","breadcrumb":{"@id":"https:\/\/fjallshop.hr\/proizvod\/bergtagen-g-1000-jacket-m\/#breadcrumb"},"inLanguage":"sl-SI","potentialAction":[{"@type":"ReadAction","target":["https:\/\/fjallshop.hr\/proizvod\/bergtagen-g-1000-jacket-m\/"]}]},{"@type":"ImageObject","inLanguage":"sl-SI","@id":"https:\/\/fjallshop.hr\/proizvod\/bergtagen-g-1000-jacket-m\/#primaryimage","url":"https:\/\/fjallshop.hr\/wp-content\/uploads\/2026\/01\/bergtageng-1000jacketm_wp_570.webp","contentUrl":"https:\/\/fjallshop.hr\/wp-content\/uploads\/2026\/01\/bergtageng-1000jacketm_wp_570.webp","width":624,"height":624},{"@type":"BreadcrumbList","@id":"https:\/\/fjallshop.hr\/proizvod\/bergtagen-g-1000-jacket-m\/#breadcrumb","itemListElement":[{"@type":"ListItem","position":1,"name":"Home","item":"https:\/\/fjallshop.hr\/sl\/"},{"@type":"ListItem","position":2,"name":"Trgovina","item":"https:\/\/fjallshop.hr\/sl\/shop\/"},{"@type":"ListItem","position":3,"name":"Bergtagen G-1000 Jacket M"}]},{"@type":"WebSite","@id":"https:\/\/fjallshop.hr\/sl\/#website","url":"https:\/\/fjallshop.hr\/sl\/","name":"Fj\u00e4llr\u00e4ven","description":"Web trgovina","publisher":{"@id":"https:\/\/fjallshop.hr\/sl\/#organization"},"potentialAction":[{"@type":"SearchAction","target":{"@type":"EntryPoint","urlTemplate":"https:\/\/fjallshop.hr\/sl\/?s={search_term_string}"},"query-input":{"@type":"PropertyValueSpecification","valueRequired":true,"valueName":"search_term_string"}}],"inLanguage":"sl-SI"},{"@type":"Organization","@id":"https:\/\/fjallshop.hr\/sl\/#organization","name":"Fj\u00e4llr\u00e4ven","url":"https:\/\/fjallshop.hr\/sl\/","logo":{"@type":"ImageObject","inLanguage":"sl-SI","@id":"https:\/\/fjallshop.hr\/sl\/#\/schema\/logo\/image\/","url":"https:\/\/fjallshop.hr\/wp-content\/uploads\/2026\/01\/fjr-logo.svg","contentUrl":"https:\/\/fjallshop.hr\/wp-content\/uploads\/2026\/01\/fjr-logo.svg","width":1077,"height":393,"caption":"Fj\u00e4llr\u00e4ven"},"image":{"@id":"https:\/\/fjallshop.hr\/sl\/#\/schema\/logo\/image\/"}}]}},"_links":{"self":[{"href":"https:\/\/fjallshop.hr\/sl\/wp-json\/wp\/v2\/product\/1025218","targetHints":{"allow":["GET"]}}],"collection":[{"href":"https:\/\/fjallshop.hr\/sl\/wp-json\/wp\/v2\/product"}],"about":[{"href":"https:\/\/fjallshop.hr\/sl\/wp-json\/wp\/v2\/types\/product"}],"version-history":[{"count":1,"href":"https:\/\/fjallshop.hr\/sl\/wp-json\/wp\/v2\/product\/1025218\/revisions"}],"predecessor-version":[{"id":1025226,"href":"https:\/\/fjallshop.hr\/sl\/wp-json\/wp\/v2\/product\/1025218\/revisions\/1025226"}],"wp:featuredmedia":[{"embeddable":true,"href":"https:\/\/fjallshop.hr\/sl\/wp-json\/wp\/v2\/media\/1025221"}],"wp:attachment":[{"href":"https:\/\/fjallshop.hr\/sl\/wp-json\/wp\/v2\/media?parent=1025218"}],"wp:term":[{"taxonomy":"product_brand","embeddable":true,"href":"https:\/\/fjallshop.hr\/sl\/wp-json\/wp\/v2\/product_brand?post=1025218"},{"taxonomy":"product_cat","embeddable":true,"href":"https:\/\/fjallshop.hr\/sl\/wp-json\/wp\/v2\/product_cat?post=1025218"},{"taxonomy":"product_tag","embeddable":true,"href":"https:\/\/fjallshop.hr\/sl\/wp-json\/wp\/v2\/product_tag?post=1025218"}],"curies":[{"name":"wp","href":"https:\/\/api.w.org\/{rel}","templated":true}]}}