{"id":1021056,"date":"2025-11-21T09:30:24","date_gmt":"2025-11-21T09:30:24","guid":{"rendered":"https:\/\/fjallshop.hr\/?post_type=product&#038;p=1021056"},"modified":"2026-04-18T07:53:15","modified_gmt":"2026-04-18T07:53:15","slug":"stina-jacket-w","status":"publish","type":"product","link":"https:\/\/fjallshop.hr\/sl\/izdelek\/stina-jacket-w\/","title":{"rendered":"Stina Jacket W"},"content":{"rendered":"<p>Udobna jakna od izdr\u017eljivog G-1000 Lite materijala s G-1000 preko ramena, prakti\u010dan odjevni predmet za svaki dan koji se tako\u0111er dobro uklapa u prirodu. Unaprijed oblikovani rukavi i fiksna kapulja\u010da koja \u010dvrsto prianja uz lice. Dva okomita d\u017eepa s patentnim zatvara\u010dem, prakti\u010dno smje\u0161tena odmah ispod prsa za najmanji mogu\u0107i volumen. Patentni zatvara\u010d sprijeda s unutarnjim preklopom. Pode\u0161avanje na rubu i man\u017eete rukava na gumbe. Mo\u017ee se voskati za dodatnu za\u0161titu od vjetra i ki\u0161e.<\/p>\n","protected":false},"excerpt":{"rendered":"<p>Udobna, prakti\u010dna svakodnevna jakna od izdr\u017eljivog G-1000 i G-1000 Lite materijala. Fiksna kapulja\u010da, dva bo\u010dna d\u017eepa. Proizvedeno bez PFAS-a.<\/p>\n","protected":false},"featured_media":1019510,"template":"","meta":[],"product_brand":[460],"product_cat":[733],"product_tag":[479,480,473,489,550,556,558],"class_list":{"0":"post-1021056","1":"product","2":"type-product","3":"status-publish","4":"has-post-thumbnail","6":"product_brand-ovik","7":"product_cat-jakne","8":"product_tag-everyday-outdoor","9":"product_tag-ovik","10":"product_tag-shell-jakne","11":"product_tag-zene","12":"product_tag-zene-jakne","13":"product_tag-zenske-jakne-outdoor","14":"product_tag-zenske-jakne-shell","16":"first","17":"instock","18":"shipping-taxable","19":"purchasable","20":"product-type-variable"},"yoast_head":"<!-- This site is optimized with the Yoast SEO plugin v27.4 - https:\/\/yoast.com\/product\/yoast-seo-wordpress\/ -->\n<title>Stina Jacket W - Fj\u00e4llr\u00e4ven<\/title>\n<meta name=\"robots\" content=\"index, follow, max-snippet:-1, max-image-preview:large, max-video-preview:-1\" \/>\n<link rel=\"canonical\" href=\"https:\/\/fjallshop.hr\/proizvod\/stina-jacket-w\/\" \/>\n<meta property=\"og:locale\" content=\"sl_SI\" \/>\n<meta property=\"og:type\" content=\"article\" \/>\n<meta property=\"og:title\" content=\"Stina Jacket W - Fj\u00e4llr\u00e4ven\" \/>\n<meta property=\"og:description\" content=\"Udobna, prakti\u010dna svakodnevna jakna od izdr\u017eljivog G-1000 i G-1000 Lite materijala. Fiksna kapulja\u010da, dva bo\u010dna d\u017eepa. Proizvedeno bez PFAS-a.\" \/>\n<meta property=\"og:url\" content=\"https:\/\/fjallshop.hr\/proizvod\/stina-jacket-w\/\" \/>\n<meta property=\"og:site_name\" content=\"Fj\u00e4llr\u00e4ven\" \/>\n<meta property=\"article:modified_time\" content=\"2026-04-18T07:53:15+00:00\" \/>\n<meta property=\"og:image\" content=\"https:\/\/fjallshop.hr\/wp-content\/uploads\/2025\/11\/Stina_Jacket_W_89234-550_A_MAIN_FJR.png\" \/>\n\t<meta property=\"og:image:width\" content=\"1500\" \/>\n\t<meta property=\"og:image:height\" content=\"1500\" \/>\n\t<meta property=\"og:image:type\" content=\"image\/png\" \/>\n<meta name=\"twitter:card\" content=\"summary_large_image\" \/>\n<meta name=\"twitter:label1\" content=\"Est. reading time\" \/>\n\t<meta name=\"twitter:data1\" content=\"1 minuta\" \/>\n<script type=\"application\/ld+json\" class=\"yoast-schema-graph\">{\"@context\":\"https:\\\/\\\/schema.org\",\"@graph\":[{\"@type\":\"WebPage\",\"@id\":\"https:\\\/\\\/fjallshop.hr\\\/proizvod\\\/stina-jacket-w\\\/\",\"url\":\"https:\\\/\\\/fjallshop.hr\\\/proizvod\\\/stina-jacket-w\\\/\",\"name\":\"Stina Jacket W - Fj\u00e4llr\u00e4ven\",\"isPartOf\":{\"@id\":\"https:\\\/\\\/fjallshop.hr\\\/sl\\\/#website\"},\"primaryImageOfPage\":{\"@id\":\"https:\\\/\\\/fjallshop.hr\\\/proizvod\\\/stina-jacket-w\\\/#primaryimage\"},\"image\":{\"@id\":\"https:\\\/\\\/fjallshop.hr\\\/proizvod\\\/stina-jacket-w\\\/#primaryimage\"},\"thumbnailUrl\":\"https:\\\/\\\/fjallshop.hr\\\/wp-content\\\/uploads\\\/2025\\\/11\\\/Stina_Jacket_W_89234-550_A_MAIN_FJR.png\",\"datePublished\":\"2025-11-21T09:30:24+00:00\",\"dateModified\":\"2026-04-18T07:53:15+00:00\",\"breadcrumb\":{\"@id\":\"https:\\\/\\\/fjallshop.hr\\\/proizvod\\\/stina-jacket-w\\\/#breadcrumb\"},\"inLanguage\":\"sl-SI\",\"potentialAction\":[{\"@type\":\"ReadAction\",\"target\":[\"https:\\\/\\\/fjallshop.hr\\\/proizvod\\\/stina-jacket-w\\\/\"]}]},{\"@type\":\"ImageObject\",\"inLanguage\":\"sl-SI\",\"@id\":\"https:\\\/\\\/fjallshop.hr\\\/proizvod\\\/stina-jacket-w\\\/#primaryimage\",\"url\":\"https:\\\/\\\/fjallshop.hr\\\/wp-content\\\/uploads\\\/2025\\\/11\\\/Stina_Jacket_W_89234-550_A_MAIN_FJR.png\",\"contentUrl\":\"https:\\\/\\\/fjallshop.hr\\\/wp-content\\\/uploads\\\/2025\\\/11\\\/Stina_Jacket_W_89234-550_A_MAIN_FJR.png\",\"width\":1500,\"height\":1500},{\"@type\":\"BreadcrumbList\",\"@id\":\"https:\\\/\\\/fjallshop.hr\\\/proizvod\\\/stina-jacket-w\\\/#breadcrumb\",\"itemListElement\":[{\"@type\":\"ListItem\",\"position\":1,\"name\":\"Home\",\"item\":\"https:\\\/\\\/fjallshop.hr\\\/sl\\\/\"},{\"@type\":\"ListItem\",\"position\":2,\"name\":\"Trgovina\",\"item\":\"https:\\\/\\\/fjallshop.hr\\\/sl\\\/shop\\\/\"},{\"@type\":\"ListItem\",\"position\":3,\"name\":\"Stina Jacket W\"}]},{\"@type\":\"WebSite\",\"@id\":\"https:\\\/\\\/fjallshop.hr\\\/sl\\\/#website\",\"url\":\"https:\\\/\\\/fjallshop.hr\\\/sl\\\/\",\"name\":\"Fj\u00e4llr\u00e4ven\",\"description\":\"Web trgovina\",\"publisher\":{\"@id\":\"https:\\\/\\\/fjallshop.hr\\\/sl\\\/#organization\"},\"potentialAction\":[{\"@type\":\"SearchAction\",\"target\":{\"@type\":\"EntryPoint\",\"urlTemplate\":\"https:\\\/\\\/fjallshop.hr\\\/sl\\\/?s={search_term_string}\"},\"query-input\":{\"@type\":\"PropertyValueSpecification\",\"valueRequired\":true,\"valueName\":\"search_term_string\"}}],\"inLanguage\":\"sl-SI\"},{\"@type\":\"Organization\",\"@id\":\"https:\\\/\\\/fjallshop.hr\\\/sl\\\/#organization\",\"name\":\"Fj\u00e4llr\u00e4ven\",\"url\":\"https:\\\/\\\/fjallshop.hr\\\/sl\\\/\",\"logo\":{\"@type\":\"ImageObject\",\"inLanguage\":\"sl-SI\",\"@id\":\"https:\\\/\\\/fjallshop.hr\\\/sl\\\/#\\\/schema\\\/logo\\\/image\\\/\",\"url\":\"https:\\\/\\\/fjallshop.hr\\\/wp-content\\\/uploads\\\/2026\\\/01\\\/fjr-logo.svg\",\"contentUrl\":\"https:\\\/\\\/fjallshop.hr\\\/wp-content\\\/uploads\\\/2026\\\/01\\\/fjr-logo.svg\",\"width\":1077,\"height\":393,\"caption\":\"Fj\u00e4llr\u00e4ven\"},\"image\":{\"@id\":\"https:\\\/\\\/fjallshop.hr\\\/sl\\\/#\\\/schema\\\/logo\\\/image\\\/\"}}]}<\/script>\n<!-- \/ Yoast SEO plugin. -->","yoast_head_json":{"title":"Stina Jacket W - Fj\u00e4llr\u00e4ven","robots":{"index":"index","follow":"follow","max-snippet":"max-snippet:-1","max-image-preview":"max-image-preview:large","max-video-preview":"max-video-preview:-1"},"canonical":"https:\/\/fjallshop.hr\/proizvod\/stina-jacket-w\/","og_locale":"sl_SI","og_type":"article","og_title":"Stina Jacket W - Fj\u00e4llr\u00e4ven","og_description":"Udobna, prakti\u010dna svakodnevna jakna od izdr\u017eljivog G-1000 i G-1000 Lite materijala. Fiksna kapulja\u010da, dva bo\u010dna d\u017eepa. Proizvedeno bez PFAS-a.","og_url":"https:\/\/fjallshop.hr\/proizvod\/stina-jacket-w\/","og_site_name":"Fj\u00e4llr\u00e4ven","article_modified_time":"2026-04-18T07:53:15+00:00","og_image":[{"width":1500,"height":1500,"url":"https:\/\/fjallshop.hr\/wp-content\/uploads\/2025\/11\/Stina_Jacket_W_89234-550_A_MAIN_FJR.png","type":"image\/png"}],"twitter_card":"summary_large_image","twitter_misc":{"Est. reading time":"1 minuta"},"schema":{"@context":"https:\/\/schema.org","@graph":[{"@type":"WebPage","@id":"https:\/\/fjallshop.hr\/proizvod\/stina-jacket-w\/","url":"https:\/\/fjallshop.hr\/proizvod\/stina-jacket-w\/","name":"Stina Jacket W - Fj\u00e4llr\u00e4ven","isPartOf":{"@id":"https:\/\/fjallshop.hr\/sl\/#website"},"primaryImageOfPage":{"@id":"https:\/\/fjallshop.hr\/proizvod\/stina-jacket-w\/#primaryimage"},"image":{"@id":"https:\/\/fjallshop.hr\/proizvod\/stina-jacket-w\/#primaryimage"},"thumbnailUrl":"https:\/\/fjallshop.hr\/wp-content\/uploads\/2025\/11\/Stina_Jacket_W_89234-550_A_MAIN_FJR.png","datePublished":"2025-11-21T09:30:24+00:00","dateModified":"2026-04-18T07:53:15+00:00","breadcrumb":{"@id":"https:\/\/fjallshop.hr\/proizvod\/stina-jacket-w\/#breadcrumb"},"inLanguage":"sl-SI","potentialAction":[{"@type":"ReadAction","target":["https:\/\/fjallshop.hr\/proizvod\/stina-jacket-w\/"]}]},{"@type":"ImageObject","inLanguage":"sl-SI","@id":"https:\/\/fjallshop.hr\/proizvod\/stina-jacket-w\/#primaryimage","url":"https:\/\/fjallshop.hr\/wp-content\/uploads\/2025\/11\/Stina_Jacket_W_89234-550_A_MAIN_FJR.png","contentUrl":"https:\/\/fjallshop.hr\/wp-content\/uploads\/2025\/11\/Stina_Jacket_W_89234-550_A_MAIN_FJR.png","width":1500,"height":1500},{"@type":"BreadcrumbList","@id":"https:\/\/fjallshop.hr\/proizvod\/stina-jacket-w\/#breadcrumb","itemListElement":[{"@type":"ListItem","position":1,"name":"Home","item":"https:\/\/fjallshop.hr\/sl\/"},{"@type":"ListItem","position":2,"name":"Trgovina","item":"https:\/\/fjallshop.hr\/sl\/shop\/"},{"@type":"ListItem","position":3,"name":"Stina Jacket W"}]},{"@type":"WebSite","@id":"https:\/\/fjallshop.hr\/sl\/#website","url":"https:\/\/fjallshop.hr\/sl\/","name":"Fj\u00e4llr\u00e4ven","description":"Web trgovina","publisher":{"@id":"https:\/\/fjallshop.hr\/sl\/#organization"},"potentialAction":[{"@type":"SearchAction","target":{"@type":"EntryPoint","urlTemplate":"https:\/\/fjallshop.hr\/sl\/?s={search_term_string}"},"query-input":{"@type":"PropertyValueSpecification","valueRequired":true,"valueName":"search_term_string"}}],"inLanguage":"sl-SI"},{"@type":"Organization","@id":"https:\/\/fjallshop.hr\/sl\/#organization","name":"Fj\u00e4llr\u00e4ven","url":"https:\/\/fjallshop.hr\/sl\/","logo":{"@type":"ImageObject","inLanguage":"sl-SI","@id":"https:\/\/fjallshop.hr\/sl\/#\/schema\/logo\/image\/","url":"https:\/\/fjallshop.hr\/wp-content\/uploads\/2026\/01\/fjr-logo.svg","contentUrl":"https:\/\/fjallshop.hr\/wp-content\/uploads\/2026\/01\/fjr-logo.svg","width":1077,"height":393,"caption":"Fj\u00e4llr\u00e4ven"},"image":{"@id":"https:\/\/fjallshop.hr\/sl\/#\/schema\/logo\/image\/"}}]}},"_links":{"self":[{"href":"https:\/\/fjallshop.hr\/sl\/wp-json\/wp\/v2\/product\/1021056","targetHints":{"allow":["GET"]}}],"collection":[{"href":"https:\/\/fjallshop.hr\/sl\/wp-json\/wp\/v2\/product"}],"about":[{"href":"https:\/\/fjallshop.hr\/sl\/wp-json\/wp\/v2\/types\/product"}],"version-history":[{"count":1,"href":"https:\/\/fjallshop.hr\/sl\/wp-json\/wp\/v2\/product\/1021056\/revisions"}],"predecessor-version":[{"id":1021064,"href":"https:\/\/fjallshop.hr\/sl\/wp-json\/wp\/v2\/product\/1021056\/revisions\/1021064"}],"wp:featuredmedia":[{"embeddable":true,"href":"https:\/\/fjallshop.hr\/sl\/wp-json\/wp\/v2\/media\/1019510"}],"wp:attachment":[{"href":"https:\/\/fjallshop.hr\/sl\/wp-json\/wp\/v2\/media?parent=1021056"}],"wp:term":[{"taxonomy":"product_brand","embeddable":true,"href":"https:\/\/fjallshop.hr\/sl\/wp-json\/wp\/v2\/product_brand?post=1021056"},{"taxonomy":"product_cat","embeddable":true,"href":"https:\/\/fjallshop.hr\/sl\/wp-json\/wp\/v2\/product_cat?post=1021056"},{"taxonomy":"product_tag","embeddable":true,"href":"https:\/\/fjallshop.hr\/sl\/wp-json\/wp\/v2\/product_tag?post=1021056"}],"curies":[{"name":"wp","href":"https:\/\/api.w.org\/{rel}","templated":true}]}}