{"id":1020237,"date":"2025-11-21T09:27:15","date_gmt":"2025-11-21T09:27:15","guid":{"rendered":"https:\/\/fjallshop.hr\/?post_type=product&#038;p=1020237"},"modified":"2026-04-17T11:25:32","modified_gmt":"2026-04-17T11:25:32","slug":"gear-bag-large","status":"publish","type":"product","link":"https:\/\/fjallshop.hr\/sl\/izdelek\/gear-bag-large\/","title":{"rendered":"Gear Bag Large"},"content":{"rendered":"<p>Vi\u0161eslojna, izdr\u017eljiva torba za opremu od izdr\u017eljivog, dvostruko voskanog G-1000 HeavyDuty materijala koji \u0161titi sadr\u017eaj od mo\u010denja ili prljav\u0161tine. Savr\u0161ena kao velika torba za toalet ili za pakiranje odje\u0107e, opreme za popravak, elektronike, prve pomo\u0107i i sli\u010dno. Dostupna u nekoliko razli\u010ditih boja kako biste lako mogli pratiti svoju opremu. \u010cvrsti YKK patentni zatvara\u010d s dijelom od ko\u017ee. Ru\u010dke\/u\u0161ice za vje\u0161anje sa strane. Jedan glavni pretinac s d\u017eepom na patentni zatvara\u010d i dva otvorena pretinca. Volumen: 4 litre. Dimenzije: 19 x 27 x 10 cm. Impregnacija se mo\u017ee pobolj\u0161ati Greenland Waxom, \u0161to tako\u0111er pove\u0107ava izdr\u017eljivost.<\/p>\n","protected":false},"excerpt":{"rendered":"<p>Vi\u0161eslojna torba za opremu od G-1000 HeavyDuty materijala. Odr\u017eava opremu uredno, poput opreme za popravak, elektronike ili odje\u0107e, s dva pretinca i d\u017eepom. Proizvedeno bez PFAS-a.<\/p>\n","protected":false},"featured_media":1022940,"template":"","meta":[],"product_brand":[460],"product_cat":[15],"product_tag":[584,479,492,480,579,485],"class_list":{"0":"post-1020237","1":"product","2":"type-product","3":"status-publish","4":"has-post-thumbnail","6":"product_brand-ovik","7":"product_cat-uncategorized","8":"product_tag-dodaci-oprema","9":"product_tag-everyday-outdoor","10":"product_tag-novcanik-i-male-torbice","11":"product_tag-ovik","12":"product_tag-torbice","13":"product_tag-unisex","15":"first","16":"instock","17":"shipping-taxable","18":"purchasable","19":"product-type-variable"},"yoast_head":"<!-- This site is optimized with the Yoast SEO plugin v27.4 - https:\/\/yoast.com\/product\/yoast-seo-wordpress\/ -->\n<title>Gear Bag Large - Fj\u00e4llr\u00e4ven<\/title>\n<meta name=\"robots\" content=\"index, follow, max-snippet:-1, max-image-preview:large, max-video-preview:-1\" \/>\n<link rel=\"canonical\" href=\"https:\/\/fjallshop.hr\/proizvod\/gear-bag-large\/\" \/>\n<meta property=\"og:locale\" content=\"sl_SI\" \/>\n<meta property=\"og:type\" content=\"article\" \/>\n<meta property=\"og:title\" content=\"Gear Bag Large - Fj\u00e4llr\u00e4ven\" \/>\n<meta property=\"og:description\" content=\"Vi\u0161eslojna torba za opremu od G-1000 HeavyDuty materijala. Odr\u017eava opremu uredno, poput opreme za popravak, elektronike ili odje\u0107e, s dva pretinca i d\u017eepom. Proizvedeno bez PFAS-a.\" \/>\n<meta property=\"og:url\" content=\"https:\/\/fjallshop.hr\/proizvod\/gear-bag-large\/\" \/>\n<meta property=\"og:site_name\" content=\"Fj\u00e4llr\u00e4ven\" \/>\n<meta property=\"article:modified_time\" content=\"2026-04-17T11:25:32+00:00\" \/>\n<meta property=\"og:image\" content=\"https:\/\/fjallshop.hr\/wp-content\/uploads\/2025\/11\/Gear_Bag_Large_24214-030_A_MAIN_FJR-3.png\" \/>\n\t<meta property=\"og:image:width\" content=\"1500\" \/>\n\t<meta property=\"og:image:height\" content=\"1500\" \/>\n\t<meta property=\"og:image:type\" content=\"image\/png\" \/>\n<meta name=\"twitter:card\" content=\"summary_large_image\" \/>\n<meta name=\"twitter:label1\" content=\"Est. reading time\" \/>\n\t<meta name=\"twitter:data1\" content=\"1 minuta\" \/>\n<script type=\"application\/ld+json\" class=\"yoast-schema-graph\">{\"@context\":\"https:\\\/\\\/schema.org\",\"@graph\":[{\"@type\":\"WebPage\",\"@id\":\"https:\\\/\\\/fjallshop.hr\\\/proizvod\\\/gear-bag-large\\\/\",\"url\":\"https:\\\/\\\/fjallshop.hr\\\/proizvod\\\/gear-bag-large\\\/\",\"name\":\"Gear Bag Large - Fj\u00e4llr\u00e4ven\",\"isPartOf\":{\"@id\":\"https:\\\/\\\/fjallshop.hr\\\/sl\\\/#website\"},\"primaryImageOfPage\":{\"@id\":\"https:\\\/\\\/fjallshop.hr\\\/proizvod\\\/gear-bag-large\\\/#primaryimage\"},\"image\":{\"@id\":\"https:\\\/\\\/fjallshop.hr\\\/proizvod\\\/gear-bag-large\\\/#primaryimage\"},\"thumbnailUrl\":\"https:\\\/\\\/fjallshop.hr\\\/wp-content\\\/uploads\\\/2025\\\/11\\\/Gear_Bag_Large_24214-030_A_MAIN_FJR-3.png\",\"datePublished\":\"2025-11-21T09:27:15+00:00\",\"dateModified\":\"2026-04-17T11:25:32+00:00\",\"breadcrumb\":{\"@id\":\"https:\\\/\\\/fjallshop.hr\\\/proizvod\\\/gear-bag-large\\\/#breadcrumb\"},\"inLanguage\":\"sl-SI\",\"potentialAction\":[{\"@type\":\"ReadAction\",\"target\":[\"https:\\\/\\\/fjallshop.hr\\\/proizvod\\\/gear-bag-large\\\/\"]}]},{\"@type\":\"ImageObject\",\"inLanguage\":\"sl-SI\",\"@id\":\"https:\\\/\\\/fjallshop.hr\\\/proizvod\\\/gear-bag-large\\\/#primaryimage\",\"url\":\"https:\\\/\\\/fjallshop.hr\\\/wp-content\\\/uploads\\\/2025\\\/11\\\/Gear_Bag_Large_24214-030_A_MAIN_FJR-3.png\",\"contentUrl\":\"https:\\\/\\\/fjallshop.hr\\\/wp-content\\\/uploads\\\/2025\\\/11\\\/Gear_Bag_Large_24214-030_A_MAIN_FJR-3.png\",\"width\":1500,\"height\":1500},{\"@type\":\"BreadcrumbList\",\"@id\":\"https:\\\/\\\/fjallshop.hr\\\/proizvod\\\/gear-bag-large\\\/#breadcrumb\",\"itemListElement\":[{\"@type\":\"ListItem\",\"position\":1,\"name\":\"Home\",\"item\":\"https:\\\/\\\/fjallshop.hr\\\/sl\\\/\"},{\"@type\":\"ListItem\",\"position\":2,\"name\":\"Trgovina\",\"item\":\"https:\\\/\\\/fjallshop.hr\\\/sl\\\/shop\\\/\"},{\"@type\":\"ListItem\",\"position\":3,\"name\":\"Gear Bag Large\"}]},{\"@type\":\"WebSite\",\"@id\":\"https:\\\/\\\/fjallshop.hr\\\/sl\\\/#website\",\"url\":\"https:\\\/\\\/fjallshop.hr\\\/sl\\\/\",\"name\":\"Fj\u00e4llr\u00e4ven\",\"description\":\"Web trgovina\",\"publisher\":{\"@id\":\"https:\\\/\\\/fjallshop.hr\\\/sl\\\/#organization\"},\"potentialAction\":[{\"@type\":\"SearchAction\",\"target\":{\"@type\":\"EntryPoint\",\"urlTemplate\":\"https:\\\/\\\/fjallshop.hr\\\/sl\\\/?s={search_term_string}\"},\"query-input\":{\"@type\":\"PropertyValueSpecification\",\"valueRequired\":true,\"valueName\":\"search_term_string\"}}],\"inLanguage\":\"sl-SI\"},{\"@type\":\"Organization\",\"@id\":\"https:\\\/\\\/fjallshop.hr\\\/sl\\\/#organization\",\"name\":\"Fj\u00e4llr\u00e4ven\",\"url\":\"https:\\\/\\\/fjallshop.hr\\\/sl\\\/\",\"logo\":{\"@type\":\"ImageObject\",\"inLanguage\":\"sl-SI\",\"@id\":\"https:\\\/\\\/fjallshop.hr\\\/sl\\\/#\\\/schema\\\/logo\\\/image\\\/\",\"url\":\"https:\\\/\\\/fjallshop.hr\\\/wp-content\\\/uploads\\\/2026\\\/01\\\/fjr-logo.svg\",\"contentUrl\":\"https:\\\/\\\/fjallshop.hr\\\/wp-content\\\/uploads\\\/2026\\\/01\\\/fjr-logo.svg\",\"width\":1077,\"height\":393,\"caption\":\"Fj\u00e4llr\u00e4ven\"},\"image\":{\"@id\":\"https:\\\/\\\/fjallshop.hr\\\/sl\\\/#\\\/schema\\\/logo\\\/image\\\/\"}}]}<\/script>\n<!-- \/ Yoast SEO plugin. -->","yoast_head_json":{"title":"Gear Bag Large - Fj\u00e4llr\u00e4ven","robots":{"index":"index","follow":"follow","max-snippet":"max-snippet:-1","max-image-preview":"max-image-preview:large","max-video-preview":"max-video-preview:-1"},"canonical":"https:\/\/fjallshop.hr\/proizvod\/gear-bag-large\/","og_locale":"sl_SI","og_type":"article","og_title":"Gear Bag Large - Fj\u00e4llr\u00e4ven","og_description":"Vi\u0161eslojna torba za opremu od G-1000 HeavyDuty materijala. Odr\u017eava opremu uredno, poput opreme za popravak, elektronike ili odje\u0107e, s dva pretinca i d\u017eepom. Proizvedeno bez PFAS-a.","og_url":"https:\/\/fjallshop.hr\/proizvod\/gear-bag-large\/","og_site_name":"Fj\u00e4llr\u00e4ven","article_modified_time":"2026-04-17T11:25:32+00:00","og_image":[{"width":1500,"height":1500,"url":"https:\/\/fjallshop.hr\/wp-content\/uploads\/2025\/11\/Gear_Bag_Large_24214-030_A_MAIN_FJR-3.png","type":"image\/png"}],"twitter_card":"summary_large_image","twitter_misc":{"Est. reading time":"1 minuta"},"schema":{"@context":"https:\/\/schema.org","@graph":[{"@type":"WebPage","@id":"https:\/\/fjallshop.hr\/proizvod\/gear-bag-large\/","url":"https:\/\/fjallshop.hr\/proizvod\/gear-bag-large\/","name":"Gear Bag Large - Fj\u00e4llr\u00e4ven","isPartOf":{"@id":"https:\/\/fjallshop.hr\/sl\/#website"},"primaryImageOfPage":{"@id":"https:\/\/fjallshop.hr\/proizvod\/gear-bag-large\/#primaryimage"},"image":{"@id":"https:\/\/fjallshop.hr\/proizvod\/gear-bag-large\/#primaryimage"},"thumbnailUrl":"https:\/\/fjallshop.hr\/wp-content\/uploads\/2025\/11\/Gear_Bag_Large_24214-030_A_MAIN_FJR-3.png","datePublished":"2025-11-21T09:27:15+00:00","dateModified":"2026-04-17T11:25:32+00:00","breadcrumb":{"@id":"https:\/\/fjallshop.hr\/proizvod\/gear-bag-large\/#breadcrumb"},"inLanguage":"sl-SI","potentialAction":[{"@type":"ReadAction","target":["https:\/\/fjallshop.hr\/proizvod\/gear-bag-large\/"]}]},{"@type":"ImageObject","inLanguage":"sl-SI","@id":"https:\/\/fjallshop.hr\/proizvod\/gear-bag-large\/#primaryimage","url":"https:\/\/fjallshop.hr\/wp-content\/uploads\/2025\/11\/Gear_Bag_Large_24214-030_A_MAIN_FJR-3.png","contentUrl":"https:\/\/fjallshop.hr\/wp-content\/uploads\/2025\/11\/Gear_Bag_Large_24214-030_A_MAIN_FJR-3.png","width":1500,"height":1500},{"@type":"BreadcrumbList","@id":"https:\/\/fjallshop.hr\/proizvod\/gear-bag-large\/#breadcrumb","itemListElement":[{"@type":"ListItem","position":1,"name":"Home","item":"https:\/\/fjallshop.hr\/sl\/"},{"@type":"ListItem","position":2,"name":"Trgovina","item":"https:\/\/fjallshop.hr\/sl\/shop\/"},{"@type":"ListItem","position":3,"name":"Gear Bag Large"}]},{"@type":"WebSite","@id":"https:\/\/fjallshop.hr\/sl\/#website","url":"https:\/\/fjallshop.hr\/sl\/","name":"Fj\u00e4llr\u00e4ven","description":"Web trgovina","publisher":{"@id":"https:\/\/fjallshop.hr\/sl\/#organization"},"potentialAction":[{"@type":"SearchAction","target":{"@type":"EntryPoint","urlTemplate":"https:\/\/fjallshop.hr\/sl\/?s={search_term_string}"},"query-input":{"@type":"PropertyValueSpecification","valueRequired":true,"valueName":"search_term_string"}}],"inLanguage":"sl-SI"},{"@type":"Organization","@id":"https:\/\/fjallshop.hr\/sl\/#organization","name":"Fj\u00e4llr\u00e4ven","url":"https:\/\/fjallshop.hr\/sl\/","logo":{"@type":"ImageObject","inLanguage":"sl-SI","@id":"https:\/\/fjallshop.hr\/sl\/#\/schema\/logo\/image\/","url":"https:\/\/fjallshop.hr\/wp-content\/uploads\/2026\/01\/fjr-logo.svg","contentUrl":"https:\/\/fjallshop.hr\/wp-content\/uploads\/2026\/01\/fjr-logo.svg","width":1077,"height":393,"caption":"Fj\u00e4llr\u00e4ven"},"image":{"@id":"https:\/\/fjallshop.hr\/sl\/#\/schema\/logo\/image\/"}}]}},"_links":{"self":[{"href":"https:\/\/fjallshop.hr\/sl\/wp-json\/wp\/v2\/product\/1020237","targetHints":{"allow":["GET"]}}],"collection":[{"href":"https:\/\/fjallshop.hr\/sl\/wp-json\/wp\/v2\/product"}],"about":[{"href":"https:\/\/fjallshop.hr\/sl\/wp-json\/wp\/v2\/types\/product"}],"version-history":[{"count":1,"href":"https:\/\/fjallshop.hr\/sl\/wp-json\/wp\/v2\/product\/1020237\/revisions"}],"predecessor-version":[{"id":1020263,"href":"https:\/\/fjallshop.hr\/sl\/wp-json\/wp\/v2\/product\/1020237\/revisions\/1020263"}],"wp:featuredmedia":[{"embeddable":true,"href":"https:\/\/fjallshop.hr\/sl\/wp-json\/wp\/v2\/media\/1022940"}],"wp:attachment":[{"href":"https:\/\/fjallshop.hr\/sl\/wp-json\/wp\/v2\/media?parent=1020237"}],"wp:term":[{"taxonomy":"product_brand","embeddable":true,"href":"https:\/\/fjallshop.hr\/sl\/wp-json\/wp\/v2\/product_brand?post=1020237"},{"taxonomy":"product_cat","embeddable":true,"href":"https:\/\/fjallshop.hr\/sl\/wp-json\/wp\/v2\/product_cat?post=1020237"},{"taxonomy":"product_tag","embeddable":true,"href":"https:\/\/fjallshop.hr\/sl\/wp-json\/wp\/v2\/product_tag?post=1020237"}],"curies":[{"name":"wp","href":"https:\/\/api.w.org\/{rel}","templated":true}]}}