{"id":1020235,"date":"2025-11-21T09:27:15","date_gmt":"2025-11-21T09:27:15","guid":{"rendered":"https:\/\/fjallshop.hr\/?post_type=product&#038;p=1020235"},"modified":"2026-04-17T11:25:34","modified_gmt":"2026-04-17T11:25:34","slug":"foldsack-no-1","status":"publish","type":"product","link":"https:\/\/fjallshop.hr\/sl\/izdelek\/foldsack-no-1\/","title":{"rendered":"Foldsack No. 1"},"content":{"rendered":"<p>Ruksak bez ukrasa, jednostavnog i funkcionalnog dizajna, s gornjim dijelom koji se mo\u017ee preklopiti i pri\u010dvrstiti sprijeda tekstilnim remenima i metalnim kop\u010dama. Izra\u0111en od ekstra jakog i izdr\u017eljivog G-1000 HeavyDuty materijala. Velikom glavnom odjeljku mo\u017ee se pristupiti kroz preklopljeni gornji dio, a ima unutarnji d\u017eep s podstavom na dnu za prijenosno ra\u010dunalo (15 in\u010da). Gornji dio prekriva vanjski d\u017eep s patentnim zatvara\u010dem kada se preklopi, ali d\u017eepu se mo\u017ee pristupiti bez potrebe za otvaranjem gornjeg dijela. Udoban podstavljeni jastu\u010di\u0107 za le\u0111a od G-1000 Lite materijala i potporne naramenice. Tekstilna ru\u010dka za no\u0161enje na vrhu. Pogodan za svakodnevnu upotrebu i \u0161etnje \u0161umom, a njegova jednostavna funkcionalnost i izdr\u017eljiv materijal zna\u010de da \u0107e biti omiljen dugi niz godina.<\/p>\n","protected":false},"excerpt":{"rendered":"<p>Jednostavan funkcionalni ruksak od G-1000 HeavyDuty materijala; gornji dio se preklapa i pri\u010dvr\u0161\u0107uje tekstilnim remenima i metalnim kop\u010dama. D\u017eep za prijenosno ra\u010dunalo. Proizvedeno bez PFAS-a.<\/p>\n","protected":false},"featured_media":1022923,"template":"","meta":[],"product_brand":[460],"product_cat":[151],"product_tag":[578,479,480,501,596,485],"class_list":{"0":"post-1020235","1":"product","2":"type-product","3":"status-publish","4":"has-post-thumbnail","6":"product_brand-ovik","7":"product_cat-ruksaci-i-torbe","8":"product_tag-dnevni-ruksaci","9":"product_tag-everyday-outdoor","10":"product_tag-ovik","11":"product_tag-svakodnevni-ruksaci","12":"product_tag-torbe-2","13":"product_tag-unisex","15":"first","16":"instock","17":"shipping-taxable","18":"purchasable","19":"product-type-variable"},"yoast_head":"<!-- This site is optimized with the Yoast SEO plugin v27.4 - https:\/\/yoast.com\/product\/yoast-seo-wordpress\/ -->\n<title>Foldsack No. 1 - Fj\u00e4llr\u00e4ven<\/title>\n<meta name=\"robots\" content=\"index, follow, max-snippet:-1, max-image-preview:large, max-video-preview:-1\" \/>\n<link rel=\"canonical\" href=\"https:\/\/fjallshop.hr\/proizvod\/foldsack-no-1\/\" \/>\n<meta property=\"og:locale\" content=\"sl_SI\" \/>\n<meta property=\"og:type\" content=\"article\" \/>\n<meta property=\"og:title\" content=\"Foldsack No. 1 - Fj\u00e4llr\u00e4ven\" \/>\n<meta property=\"og:description\" content=\"Jednostavan funkcionalni ruksak od G-1000 HeavyDuty materijala; gornji dio se preklapa i pri\u010dvr\u0161\u0107uje tekstilnim remenima i metalnim kop\u010dama. D\u017eep za prijenosno ra\u010dunalo. Proizvedeno bez PFAS-a.\" \/>\n<meta property=\"og:url\" content=\"https:\/\/fjallshop.hr\/proizvod\/foldsack-no-1\/\" \/>\n<meta property=\"og:site_name\" content=\"Fj\u00e4llr\u00e4ven\" \/>\n<meta property=\"article:modified_time\" content=\"2026-04-17T11:25:34+00:00\" \/>\n<meta property=\"og:image\" content=\"https:\/\/fjallshop.hr\/wp-content\/uploads\/2025\/11\/Foldsack_No._1_24210-550_A_MAIN_FJR-1.png\" \/>\n\t<meta property=\"og:image:width\" content=\"1500\" \/>\n\t<meta property=\"og:image:height\" content=\"1500\" \/>\n\t<meta property=\"og:image:type\" content=\"image\/png\" \/>\n<meta name=\"twitter:card\" content=\"summary_large_image\" \/>\n<meta name=\"twitter:label1\" content=\"Est. reading time\" \/>\n\t<meta name=\"twitter:data1\" content=\"1 minuta\" \/>\n<script type=\"application\/ld+json\" class=\"yoast-schema-graph\">{\"@context\":\"https:\\\/\\\/schema.org\",\"@graph\":[{\"@type\":\"WebPage\",\"@id\":\"https:\\\/\\\/fjallshop.hr\\\/proizvod\\\/foldsack-no-1\\\/\",\"url\":\"https:\\\/\\\/fjallshop.hr\\\/proizvod\\\/foldsack-no-1\\\/\",\"name\":\"Foldsack No. 1 - Fj\u00e4llr\u00e4ven\",\"isPartOf\":{\"@id\":\"https:\\\/\\\/fjallshop.hr\\\/sl\\\/#website\"},\"primaryImageOfPage\":{\"@id\":\"https:\\\/\\\/fjallshop.hr\\\/proizvod\\\/foldsack-no-1\\\/#primaryimage\"},\"image\":{\"@id\":\"https:\\\/\\\/fjallshop.hr\\\/proizvod\\\/foldsack-no-1\\\/#primaryimage\"},\"thumbnailUrl\":\"https:\\\/\\\/fjallshop.hr\\\/wp-content\\\/uploads\\\/2025\\\/11\\\/Foldsack_No._1_24210-550_A_MAIN_FJR-1.png\",\"datePublished\":\"2025-11-21T09:27:15+00:00\",\"dateModified\":\"2026-04-17T11:25:34+00:00\",\"breadcrumb\":{\"@id\":\"https:\\\/\\\/fjallshop.hr\\\/proizvod\\\/foldsack-no-1\\\/#breadcrumb\"},\"inLanguage\":\"sl-SI\",\"potentialAction\":[{\"@type\":\"ReadAction\",\"target\":[\"https:\\\/\\\/fjallshop.hr\\\/proizvod\\\/foldsack-no-1\\\/\"]}]},{\"@type\":\"ImageObject\",\"inLanguage\":\"sl-SI\",\"@id\":\"https:\\\/\\\/fjallshop.hr\\\/proizvod\\\/foldsack-no-1\\\/#primaryimage\",\"url\":\"https:\\\/\\\/fjallshop.hr\\\/wp-content\\\/uploads\\\/2025\\\/11\\\/Foldsack_No._1_24210-550_A_MAIN_FJR-1.png\",\"contentUrl\":\"https:\\\/\\\/fjallshop.hr\\\/wp-content\\\/uploads\\\/2025\\\/11\\\/Foldsack_No._1_24210-550_A_MAIN_FJR-1.png\",\"width\":1500,\"height\":1500},{\"@type\":\"BreadcrumbList\",\"@id\":\"https:\\\/\\\/fjallshop.hr\\\/proizvod\\\/foldsack-no-1\\\/#breadcrumb\",\"itemListElement\":[{\"@type\":\"ListItem\",\"position\":1,\"name\":\"Home\",\"item\":\"https:\\\/\\\/fjallshop.hr\\\/sl\\\/\"},{\"@type\":\"ListItem\",\"position\":2,\"name\":\"Trgovina\",\"item\":\"https:\\\/\\\/fjallshop.hr\\\/sl\\\/shop\\\/\"},{\"@type\":\"ListItem\",\"position\":3,\"name\":\"Foldsack No. 1\"}]},{\"@type\":\"WebSite\",\"@id\":\"https:\\\/\\\/fjallshop.hr\\\/sl\\\/#website\",\"url\":\"https:\\\/\\\/fjallshop.hr\\\/sl\\\/\",\"name\":\"Fj\u00e4llr\u00e4ven\",\"description\":\"Web trgovina\",\"publisher\":{\"@id\":\"https:\\\/\\\/fjallshop.hr\\\/sl\\\/#organization\"},\"potentialAction\":[{\"@type\":\"SearchAction\",\"target\":{\"@type\":\"EntryPoint\",\"urlTemplate\":\"https:\\\/\\\/fjallshop.hr\\\/sl\\\/?s={search_term_string}\"},\"query-input\":{\"@type\":\"PropertyValueSpecification\",\"valueRequired\":true,\"valueName\":\"search_term_string\"}}],\"inLanguage\":\"sl-SI\"},{\"@type\":\"Organization\",\"@id\":\"https:\\\/\\\/fjallshop.hr\\\/sl\\\/#organization\",\"name\":\"Fj\u00e4llr\u00e4ven\",\"url\":\"https:\\\/\\\/fjallshop.hr\\\/sl\\\/\",\"logo\":{\"@type\":\"ImageObject\",\"inLanguage\":\"sl-SI\",\"@id\":\"https:\\\/\\\/fjallshop.hr\\\/sl\\\/#\\\/schema\\\/logo\\\/image\\\/\",\"url\":\"https:\\\/\\\/fjallshop.hr\\\/wp-content\\\/uploads\\\/2026\\\/01\\\/fjr-logo.svg\",\"contentUrl\":\"https:\\\/\\\/fjallshop.hr\\\/wp-content\\\/uploads\\\/2026\\\/01\\\/fjr-logo.svg\",\"width\":1077,\"height\":393,\"caption\":\"Fj\u00e4llr\u00e4ven\"},\"image\":{\"@id\":\"https:\\\/\\\/fjallshop.hr\\\/sl\\\/#\\\/schema\\\/logo\\\/image\\\/\"}}]}<\/script>\n<!-- \/ Yoast SEO plugin. -->","yoast_head_json":{"title":"Foldsack No. 1 - Fj\u00e4llr\u00e4ven","robots":{"index":"index","follow":"follow","max-snippet":"max-snippet:-1","max-image-preview":"max-image-preview:large","max-video-preview":"max-video-preview:-1"},"canonical":"https:\/\/fjallshop.hr\/proizvod\/foldsack-no-1\/","og_locale":"sl_SI","og_type":"article","og_title":"Foldsack No. 1 - Fj\u00e4llr\u00e4ven","og_description":"Jednostavan funkcionalni ruksak od G-1000 HeavyDuty materijala; gornji dio se preklapa i pri\u010dvr\u0161\u0107uje tekstilnim remenima i metalnim kop\u010dama. D\u017eep za prijenosno ra\u010dunalo. Proizvedeno bez PFAS-a.","og_url":"https:\/\/fjallshop.hr\/proizvod\/foldsack-no-1\/","og_site_name":"Fj\u00e4llr\u00e4ven","article_modified_time":"2026-04-17T11:25:34+00:00","og_image":[{"width":1500,"height":1500,"url":"https:\/\/fjallshop.hr\/wp-content\/uploads\/2025\/11\/Foldsack_No._1_24210-550_A_MAIN_FJR-1.png","type":"image\/png"}],"twitter_card":"summary_large_image","twitter_misc":{"Est. reading time":"1 minuta"},"schema":{"@context":"https:\/\/schema.org","@graph":[{"@type":"WebPage","@id":"https:\/\/fjallshop.hr\/proizvod\/foldsack-no-1\/","url":"https:\/\/fjallshop.hr\/proizvod\/foldsack-no-1\/","name":"Foldsack No. 1 - Fj\u00e4llr\u00e4ven","isPartOf":{"@id":"https:\/\/fjallshop.hr\/sl\/#website"},"primaryImageOfPage":{"@id":"https:\/\/fjallshop.hr\/proizvod\/foldsack-no-1\/#primaryimage"},"image":{"@id":"https:\/\/fjallshop.hr\/proizvod\/foldsack-no-1\/#primaryimage"},"thumbnailUrl":"https:\/\/fjallshop.hr\/wp-content\/uploads\/2025\/11\/Foldsack_No._1_24210-550_A_MAIN_FJR-1.png","datePublished":"2025-11-21T09:27:15+00:00","dateModified":"2026-04-17T11:25:34+00:00","breadcrumb":{"@id":"https:\/\/fjallshop.hr\/proizvod\/foldsack-no-1\/#breadcrumb"},"inLanguage":"sl-SI","potentialAction":[{"@type":"ReadAction","target":["https:\/\/fjallshop.hr\/proizvod\/foldsack-no-1\/"]}]},{"@type":"ImageObject","inLanguage":"sl-SI","@id":"https:\/\/fjallshop.hr\/proizvod\/foldsack-no-1\/#primaryimage","url":"https:\/\/fjallshop.hr\/wp-content\/uploads\/2025\/11\/Foldsack_No._1_24210-550_A_MAIN_FJR-1.png","contentUrl":"https:\/\/fjallshop.hr\/wp-content\/uploads\/2025\/11\/Foldsack_No._1_24210-550_A_MAIN_FJR-1.png","width":1500,"height":1500},{"@type":"BreadcrumbList","@id":"https:\/\/fjallshop.hr\/proizvod\/foldsack-no-1\/#breadcrumb","itemListElement":[{"@type":"ListItem","position":1,"name":"Home","item":"https:\/\/fjallshop.hr\/sl\/"},{"@type":"ListItem","position":2,"name":"Trgovina","item":"https:\/\/fjallshop.hr\/sl\/shop\/"},{"@type":"ListItem","position":3,"name":"Foldsack No. 1"}]},{"@type":"WebSite","@id":"https:\/\/fjallshop.hr\/sl\/#website","url":"https:\/\/fjallshop.hr\/sl\/","name":"Fj\u00e4llr\u00e4ven","description":"Web trgovina","publisher":{"@id":"https:\/\/fjallshop.hr\/sl\/#organization"},"potentialAction":[{"@type":"SearchAction","target":{"@type":"EntryPoint","urlTemplate":"https:\/\/fjallshop.hr\/sl\/?s={search_term_string}"},"query-input":{"@type":"PropertyValueSpecification","valueRequired":true,"valueName":"search_term_string"}}],"inLanguage":"sl-SI"},{"@type":"Organization","@id":"https:\/\/fjallshop.hr\/sl\/#organization","name":"Fj\u00e4llr\u00e4ven","url":"https:\/\/fjallshop.hr\/sl\/","logo":{"@type":"ImageObject","inLanguage":"sl-SI","@id":"https:\/\/fjallshop.hr\/sl\/#\/schema\/logo\/image\/","url":"https:\/\/fjallshop.hr\/wp-content\/uploads\/2026\/01\/fjr-logo.svg","contentUrl":"https:\/\/fjallshop.hr\/wp-content\/uploads\/2026\/01\/fjr-logo.svg","width":1077,"height":393,"caption":"Fj\u00e4llr\u00e4ven"},"image":{"@id":"https:\/\/fjallshop.hr\/sl\/#\/schema\/logo\/image\/"}}]}},"_links":{"self":[{"href":"https:\/\/fjallshop.hr\/sl\/wp-json\/wp\/v2\/product\/1020235","targetHints":{"allow":["GET"]}}],"collection":[{"href":"https:\/\/fjallshop.hr\/sl\/wp-json\/wp\/v2\/product"}],"about":[{"href":"https:\/\/fjallshop.hr\/sl\/wp-json\/wp\/v2\/types\/product"}],"version-history":[{"count":1,"href":"https:\/\/fjallshop.hr\/sl\/wp-json\/wp\/v2\/product\/1020235\/revisions"}],"predecessor-version":[{"id":1020255,"href":"https:\/\/fjallshop.hr\/sl\/wp-json\/wp\/v2\/product\/1020235\/revisions\/1020255"}],"wp:featuredmedia":[{"embeddable":true,"href":"https:\/\/fjallshop.hr\/sl\/wp-json\/wp\/v2\/media\/1022923"}],"wp:attachment":[{"href":"https:\/\/fjallshop.hr\/sl\/wp-json\/wp\/v2\/media?parent=1020235"}],"wp:term":[{"taxonomy":"product_brand","embeddable":true,"href":"https:\/\/fjallshop.hr\/sl\/wp-json\/wp\/v2\/product_brand?post=1020235"},{"taxonomy":"product_cat","embeddable":true,"href":"https:\/\/fjallshop.hr\/sl\/wp-json\/wp\/v2\/product_cat?post=1020235"},{"taxonomy":"product_tag","embeddable":true,"href":"https:\/\/fjallshop.hr\/sl\/wp-json\/wp\/v2\/product_tag?post=1020235"}],"curies":[{"name":"wp","href":"https:\/\/api.w.org\/{rel}","templated":true}]}}