{"id":1025254,"date":"2026-02-09T09:52:44","date_gmt":"2026-02-09T09:52:44","guid":{"rendered":"https:\/\/fjallshop.hr\/?page_id=1025254"},"modified":"2026-02-09T10:21:45","modified_gmt":"2026-02-09T10:21:45","slug":"fjallraven-hrvatska","status":"publish","type":"page","link":"https:\/\/fjallshop.hr\/sl\/blog\/fjallraven-hrvatska\/","title":{"rendered":"Fj\u00e4llr\u00e4ven Hrvatska"},"content":{"rendered":"\t\t<div data-elementor-type=\"wp-page\" data-elementor-id=\"1025254\" class=\"elementor elementor-1025254 elementor-1025253\" data-elementor-post-type=\"page\">\n\t\t\t\t<div class=\"elementor-element elementor-element-61ace5de e-flex e-con-boxed glozin-responsive-column glozin-tablet-column--default glozin-responsive-column glozin-mobile-column--default e-con e-parent\" data-id=\"61ace5de\" data-element_type=\"container\" data-e-type=\"container\">\n\t\t\t\t\t<div class=\"e-con-inner\">\n\t\t<div class=\"elementor-element elementor-element-1a8cc9b e-con-full e-flex glozin-responsive-column glozin-tablet-column--default glozin-responsive-column glozin-mobile-column--default e-con e-child\" data-id=\"1a8cc9b\" data-element_type=\"container\" data-e-type=\"container\" data-settings=\"{&quot;background_background&quot;:&quot;classic&quot;}\">\n\t\t\t\t<div class=\"elementor-element elementor-element-3622e4d2 elementor-widget elementor-widget-glozin-heading\" data-id=\"3622e4d2\" data-element_type=\"widget\" data-e-type=\"widget\" data-widget_type=\"glozin-heading.default\">\n\t\t\t\t<div class=\"elementor-widget-container\">\n\t\t\t\t\t\t\t<div class=\"glozin-heading-elementor\">\n\t\t\t\t<h2 class=\"glozin-heading d-flex align-items-center my-0 glozin-heading--default\">\n\t\t\t\t\tFJ\u00e4llR\u00e4ven CLASSIC CHALLENGE\t\t\t\t<\/h2>\n\t\t\t<\/div>\n\t\t\t\t\t\t<\/div>\n\t\t\t\t<\/div>\n\t\t\t\t<\/div>\n\t\t\t\t\t<\/div>\n\t\t\t\t<\/div>\n\t\t<div class=\"elementor-element elementor-element-1b06969 e-flex e-con-boxed glozin-responsive-column glozin-tablet-column--default glozin-responsive-column glozin-mobile-column--default e-con e-parent\" data-id=\"1b06969\" data-element_type=\"container\" data-e-type=\"container\">\n\t\t\t\t\t<div class=\"e-con-inner\">\n\t\t\t\t<div class=\"elementor-element elementor-element-58d91cb elementor-widget elementor-widget-glozin-heading\" data-id=\"58d91cb\" data-element_type=\"widget\" data-e-type=\"widget\" data-widget_type=\"glozin-heading.default\">\n\t\t\t\t<div class=\"elementor-widget-container\">\n\t\t\t\t\t\t\t<div class=\"glozin-heading-elementor\">\n\t\t\t\t<div class=\"glozin-heading d-flex align-items-center my-0 glozin-heading--default\">\n\t\t\t\t\tPRAVILA NAGRADNOG NATJE\u010cAJA\n\u201eFjallraven Classic Challenge 2026\u201c\n1. Organizator natje\u010daja\nOrganizator nagradnog natje\u010daja \u201eFjallraven Classic Challange 2026\u201d (u nastavku: Natje\u010daj) je Outterra d.o.o., sa sjedi\u0161tem u Republici Hrvatskoj (u daljnjem tekstu: Organizator).\nHiking ture za Organizatora natje\u010daja organizira i provodi IRILEN d.o.o. (Veseli izleti).\n2. Trajanje natje\u010daja\nNatje\u010daj zapo\u010dinje 19. velja\u010de 2026. i traje do 18. lipnja 2026. u 23:59 sati, kada \u0107e se odr\u017eati finalni doga\u0111aj u trgovini Fjallraven (Z Centar) i progla\u0161enje pobjednika.\n3. Pravo sudjelovanja\nU Natje\u010daju mogu sudjelovati sve punoljetne fizi\u010dke osobe s prebivali\u0161tem u Republici Hrvatskoj koje su dobrog fizi\u010dkog zdravlja te sposobne za samostalan boravak u prirodi.\nZaposlenici Organizatora i \u010dlanovi njihovih u\u017eih obitelji ne mogu sudjelovati u Natje\u010daju.\nSudjelovanjem u Natje\u010daju, sudionici prihva\u0107aju ova Pravila u cijelosti te potvr\u0111uju da u svim aktivnostima, uklju\u010duju\u0107i hiking ture i doga\u0111aje, sudjeluju na vlastitu odgovornost.\n4. Na\u010din sudjelovanja\nSudionici skupljaju bodove. Bodove mo\u017eete osvojiti na sljede\u0107e na\u010dine:\n\u2022\tsudjelovanjem u hiking turama organiziranima od strane Veselih izleta i Fjallravena na na\u010din skupljanja \u017eigova u Fjallraven Passportu, svaki \u017eig vrijedi 3 boda.\n\u2022\tsudjelovanjem na doga\u0111ajima u trgovini Fjallraven u Z Centru na\u010din skupljanja \u017eigova u Fjallraven Passportu, svaki \u017eig vrijedi 6 bodova.\n\u2022\tskupljanjem bodova putem Fjallraven Strava profila, svaki strava Club Challenge vrijedi 3 boda, Strava Challenge je vezan na hiking ture. Pravila su navedena u dijelu 4.2.\nSvi bodovi se na svakom eventu i zajedno sa Strava Club Challange bilje\u017ee digitalno i biti \u0107e jednom tjednom a\u017eurirano objavljeni na: https:\/\/fjallshop.hr\/campfirecroatia.\n4.1. Plan hiking tura i doga\u0111aja u trgovini tijekom Natje\u010daja\nHiking ture u sklopu Natje\u010daja odr\u017eat \u0107e se prema sljede\u0107em rasporedu:\n\u2022\t28. o\u017eujka 2026. \u2013 dnevni hiking na O\u0161trc\n\u2022\t11. travnja 2026. \u2013 dnevni hiking na Ivan\u010dicu\n\u2022\t29. svibnja 2026. \u2013 no\u0107ni hiking na Sljeme\nSvaki sudionik koji prisustvuje pojedinoj turi ostvaruje jedan \u017eig ili 3 boda.\nDoga\u0111aji u trgovini u sklopu Natje\u010daja odr\u017eat \u0107e se prema sljede\u0107em rasporedu:\n\u2022\t19. velja\u010de 2026. \u2013 doga\u0111aj u trgovini\n\u2022\t18. lipnja 2026. \u2013 doga\u0111aj u trgovini i progla\u0161enje pobjednika\nSvaki sudionik koji prisustvuje doga\u0111aju u trgovini ostvaruje jedan \u017eig koji virjedi 6 bodova.\n4.2. Strava Club Challenge\nPRAVILA IZAZOVA NA STRAVI\nFj\u00e4llr\u00e4ven Classic Challenge \u2013 3 vrha\nTrajanje: 29. 3. 2026. \u2013 14. 6. 2026.\nOdredi\u0161ta: O\u0161trc, Ivan\u010dica, Sljeme\nCilj: U zadanom razdoblju do\u0107i do sva tri odredi\u0161ta (redoslijed je proizvoljan).\n1) Sudjelovanje\n\u2022\tIzazov je javan i mo\u017ee sudjelovati svatko tko se pridru\u017ei klubu.\n\u2022\tSudjelovanje je na vlastitu odgovornost.\n2) Koje aktivnosti vrijede\n\u2022\tVrijede aktivnosti tipa Hike \/ Walk \/ Trail Run.\n\u2022\tAktivnost mora biti snimljena s GPS-om (sat\/telefon\/ure\u0111aj).\n3) Obavezna prijava i dokaz (za svaki vrh)\nDa bi se vrh priznao, potrebno je:\n1.\tU opis aktivnosti dodati hashtag: #FjallravenClassic3Vrha\n2.\tAktivnost nazvati tako da sadr\u017ei naziv vrha (primjer):\no\t\u201cFj\u00e4llr\u00e4ven Classic \u2013 O\u0161trc\u201d\no\t\u201cFj\u00e4llr\u00e4ven Classic \u2013 Ivan\u010dica\u201d\no\t\u201cFj\u00e4llr\u00e4ven Classic \u2013 Sljeme\u201d\n3.\tObjaviti u Club feed:\no\tlink na aktivnost +\no\tscreenshot karte (zumirano) gdje se vidi da ruta dose\u017ee lokaciju vrha\/odredi\u0161ta +\no\t(opcionalno) fotografiju s lokacije\nNapomena: Bez linka i screenshot-a vrh se ne mo\u017ee potvrditi.\n4) Privatnost (da bismo mogli potvrditi)\n\u2022\tAktivnost mora biti vidljiva organizatoru\/klubu (ne smije biti potpuno privatna).\n\u2022\tAko koristi\u0161 \u201cPrivacy Zones\u201d, provjeri da se lokacija vrha i dalje vidi na karti.\n5) Zavr\u0161etak izazova\n\u2022\t\u201cFinisher\u201d je svatko kome su potvr\u0111ena sva 3 vrha unutar trajanja izazova.\n\u2022\tSvaki vrh treba odraditi barem jednom (3 odvojene aktivnosti su naj\u010de\u0161\u0107e).\n6) Sigurnost i pona\u0161anje u prirodi\n\u2022\tPrati vremenske uvjete i markacije, ne riskiraj zbog izazova.\n\u2022\tPo\u0161tuj prirodu i druge posjetitelje (bez otpada, bez o\u0161te\u0107ivanja okoli\u0161a).\n7) Fer-play\n\u2022\tAktivnosti moraju biti stvarne i snimljene tijekom kretanja.\n\u2022\tZa svaku od planirane tri hiking ture bodovi se mogu skupiti samo jednom \u2013 nije mogu\u0107e skupiti dvostruke bodove za istu turu (kroz Fjallraven Passport I digitalno na Strava aplikaciji).\n\u2022\tOrganizator zadr\u017eava pravo odbiti prijavu ako dokaz nije jasan.\n\n5. Odabir pobjednika\nPobjednik je sudionik s najve\u0107im brojem prikupljenih \u017eigova do zavr\u0161etka Natje\u010daja, tj. do 18. lipnja 2026.\nLista skupljenih bodova svakog sudionika \u0107e biti objavljena po svakom doga\u0111aju i prije finalnog doga\u0111aja u Z centru na stranici https:\/\/fjallshop.hr\/campfirecroatia.\nPosljednja lista \u0107e biti objavljena 15. lipnja 2026.\nU slu\u010daju da dva ili vi\u0161e sudionika ostvare jednak broj \u017eigova, sudionici s izjedna\u010denim rezultatom sudjelovat \u0107e u zavr\u0161nom kvizu znanja koji \u0107e se odr\u017eati na finalnom doga\u0111aju u trgovini Fjallraven (Z Centar) 18. lipnja 2026.\nO pobjedniku kviza odlu\u010divat \u0107e stru\u010dni \u017eiri Organizatora.\nNatje\u010daj ima samo jednog pobjednika.\n6. Nagrada\nNagrada u Natje\u010daju je:\nSudjelovanje na \u201eFjallraven Classic 2026\u201d u \u0160vedskoj \u2013 vi\u0161ednevnoj me\u0111unarodnoj hiking turi.\nDobitnik nagrade ima pravo sa sobom na Fjallraven Classic 2026 povesti jo\u0161 jednu osobu po vlastitom izboru koja odgovara uvjetima sudjelovanja na hiking turi.\n\nNagrada nije zamjenjiva za novac niti prenosiva na tre\u0107e osobe.\nOrganizator zadr\u017eava pravo izmjene nagrade u slu\u010daju okolnosti izvan svoje kontrole, uz osiguravanje zamjenske nagrade jednake ili ve\u0107e vrijednosti.\n7. Objave i kontaktiranje pobjednika\nIme pobjednika bit \u0107e objavljeno na slu\u017ebenim komunikacijskim kanalima Organizatora.\nPobjednik \u0107e biti kontaktiran putem podataka dostavljenih Organizatoru.\nAko se pobjednik ne javi u roku od 7 dana, Organizator ima pravo odabrati drugog pobjednika prema istim kriterijima.\n8. Medijska prava i kori\u0161tenje materijala\nSudjelovanjem u Natje\u010daju, sudionici pristaju na fotografiranje i snimanje tijekom hiking tura i svih doga\u0111aja, kao i na kori\u0161tenje fotografija, video materijala i drugih snimki u svrhu promocije Natje\u010daja i proizvoda Organizatora, bez dodatne naknade.\n9. Za\u0161tita osobnih podataka\nOrganizator obra\u0111uje osobne podatke sudionika isklju\u010divo radi provedbe Natje\u010daja, u skladu s va\u017ee\u0107im propisima o za\u0161titi osobnih podataka.\nDetaljnije informacije nalaze se u Politici privatnosti Organizatora.\n10. Pravo izmjene pravila\nOrganizator zadr\u017eava pravo izmjene Pravila, kao i pravo prekida, produljenja ili skra\u0107ivanja Natje\u010daja, uz pravovremenu i javnu objavu izmjena na slu\u017ebenim komunikacijskim kanalima.\n11. Rje\u0161avanje sporova\nSve sporove koji proizlaze iz ovog Natje\u010daja rje\u0161avat \u0107e nadle\u017eni sud u Republici Hrvatskoj.\n\t\t\t\t<\/div>\n\t\t\t<\/div>\n\t\t\t\t\t\t<\/div>\n\t\t\t\t<\/div>\n\t\t\t\t<div class=\"elementor-element elementor-element-4836f7f elementor-widget elementor-widget-image\" data-id=\"4836f7f\" data-element_type=\"widget\" data-e-type=\"widget\" data-widget_type=\"image.default\">\n\t\t\t\t\t\t\t\t\t\t\t\t\t\t\t<img fetchpriority=\"high\" decoding=\"async\" width=\"1920\" height=\"836\" src=\"https:\/\/fjallshop.hr\/wp-content\/uploads\/2026\/02\/FJR_2025_FCSE_7689-scaled-e1770631382549.webp\" class=\"attachment-full size-full wp-image-1025290\" alt=\"\" \/>\t\t\t\t\t\t\t\t\t\t\t\t\t\t\t<\/div>\n\t\t\t\t\t<\/div>\n\t\t\t\t<\/div>\n\t\t\t\t<\/div>\n\t\t","protected":false},"excerpt":{"rendered":"<p>FJ\u00e4llR\u00e4ven CLASSIC CHALLENGE PRAVILA NAGRADNOG NATJE\u010cAJA \u201eFjallraven Classic Challenge 2026\u201c 1. Organizator natje\u010daja Organizator nagradnog natje\u010daja \u201eFjallraven Classic Challange 2026\u201d (u nastavku: Natje\u010daj) je Outterra d.o.o., sa sjedi\u0161tem u Republici Hrvatskoj (u daljnjem tekstu: Organizator). Hiking ture za Organizatora natje\u010daja organizira i provodi IRILEN d.o.o. (Veseli izleti). 2. Trajanje natje\u010daja Natje\u010daj zapo\u010dinje 19. velja\u010de 2026. [&hellip;]<\/p>\n","protected":false},"author":2,"featured_media":0,"parent":362,"menu_order":0,"comment_status":"closed","ping_status":"closed","template":"","meta":{"footnotes":""},"class_list":["post-1025254","page","type-page","status-publish","hentry"],"yoast_head":"<!-- This site is optimized with the Yoast SEO plugin v27.3 - https:\/\/yoast.com\/product\/yoast-seo-wordpress\/ -->\n<title>Fj\u00e4llr\u00e4ven Hrvatska - Fj\u00e4llr\u00e4ven<\/title>\n<meta name=\"robots\" content=\"index, follow, max-snippet:-1, max-image-preview:large, max-video-preview:-1\" \/>\n<link rel=\"canonical\" href=\"https:\/\/fjallshop.hr\/blog\/classic-challenge\/\" \/>\n<meta property=\"og:locale\" content=\"sl_SI\" \/>\n<meta property=\"og:type\" content=\"article\" \/>\n<meta property=\"og:title\" content=\"Fj\u00e4llr\u00e4ven Hrvatska - Fj\u00e4llr\u00e4ven\" \/>\n<meta property=\"og:description\" content=\"FJ\u00e4llR\u00e4ven CLASSIC CHALLENGE PRAVILA NAGRADNOG NATJE\u010cAJA \u201eFjallraven Classic Challenge 2026\u201c 1. Organizator natje\u010daja Organizator nagradnog natje\u010daja \u201eFjallraven Classic Challange 2026\u201d (u nastavku: Natje\u010daj) je Outterra d.o.o., sa sjedi\u0161tem u Republici Hrvatskoj (u daljnjem tekstu: Organizator). Hiking ture za Organizatora natje\u010daja organizira i provodi IRILEN d.o.o. (Veseli izleti). 2. Trajanje natje\u010daja Natje\u010daj zapo\u010dinje 19. velja\u010de 2026. [&hellip;]\" \/>\n<meta property=\"og:url\" content=\"https:\/\/fjallshop.hr\/blog\/classic-challenge\/\" \/>\n<meta property=\"og:site_name\" content=\"Fj\u00e4llr\u00e4ven\" \/>\n<meta property=\"article:modified_time\" content=\"2026-02-09T10:21:45+00:00\" \/>\n<meta property=\"og:image\" content=\"https:\/\/fjallshop.hr\/wp-content\/uploads\/2026\/02\/FJR_2025_FCSE_7689-scaled-e1770631382549.webp\" \/>\n\t<meta property=\"og:image:width\" content=\"1920\" \/>\n\t<meta property=\"og:image:height\" content=\"1148\" \/>\n\t<meta property=\"og:image:type\" content=\"image\/webp\" \/>\n<meta name=\"twitter:card\" content=\"summary_large_image\" \/>\n<meta name=\"twitter:label1\" content=\"Est. reading time\" \/>\n\t<meta name=\"twitter:data1\" content=\"5 minut\" \/>\n<script type=\"application\/ld+json\" class=\"yoast-schema-graph\">{\"@context\":\"https:\\\/\\\/schema.org\",\"@graph\":[{\"@type\":\"WebPage\",\"@id\":\"https:\\\/\\\/fjallshop.hr\\\/blog\\\/classic-challenge\\\/\",\"url\":\"https:\\\/\\\/fjallshop.hr\\\/blog\\\/classic-challenge\\\/\",\"name\":\"Fj\u00e4llr\u00e4ven Hrvatska - Fj\u00e4llr\u00e4ven\",\"isPartOf\":{\"@id\":\"https:\\\/\\\/fjallshop.hr\\\/sl\\\/#website\"},\"primaryImageOfPage\":{\"@id\":\"https:\\\/\\\/fjallshop.hr\\\/blog\\\/classic-challenge\\\/#primaryimage\"},\"image\":{\"@id\":\"https:\\\/\\\/fjallshop.hr\\\/blog\\\/classic-challenge\\\/#primaryimage\"},\"thumbnailUrl\":\"https:\\\/\\\/fjallshop.hr\\\/wp-content\\\/uploads\\\/2026\\\/02\\\/FJR_2025_FCSE_7689-scaled-e1770631382549.webp\",\"datePublished\":\"2026-02-09T09:52:44+00:00\",\"dateModified\":\"2026-02-09T10:21:45+00:00\",\"breadcrumb\":{\"@id\":\"https:\\\/\\\/fjallshop.hr\\\/blog\\\/classic-challenge\\\/#breadcrumb\"},\"inLanguage\":\"sl-SI\",\"potentialAction\":[{\"@type\":\"ReadAction\",\"target\":[\"https:\\\/\\\/fjallshop.hr\\\/blog\\\/classic-challenge\\\/\"]}]},{\"@type\":\"ImageObject\",\"inLanguage\":\"sl-SI\",\"@id\":\"https:\\\/\\\/fjallshop.hr\\\/blog\\\/classic-challenge\\\/#primaryimage\",\"url\":\"https:\\\/\\\/fjallshop.hr\\\/wp-content\\\/uploads\\\/2026\\\/02\\\/FJR_2025_FCSE_7689-scaled-e1770631382549.webp\",\"contentUrl\":\"https:\\\/\\\/fjallshop.hr\\\/wp-content\\\/uploads\\\/2026\\\/02\\\/FJR_2025_FCSE_7689-scaled-e1770631382549.webp\"},{\"@type\":\"BreadcrumbList\",\"@id\":\"https:\\\/\\\/fjallshop.hr\\\/blog\\\/classic-challenge\\\/#breadcrumb\",\"itemListElement\":[{\"@type\":\"ListItem\",\"position\":1,\"name\":\"Home\",\"item\":\"https:\\\/\\\/fjallshop.hr\\\/sl\\\/\"},{\"@type\":\"ListItem\",\"position\":2,\"name\":\"Blog\",\"item\":\"https:\\\/\\\/fjallshop.hr\\\/blog\\\/\"},{\"@type\":\"ListItem\",\"position\":3,\"name\":\"Fj\u00e4llr\u00e4ven Hrvatska\"}]},{\"@type\":\"WebSite\",\"@id\":\"https:\\\/\\\/fjallshop.hr\\\/sl\\\/#website\",\"url\":\"https:\\\/\\\/fjallshop.hr\\\/sl\\\/\",\"name\":\"Fj\u00e4llr\u00e4ven\",\"description\":\"Web trgovina\",\"publisher\":{\"@id\":\"https:\\\/\\\/fjallshop.hr\\\/sl\\\/#organization\"},\"potentialAction\":[{\"@type\":\"SearchAction\",\"target\":{\"@type\":\"EntryPoint\",\"urlTemplate\":\"https:\\\/\\\/fjallshop.hr\\\/sl\\\/?s={search_term_string}\"},\"query-input\":{\"@type\":\"PropertyValueSpecification\",\"valueRequired\":true,\"valueName\":\"search_term_string\"}}],\"inLanguage\":\"sl-SI\"},{\"@type\":\"Organization\",\"@id\":\"https:\\\/\\\/fjallshop.hr\\\/sl\\\/#organization\",\"name\":\"Fj\u00e4llr\u00e4ven\",\"url\":\"https:\\\/\\\/fjallshop.hr\\\/sl\\\/\",\"logo\":{\"@type\":\"ImageObject\",\"inLanguage\":\"sl-SI\",\"@id\":\"https:\\\/\\\/fjallshop.hr\\\/sl\\\/#\\\/schema\\\/logo\\\/image\\\/\",\"url\":\"https:\\\/\\\/fjallshop.hr\\\/wp-content\\\/uploads\\\/2026\\\/01\\\/fjr-logo.svg\",\"contentUrl\":\"https:\\\/\\\/fjallshop.hr\\\/wp-content\\\/uploads\\\/2026\\\/01\\\/fjr-logo.svg\",\"width\":1077,\"height\":393,\"caption\":\"Fj\u00e4llr\u00e4ven\"},\"image\":{\"@id\":\"https:\\\/\\\/fjallshop.hr\\\/sl\\\/#\\\/schema\\\/logo\\\/image\\\/\"}}]}<\/script>\n<!-- \/ Yoast SEO plugin. -->","yoast_head_json":{"title":"Fj\u00e4llr\u00e4ven Hrvatska - Fj\u00e4llr\u00e4ven","robots":{"index":"index","follow":"follow","max-snippet":"max-snippet:-1","max-image-preview":"max-image-preview:large","max-video-preview":"max-video-preview:-1"},"canonical":"https:\/\/fjallshop.hr\/blog\/classic-challenge\/","og_locale":"sl_SI","og_type":"article","og_title":"Fj\u00e4llr\u00e4ven Hrvatska - Fj\u00e4llr\u00e4ven","og_description":"FJ\u00e4llR\u00e4ven CLASSIC CHALLENGE PRAVILA NAGRADNOG NATJE\u010cAJA \u201eFjallraven Classic Challenge 2026\u201c 1. Organizator natje\u010daja Organizator nagradnog natje\u010daja \u201eFjallraven Classic Challange 2026\u201d (u nastavku: Natje\u010daj) je Outterra d.o.o., sa sjedi\u0161tem u Republici Hrvatskoj (u daljnjem tekstu: Organizator). Hiking ture za Organizatora natje\u010daja organizira i provodi IRILEN d.o.o. (Veseli izleti). 2. Trajanje natje\u010daja Natje\u010daj zapo\u010dinje 19. velja\u010de 2026. [&hellip;]","og_url":"https:\/\/fjallshop.hr\/blog\/classic-challenge\/","og_site_name":"Fj\u00e4llr\u00e4ven","article_modified_time":"2026-02-09T10:21:45+00:00","og_image":[{"width":1920,"height":1148,"url":"https:\/\/fjallshop.hr\/wp-content\/uploads\/2026\/02\/FJR_2025_FCSE_7689-scaled-e1770631382549.webp","type":"image\/webp"}],"twitter_card":"summary_large_image","twitter_misc":{"Est. reading time":"5 minut"},"schema":{"@context":"https:\/\/schema.org","@graph":[{"@type":"WebPage","@id":"https:\/\/fjallshop.hr\/blog\/classic-challenge\/","url":"https:\/\/fjallshop.hr\/blog\/classic-challenge\/","name":"Fj\u00e4llr\u00e4ven Hrvatska - Fj\u00e4llr\u00e4ven","isPartOf":{"@id":"https:\/\/fjallshop.hr\/sl\/#website"},"primaryImageOfPage":{"@id":"https:\/\/fjallshop.hr\/blog\/classic-challenge\/#primaryimage"},"image":{"@id":"https:\/\/fjallshop.hr\/blog\/classic-challenge\/#primaryimage"},"thumbnailUrl":"https:\/\/fjallshop.hr\/wp-content\/uploads\/2026\/02\/FJR_2025_FCSE_7689-scaled-e1770631382549.webp","datePublished":"2026-02-09T09:52:44+00:00","dateModified":"2026-02-09T10:21:45+00:00","breadcrumb":{"@id":"https:\/\/fjallshop.hr\/blog\/classic-challenge\/#breadcrumb"},"inLanguage":"sl-SI","potentialAction":[{"@type":"ReadAction","target":["https:\/\/fjallshop.hr\/blog\/classic-challenge\/"]}]},{"@type":"ImageObject","inLanguage":"sl-SI","@id":"https:\/\/fjallshop.hr\/blog\/classic-challenge\/#primaryimage","url":"https:\/\/fjallshop.hr\/wp-content\/uploads\/2026\/02\/FJR_2025_FCSE_7689-scaled-e1770631382549.webp","contentUrl":"https:\/\/fjallshop.hr\/wp-content\/uploads\/2026\/02\/FJR_2025_FCSE_7689-scaled-e1770631382549.webp"},{"@type":"BreadcrumbList","@id":"https:\/\/fjallshop.hr\/blog\/classic-challenge\/#breadcrumb","itemListElement":[{"@type":"ListItem","position":1,"name":"Home","item":"https:\/\/fjallshop.hr\/sl\/"},{"@type":"ListItem","position":2,"name":"Blog","item":"https:\/\/fjallshop.hr\/blog\/"},{"@type":"ListItem","position":3,"name":"Fj\u00e4llr\u00e4ven Hrvatska"}]},{"@type":"WebSite","@id":"https:\/\/fjallshop.hr\/sl\/#website","url":"https:\/\/fjallshop.hr\/sl\/","name":"Fj\u00e4llr\u00e4ven","description":"Web trgovina","publisher":{"@id":"https:\/\/fjallshop.hr\/sl\/#organization"},"potentialAction":[{"@type":"SearchAction","target":{"@type":"EntryPoint","urlTemplate":"https:\/\/fjallshop.hr\/sl\/?s={search_term_string}"},"query-input":{"@type":"PropertyValueSpecification","valueRequired":true,"valueName":"search_term_string"}}],"inLanguage":"sl-SI"},{"@type":"Organization","@id":"https:\/\/fjallshop.hr\/sl\/#organization","name":"Fj\u00e4llr\u00e4ven","url":"https:\/\/fjallshop.hr\/sl\/","logo":{"@type":"ImageObject","inLanguage":"sl-SI","@id":"https:\/\/fjallshop.hr\/sl\/#\/schema\/logo\/image\/","url":"https:\/\/fjallshop.hr\/wp-content\/uploads\/2026\/01\/fjr-logo.svg","contentUrl":"https:\/\/fjallshop.hr\/wp-content\/uploads\/2026\/01\/fjr-logo.svg","width":1077,"height":393,"caption":"Fj\u00e4llr\u00e4ven"},"image":{"@id":"https:\/\/fjallshop.hr\/sl\/#\/schema\/logo\/image\/"}}]}},"_links":{"self":[{"href":"https:\/\/fjallshop.hr\/sl\/wp-json\/wp\/v2\/pages\/1025254","targetHints":{"allow":["GET"]}}],"collection":[{"href":"https:\/\/fjallshop.hr\/sl\/wp-json\/wp\/v2\/pages"}],"about":[{"href":"https:\/\/fjallshop.hr\/sl\/wp-json\/wp\/v2\/types\/page"}],"author":[{"embeddable":true,"href":"https:\/\/fjallshop.hr\/sl\/wp-json\/wp\/v2\/users\/2"}],"replies":[{"embeddable":true,"href":"https:\/\/fjallshop.hr\/sl\/wp-json\/wp\/v2\/comments?post=1025254"}],"version-history":[{"count":5,"href":"https:\/\/fjallshop.hr\/sl\/wp-json\/wp\/v2\/pages\/1025254\/revisions"}],"predecessor-version":[{"id":1025314,"href":"https:\/\/fjallshop.hr\/sl\/wp-json\/wp\/v2\/pages\/1025254\/revisions\/1025314"}],"up":[{"embeddable":true,"href":"https:\/\/fjallshop.hr\/sl\/wp-json\/wp\/v2\/pages\/362"}],"wp:attachment":[{"href":"https:\/\/fjallshop.hr\/sl\/wp-json\/wp\/v2\/media?parent=1025254"}],"curies":[{"name":"wp","href":"https:\/\/api.w.org\/{rel}","templated":true}]}}