{"id":1030897,"date":"2026-04-24T14:56:10","date_gmt":"2026-04-24T14:56:10","guid":{"rendered":"https:\/\/fjallshop.hr\/?post_type=product&#038;p=1030897"},"modified":"2026-04-24T14:56:10","modified_gmt":"2026-04-24T14:56:10","slug":"sormland-tapered-trousers-m-long","status":"publish","type":"product","link":"https:\/\/fjallshop.hr\/en\/product\/sormland-tapered-trousers-m-long\/","title":{"rendered":"S\u00f6rmland Tapered Trousers M Long"},"content":{"rendered":"<div><span dir=\"auto\">Udobne lova\u010dke hla\u010de od izdr\u017eljivog, tihog G-1000 Silent materijala sa su\u017eenim nogavicama koje se lako uklapaju u par gumenih \u010dizama. Razvijene za lak\u0161i lov u bezvremenskom, jednostavnom stilu, \u0161to ih \u010dini jednako prikladnima za streljanu, a imaju sve \u0161anse da postanu omiljene i za svakodnevnu upotrebu. Tkanina je otporna na vremenske uvjete i vjetar te u\u010dinkovito prozra\u010duje vlagu. Kroj je regularan sa srednjim strukom koji je malo vi\u0161i straga tako da udobno stoje prilikom \u010du\u010dnjeva ili no\u0161enja ruksaka s pojasom za kukove. Na desnoj nogavici nalazi se d\u017eep za no\u017e, d\u017eepovi za ruke i stra\u017enji d\u017eepovi s gumbima. Oja\u010dane zone naramenica za jednostavno pri\u010dvr\u0161\u0107ivanje naramenica. Krajevi nogavica neobra\u0111ene duljine koji se lako mogu prilagoditi va\u0161oj visini.<\/span><\/div>\n<div class=\"pdp-features__info-items\">\n<div><\/div>\n<\/div>\n","protected":false},"excerpt":{"rendered":"<div class=\"pdp-area__description\"><span dir=\"auto\">Udobne lova\u010dke hla\u010de od izdr\u017eljivog, tihog G-1000 Silent materijala sa su\u017eenim nogavicama. D\u017eep za no\u017e, d\u017eepovi za ruke i stra\u017enji d\u017eepovi te oja\u010dana podru\u010dja za naramenice. Proizvedeno bez PFAS-a.<\/span><\/div>\n<div class=\"pdp-icon-features\">\n<div class=\"pdp-icon-features__items\"><\/div>\n<\/div>\n","protected":false},"featured_media":1030905,"template":"","meta":[],"product_brand":[],"product_cat":[734],"product_tag":[469,474,528,537,746],"class_list":{"0":"post-1030897","1":"product","2":"type-product","3":"status-publish","4":"has-post-thumbnail","6":"product_cat-hlace","7":"product_tag-hlace","8":"product_tag-hunting","9":"product_tag-muske-hlace","10":"product_tag-muske-lovacke-hlace","11":"product_tag-sormland","13":"first","14":"outofstock","15":"shipping-taxable","16":"purchasable","17":"product-type-variable"},"yoast_head":"<!-- This site is optimized with the Yoast SEO plugin v27.4 - https:\/\/yoast.com\/product\/yoast-seo-wordpress\/ -->\n<title>S\u00f6rmland Tapered Trousers M Long - Fj\u00e4llr\u00e4ven<\/title>\n<meta name=\"robots\" content=\"index, follow, max-snippet:-1, max-image-preview:large, max-video-preview:-1\" \/>\n<link rel=\"canonical\" href=\"https:\/\/fjallshop.hr\/proizvod\/sormland-tapered-trousers-m-long\/\" \/>\n<meta property=\"og:locale\" content=\"en_US\" \/>\n<meta property=\"og:type\" content=\"article\" \/>\n<meta property=\"og:title\" content=\"S\u00f6rmland Tapered Trousers M Long - Fj\u00e4llr\u00e4ven\" \/>\n<meta property=\"og:description\" content=\"Udobne lova\u010dke hla\u010de od izdr\u017eljivog, tihog G-1000 Silent materijala sa su\u017eenim nogavicama. D\u017eep za no\u017e, d\u017eepovi za ruke i stra\u017enji d\u017eepovi te oja\u010dana podru\u010dja za naramenice. Proizvedeno bez PFAS-a.\" \/>\n<meta property=\"og:url\" content=\"https:\/\/fjallshop.hr\/proizvod\/sormland-tapered-trousers-m-long\/\" \/>\n<meta property=\"og:site_name\" content=\"Fj\u00e4llr\u00e4ven\" \/>\n<meta property=\"og:image\" content=\"https:\/\/fjallshop.hr\/wp-content\/uploads\/2026\/04\/sormland_tapered_trousers_m_90651-625_a_main_fjr.webp\" \/>\n\t<meta property=\"og:image:width\" content=\"624\" \/>\n\t<meta property=\"og:image:height\" content=\"624\" \/>\n\t<meta property=\"og:image:type\" content=\"image\/webp\" \/>\n<meta name=\"twitter:card\" content=\"summary_large_image\" \/>\n<meta name=\"twitter:label1\" content=\"Est. reading time\" \/>\n\t<meta name=\"twitter:data1\" content=\"1 minute\" \/>\n<script type=\"application\/ld+json\" class=\"yoast-schema-graph\">{\"@context\":\"https:\\\/\\\/schema.org\",\"@graph\":[{\"@type\":\"WebPage\",\"@id\":\"https:\\\/\\\/fjallshop.hr\\\/proizvod\\\/sormland-tapered-trousers-m-long\\\/\",\"url\":\"https:\\\/\\\/fjallshop.hr\\\/proizvod\\\/sormland-tapered-trousers-m-long\\\/\",\"name\":\"S\u00f6rmland Tapered Trousers M Long - Fj\u00e4llr\u00e4ven\",\"isPartOf\":{\"@id\":\"https:\\\/\\\/fjallshop.hr\\\/sl\\\/#website\"},\"primaryImageOfPage\":{\"@id\":\"https:\\\/\\\/fjallshop.hr\\\/proizvod\\\/sormland-tapered-trousers-m-long\\\/#primaryimage\"},\"image\":{\"@id\":\"https:\\\/\\\/fjallshop.hr\\\/proizvod\\\/sormland-tapered-trousers-m-long\\\/#primaryimage\"},\"thumbnailUrl\":\"https:\\\/\\\/fjallshop.hr\\\/wp-content\\\/uploads\\\/2026\\\/04\\\/sormland_tapered_trousers_m_90651-625_a_main_fjr.webp\",\"datePublished\":\"2026-04-24T14:56:10+00:00\",\"breadcrumb\":{\"@id\":\"https:\\\/\\\/fjallshop.hr\\\/proizvod\\\/sormland-tapered-trousers-m-long\\\/#breadcrumb\"},\"inLanguage\":\"en-US\",\"potentialAction\":[{\"@type\":\"ReadAction\",\"target\":[\"https:\\\/\\\/fjallshop.hr\\\/proizvod\\\/sormland-tapered-trousers-m-long\\\/\"]}]},{\"@type\":\"ImageObject\",\"inLanguage\":\"en-US\",\"@id\":\"https:\\\/\\\/fjallshop.hr\\\/proizvod\\\/sormland-tapered-trousers-m-long\\\/#primaryimage\",\"url\":\"https:\\\/\\\/fjallshop.hr\\\/wp-content\\\/uploads\\\/2026\\\/04\\\/sormland_tapered_trousers_m_90651-625_a_main_fjr.webp\",\"contentUrl\":\"https:\\\/\\\/fjallshop.hr\\\/wp-content\\\/uploads\\\/2026\\\/04\\\/sormland_tapered_trousers_m_90651-625_a_main_fjr.webp\",\"width\":624,\"height\":624},{\"@type\":\"BreadcrumbList\",\"@id\":\"https:\\\/\\\/fjallshop.hr\\\/proizvod\\\/sormland-tapered-trousers-m-long\\\/#breadcrumb\",\"itemListElement\":[{\"@type\":\"ListItem\",\"position\":1,\"name\":\"Home\",\"item\":\"https:\\\/\\\/fjallshop.hr\\\/sl\\\/\"},{\"@type\":\"ListItem\",\"position\":2,\"name\":\"Shop\",\"item\":\"https:\\\/\\\/fjallshop.hr\\\/en\\\/shop\\\/\"},{\"@type\":\"ListItem\",\"position\":3,\"name\":\"S\u00f6rmland Tapered Trousers M Long\"}]},{\"@type\":\"WebSite\",\"@id\":\"https:\\\/\\\/fjallshop.hr\\\/sl\\\/#website\",\"url\":\"https:\\\/\\\/fjallshop.hr\\\/sl\\\/\",\"name\":\"Fj\u00e4llr\u00e4ven\",\"description\":\"Web trgovina\",\"publisher\":{\"@id\":\"https:\\\/\\\/fjallshop.hr\\\/sl\\\/#organization\"},\"potentialAction\":[{\"@type\":\"SearchAction\",\"target\":{\"@type\":\"EntryPoint\",\"urlTemplate\":\"https:\\\/\\\/fjallshop.hr\\\/sl\\\/?s={search_term_string}\"},\"query-input\":{\"@type\":\"PropertyValueSpecification\",\"valueRequired\":true,\"valueName\":\"search_term_string\"}}],\"inLanguage\":\"en-US\"},{\"@type\":\"Organization\",\"@id\":\"https:\\\/\\\/fjallshop.hr\\\/sl\\\/#organization\",\"name\":\"Fj\u00e4llr\u00e4ven\",\"url\":\"https:\\\/\\\/fjallshop.hr\\\/sl\\\/\",\"logo\":{\"@type\":\"ImageObject\",\"inLanguage\":\"en-US\",\"@id\":\"https:\\\/\\\/fjallshop.hr\\\/sl\\\/#\\\/schema\\\/logo\\\/image\\\/\",\"url\":\"https:\\\/\\\/fjallshop.hr\\\/wp-content\\\/uploads\\\/2026\\\/01\\\/fjr-logo.svg\",\"contentUrl\":\"https:\\\/\\\/fjallshop.hr\\\/wp-content\\\/uploads\\\/2026\\\/01\\\/fjr-logo.svg\",\"width\":1077,\"height\":393,\"caption\":\"Fj\u00e4llr\u00e4ven\"},\"image\":{\"@id\":\"https:\\\/\\\/fjallshop.hr\\\/sl\\\/#\\\/schema\\\/logo\\\/image\\\/\"}}]}<\/script>\n<!-- \/ Yoast SEO plugin. -->","yoast_head_json":{"title":"S\u00f6rmland Tapered Trousers M Long - Fj\u00e4llr\u00e4ven","robots":{"index":"index","follow":"follow","max-snippet":"max-snippet:-1","max-image-preview":"max-image-preview:large","max-video-preview":"max-video-preview:-1"},"canonical":"https:\/\/fjallshop.hr\/proizvod\/sormland-tapered-trousers-m-long\/","og_locale":"en_US","og_type":"article","og_title":"S\u00f6rmland Tapered Trousers M Long - Fj\u00e4llr\u00e4ven","og_description":"Udobne lova\u010dke hla\u010de od izdr\u017eljivog, tihog G-1000 Silent materijala sa su\u017eenim nogavicama. D\u017eep za no\u017e, d\u017eepovi za ruke i stra\u017enji d\u017eepovi te oja\u010dana podru\u010dja za naramenice. Proizvedeno bez PFAS-a.","og_url":"https:\/\/fjallshop.hr\/proizvod\/sormland-tapered-trousers-m-long\/","og_site_name":"Fj\u00e4llr\u00e4ven","og_image":[{"width":624,"height":624,"url":"https:\/\/fjallshop.hr\/wp-content\/uploads\/2026\/04\/sormland_tapered_trousers_m_90651-625_a_main_fjr.webp","type":"image\/webp"}],"twitter_card":"summary_large_image","twitter_misc":{"Est. reading time":"1 minute"},"schema":{"@context":"https:\/\/schema.org","@graph":[{"@type":"WebPage","@id":"https:\/\/fjallshop.hr\/proizvod\/sormland-tapered-trousers-m-long\/","url":"https:\/\/fjallshop.hr\/proizvod\/sormland-tapered-trousers-m-long\/","name":"S\u00f6rmland Tapered Trousers M Long - Fj\u00e4llr\u00e4ven","isPartOf":{"@id":"https:\/\/fjallshop.hr\/sl\/#website"},"primaryImageOfPage":{"@id":"https:\/\/fjallshop.hr\/proizvod\/sormland-tapered-trousers-m-long\/#primaryimage"},"image":{"@id":"https:\/\/fjallshop.hr\/proizvod\/sormland-tapered-trousers-m-long\/#primaryimage"},"thumbnailUrl":"https:\/\/fjallshop.hr\/wp-content\/uploads\/2026\/04\/sormland_tapered_trousers_m_90651-625_a_main_fjr.webp","datePublished":"2026-04-24T14:56:10+00:00","breadcrumb":{"@id":"https:\/\/fjallshop.hr\/proizvod\/sormland-tapered-trousers-m-long\/#breadcrumb"},"inLanguage":"en-US","potentialAction":[{"@type":"ReadAction","target":["https:\/\/fjallshop.hr\/proizvod\/sormland-tapered-trousers-m-long\/"]}]},{"@type":"ImageObject","inLanguage":"en-US","@id":"https:\/\/fjallshop.hr\/proizvod\/sormland-tapered-trousers-m-long\/#primaryimage","url":"https:\/\/fjallshop.hr\/wp-content\/uploads\/2026\/04\/sormland_tapered_trousers_m_90651-625_a_main_fjr.webp","contentUrl":"https:\/\/fjallshop.hr\/wp-content\/uploads\/2026\/04\/sormland_tapered_trousers_m_90651-625_a_main_fjr.webp","width":624,"height":624},{"@type":"BreadcrumbList","@id":"https:\/\/fjallshop.hr\/proizvod\/sormland-tapered-trousers-m-long\/#breadcrumb","itemListElement":[{"@type":"ListItem","position":1,"name":"Home","item":"https:\/\/fjallshop.hr\/sl\/"},{"@type":"ListItem","position":2,"name":"Shop","item":"https:\/\/fjallshop.hr\/en\/shop\/"},{"@type":"ListItem","position":3,"name":"S\u00f6rmland Tapered Trousers M Long"}]},{"@type":"WebSite","@id":"https:\/\/fjallshop.hr\/sl\/#website","url":"https:\/\/fjallshop.hr\/sl\/","name":"Fj\u00e4llr\u00e4ven","description":"Web trgovina","publisher":{"@id":"https:\/\/fjallshop.hr\/sl\/#organization"},"potentialAction":[{"@type":"SearchAction","target":{"@type":"EntryPoint","urlTemplate":"https:\/\/fjallshop.hr\/sl\/?s={search_term_string}"},"query-input":{"@type":"PropertyValueSpecification","valueRequired":true,"valueName":"search_term_string"}}],"inLanguage":"en-US"},{"@type":"Organization","@id":"https:\/\/fjallshop.hr\/sl\/#organization","name":"Fj\u00e4llr\u00e4ven","url":"https:\/\/fjallshop.hr\/sl\/","logo":{"@type":"ImageObject","inLanguage":"en-US","@id":"https:\/\/fjallshop.hr\/sl\/#\/schema\/logo\/image\/","url":"https:\/\/fjallshop.hr\/wp-content\/uploads\/2026\/01\/fjr-logo.svg","contentUrl":"https:\/\/fjallshop.hr\/wp-content\/uploads\/2026\/01\/fjr-logo.svg","width":1077,"height":393,"caption":"Fj\u00e4llr\u00e4ven"},"image":{"@id":"https:\/\/fjallshop.hr\/sl\/#\/schema\/logo\/image\/"}}]}},"_links":{"self":[{"href":"https:\/\/fjallshop.hr\/en\/wp-json\/wp\/v2\/product\/1030897","targetHints":{"allow":["GET"]}}],"collection":[{"href":"https:\/\/fjallshop.hr\/en\/wp-json\/wp\/v2\/product"}],"about":[{"href":"https:\/\/fjallshop.hr\/en\/wp-json\/wp\/v2\/types\/product"}],"version-history":[{"count":1,"href":"https:\/\/fjallshop.hr\/en\/wp-json\/wp\/v2\/product\/1030897\/revisions"}],"predecessor-version":[{"id":1030913,"href":"https:\/\/fjallshop.hr\/en\/wp-json\/wp\/v2\/product\/1030897\/revisions\/1030913"}],"wp:featuredmedia":[{"embeddable":true,"href":"https:\/\/fjallshop.hr\/en\/wp-json\/wp\/v2\/media\/1030905"}],"wp:attachment":[{"href":"https:\/\/fjallshop.hr\/en\/wp-json\/wp\/v2\/media?parent=1030897"}],"wp:term":[{"taxonomy":"product_brand","embeddable":true,"href":"https:\/\/fjallshop.hr\/en\/wp-json\/wp\/v2\/product_brand?post=1030897"},{"taxonomy":"product_cat","embeddable":true,"href":"https:\/\/fjallshop.hr\/en\/wp-json\/wp\/v2\/product_cat?post=1030897"},{"taxonomy":"product_tag","embeddable":true,"href":"https:\/\/fjallshop.hr\/en\/wp-json\/wp\/v2\/product_tag?post=1030897"}],"curies":[{"name":"wp","href":"https:\/\/api.w.org\/{rel}","templated":true}]}}