{"id":1030811,"date":"2026-04-23T16:31:36","date_gmt":"2026-04-23T16:31:36","guid":{"rendered":"https:\/\/fjallshop.hr\/?post_type=product&#038;p=1030811"},"modified":"2026-04-23T16:31:36","modified_gmt":"2026-04-23T16:31:36","slug":"kajka-x-latt-45-s-m","status":"publish","type":"product","link":"https:\/\/fjallshop.hr\/en\/product\/kajka-x-latt-45-s-m\/","title":{"rendered":"KAJKA X-L\u00c4TT 45 S\/M"},"content":{"rendered":"<div><span dir=\"auto\">X u Fj\u00e4llr\u00e4venu zna\u010di &#8216;istra\u017eivanje proizvoda&#8217;, a ovaj put smo istra\u017eili kako savr\u0161eno optimizirati ravnote\u017eu izme\u0111u izdr\u017eljivosti, funkcionalnosti i male te\u017eine. Kajka X-L\u00e4tt 45 je dugotrajan ruksak za planinarenje koji je lagan, bogat funkcionalnim zna\u010dajkama i jednostavan za popravak. Glavni pretinac od 45 L izra\u0111en je od na\u0161e izuzetno izdr\u017eljive tkanine, Vinylon F, oko visokokvalitetnog okvira od brezovog drva. Duljina le\u0111a je potpuno podesiva, a rastezljivi bo\u010dni d\u017eepovi i odvojivi prednji d\u017eep nude dodatni prostor za pohranu. Unutarnji d\u017eep je odvojiv i mo\u017ee se zasebno koristiti kao mala torba preko tijela za osnovne stvari. Ovaj model veli\u010dine S\/M ima blago su\u017eene naramenice kako bi bolje odgovarale manjim gra\u0111ama i pru\u017eile vi\u0161e prostora za poprsje, plus ne\u0161to kra\u0107i i zakrivljeniji remen za kukove.<\/span><\/div>\n<div class=\"pdp-features__info-items\">\n<div><\/div>\n<\/div>\n","protected":false},"excerpt":{"rendered":"<div class=\"pdp-area__description\"><span dir=\"auto\">Izdr\u017eljiv i lagan ruksak za planinarenje s vi\u0161e funkcionalnih i jednostavnih zna\u010dajki za popravak. Proizveden bez PFAS-a.<\/span><\/div>\n<div class=\"pdp-icon-features\">\n<div class=\"pdp-icon-features__items\"><\/div>\n<\/div>\n","protected":false},"featured_media":1030806,"template":"","meta":[],"product_brand":[461],"product_cat":[151],"product_tag":[590,576,488,471,598,485],"class_list":{"0":"post-1030811","1":"product","2":"type-product","3":"status-publish","4":"has-post-thumbnail","6":"product_brand-singi","7":"product_cat-ruksaci-i-torbe","8":"product_tag-oprema","9":"product_tag-ruksaci-torbe","10":"product_tag-singi","11":"product_tag-trekking","12":"product_tag-trekking-ruksaci","13":"product_tag-unisex","15":"first","16":"outofstock","17":"shipping-taxable","18":"purchasable","19":"product-type-variable"},"yoast_head":"<!-- This site is optimized with the Yoast SEO plugin v27.4 - https:\/\/yoast.com\/product\/yoast-seo-wordpress\/ -->\n<title>KAJKA X-L\u00c4TT 45 S\/M - Fj\u00e4llr\u00e4ven<\/title>\n<meta name=\"robots\" content=\"index, follow, max-snippet:-1, max-image-preview:large, max-video-preview:-1\" \/>\n<link rel=\"canonical\" href=\"https:\/\/fjallshop.hr\/proizvod\/kajka-x-latt-45-s-m\/\" \/>\n<meta property=\"og:locale\" content=\"en_US\" \/>\n<meta property=\"og:type\" content=\"article\" \/>\n<meta property=\"og:title\" content=\"KAJKA X-L\u00c4TT 45 S\/M - Fj\u00e4llr\u00e4ven\" \/>\n<meta property=\"og:description\" content=\"Izdr\u017eljiv i lagan ruksak za planinarenje s vi\u0161e funkcionalnih i jednostavnih zna\u010dajki za popravak. Proizveden bez PFAS-a.\" \/>\n<meta property=\"og:url\" content=\"https:\/\/fjallshop.hr\/proizvod\/kajka-x-latt-45-s-m\/\" \/>\n<meta property=\"og:site_name\" content=\"Fj\u00e4llr\u00e4ven\" \/>\n<meta property=\"og:image\" content=\"https:\/\/fjallshop.hr\/wp-content\/uploads\/2026\/04\/kajka_x-latt_45_s_m_23200351-620_a_main.webp\" \/>\n\t<meta property=\"og:image:width\" content=\"624\" \/>\n\t<meta property=\"og:image:height\" content=\"624\" \/>\n\t<meta property=\"og:image:type\" content=\"image\/webp\" \/>\n<meta name=\"twitter:card\" content=\"summary_large_image\" \/>\n<meta name=\"twitter:label1\" content=\"Est. reading time\" \/>\n\t<meta name=\"twitter:data1\" content=\"1 minute\" \/>\n<script type=\"application\/ld+json\" class=\"yoast-schema-graph\">{\"@context\":\"https:\\\/\\\/schema.org\",\"@graph\":[{\"@type\":\"WebPage\",\"@id\":\"https:\\\/\\\/fjallshop.hr\\\/proizvod\\\/kajka-x-latt-45-s-m\\\/\",\"url\":\"https:\\\/\\\/fjallshop.hr\\\/proizvod\\\/kajka-x-latt-45-s-m\\\/\",\"name\":\"KAJKA X-L\u00c4TT 45 S\\\/M - Fj\u00e4llr\u00e4ven\",\"isPartOf\":{\"@id\":\"https:\\\/\\\/fjallshop.hr\\\/sl\\\/#website\"},\"primaryImageOfPage\":{\"@id\":\"https:\\\/\\\/fjallshop.hr\\\/proizvod\\\/kajka-x-latt-45-s-m\\\/#primaryimage\"},\"image\":{\"@id\":\"https:\\\/\\\/fjallshop.hr\\\/proizvod\\\/kajka-x-latt-45-s-m\\\/#primaryimage\"},\"thumbnailUrl\":\"https:\\\/\\\/fjallshop.hr\\\/wp-content\\\/uploads\\\/2026\\\/04\\\/kajka_x-latt_45_s_m_23200351-620_a_main.webp\",\"datePublished\":\"2026-04-23T16:31:36+00:00\",\"breadcrumb\":{\"@id\":\"https:\\\/\\\/fjallshop.hr\\\/proizvod\\\/kajka-x-latt-45-s-m\\\/#breadcrumb\"},\"inLanguage\":\"en-US\",\"potentialAction\":[{\"@type\":\"ReadAction\",\"target\":[\"https:\\\/\\\/fjallshop.hr\\\/proizvod\\\/kajka-x-latt-45-s-m\\\/\"]}]},{\"@type\":\"ImageObject\",\"inLanguage\":\"en-US\",\"@id\":\"https:\\\/\\\/fjallshop.hr\\\/proizvod\\\/kajka-x-latt-45-s-m\\\/#primaryimage\",\"url\":\"https:\\\/\\\/fjallshop.hr\\\/wp-content\\\/uploads\\\/2026\\\/04\\\/kajka_x-latt_45_s_m_23200351-620_a_main.webp\",\"contentUrl\":\"https:\\\/\\\/fjallshop.hr\\\/wp-content\\\/uploads\\\/2026\\\/04\\\/kajka_x-latt_45_s_m_23200351-620_a_main.webp\",\"width\":624,\"height\":624},{\"@type\":\"BreadcrumbList\",\"@id\":\"https:\\\/\\\/fjallshop.hr\\\/proizvod\\\/kajka-x-latt-45-s-m\\\/#breadcrumb\",\"itemListElement\":[{\"@type\":\"ListItem\",\"position\":1,\"name\":\"Home\",\"item\":\"https:\\\/\\\/fjallshop.hr\\\/sl\\\/\"},{\"@type\":\"ListItem\",\"position\":2,\"name\":\"Shop\",\"item\":\"https:\\\/\\\/fjallshop.hr\\\/en\\\/shop\\\/\"},{\"@type\":\"ListItem\",\"position\":3,\"name\":\"KAJKA X-L\u00c4TT 45 S\\\/M\"}]},{\"@type\":\"WebSite\",\"@id\":\"https:\\\/\\\/fjallshop.hr\\\/sl\\\/#website\",\"url\":\"https:\\\/\\\/fjallshop.hr\\\/sl\\\/\",\"name\":\"Fj\u00e4llr\u00e4ven\",\"description\":\"Web trgovina\",\"publisher\":{\"@id\":\"https:\\\/\\\/fjallshop.hr\\\/sl\\\/#organization\"},\"potentialAction\":[{\"@type\":\"SearchAction\",\"target\":{\"@type\":\"EntryPoint\",\"urlTemplate\":\"https:\\\/\\\/fjallshop.hr\\\/sl\\\/?s={search_term_string}\"},\"query-input\":{\"@type\":\"PropertyValueSpecification\",\"valueRequired\":true,\"valueName\":\"search_term_string\"}}],\"inLanguage\":\"en-US\"},{\"@type\":\"Organization\",\"@id\":\"https:\\\/\\\/fjallshop.hr\\\/sl\\\/#organization\",\"name\":\"Fj\u00e4llr\u00e4ven\",\"url\":\"https:\\\/\\\/fjallshop.hr\\\/sl\\\/\",\"logo\":{\"@type\":\"ImageObject\",\"inLanguage\":\"en-US\",\"@id\":\"https:\\\/\\\/fjallshop.hr\\\/sl\\\/#\\\/schema\\\/logo\\\/image\\\/\",\"url\":\"https:\\\/\\\/fjallshop.hr\\\/wp-content\\\/uploads\\\/2026\\\/01\\\/fjr-logo.svg\",\"contentUrl\":\"https:\\\/\\\/fjallshop.hr\\\/wp-content\\\/uploads\\\/2026\\\/01\\\/fjr-logo.svg\",\"width\":1077,\"height\":393,\"caption\":\"Fj\u00e4llr\u00e4ven\"},\"image\":{\"@id\":\"https:\\\/\\\/fjallshop.hr\\\/sl\\\/#\\\/schema\\\/logo\\\/image\\\/\"}}]}<\/script>\n<!-- \/ Yoast SEO plugin. -->","yoast_head_json":{"title":"KAJKA X-L\u00c4TT 45 S\/M - Fj\u00e4llr\u00e4ven","robots":{"index":"index","follow":"follow","max-snippet":"max-snippet:-1","max-image-preview":"max-image-preview:large","max-video-preview":"max-video-preview:-1"},"canonical":"https:\/\/fjallshop.hr\/proizvod\/kajka-x-latt-45-s-m\/","og_locale":"en_US","og_type":"article","og_title":"KAJKA X-L\u00c4TT 45 S\/M - Fj\u00e4llr\u00e4ven","og_description":"Izdr\u017eljiv i lagan ruksak za planinarenje s vi\u0161e funkcionalnih i jednostavnih zna\u010dajki za popravak. Proizveden bez PFAS-a.","og_url":"https:\/\/fjallshop.hr\/proizvod\/kajka-x-latt-45-s-m\/","og_site_name":"Fj\u00e4llr\u00e4ven","og_image":[{"width":624,"height":624,"url":"https:\/\/fjallshop.hr\/wp-content\/uploads\/2026\/04\/kajka_x-latt_45_s_m_23200351-620_a_main.webp","type":"image\/webp"}],"twitter_card":"summary_large_image","twitter_misc":{"Est. reading time":"1 minute"},"schema":{"@context":"https:\/\/schema.org","@graph":[{"@type":"WebPage","@id":"https:\/\/fjallshop.hr\/proizvod\/kajka-x-latt-45-s-m\/","url":"https:\/\/fjallshop.hr\/proizvod\/kajka-x-latt-45-s-m\/","name":"KAJKA X-L\u00c4TT 45 S\/M - Fj\u00e4llr\u00e4ven","isPartOf":{"@id":"https:\/\/fjallshop.hr\/sl\/#website"},"primaryImageOfPage":{"@id":"https:\/\/fjallshop.hr\/proizvod\/kajka-x-latt-45-s-m\/#primaryimage"},"image":{"@id":"https:\/\/fjallshop.hr\/proizvod\/kajka-x-latt-45-s-m\/#primaryimage"},"thumbnailUrl":"https:\/\/fjallshop.hr\/wp-content\/uploads\/2026\/04\/kajka_x-latt_45_s_m_23200351-620_a_main.webp","datePublished":"2026-04-23T16:31:36+00:00","breadcrumb":{"@id":"https:\/\/fjallshop.hr\/proizvod\/kajka-x-latt-45-s-m\/#breadcrumb"},"inLanguage":"en-US","potentialAction":[{"@type":"ReadAction","target":["https:\/\/fjallshop.hr\/proizvod\/kajka-x-latt-45-s-m\/"]}]},{"@type":"ImageObject","inLanguage":"en-US","@id":"https:\/\/fjallshop.hr\/proizvod\/kajka-x-latt-45-s-m\/#primaryimage","url":"https:\/\/fjallshop.hr\/wp-content\/uploads\/2026\/04\/kajka_x-latt_45_s_m_23200351-620_a_main.webp","contentUrl":"https:\/\/fjallshop.hr\/wp-content\/uploads\/2026\/04\/kajka_x-latt_45_s_m_23200351-620_a_main.webp","width":624,"height":624},{"@type":"BreadcrumbList","@id":"https:\/\/fjallshop.hr\/proizvod\/kajka-x-latt-45-s-m\/#breadcrumb","itemListElement":[{"@type":"ListItem","position":1,"name":"Home","item":"https:\/\/fjallshop.hr\/sl\/"},{"@type":"ListItem","position":2,"name":"Shop","item":"https:\/\/fjallshop.hr\/en\/shop\/"},{"@type":"ListItem","position":3,"name":"KAJKA X-L\u00c4TT 45 S\/M"}]},{"@type":"WebSite","@id":"https:\/\/fjallshop.hr\/sl\/#website","url":"https:\/\/fjallshop.hr\/sl\/","name":"Fj\u00e4llr\u00e4ven","description":"Web trgovina","publisher":{"@id":"https:\/\/fjallshop.hr\/sl\/#organization"},"potentialAction":[{"@type":"SearchAction","target":{"@type":"EntryPoint","urlTemplate":"https:\/\/fjallshop.hr\/sl\/?s={search_term_string}"},"query-input":{"@type":"PropertyValueSpecification","valueRequired":true,"valueName":"search_term_string"}}],"inLanguage":"en-US"},{"@type":"Organization","@id":"https:\/\/fjallshop.hr\/sl\/#organization","name":"Fj\u00e4llr\u00e4ven","url":"https:\/\/fjallshop.hr\/sl\/","logo":{"@type":"ImageObject","inLanguage":"en-US","@id":"https:\/\/fjallshop.hr\/sl\/#\/schema\/logo\/image\/","url":"https:\/\/fjallshop.hr\/wp-content\/uploads\/2026\/01\/fjr-logo.svg","contentUrl":"https:\/\/fjallshop.hr\/wp-content\/uploads\/2026\/01\/fjr-logo.svg","width":1077,"height":393,"caption":"Fj\u00e4llr\u00e4ven"},"image":{"@id":"https:\/\/fjallshop.hr\/sl\/#\/schema\/logo\/image\/"}}]}},"_links":{"self":[{"href":"https:\/\/fjallshop.hr\/en\/wp-json\/wp\/v2\/product\/1030811","targetHints":{"allow":["GET"]}}],"collection":[{"href":"https:\/\/fjallshop.hr\/en\/wp-json\/wp\/v2\/product"}],"about":[{"href":"https:\/\/fjallshop.hr\/en\/wp-json\/wp\/v2\/types\/product"}],"version-history":[{"count":1,"href":"https:\/\/fjallshop.hr\/en\/wp-json\/wp\/v2\/product\/1030811\/revisions"}],"predecessor-version":[{"id":1030813,"href":"https:\/\/fjallshop.hr\/en\/wp-json\/wp\/v2\/product\/1030811\/revisions\/1030813"}],"wp:featuredmedia":[{"embeddable":true,"href":"https:\/\/fjallshop.hr\/en\/wp-json\/wp\/v2\/media\/1030806"}],"wp:attachment":[{"href":"https:\/\/fjallshop.hr\/en\/wp-json\/wp\/v2\/media?parent=1030811"}],"wp:term":[{"taxonomy":"product_brand","embeddable":true,"href":"https:\/\/fjallshop.hr\/en\/wp-json\/wp\/v2\/product_brand?post=1030811"},{"taxonomy":"product_cat","embeddable":true,"href":"https:\/\/fjallshop.hr\/en\/wp-json\/wp\/v2\/product_cat?post=1030811"},{"taxonomy":"product_tag","embeddable":true,"href":"https:\/\/fjallshop.hr\/en\/wp-json\/wp\/v2\/product_tag?post=1030811"}],"curies":[{"name":"wp","href":"https:\/\/api.w.org\/{rel}","templated":true}]}}