{"id":1030766,"date":"2026-04-23T13:46:25","date_gmt":"2026-04-23T13:46:25","guid":{"rendered":"https:\/\/fjallshop.hr\/?post_type=product&#038;p=1030766"},"modified":"2026-04-23T13:46:26","modified_gmt":"2026-04-23T13:46:26","slug":"barents-pro-hunting-trousers-m","status":"publish","type":"product","link":"https:\/\/fjallshop.hr\/en\/product\/barents-pro-hunting-trousers-m\/","title":{"rendered":"BARENTS PRO HUNTING TROUSERS M"},"content":{"rendered":"<p>Klasi\u010dne treking hla\u010de Barents Pro omiljene su me\u0111u lovcima, a sada su dostupne i u G-1000 Silent materijalu s tihim kop\u010dama za jo\u0161 bolje lova\u010dke performanse. \u010cetkana tkanina omogu\u0107uje vam tiho kretanje, a istovremeno je izdr\u017eljiva i otporna na vremenske uvjete. Oja\u010danja na stra\u017enjem dijelu i koljenima otporna su na vlagu kada sjedite ili kle\u010dite, a tu je i sedam d\u017eepova za kartu, no\u017e, multifunkcionalni alat itd.<\/p>\n","protected":false},"excerpt":{"rendered":"<p>Izdr\u017eljive i otporne hla\u010de od G-1000 Silent materijala za lov i \u017eivot u \u0161umi. Proizvedeno bez PFAS-a.<\/p>\n","protected":false},"featured_media":1030769,"template":"","meta":[],"product_brand":[468],"product_cat":[734],"product_tag":[745,469,474,528,537,470],"class_list":{"0":"post-1030766","1":"product","2":"type-product","3":"status-publish","4":"has-post-thumbnail","6":"product_brand-varmland","7":"product_cat-hlace","8":"product_tag-barents","9":"product_tag-hlace","10":"product_tag-hunting","11":"product_tag-muske-hlace","12":"product_tag-muske-lovacke-hlace","13":"product_tag-muski","15":"first","16":"outofstock","17":"shipping-taxable","18":"purchasable","19":"product-type-variable"},"yoast_head":"<!-- This site is optimized with the Yoast SEO plugin v27.4 - https:\/\/yoast.com\/product\/yoast-seo-wordpress\/ -->\n<title>BARENTS PRO HUNTING TROUSERS M - Fj\u00e4llr\u00e4ven<\/title>\n<meta name=\"robots\" content=\"index, follow, max-snippet:-1, max-image-preview:large, max-video-preview:-1\" \/>\n<link rel=\"canonical\" href=\"https:\/\/fjallshop.hr\/proizvod\/barents-pro-hunting-trousers-m\/\" \/>\n<meta property=\"og:locale\" content=\"en_US\" \/>\n<meta property=\"og:type\" content=\"article\" \/>\n<meta property=\"og:title\" content=\"BARENTS PRO HUNTING TROUSERS M - Fj\u00e4llr\u00e4ven\" \/>\n<meta property=\"og:description\" content=\"Izdr\u017eljive i otporne hla\u010de od G-1000 Silent materijala za lov i \u017eivot u \u0161umi. Proizvedeno bez PFAS-a.\" \/>\n<meta property=\"og:url\" content=\"https:\/\/fjallshop.hr\/proizvod\/barents-pro-hunting-trousers-m\/\" \/>\n<meta property=\"og:site_name\" content=\"Fj\u00e4llr\u00e4ven\" \/>\n<meta property=\"article:modified_time\" content=\"2026-04-23T13:46:26+00:00\" \/>\n<meta property=\"og:image\" content=\"https:\/\/fjallshop.hr\/wp-content\/uploads\/2026\/04\/7323450533007_ss20_a_barents_pro_hunting_trousers_m_fjaellraeven_21.webp\" \/>\n\t<meta property=\"og:image:width\" content=\"624\" \/>\n\t<meta property=\"og:image:height\" content=\"624\" \/>\n\t<meta property=\"og:image:type\" content=\"image\/webp\" \/>\n<meta name=\"twitter:card\" content=\"summary_large_image\" \/>\n<meta name=\"twitter:label1\" content=\"Est. reading time\" \/>\n\t<meta name=\"twitter:data1\" content=\"1 minute\" \/>\n<script type=\"application\/ld+json\" class=\"yoast-schema-graph\">{\"@context\":\"https:\\\/\\\/schema.org\",\"@graph\":[{\"@type\":\"WebPage\",\"@id\":\"https:\\\/\\\/fjallshop.hr\\\/proizvod\\\/barents-pro-hunting-trousers-m\\\/\",\"url\":\"https:\\\/\\\/fjallshop.hr\\\/proizvod\\\/barents-pro-hunting-trousers-m\\\/\",\"name\":\"BARENTS PRO HUNTING TROUSERS M - Fj\u00e4llr\u00e4ven\",\"isPartOf\":{\"@id\":\"https:\\\/\\\/fjallshop.hr\\\/sl\\\/#website\"},\"primaryImageOfPage\":{\"@id\":\"https:\\\/\\\/fjallshop.hr\\\/proizvod\\\/barents-pro-hunting-trousers-m\\\/#primaryimage\"},\"image\":{\"@id\":\"https:\\\/\\\/fjallshop.hr\\\/proizvod\\\/barents-pro-hunting-trousers-m\\\/#primaryimage\"},\"thumbnailUrl\":\"https:\\\/\\\/fjallshop.hr\\\/wp-content\\\/uploads\\\/2026\\\/04\\\/7323450533007_ss20_a_barents_pro_hunting_trousers_m_fjaellraeven_21.webp\",\"datePublished\":\"2026-04-23T13:46:25+00:00\",\"dateModified\":\"2026-04-23T13:46:26+00:00\",\"breadcrumb\":{\"@id\":\"https:\\\/\\\/fjallshop.hr\\\/proizvod\\\/barents-pro-hunting-trousers-m\\\/#breadcrumb\"},\"inLanguage\":\"en-US\",\"potentialAction\":[{\"@type\":\"ReadAction\",\"target\":[\"https:\\\/\\\/fjallshop.hr\\\/proizvod\\\/barents-pro-hunting-trousers-m\\\/\"]}]},{\"@type\":\"ImageObject\",\"inLanguage\":\"en-US\",\"@id\":\"https:\\\/\\\/fjallshop.hr\\\/proizvod\\\/barents-pro-hunting-trousers-m\\\/#primaryimage\",\"url\":\"https:\\\/\\\/fjallshop.hr\\\/wp-content\\\/uploads\\\/2026\\\/04\\\/7323450533007_ss20_a_barents_pro_hunting_trousers_m_fjaellraeven_21.webp\",\"contentUrl\":\"https:\\\/\\\/fjallshop.hr\\\/wp-content\\\/uploads\\\/2026\\\/04\\\/7323450533007_ss20_a_barents_pro_hunting_trousers_m_fjaellraeven_21.webp\",\"width\":624,\"height\":624},{\"@type\":\"BreadcrumbList\",\"@id\":\"https:\\\/\\\/fjallshop.hr\\\/proizvod\\\/barents-pro-hunting-trousers-m\\\/#breadcrumb\",\"itemListElement\":[{\"@type\":\"ListItem\",\"position\":1,\"name\":\"Home\",\"item\":\"https:\\\/\\\/fjallshop.hr\\\/sl\\\/\"},{\"@type\":\"ListItem\",\"position\":2,\"name\":\"Shop\",\"item\":\"https:\\\/\\\/fjallshop.hr\\\/en\\\/shop\\\/\"},{\"@type\":\"ListItem\",\"position\":3,\"name\":\"BARENTS PRO HUNTING TROUSERS M\"}]},{\"@type\":\"WebSite\",\"@id\":\"https:\\\/\\\/fjallshop.hr\\\/sl\\\/#website\",\"url\":\"https:\\\/\\\/fjallshop.hr\\\/sl\\\/\",\"name\":\"Fj\u00e4llr\u00e4ven\",\"description\":\"Web trgovina\",\"publisher\":{\"@id\":\"https:\\\/\\\/fjallshop.hr\\\/sl\\\/#organization\"},\"potentialAction\":[{\"@type\":\"SearchAction\",\"target\":{\"@type\":\"EntryPoint\",\"urlTemplate\":\"https:\\\/\\\/fjallshop.hr\\\/sl\\\/?s={search_term_string}\"},\"query-input\":{\"@type\":\"PropertyValueSpecification\",\"valueRequired\":true,\"valueName\":\"search_term_string\"}}],\"inLanguage\":\"en-US\"},{\"@type\":\"Organization\",\"@id\":\"https:\\\/\\\/fjallshop.hr\\\/sl\\\/#organization\",\"name\":\"Fj\u00e4llr\u00e4ven\",\"url\":\"https:\\\/\\\/fjallshop.hr\\\/sl\\\/\",\"logo\":{\"@type\":\"ImageObject\",\"inLanguage\":\"en-US\",\"@id\":\"https:\\\/\\\/fjallshop.hr\\\/sl\\\/#\\\/schema\\\/logo\\\/image\\\/\",\"url\":\"https:\\\/\\\/fjallshop.hr\\\/wp-content\\\/uploads\\\/2026\\\/01\\\/fjr-logo.svg\",\"contentUrl\":\"https:\\\/\\\/fjallshop.hr\\\/wp-content\\\/uploads\\\/2026\\\/01\\\/fjr-logo.svg\",\"width\":1077,\"height\":393,\"caption\":\"Fj\u00e4llr\u00e4ven\"},\"image\":{\"@id\":\"https:\\\/\\\/fjallshop.hr\\\/sl\\\/#\\\/schema\\\/logo\\\/image\\\/\"}}]}<\/script>\n<!-- \/ Yoast SEO plugin. -->","yoast_head_json":{"title":"BARENTS PRO HUNTING TROUSERS M - Fj\u00e4llr\u00e4ven","robots":{"index":"index","follow":"follow","max-snippet":"max-snippet:-1","max-image-preview":"max-image-preview:large","max-video-preview":"max-video-preview:-1"},"canonical":"https:\/\/fjallshop.hr\/proizvod\/barents-pro-hunting-trousers-m\/","og_locale":"en_US","og_type":"article","og_title":"BARENTS PRO HUNTING TROUSERS M - Fj\u00e4llr\u00e4ven","og_description":"Izdr\u017eljive i otporne hla\u010de od G-1000 Silent materijala za lov i \u017eivot u \u0161umi. Proizvedeno bez PFAS-a.","og_url":"https:\/\/fjallshop.hr\/proizvod\/barents-pro-hunting-trousers-m\/","og_site_name":"Fj\u00e4llr\u00e4ven","article_modified_time":"2026-04-23T13:46:26+00:00","og_image":[{"width":624,"height":624,"url":"https:\/\/fjallshop.hr\/wp-content\/uploads\/2026\/04\/7323450533007_ss20_a_barents_pro_hunting_trousers_m_fjaellraeven_21.webp","type":"image\/webp"}],"twitter_card":"summary_large_image","twitter_misc":{"Est. reading time":"1 minute"},"schema":{"@context":"https:\/\/schema.org","@graph":[{"@type":"WebPage","@id":"https:\/\/fjallshop.hr\/proizvod\/barents-pro-hunting-trousers-m\/","url":"https:\/\/fjallshop.hr\/proizvod\/barents-pro-hunting-trousers-m\/","name":"BARENTS PRO HUNTING TROUSERS M - Fj\u00e4llr\u00e4ven","isPartOf":{"@id":"https:\/\/fjallshop.hr\/sl\/#website"},"primaryImageOfPage":{"@id":"https:\/\/fjallshop.hr\/proizvod\/barents-pro-hunting-trousers-m\/#primaryimage"},"image":{"@id":"https:\/\/fjallshop.hr\/proizvod\/barents-pro-hunting-trousers-m\/#primaryimage"},"thumbnailUrl":"https:\/\/fjallshop.hr\/wp-content\/uploads\/2026\/04\/7323450533007_ss20_a_barents_pro_hunting_trousers_m_fjaellraeven_21.webp","datePublished":"2026-04-23T13:46:25+00:00","dateModified":"2026-04-23T13:46:26+00:00","breadcrumb":{"@id":"https:\/\/fjallshop.hr\/proizvod\/barents-pro-hunting-trousers-m\/#breadcrumb"},"inLanguage":"en-US","potentialAction":[{"@type":"ReadAction","target":["https:\/\/fjallshop.hr\/proizvod\/barents-pro-hunting-trousers-m\/"]}]},{"@type":"ImageObject","inLanguage":"en-US","@id":"https:\/\/fjallshop.hr\/proizvod\/barents-pro-hunting-trousers-m\/#primaryimage","url":"https:\/\/fjallshop.hr\/wp-content\/uploads\/2026\/04\/7323450533007_ss20_a_barents_pro_hunting_trousers_m_fjaellraeven_21.webp","contentUrl":"https:\/\/fjallshop.hr\/wp-content\/uploads\/2026\/04\/7323450533007_ss20_a_barents_pro_hunting_trousers_m_fjaellraeven_21.webp","width":624,"height":624},{"@type":"BreadcrumbList","@id":"https:\/\/fjallshop.hr\/proizvod\/barents-pro-hunting-trousers-m\/#breadcrumb","itemListElement":[{"@type":"ListItem","position":1,"name":"Home","item":"https:\/\/fjallshop.hr\/sl\/"},{"@type":"ListItem","position":2,"name":"Shop","item":"https:\/\/fjallshop.hr\/en\/shop\/"},{"@type":"ListItem","position":3,"name":"BARENTS PRO HUNTING TROUSERS M"}]},{"@type":"WebSite","@id":"https:\/\/fjallshop.hr\/sl\/#website","url":"https:\/\/fjallshop.hr\/sl\/","name":"Fj\u00e4llr\u00e4ven","description":"Web trgovina","publisher":{"@id":"https:\/\/fjallshop.hr\/sl\/#organization"},"potentialAction":[{"@type":"SearchAction","target":{"@type":"EntryPoint","urlTemplate":"https:\/\/fjallshop.hr\/sl\/?s={search_term_string}"},"query-input":{"@type":"PropertyValueSpecification","valueRequired":true,"valueName":"search_term_string"}}],"inLanguage":"en-US"},{"@type":"Organization","@id":"https:\/\/fjallshop.hr\/sl\/#organization","name":"Fj\u00e4llr\u00e4ven","url":"https:\/\/fjallshop.hr\/sl\/","logo":{"@type":"ImageObject","inLanguage":"en-US","@id":"https:\/\/fjallshop.hr\/sl\/#\/schema\/logo\/image\/","url":"https:\/\/fjallshop.hr\/wp-content\/uploads\/2026\/01\/fjr-logo.svg","contentUrl":"https:\/\/fjallshop.hr\/wp-content\/uploads\/2026\/01\/fjr-logo.svg","width":1077,"height":393,"caption":"Fj\u00e4llr\u00e4ven"},"image":{"@id":"https:\/\/fjallshop.hr\/sl\/#\/schema\/logo\/image\/"}}]}},"_links":{"self":[{"href":"https:\/\/fjallshop.hr\/en\/wp-json\/wp\/v2\/product\/1030766","targetHints":{"allow":["GET"]}}],"collection":[{"href":"https:\/\/fjallshop.hr\/en\/wp-json\/wp\/v2\/product"}],"about":[{"href":"https:\/\/fjallshop.hr\/en\/wp-json\/wp\/v2\/types\/product"}],"version-history":[{"count":1,"href":"https:\/\/fjallshop.hr\/en\/wp-json\/wp\/v2\/product\/1030766\/revisions"}],"predecessor-version":[{"id":1030777,"href":"https:\/\/fjallshop.hr\/en\/wp-json\/wp\/v2\/product\/1030766\/revisions\/1030777"}],"wp:featuredmedia":[{"embeddable":true,"href":"https:\/\/fjallshop.hr\/en\/wp-json\/wp\/v2\/media\/1030769"}],"wp:attachment":[{"href":"https:\/\/fjallshop.hr\/en\/wp-json\/wp\/v2\/media?parent=1030766"}],"wp:term":[{"taxonomy":"product_brand","embeddable":true,"href":"https:\/\/fjallshop.hr\/en\/wp-json\/wp\/v2\/product_brand?post=1030766"},{"taxonomy":"product_cat","embeddable":true,"href":"https:\/\/fjallshop.hr\/en\/wp-json\/wp\/v2\/product_cat?post=1030766"},{"taxonomy":"product_tag","embeddable":true,"href":"https:\/\/fjallshop.hr\/en\/wp-json\/wp\/v2\/product_tag?post=1030766"}],"curies":[{"name":"wp","href":"https:\/\/api.w.org\/{rel}","templated":true}]}}