{"id":1030595,"date":"2026-04-22T15:00:39","date_gmt":"2026-04-22T15:00:39","guid":{"rendered":"https:\/\/fjallshop.hr\/?post_type=product&#038;p=1030595"},"modified":"2026-04-22T15:00:40","modified_gmt":"2026-04-22T15:00:40","slug":"devold-breeze-merino-150-t-shirt-wmn","status":"publish","type":"product","link":"https:\/\/fjallshop.hr\/en\/product\/devold-breeze-merino-150-t-shirt-wmn\/","title":{"rendered":"Devold Breeze Merino 150 T-Shirt Wmn"},"content":{"rendered":"<p>Devold Breeze majica kratkih rukava ultra lagana je odje\u0107a izra\u0111ena od najfinijih i najdu\u017eih vlakana merino vune. Sa 100% vrhunskom merino vunom, ru\u010dno odabranom zbog svoje kvalitete, nudi iznimnu meko\u0107u i prozra\u010dnost, \u0161to je \u010dini idealnom za no\u0161enje tijekom cijele godine. Prirodna svojstva merino vune reguliraju temperaturu i odvode vlagu, odr\u017eavaju\u0107i vas hladnima u toplim, a toplima u hladnijim danima. Koristite ovaj odjevni predmet kao samostalni komad tijekom ljeta i kao prvi sloj tijekom zime. Breeze majica ne svrbi, s fleksibilnim krojem dizajniranim za aktivnost, a njezina antibakterijska svojstva zna\u010de da se merino vuna mo\u017ee nositi vi\u0161e puta bez pranja &#8211; samo je osu\u0161ite i prozra\u010dite, i ostat \u0107e bez mirisa. &#8211; 100% ultra lagana i mekana merino vuna. &#8211; Mo\u017ee se prati u perilici rublja i su\u0161iti u su\u0161ilici rublja (Total Easy Care Merino vuna).<\/p>\n","protected":false},"excerpt":{"rendered":"<p>Devold Breeze majica kratkih rukava ultra lagana je odje\u0107a izra\u0111ena od najfinijih i najdu\u017eih vlakana merino vune. Sa 100% vrhunskom merino vunom, ru\u010dno odabranom zbog svoje kvalitete, nudi iznimnu meko\u0107u i prozra\u010dnost, \u0161to je \u010dini idealnom za no\u0161enje tijekom cijele godine. Prirodna svojstva merino vune reguliraju temperaturu i odvode vlagu, odr\u017eavaju\u0107i vas hladnima u toplim, [&hellip;]<\/p>\n","protected":false},"featured_media":1030608,"template":"","meta":[],"product_brand":[738],"product_cat":[674],"product_tag":[572,571],"class_list":{"0":"post-1030595","1":"product","2":"type-product","3":"status-publish","4":"has-post-thumbnail","6":"product_brand-devold","7":"product_cat-majice","8":"product_tag-merino-zene-kratke","9":"product_tag-merino-zene","11":"first","12":"outofstock","13":"shipping-taxable","14":"purchasable","15":"product-type-variable"},"yoast_head":"<!-- This site is optimized with the Yoast SEO plugin v27.4 - https:\/\/yoast.com\/product\/yoast-seo-wordpress\/ -->\n<title>Devold Breeze Merino 150 T-Shirt Wmn - Fj\u00e4llr\u00e4ven<\/title>\n<meta name=\"robots\" content=\"index, follow, max-snippet:-1, max-image-preview:large, max-video-preview:-1\" \/>\n<link rel=\"canonical\" href=\"https:\/\/fjallshop.hr\/proizvod\/devold-breeze-merino-150-t-shirt-wmn\/\" \/>\n<meta property=\"og:locale\" content=\"en_US\" \/>\n<meta property=\"og:type\" content=\"article\" \/>\n<meta property=\"og:title\" content=\"Devold Breeze Merino 150 T-Shirt Wmn - Fj\u00e4llr\u00e4ven\" \/>\n<meta property=\"og:description\" content=\"Devold Breeze majica kratkih rukava ultra lagana je odje\u0107a izra\u0111ena od najfinijih i najdu\u017eih vlakana merino vune. Sa 100% vrhunskom merino vunom, ru\u010dno odabranom zbog svoje kvalitete, nudi iznimnu meko\u0107u i prozra\u010dnost, \u0161to je \u010dini idealnom za no\u0161enje tijekom cijele godine. Prirodna svojstva merino vune reguliraju temperaturu i odvode vlagu, odr\u017eavaju\u0107i vas hladnima u toplim, [&hellip;]\" \/>\n<meta property=\"og:url\" content=\"https:\/\/fjallshop.hr\/proizvod\/devold-breeze-merino-150-t-shirt-wmn\/\" \/>\n<meta property=\"og:site_name\" content=\"Fj\u00e4llr\u00e4ven\" \/>\n<meta property=\"article:modified_time\" content=\"2026-04-22T15:00:40+00:00\" \/>\n<meta property=\"og:image\" content=\"https:\/\/fjallshop.hr\/wp-content\/uploads\/2026\/04\/go-180-216-a-233a.webp\" \/>\n\t<meta property=\"og:image:width\" content=\"737\" \/>\n\t<meta property=\"og:image:height\" content=\"737\" \/>\n\t<meta property=\"og:image:type\" content=\"image\/webp\" \/>\n<meta name=\"twitter:card\" content=\"summary_large_image\" \/>\n<meta name=\"twitter:label1\" content=\"Est. reading time\" \/>\n\t<meta name=\"twitter:data1\" content=\"1 minute\" \/>\n<script type=\"application\/ld+json\" class=\"yoast-schema-graph\">{\"@context\":\"https:\\\/\\\/schema.org\",\"@graph\":[{\"@type\":\"WebPage\",\"@id\":\"https:\\\/\\\/fjallshop.hr\\\/proizvod\\\/devold-breeze-merino-150-t-shirt-wmn\\\/\",\"url\":\"https:\\\/\\\/fjallshop.hr\\\/proizvod\\\/devold-breeze-merino-150-t-shirt-wmn\\\/\",\"name\":\"Devold Breeze Merino 150 T-Shirt Wmn - Fj\u00e4llr\u00e4ven\",\"isPartOf\":{\"@id\":\"https:\\\/\\\/fjallshop.hr\\\/sl\\\/#website\"},\"primaryImageOfPage\":{\"@id\":\"https:\\\/\\\/fjallshop.hr\\\/proizvod\\\/devold-breeze-merino-150-t-shirt-wmn\\\/#primaryimage\"},\"image\":{\"@id\":\"https:\\\/\\\/fjallshop.hr\\\/proizvod\\\/devold-breeze-merino-150-t-shirt-wmn\\\/#primaryimage\"},\"thumbnailUrl\":\"https:\\\/\\\/fjallshop.hr\\\/wp-content\\\/uploads\\\/2026\\\/04\\\/go-180-216-a-233a.webp\",\"datePublished\":\"2026-04-22T15:00:39+00:00\",\"dateModified\":\"2026-04-22T15:00:40+00:00\",\"breadcrumb\":{\"@id\":\"https:\\\/\\\/fjallshop.hr\\\/proizvod\\\/devold-breeze-merino-150-t-shirt-wmn\\\/#breadcrumb\"},\"inLanguage\":\"en-US\",\"potentialAction\":[{\"@type\":\"ReadAction\",\"target\":[\"https:\\\/\\\/fjallshop.hr\\\/proizvod\\\/devold-breeze-merino-150-t-shirt-wmn\\\/\"]}]},{\"@type\":\"ImageObject\",\"inLanguage\":\"en-US\",\"@id\":\"https:\\\/\\\/fjallshop.hr\\\/proizvod\\\/devold-breeze-merino-150-t-shirt-wmn\\\/#primaryimage\",\"url\":\"https:\\\/\\\/fjallshop.hr\\\/wp-content\\\/uploads\\\/2026\\\/04\\\/go-180-216-a-233a.webp\",\"contentUrl\":\"https:\\\/\\\/fjallshop.hr\\\/wp-content\\\/uploads\\\/2026\\\/04\\\/go-180-216-a-233a.webp\",\"width\":737,\"height\":737},{\"@type\":\"BreadcrumbList\",\"@id\":\"https:\\\/\\\/fjallshop.hr\\\/proizvod\\\/devold-breeze-merino-150-t-shirt-wmn\\\/#breadcrumb\",\"itemListElement\":[{\"@type\":\"ListItem\",\"position\":1,\"name\":\"Home\",\"item\":\"https:\\\/\\\/fjallshop.hr\\\/sl\\\/\"},{\"@type\":\"ListItem\",\"position\":2,\"name\":\"Shop\",\"item\":\"https:\\\/\\\/fjallshop.hr\\\/en\\\/shop\\\/\"},{\"@type\":\"ListItem\",\"position\":3,\"name\":\"Devold Breeze Merino 150 T-Shirt Wmn\"}]},{\"@type\":\"WebSite\",\"@id\":\"https:\\\/\\\/fjallshop.hr\\\/sl\\\/#website\",\"url\":\"https:\\\/\\\/fjallshop.hr\\\/sl\\\/\",\"name\":\"Fj\u00e4llr\u00e4ven\",\"description\":\"Web trgovina\",\"publisher\":{\"@id\":\"https:\\\/\\\/fjallshop.hr\\\/sl\\\/#organization\"},\"potentialAction\":[{\"@type\":\"SearchAction\",\"target\":{\"@type\":\"EntryPoint\",\"urlTemplate\":\"https:\\\/\\\/fjallshop.hr\\\/sl\\\/?s={search_term_string}\"},\"query-input\":{\"@type\":\"PropertyValueSpecification\",\"valueRequired\":true,\"valueName\":\"search_term_string\"}}],\"inLanguage\":\"en-US\"},{\"@type\":\"Organization\",\"@id\":\"https:\\\/\\\/fjallshop.hr\\\/sl\\\/#organization\",\"name\":\"Fj\u00e4llr\u00e4ven\",\"url\":\"https:\\\/\\\/fjallshop.hr\\\/sl\\\/\",\"logo\":{\"@type\":\"ImageObject\",\"inLanguage\":\"en-US\",\"@id\":\"https:\\\/\\\/fjallshop.hr\\\/sl\\\/#\\\/schema\\\/logo\\\/image\\\/\",\"url\":\"https:\\\/\\\/fjallshop.hr\\\/wp-content\\\/uploads\\\/2026\\\/01\\\/fjr-logo.svg\",\"contentUrl\":\"https:\\\/\\\/fjallshop.hr\\\/wp-content\\\/uploads\\\/2026\\\/01\\\/fjr-logo.svg\",\"width\":1077,\"height\":393,\"caption\":\"Fj\u00e4llr\u00e4ven\"},\"image\":{\"@id\":\"https:\\\/\\\/fjallshop.hr\\\/sl\\\/#\\\/schema\\\/logo\\\/image\\\/\"}}]}<\/script>\n<!-- \/ Yoast SEO plugin. -->","yoast_head_json":{"title":"Devold Breeze Merino 150 T-Shirt Wmn - Fj\u00e4llr\u00e4ven","robots":{"index":"index","follow":"follow","max-snippet":"max-snippet:-1","max-image-preview":"max-image-preview:large","max-video-preview":"max-video-preview:-1"},"canonical":"https:\/\/fjallshop.hr\/proizvod\/devold-breeze-merino-150-t-shirt-wmn\/","og_locale":"en_US","og_type":"article","og_title":"Devold Breeze Merino 150 T-Shirt Wmn - Fj\u00e4llr\u00e4ven","og_description":"Devold Breeze majica kratkih rukava ultra lagana je odje\u0107a izra\u0111ena od najfinijih i najdu\u017eih vlakana merino vune. Sa 100% vrhunskom merino vunom, ru\u010dno odabranom zbog svoje kvalitete, nudi iznimnu meko\u0107u i prozra\u010dnost, \u0161to je \u010dini idealnom za no\u0161enje tijekom cijele godine. Prirodna svojstva merino vune reguliraju temperaturu i odvode vlagu, odr\u017eavaju\u0107i vas hladnima u toplim, [&hellip;]","og_url":"https:\/\/fjallshop.hr\/proizvod\/devold-breeze-merino-150-t-shirt-wmn\/","og_site_name":"Fj\u00e4llr\u00e4ven","article_modified_time":"2026-04-22T15:00:40+00:00","og_image":[{"width":737,"height":737,"url":"https:\/\/fjallshop.hr\/wp-content\/uploads\/2026\/04\/go-180-216-a-233a.webp","type":"image\/webp"}],"twitter_card":"summary_large_image","twitter_misc":{"Est. reading time":"1 minute"},"schema":{"@context":"https:\/\/schema.org","@graph":[{"@type":"WebPage","@id":"https:\/\/fjallshop.hr\/proizvod\/devold-breeze-merino-150-t-shirt-wmn\/","url":"https:\/\/fjallshop.hr\/proizvod\/devold-breeze-merino-150-t-shirt-wmn\/","name":"Devold Breeze Merino 150 T-Shirt Wmn - Fj\u00e4llr\u00e4ven","isPartOf":{"@id":"https:\/\/fjallshop.hr\/sl\/#website"},"primaryImageOfPage":{"@id":"https:\/\/fjallshop.hr\/proizvod\/devold-breeze-merino-150-t-shirt-wmn\/#primaryimage"},"image":{"@id":"https:\/\/fjallshop.hr\/proizvod\/devold-breeze-merino-150-t-shirt-wmn\/#primaryimage"},"thumbnailUrl":"https:\/\/fjallshop.hr\/wp-content\/uploads\/2026\/04\/go-180-216-a-233a.webp","datePublished":"2026-04-22T15:00:39+00:00","dateModified":"2026-04-22T15:00:40+00:00","breadcrumb":{"@id":"https:\/\/fjallshop.hr\/proizvod\/devold-breeze-merino-150-t-shirt-wmn\/#breadcrumb"},"inLanguage":"en-US","potentialAction":[{"@type":"ReadAction","target":["https:\/\/fjallshop.hr\/proizvod\/devold-breeze-merino-150-t-shirt-wmn\/"]}]},{"@type":"ImageObject","inLanguage":"en-US","@id":"https:\/\/fjallshop.hr\/proizvod\/devold-breeze-merino-150-t-shirt-wmn\/#primaryimage","url":"https:\/\/fjallshop.hr\/wp-content\/uploads\/2026\/04\/go-180-216-a-233a.webp","contentUrl":"https:\/\/fjallshop.hr\/wp-content\/uploads\/2026\/04\/go-180-216-a-233a.webp","width":737,"height":737},{"@type":"BreadcrumbList","@id":"https:\/\/fjallshop.hr\/proizvod\/devold-breeze-merino-150-t-shirt-wmn\/#breadcrumb","itemListElement":[{"@type":"ListItem","position":1,"name":"Home","item":"https:\/\/fjallshop.hr\/sl\/"},{"@type":"ListItem","position":2,"name":"Shop","item":"https:\/\/fjallshop.hr\/en\/shop\/"},{"@type":"ListItem","position":3,"name":"Devold Breeze Merino 150 T-Shirt Wmn"}]},{"@type":"WebSite","@id":"https:\/\/fjallshop.hr\/sl\/#website","url":"https:\/\/fjallshop.hr\/sl\/","name":"Fj\u00e4llr\u00e4ven","description":"Web trgovina","publisher":{"@id":"https:\/\/fjallshop.hr\/sl\/#organization"},"potentialAction":[{"@type":"SearchAction","target":{"@type":"EntryPoint","urlTemplate":"https:\/\/fjallshop.hr\/sl\/?s={search_term_string}"},"query-input":{"@type":"PropertyValueSpecification","valueRequired":true,"valueName":"search_term_string"}}],"inLanguage":"en-US"},{"@type":"Organization","@id":"https:\/\/fjallshop.hr\/sl\/#organization","name":"Fj\u00e4llr\u00e4ven","url":"https:\/\/fjallshop.hr\/sl\/","logo":{"@type":"ImageObject","inLanguage":"en-US","@id":"https:\/\/fjallshop.hr\/sl\/#\/schema\/logo\/image\/","url":"https:\/\/fjallshop.hr\/wp-content\/uploads\/2026\/01\/fjr-logo.svg","contentUrl":"https:\/\/fjallshop.hr\/wp-content\/uploads\/2026\/01\/fjr-logo.svg","width":1077,"height":393,"caption":"Fj\u00e4llr\u00e4ven"},"image":{"@id":"https:\/\/fjallshop.hr\/sl\/#\/schema\/logo\/image\/"}}]}},"_links":{"self":[{"href":"https:\/\/fjallshop.hr\/en\/wp-json\/wp\/v2\/product\/1030595","targetHints":{"allow":["GET"]}}],"collection":[{"href":"https:\/\/fjallshop.hr\/en\/wp-json\/wp\/v2\/product"}],"about":[{"href":"https:\/\/fjallshop.hr\/en\/wp-json\/wp\/v2\/types\/product"}],"version-history":[{"count":1,"href":"https:\/\/fjallshop.hr\/en\/wp-json\/wp\/v2\/product\/1030595\/revisions"}],"predecessor-version":[{"id":1030613,"href":"https:\/\/fjallshop.hr\/en\/wp-json\/wp\/v2\/product\/1030595\/revisions\/1030613"}],"wp:featuredmedia":[{"embeddable":true,"href":"https:\/\/fjallshop.hr\/en\/wp-json\/wp\/v2\/media\/1030608"}],"wp:attachment":[{"href":"https:\/\/fjallshop.hr\/en\/wp-json\/wp\/v2\/media?parent=1030595"}],"wp:term":[{"taxonomy":"product_brand","embeddable":true,"href":"https:\/\/fjallshop.hr\/en\/wp-json\/wp\/v2\/product_brand?post=1030595"},{"taxonomy":"product_cat","embeddable":true,"href":"https:\/\/fjallshop.hr\/en\/wp-json\/wp\/v2\/product_cat?post=1030595"},{"taxonomy":"product_tag","embeddable":true,"href":"https:\/\/fjallshop.hr\/en\/wp-json\/wp\/v2\/product_tag?post=1030595"}],"curies":[{"name":"wp","href":"https:\/\/api.w.org\/{rel}","templated":true}]}}