{"id":1026669,"date":"2026-03-12T20:26:57","date_gmt":"2026-03-12T20:26:57","guid":{"rendered":"https:\/\/fjallshop.hr\/?post_type=product&#038;p=1026669"},"modified":"2026-03-28T15:58:50","modified_gmt":"2026-03-28T15:58:50","slug":"abisko-trail-fleece-w","status":"publish","type":"product","link":"https:\/\/fjallshop.hr\/en\/product\/abisko-trail-fleece-w\/","title":{"rendered":"Abisko Trail Fleece W"},"content":{"rendered":"<p>Lagan i prakti\u010dan pulover s kapulja\u010dom koji kombinira dvije razli\u010dite tkanine od flisa kako bi grijao tamo gdje je to najpotrebnije i istovremeno smanjio te\u017einu i zapremninu u torbi. Kapulja\u010da, ramena i prsa izra\u0111eni su od ravno pletenog poliesterskog flisa (djelomi\u010dno recikliranog) s mekanom, po\u010de\u0161ljanom unutra\u0161njo\u0161\u0107u, dok su bo\u010dne strane, donji dio trupa i donji dio rukava od lak\u0161eg flisa re\u0161etkaste strukture s vrhunskom ventilacijom. Savr\u0161en kao srednji sloj koji se brzo su\u0161i i odvodi vlagu tijekom cjelodnevnih izleta ili prohladnih ljetnih ve\u010deri. \u017denski, dobro prilago\u0111en kroj i udobna kapulja\u010da s otvorom za rep. Jednosmjerni patentni zatvara\u010d na prednjem dijelu. Jedan prsni d\u017eep i dva d\u017eepa za ruke, svi s patentnim zatvara\u010dima.<\/p>\n","protected":false},"excerpt":{"rendered":"<p>Lagan i prakti\u010dan pulover s kapulja\u010dom koji kombinira dvije razli\u010dite poliesterske tkanine (i novu i recikliranu). Jedan d\u017eep na prsima i dva d\u017eepa za ruke. Proizvedeno bez PFAS-a.<\/p>\n","protected":false},"featured_media":1027376,"template":"","meta":[],"product_brand":[458],"product_cat":[718],"product_tag":[472,595,471,489,562,564],"class_list":{"0":"post-1026669","1":"product","2":"type-product","3":"status-publish","4":"has-post-thumbnail","6":"product_brand-abisko","7":"product_cat-dzemperi","8":"product_tag-abisko","9":"product_tag-dzemperi-i-pletivo","10":"product_tag-trekking","11":"product_tag-zene","12":"product_tag-mid-layer-zene-dzemperi","13":"product_tag-mid-layer-zene-prsluci","15":"first","16":"instock","17":"shipping-taxable","18":"purchasable","19":"product-type-variable"},"yoast_head":"<!-- This site is optimized with the Yoast SEO plugin v27.3 - https:\/\/yoast.com\/product\/yoast-seo-wordpress\/ -->\n<title>Abisko Trail Fleece W - Fj\u00e4llr\u00e4ven<\/title>\n<meta name=\"robots\" content=\"index, follow, max-snippet:-1, max-image-preview:large, max-video-preview:-1\" \/>\n<link rel=\"canonical\" href=\"https:\/\/fjallshop.hr\/proizvod\/abisko-trail-fleece-w\/\" \/>\n<meta property=\"og:locale\" content=\"en_US\" \/>\n<meta property=\"og:type\" content=\"article\" \/>\n<meta property=\"og:title\" content=\"Abisko Trail Fleece W - Fj\u00e4llr\u00e4ven\" \/>\n<meta property=\"og:description\" content=\"Lagan i prakti\u010dan pulover s kapulja\u010dom koji kombinira dvije razli\u010dite poliesterske tkanine (i novu i recikliranu). Jedan d\u017eep na prsima i dva d\u017eepa za ruke. Proizvedeno bez PFAS-a.\" \/>\n<meta property=\"og:url\" content=\"https:\/\/fjallshop.hr\/proizvod\/abisko-trail-fleece-w\/\" \/>\n<meta property=\"og:site_name\" content=\"Fj\u00e4llr\u00e4ven\" \/>\n<meta property=\"article:modified_time\" content=\"2026-03-28T15:58:50+00:00\" \/>\n<meta property=\"og:image\" content=\"https:\/\/fjallshop.hr\/wp-content\/uploads\/2026\/03\/Abisko_Trail_Fleece_W_89589-118-244_A_MAIN.webp\" \/>\n\t<meta property=\"og:image:width\" content=\"1500\" \/>\n\t<meta property=\"og:image:height\" content=\"1500\" \/>\n\t<meta property=\"og:image:type\" content=\"image\/webp\" \/>\n<meta name=\"twitter:card\" content=\"summary_large_image\" \/>\n<meta name=\"twitter:label1\" content=\"Est. reading time\" \/>\n\t<meta name=\"twitter:data1\" content=\"1 minute\" \/>\n<script type=\"application\/ld+json\" class=\"yoast-schema-graph\">{\"@context\":\"https:\\\/\\\/schema.org\",\"@graph\":[{\"@type\":\"WebPage\",\"@id\":\"https:\\\/\\\/fjallshop.hr\\\/proizvod\\\/abisko-trail-fleece-w\\\/\",\"url\":\"https:\\\/\\\/fjallshop.hr\\\/proizvod\\\/abisko-trail-fleece-w\\\/\",\"name\":\"Abisko Trail Fleece W - Fj\u00e4llr\u00e4ven\",\"isPartOf\":{\"@id\":\"https:\\\/\\\/fjallshop.hr\\\/sl\\\/#website\"},\"primaryImageOfPage\":{\"@id\":\"https:\\\/\\\/fjallshop.hr\\\/proizvod\\\/abisko-trail-fleece-w\\\/#primaryimage\"},\"image\":{\"@id\":\"https:\\\/\\\/fjallshop.hr\\\/proizvod\\\/abisko-trail-fleece-w\\\/#primaryimage\"},\"thumbnailUrl\":\"https:\\\/\\\/fjallshop.hr\\\/wp-content\\\/uploads\\\/2026\\\/03\\\/Abisko_Trail_Fleece_W_89589-118-244_A_MAIN.webp\",\"datePublished\":\"2026-03-12T20:26:57+00:00\",\"dateModified\":\"2026-03-28T15:58:50+00:00\",\"breadcrumb\":{\"@id\":\"https:\\\/\\\/fjallshop.hr\\\/proizvod\\\/abisko-trail-fleece-w\\\/#breadcrumb\"},\"inLanguage\":\"en-US\",\"potentialAction\":[{\"@type\":\"ReadAction\",\"target\":[\"https:\\\/\\\/fjallshop.hr\\\/proizvod\\\/abisko-trail-fleece-w\\\/\"]}]},{\"@type\":\"ImageObject\",\"inLanguage\":\"en-US\",\"@id\":\"https:\\\/\\\/fjallshop.hr\\\/proizvod\\\/abisko-trail-fleece-w\\\/#primaryimage\",\"url\":\"https:\\\/\\\/fjallshop.hr\\\/wp-content\\\/uploads\\\/2026\\\/03\\\/Abisko_Trail_Fleece_W_89589-118-244_A_MAIN.webp\",\"contentUrl\":\"https:\\\/\\\/fjallshop.hr\\\/wp-content\\\/uploads\\\/2026\\\/03\\\/Abisko_Trail_Fleece_W_89589-118-244_A_MAIN.webp\",\"width\":1500,\"height\":1500},{\"@type\":\"BreadcrumbList\",\"@id\":\"https:\\\/\\\/fjallshop.hr\\\/proizvod\\\/abisko-trail-fleece-w\\\/#breadcrumb\",\"itemListElement\":[{\"@type\":\"ListItem\",\"position\":1,\"name\":\"Home\",\"item\":\"https:\\\/\\\/fjallshop.hr\\\/sl\\\/\"},{\"@type\":\"ListItem\",\"position\":2,\"name\":\"Shop\",\"item\":\"https:\\\/\\\/fjallshop.hr\\\/en\\\/shop\\\/\"},{\"@type\":\"ListItem\",\"position\":3,\"name\":\"Abisko Trail Fleece W\"}]},{\"@type\":\"WebSite\",\"@id\":\"https:\\\/\\\/fjallshop.hr\\\/sl\\\/#website\",\"url\":\"https:\\\/\\\/fjallshop.hr\\\/sl\\\/\",\"name\":\"Fj\u00e4llr\u00e4ven\",\"description\":\"Web trgovina\",\"publisher\":{\"@id\":\"https:\\\/\\\/fjallshop.hr\\\/sl\\\/#organization\"},\"potentialAction\":[{\"@type\":\"SearchAction\",\"target\":{\"@type\":\"EntryPoint\",\"urlTemplate\":\"https:\\\/\\\/fjallshop.hr\\\/sl\\\/?s={search_term_string}\"},\"query-input\":{\"@type\":\"PropertyValueSpecification\",\"valueRequired\":true,\"valueName\":\"search_term_string\"}}],\"inLanguage\":\"en-US\"},{\"@type\":\"Organization\",\"@id\":\"https:\\\/\\\/fjallshop.hr\\\/sl\\\/#organization\",\"name\":\"Fj\u00e4llr\u00e4ven\",\"url\":\"https:\\\/\\\/fjallshop.hr\\\/sl\\\/\",\"logo\":{\"@type\":\"ImageObject\",\"inLanguage\":\"en-US\",\"@id\":\"https:\\\/\\\/fjallshop.hr\\\/sl\\\/#\\\/schema\\\/logo\\\/image\\\/\",\"url\":\"https:\\\/\\\/fjallshop.hr\\\/wp-content\\\/uploads\\\/2026\\\/01\\\/fjr-logo.svg\",\"contentUrl\":\"https:\\\/\\\/fjallshop.hr\\\/wp-content\\\/uploads\\\/2026\\\/01\\\/fjr-logo.svg\",\"width\":1077,\"height\":393,\"caption\":\"Fj\u00e4llr\u00e4ven\"},\"image\":{\"@id\":\"https:\\\/\\\/fjallshop.hr\\\/sl\\\/#\\\/schema\\\/logo\\\/image\\\/\"}}]}<\/script>\n<!-- \/ Yoast SEO plugin. -->","yoast_head_json":{"title":"Abisko Trail Fleece W - Fj\u00e4llr\u00e4ven","robots":{"index":"index","follow":"follow","max-snippet":"max-snippet:-1","max-image-preview":"max-image-preview:large","max-video-preview":"max-video-preview:-1"},"canonical":"https:\/\/fjallshop.hr\/proizvod\/abisko-trail-fleece-w\/","og_locale":"en_US","og_type":"article","og_title":"Abisko Trail Fleece W - Fj\u00e4llr\u00e4ven","og_description":"Lagan i prakti\u010dan pulover s kapulja\u010dom koji kombinira dvije razli\u010dite poliesterske tkanine (i novu i recikliranu). Jedan d\u017eep na prsima i dva d\u017eepa za ruke. Proizvedeno bez PFAS-a.","og_url":"https:\/\/fjallshop.hr\/proizvod\/abisko-trail-fleece-w\/","og_site_name":"Fj\u00e4llr\u00e4ven","article_modified_time":"2026-03-28T15:58:50+00:00","og_image":[{"width":1500,"height":1500,"url":"https:\/\/fjallshop.hr\/wp-content\/uploads\/2026\/03\/Abisko_Trail_Fleece_W_89589-118-244_A_MAIN.webp","type":"image\/webp"}],"twitter_card":"summary_large_image","twitter_misc":{"Est. reading time":"1 minute"},"schema":{"@context":"https:\/\/schema.org","@graph":[{"@type":"WebPage","@id":"https:\/\/fjallshop.hr\/proizvod\/abisko-trail-fleece-w\/","url":"https:\/\/fjallshop.hr\/proizvod\/abisko-trail-fleece-w\/","name":"Abisko Trail Fleece W - Fj\u00e4llr\u00e4ven","isPartOf":{"@id":"https:\/\/fjallshop.hr\/sl\/#website"},"primaryImageOfPage":{"@id":"https:\/\/fjallshop.hr\/proizvod\/abisko-trail-fleece-w\/#primaryimage"},"image":{"@id":"https:\/\/fjallshop.hr\/proizvod\/abisko-trail-fleece-w\/#primaryimage"},"thumbnailUrl":"https:\/\/fjallshop.hr\/wp-content\/uploads\/2026\/03\/Abisko_Trail_Fleece_W_89589-118-244_A_MAIN.webp","datePublished":"2026-03-12T20:26:57+00:00","dateModified":"2026-03-28T15:58:50+00:00","breadcrumb":{"@id":"https:\/\/fjallshop.hr\/proizvod\/abisko-trail-fleece-w\/#breadcrumb"},"inLanguage":"en-US","potentialAction":[{"@type":"ReadAction","target":["https:\/\/fjallshop.hr\/proizvod\/abisko-trail-fleece-w\/"]}]},{"@type":"ImageObject","inLanguage":"en-US","@id":"https:\/\/fjallshop.hr\/proizvod\/abisko-trail-fleece-w\/#primaryimage","url":"https:\/\/fjallshop.hr\/wp-content\/uploads\/2026\/03\/Abisko_Trail_Fleece_W_89589-118-244_A_MAIN.webp","contentUrl":"https:\/\/fjallshop.hr\/wp-content\/uploads\/2026\/03\/Abisko_Trail_Fleece_W_89589-118-244_A_MAIN.webp","width":1500,"height":1500},{"@type":"BreadcrumbList","@id":"https:\/\/fjallshop.hr\/proizvod\/abisko-trail-fleece-w\/#breadcrumb","itemListElement":[{"@type":"ListItem","position":1,"name":"Home","item":"https:\/\/fjallshop.hr\/sl\/"},{"@type":"ListItem","position":2,"name":"Shop","item":"https:\/\/fjallshop.hr\/en\/shop\/"},{"@type":"ListItem","position":3,"name":"Abisko Trail Fleece W"}]},{"@type":"WebSite","@id":"https:\/\/fjallshop.hr\/sl\/#website","url":"https:\/\/fjallshop.hr\/sl\/","name":"Fj\u00e4llr\u00e4ven","description":"Web trgovina","publisher":{"@id":"https:\/\/fjallshop.hr\/sl\/#organization"},"potentialAction":[{"@type":"SearchAction","target":{"@type":"EntryPoint","urlTemplate":"https:\/\/fjallshop.hr\/sl\/?s={search_term_string}"},"query-input":{"@type":"PropertyValueSpecification","valueRequired":true,"valueName":"search_term_string"}}],"inLanguage":"en-US"},{"@type":"Organization","@id":"https:\/\/fjallshop.hr\/sl\/#organization","name":"Fj\u00e4llr\u00e4ven","url":"https:\/\/fjallshop.hr\/sl\/","logo":{"@type":"ImageObject","inLanguage":"en-US","@id":"https:\/\/fjallshop.hr\/sl\/#\/schema\/logo\/image\/","url":"https:\/\/fjallshop.hr\/wp-content\/uploads\/2026\/01\/fjr-logo.svg","contentUrl":"https:\/\/fjallshop.hr\/wp-content\/uploads\/2026\/01\/fjr-logo.svg","width":1077,"height":393,"caption":"Fj\u00e4llr\u00e4ven"},"image":{"@id":"https:\/\/fjallshop.hr\/sl\/#\/schema\/logo\/image\/"}}]}},"_links":{"self":[{"href":"https:\/\/fjallshop.hr\/en\/wp-json\/wp\/v2\/product\/1026669","targetHints":{"allow":["GET"]}}],"collection":[{"href":"https:\/\/fjallshop.hr\/en\/wp-json\/wp\/v2\/product"}],"about":[{"href":"https:\/\/fjallshop.hr\/en\/wp-json\/wp\/v2\/types\/product"}],"version-history":[{"count":3,"href":"https:\/\/fjallshop.hr\/en\/wp-json\/wp\/v2\/product\/1026669\/revisions"}],"predecessor-version":[{"id":1026841,"href":"https:\/\/fjallshop.hr\/en\/wp-json\/wp\/v2\/product\/1026669\/revisions\/1026841"}],"wp:featuredmedia":[{"embeddable":true,"href":"https:\/\/fjallshop.hr\/en\/wp-json\/wp\/v2\/media\/1027376"}],"wp:attachment":[{"href":"https:\/\/fjallshop.hr\/en\/wp-json\/wp\/v2\/media?parent=1026669"}],"wp:term":[{"taxonomy":"product_brand","embeddable":true,"href":"https:\/\/fjallshop.hr\/en\/wp-json\/wp\/v2\/product_brand?post=1026669"},{"taxonomy":"product_cat","embeddable":true,"href":"https:\/\/fjallshop.hr\/en\/wp-json\/wp\/v2\/product_cat?post=1026669"},{"taxonomy":"product_tag","embeddable":true,"href":"https:\/\/fjallshop.hr\/en\/wp-json\/wp\/v2\/product_tag?post=1026669"}],"curies":[{"name":"wp","href":"https:\/\/api.w.org\/{rel}","templated":true}]}}