{"id":1026636,"date":"2026-03-12T20:26:52","date_gmt":"2026-03-12T20:26:52","guid":{"rendered":"https:\/\/fjallshop.hr\/?post_type=product&#038;p=1026636"},"modified":"2026-04-03T22:08:45","modified_gmt":"2026-04-03T22:08:45","slug":"abisko-wool-ss-m","status":"publish","type":"product","link":"https:\/\/fjallshop.hr\/en\/product\/abisko-wool-ss-m\/","title":{"rendered":"Abisko Wool SS M"},"content":{"rendered":"<p>Lagana majica kratkih rukava od mekanog jersey pletiva od merino vune i recikliranog poliestera. Kombinira termoregulacijska svojstva vunenih vlakana s izdr\u017eljivo\u0161\u0107u i svojstvima odvo\u0111enja vlage sinteti\u010dkih vlakana. Savr\u0161en kao prvi sloj za tople i hladne klime, a posebno je koristan na vi\u0161ednevnim putovanjima jer je vuna prirodno otporna na neugodne mirise.<\/p>\n","protected":false},"excerpt":{"rendered":"<p>Lagana majica kratkih rukava od mje\u0161avine merino vune za tople i hladne klime. Proizvedena bez PFAS-a.<\/p>\n","protected":false},"featured_media":1027483,"template":"","meta":[],"product_brand":[458],"product_cat":[674],"product_tag":[472,539,529,470,471],"class_list":{"0":"post-1026636","1":"product","2":"type-product","3":"status-publish","4":"has-post-thumbnail","6":"product_brand-abisko","7":"product_cat-majice","8":"product_tag-abisko","9":"product_tag-majice-muski-kratke","10":"product_tag-majice-muski","11":"product_tag-muski","12":"product_tag-trekking","14":"first","15":"instock","16":"shipping-taxable","17":"purchasable","18":"product-type-variable"},"yoast_head":"<!-- This site is optimized with the Yoast SEO plugin v27.3 - https:\/\/yoast.com\/product\/yoast-seo-wordpress\/ -->\n<title>Abisko Wool SS M - Fj\u00e4llr\u00e4ven<\/title>\n<meta name=\"robots\" content=\"index, follow, max-snippet:-1, max-image-preview:large, max-video-preview:-1\" \/>\n<link rel=\"canonical\" href=\"https:\/\/fjallshop.hr\/proizvod\/abisko-wool-ss-m\/\" \/>\n<meta property=\"og:locale\" content=\"en_US\" \/>\n<meta property=\"og:type\" content=\"article\" \/>\n<meta property=\"og:title\" content=\"Abisko Wool SS M - Fj\u00e4llr\u00e4ven\" \/>\n<meta property=\"og:description\" content=\"Lagana majica kratkih rukava od mje\u0161avine merino vune za tople i hladne klime. Proizvedena bez PFAS-a.\" \/>\n<meta property=\"og:url\" content=\"https:\/\/fjallshop.hr\/proizvod\/abisko-wool-ss-m\/\" \/>\n<meta property=\"og:site_name\" content=\"Fj\u00e4llr\u00e4ven\" \/>\n<meta property=\"article:modified_time\" content=\"2026-04-03T22:08:45+00:00\" \/>\n<meta property=\"og:image\" content=\"https:\/\/fjallshop.hr\/wp-content\/uploads\/2026\/03\/Abisko_Wool_SS_M_87193-160_A_MAIN.webp\" \/>\n\t<meta property=\"og:image:width\" content=\"1500\" \/>\n\t<meta property=\"og:image:height\" content=\"1500\" \/>\n\t<meta property=\"og:image:type\" content=\"image\/webp\" \/>\n<meta name=\"twitter:card\" content=\"summary_large_image\" \/>\n<meta name=\"twitter:label1\" content=\"Est. reading time\" \/>\n\t<meta name=\"twitter:data1\" content=\"1 minute\" \/>\n<script type=\"application\/ld+json\" class=\"yoast-schema-graph\">{\"@context\":\"https:\\\/\\\/schema.org\",\"@graph\":[{\"@type\":\"WebPage\",\"@id\":\"https:\\\/\\\/fjallshop.hr\\\/proizvod\\\/abisko-wool-ss-m\\\/\",\"url\":\"https:\\\/\\\/fjallshop.hr\\\/proizvod\\\/abisko-wool-ss-m\\\/\",\"name\":\"Abisko Wool SS M - Fj\u00e4llr\u00e4ven\",\"isPartOf\":{\"@id\":\"https:\\\/\\\/fjallshop.hr\\\/sl\\\/#website\"},\"primaryImageOfPage\":{\"@id\":\"https:\\\/\\\/fjallshop.hr\\\/proizvod\\\/abisko-wool-ss-m\\\/#primaryimage\"},\"image\":{\"@id\":\"https:\\\/\\\/fjallshop.hr\\\/proizvod\\\/abisko-wool-ss-m\\\/#primaryimage\"},\"thumbnailUrl\":\"https:\\\/\\\/fjallshop.hr\\\/wp-content\\\/uploads\\\/2026\\\/03\\\/Abisko_Wool_SS_M_87193-160_A_MAIN.webp\",\"datePublished\":\"2026-03-12T20:26:52+00:00\",\"dateModified\":\"2026-04-03T22:08:45+00:00\",\"breadcrumb\":{\"@id\":\"https:\\\/\\\/fjallshop.hr\\\/proizvod\\\/abisko-wool-ss-m\\\/#breadcrumb\"},\"inLanguage\":\"en-US\",\"potentialAction\":[{\"@type\":\"ReadAction\",\"target\":[\"https:\\\/\\\/fjallshop.hr\\\/proizvod\\\/abisko-wool-ss-m\\\/\"]}]},{\"@type\":\"ImageObject\",\"inLanguage\":\"en-US\",\"@id\":\"https:\\\/\\\/fjallshop.hr\\\/proizvod\\\/abisko-wool-ss-m\\\/#primaryimage\",\"url\":\"https:\\\/\\\/fjallshop.hr\\\/wp-content\\\/uploads\\\/2026\\\/03\\\/Abisko_Wool_SS_M_87193-160_A_MAIN.webp\",\"contentUrl\":\"https:\\\/\\\/fjallshop.hr\\\/wp-content\\\/uploads\\\/2026\\\/03\\\/Abisko_Wool_SS_M_87193-160_A_MAIN.webp\",\"width\":1500,\"height\":1500},{\"@type\":\"BreadcrumbList\",\"@id\":\"https:\\\/\\\/fjallshop.hr\\\/proizvod\\\/abisko-wool-ss-m\\\/#breadcrumb\",\"itemListElement\":[{\"@type\":\"ListItem\",\"position\":1,\"name\":\"Home\",\"item\":\"https:\\\/\\\/fjallshop.hr\\\/sl\\\/\"},{\"@type\":\"ListItem\",\"position\":2,\"name\":\"Shop\",\"item\":\"https:\\\/\\\/fjallshop.hr\\\/en\\\/shop\\\/\"},{\"@type\":\"ListItem\",\"position\":3,\"name\":\"Abisko Wool SS M\"}]},{\"@type\":\"WebSite\",\"@id\":\"https:\\\/\\\/fjallshop.hr\\\/sl\\\/#website\",\"url\":\"https:\\\/\\\/fjallshop.hr\\\/sl\\\/\",\"name\":\"Fj\u00e4llr\u00e4ven\",\"description\":\"Web trgovina\",\"publisher\":{\"@id\":\"https:\\\/\\\/fjallshop.hr\\\/sl\\\/#organization\"},\"potentialAction\":[{\"@type\":\"SearchAction\",\"target\":{\"@type\":\"EntryPoint\",\"urlTemplate\":\"https:\\\/\\\/fjallshop.hr\\\/sl\\\/?s={search_term_string}\"},\"query-input\":{\"@type\":\"PropertyValueSpecification\",\"valueRequired\":true,\"valueName\":\"search_term_string\"}}],\"inLanguage\":\"en-US\"},{\"@type\":\"Organization\",\"@id\":\"https:\\\/\\\/fjallshop.hr\\\/sl\\\/#organization\",\"name\":\"Fj\u00e4llr\u00e4ven\",\"url\":\"https:\\\/\\\/fjallshop.hr\\\/sl\\\/\",\"logo\":{\"@type\":\"ImageObject\",\"inLanguage\":\"en-US\",\"@id\":\"https:\\\/\\\/fjallshop.hr\\\/sl\\\/#\\\/schema\\\/logo\\\/image\\\/\",\"url\":\"https:\\\/\\\/fjallshop.hr\\\/wp-content\\\/uploads\\\/2026\\\/01\\\/fjr-logo.svg\",\"contentUrl\":\"https:\\\/\\\/fjallshop.hr\\\/wp-content\\\/uploads\\\/2026\\\/01\\\/fjr-logo.svg\",\"width\":1077,\"height\":393,\"caption\":\"Fj\u00e4llr\u00e4ven\"},\"image\":{\"@id\":\"https:\\\/\\\/fjallshop.hr\\\/sl\\\/#\\\/schema\\\/logo\\\/image\\\/\"}}]}<\/script>\n<!-- \/ Yoast SEO plugin. -->","yoast_head_json":{"title":"Abisko Wool SS M - Fj\u00e4llr\u00e4ven","robots":{"index":"index","follow":"follow","max-snippet":"max-snippet:-1","max-image-preview":"max-image-preview:large","max-video-preview":"max-video-preview:-1"},"canonical":"https:\/\/fjallshop.hr\/proizvod\/abisko-wool-ss-m\/","og_locale":"en_US","og_type":"article","og_title":"Abisko Wool SS M - Fj\u00e4llr\u00e4ven","og_description":"Lagana majica kratkih rukava od mje\u0161avine merino vune za tople i hladne klime. Proizvedena bez PFAS-a.","og_url":"https:\/\/fjallshop.hr\/proizvod\/abisko-wool-ss-m\/","og_site_name":"Fj\u00e4llr\u00e4ven","article_modified_time":"2026-04-03T22:08:45+00:00","og_image":[{"width":1500,"height":1500,"url":"https:\/\/fjallshop.hr\/wp-content\/uploads\/2026\/03\/Abisko_Wool_SS_M_87193-160_A_MAIN.webp","type":"image\/webp"}],"twitter_card":"summary_large_image","twitter_misc":{"Est. reading time":"1 minute"},"schema":{"@context":"https:\/\/schema.org","@graph":[{"@type":"WebPage","@id":"https:\/\/fjallshop.hr\/proizvod\/abisko-wool-ss-m\/","url":"https:\/\/fjallshop.hr\/proizvod\/abisko-wool-ss-m\/","name":"Abisko Wool SS M - Fj\u00e4llr\u00e4ven","isPartOf":{"@id":"https:\/\/fjallshop.hr\/sl\/#website"},"primaryImageOfPage":{"@id":"https:\/\/fjallshop.hr\/proizvod\/abisko-wool-ss-m\/#primaryimage"},"image":{"@id":"https:\/\/fjallshop.hr\/proizvod\/abisko-wool-ss-m\/#primaryimage"},"thumbnailUrl":"https:\/\/fjallshop.hr\/wp-content\/uploads\/2026\/03\/Abisko_Wool_SS_M_87193-160_A_MAIN.webp","datePublished":"2026-03-12T20:26:52+00:00","dateModified":"2026-04-03T22:08:45+00:00","breadcrumb":{"@id":"https:\/\/fjallshop.hr\/proizvod\/abisko-wool-ss-m\/#breadcrumb"},"inLanguage":"en-US","potentialAction":[{"@type":"ReadAction","target":["https:\/\/fjallshop.hr\/proizvod\/abisko-wool-ss-m\/"]}]},{"@type":"ImageObject","inLanguage":"en-US","@id":"https:\/\/fjallshop.hr\/proizvod\/abisko-wool-ss-m\/#primaryimage","url":"https:\/\/fjallshop.hr\/wp-content\/uploads\/2026\/03\/Abisko_Wool_SS_M_87193-160_A_MAIN.webp","contentUrl":"https:\/\/fjallshop.hr\/wp-content\/uploads\/2026\/03\/Abisko_Wool_SS_M_87193-160_A_MAIN.webp","width":1500,"height":1500},{"@type":"BreadcrumbList","@id":"https:\/\/fjallshop.hr\/proizvod\/abisko-wool-ss-m\/#breadcrumb","itemListElement":[{"@type":"ListItem","position":1,"name":"Home","item":"https:\/\/fjallshop.hr\/sl\/"},{"@type":"ListItem","position":2,"name":"Shop","item":"https:\/\/fjallshop.hr\/en\/shop\/"},{"@type":"ListItem","position":3,"name":"Abisko Wool SS M"}]},{"@type":"WebSite","@id":"https:\/\/fjallshop.hr\/sl\/#website","url":"https:\/\/fjallshop.hr\/sl\/","name":"Fj\u00e4llr\u00e4ven","description":"Web trgovina","publisher":{"@id":"https:\/\/fjallshop.hr\/sl\/#organization"},"potentialAction":[{"@type":"SearchAction","target":{"@type":"EntryPoint","urlTemplate":"https:\/\/fjallshop.hr\/sl\/?s={search_term_string}"},"query-input":{"@type":"PropertyValueSpecification","valueRequired":true,"valueName":"search_term_string"}}],"inLanguage":"en-US"},{"@type":"Organization","@id":"https:\/\/fjallshop.hr\/sl\/#organization","name":"Fj\u00e4llr\u00e4ven","url":"https:\/\/fjallshop.hr\/sl\/","logo":{"@type":"ImageObject","inLanguage":"en-US","@id":"https:\/\/fjallshop.hr\/sl\/#\/schema\/logo\/image\/","url":"https:\/\/fjallshop.hr\/wp-content\/uploads\/2026\/01\/fjr-logo.svg","contentUrl":"https:\/\/fjallshop.hr\/wp-content\/uploads\/2026\/01\/fjr-logo.svg","width":1077,"height":393,"caption":"Fj\u00e4llr\u00e4ven"},"image":{"@id":"https:\/\/fjallshop.hr\/sl\/#\/schema\/logo\/image\/"}}]}},"_links":{"self":[{"href":"https:\/\/fjallshop.hr\/en\/wp-json\/wp\/v2\/product\/1026636","targetHints":{"allow":["GET"]}}],"collection":[{"href":"https:\/\/fjallshop.hr\/en\/wp-json\/wp\/v2\/product"}],"about":[{"href":"https:\/\/fjallshop.hr\/en\/wp-json\/wp\/v2\/types\/product"}],"version-history":[{"count":2,"href":"https:\/\/fjallshop.hr\/en\/wp-json\/wp\/v2\/product\/1026636\/revisions"}],"predecessor-version":[{"id":1026837,"href":"https:\/\/fjallshop.hr\/en\/wp-json\/wp\/v2\/product\/1026636\/revisions\/1026837"}],"wp:featuredmedia":[{"embeddable":true,"href":"https:\/\/fjallshop.hr\/en\/wp-json\/wp\/v2\/media\/1027483"}],"wp:attachment":[{"href":"https:\/\/fjallshop.hr\/en\/wp-json\/wp\/v2\/media?parent=1026636"}],"wp:term":[{"taxonomy":"product_brand","embeddable":true,"href":"https:\/\/fjallshop.hr\/en\/wp-json\/wp\/v2\/product_brand?post=1026636"},{"taxonomy":"product_cat","embeddable":true,"href":"https:\/\/fjallshop.hr\/en\/wp-json\/wp\/v2\/product_cat?post=1026636"},{"taxonomy":"product_tag","embeddable":true,"href":"https:\/\/fjallshop.hr\/en\/wp-json\/wp\/v2\/product_tag?post=1026636"}],"curies":[{"name":"wp","href":"https:\/\/api.w.org\/{rel}","templated":true}]}}