{"id":1026633,"date":"2026-03-12T20:26:52","date_gmt":"2026-03-12T20:26:52","guid":{"rendered":"https:\/\/fjallshop.hr\/?post_type=product&#038;p=1026633"},"modified":"2026-03-28T15:58:59","modified_gmt":"2026-03-28T15:58:59","slug":"high-coast-trail-trousers-w","status":"publish","type":"product","link":"https:\/\/fjallshop.hr\/en\/product\/high-coast-trail-trousers-w\/","title":{"rendered":"High Coast Trail Trousers W"},"content":{"rendered":"<p>Lagane, udobne hla\u010de izra\u0111ene od rastezljivog ripstop materijala s recikliranim poliamidom koji odvodi vlagu i brzo se su\u0161i \u2013 High Coast Trail Trousers W su funkcionalne hla\u010de koje jednako dobro funkcioniraju u gradu kao i na cjelodnevnom planinarenju. Udobne i dobro krojene hla\u010de s oja\u010danim koljenima i poja\u010danjem u me\u0111uno\u017eju savr\u0161ene su za putovanja i spontane ljetne ve\u010deri. Imaju integrirani pojas s kop\u010dom i dva prednja d\u017eepa na patentni zatvara\u010d za sigurno pohranjivanje sitnica. Mo\u017eete o\u010dekivati da \u0107ete ostati u istoj veli\u010dini u na\u0161em pobolj\u0161anom kroju (Improved Fit) ako nosite EU veli\u010dinu od 34 do 44, a da \u0107ete jednu veli\u010dinu smanjiti kod EU veli\u010dina 46 i vi\u0161e.<\/p>\n","protected":false},"excerpt":{"rendered":"<p>Lagane, udobne hla\u010de za svakodnevnu upotrebu i le\u017eerni ljetni \u017eivot. Proizvedeno bez PFAS-a.<\/p>\n","protected":false},"featured_media":1028145,"template":"","meta":[],"product_brand":[466],"product_cat":[221],"product_tag":[479,499,489,552,566],"class_list":{"0":"post-1026633","1":"product","2":"type-product","3":"status-publish","4":"has-post-thumbnail","6":"product_brand-high-coast","7":"product_cat-hlace","8":"product_tag-everyday-outdoor","9":"product_tag-high-coast","10":"product_tag-zene","11":"product_tag-hlace-zene","12":"product_tag-hlace-zene-outdoor","14":"first","15":"instock","16":"shipping-taxable","17":"purchasable","18":"product-type-variable"},"yoast_head":"<!-- This site is optimized with the Yoast SEO plugin v27.3 - https:\/\/yoast.com\/product\/yoast-seo-wordpress\/ -->\n<title>High Coast Trail Trousers W - Fj\u00e4llr\u00e4ven<\/title>\n<meta name=\"robots\" content=\"index, follow, max-snippet:-1, max-image-preview:large, max-video-preview:-1\" \/>\n<link rel=\"canonical\" href=\"https:\/\/fjallshop.hr\/proizvod\/high-coast-trail-trousers-w\/\" \/>\n<meta property=\"og:locale\" content=\"en_US\" \/>\n<meta property=\"og:type\" content=\"article\" \/>\n<meta property=\"og:title\" content=\"High Coast Trail Trousers W - Fj\u00e4llr\u00e4ven\" \/>\n<meta property=\"og:description\" content=\"Lagane, udobne hla\u010de za svakodnevnu upotrebu i le\u017eerni ljetni \u017eivot. Proizvedeno bez PFAS-a.\" \/>\n<meta property=\"og:url\" content=\"https:\/\/fjallshop.hr\/proizvod\/high-coast-trail-trousers-w\/\" \/>\n<meta property=\"og:site_name\" content=\"Fj\u00e4llr\u00e4ven\" \/>\n<meta property=\"article:modified_time\" content=\"2026-03-28T15:58:59+00:00\" \/>\n<meta property=\"og:image\" content=\"https:\/\/fjallshop.hr\/wp-content\/uploads\/2026\/03\/High_Coast_Trail_Trousers_W_87091-244_A_MAIN_FJR.webp\" \/>\n\t<meta property=\"og:image:width\" content=\"1500\" \/>\n\t<meta property=\"og:image:height\" content=\"1500\" \/>\n\t<meta property=\"og:image:type\" content=\"image\/webp\" \/>\n<meta name=\"twitter:card\" content=\"summary_large_image\" \/>\n<meta name=\"twitter:label1\" content=\"Est. reading time\" \/>\n\t<meta name=\"twitter:data1\" content=\"1 minute\" \/>\n<script type=\"application\/ld+json\" class=\"yoast-schema-graph\">{\"@context\":\"https:\\\/\\\/schema.org\",\"@graph\":[{\"@type\":\"WebPage\",\"@id\":\"https:\\\/\\\/fjallshop.hr\\\/proizvod\\\/high-coast-trail-trousers-w\\\/\",\"url\":\"https:\\\/\\\/fjallshop.hr\\\/proizvod\\\/high-coast-trail-trousers-w\\\/\",\"name\":\"High Coast Trail Trousers W - Fj\u00e4llr\u00e4ven\",\"isPartOf\":{\"@id\":\"https:\\\/\\\/fjallshop.hr\\\/sl\\\/#website\"},\"primaryImageOfPage\":{\"@id\":\"https:\\\/\\\/fjallshop.hr\\\/proizvod\\\/high-coast-trail-trousers-w\\\/#primaryimage\"},\"image\":{\"@id\":\"https:\\\/\\\/fjallshop.hr\\\/proizvod\\\/high-coast-trail-trousers-w\\\/#primaryimage\"},\"thumbnailUrl\":\"https:\\\/\\\/fjallshop.hr\\\/wp-content\\\/uploads\\\/2026\\\/03\\\/High_Coast_Trail_Trousers_W_87091-244_A_MAIN_FJR.webp\",\"datePublished\":\"2026-03-12T20:26:52+00:00\",\"dateModified\":\"2026-03-28T15:58:59+00:00\",\"breadcrumb\":{\"@id\":\"https:\\\/\\\/fjallshop.hr\\\/proizvod\\\/high-coast-trail-trousers-w\\\/#breadcrumb\"},\"inLanguage\":\"en-US\",\"potentialAction\":[{\"@type\":\"ReadAction\",\"target\":[\"https:\\\/\\\/fjallshop.hr\\\/proizvod\\\/high-coast-trail-trousers-w\\\/\"]}]},{\"@type\":\"ImageObject\",\"inLanguage\":\"en-US\",\"@id\":\"https:\\\/\\\/fjallshop.hr\\\/proizvod\\\/high-coast-trail-trousers-w\\\/#primaryimage\",\"url\":\"https:\\\/\\\/fjallshop.hr\\\/wp-content\\\/uploads\\\/2026\\\/03\\\/High_Coast_Trail_Trousers_W_87091-244_A_MAIN_FJR.webp\",\"contentUrl\":\"https:\\\/\\\/fjallshop.hr\\\/wp-content\\\/uploads\\\/2026\\\/03\\\/High_Coast_Trail_Trousers_W_87091-244_A_MAIN_FJR.webp\",\"width\":1500,\"height\":1500},{\"@type\":\"BreadcrumbList\",\"@id\":\"https:\\\/\\\/fjallshop.hr\\\/proizvod\\\/high-coast-trail-trousers-w\\\/#breadcrumb\",\"itemListElement\":[{\"@type\":\"ListItem\",\"position\":1,\"name\":\"Home\",\"item\":\"https:\\\/\\\/fjallshop.hr\\\/sl\\\/\"},{\"@type\":\"ListItem\",\"position\":2,\"name\":\"Shop\",\"item\":\"https:\\\/\\\/fjallshop.hr\\\/en\\\/shop\\\/\"},{\"@type\":\"ListItem\",\"position\":3,\"name\":\"High Coast Trail Trousers W\"}]},{\"@type\":\"WebSite\",\"@id\":\"https:\\\/\\\/fjallshop.hr\\\/sl\\\/#website\",\"url\":\"https:\\\/\\\/fjallshop.hr\\\/sl\\\/\",\"name\":\"Fj\u00e4llr\u00e4ven\",\"description\":\"Web trgovina\",\"publisher\":{\"@id\":\"https:\\\/\\\/fjallshop.hr\\\/sl\\\/#organization\"},\"potentialAction\":[{\"@type\":\"SearchAction\",\"target\":{\"@type\":\"EntryPoint\",\"urlTemplate\":\"https:\\\/\\\/fjallshop.hr\\\/sl\\\/?s={search_term_string}\"},\"query-input\":{\"@type\":\"PropertyValueSpecification\",\"valueRequired\":true,\"valueName\":\"search_term_string\"}}],\"inLanguage\":\"en-US\"},{\"@type\":\"Organization\",\"@id\":\"https:\\\/\\\/fjallshop.hr\\\/sl\\\/#organization\",\"name\":\"Fj\u00e4llr\u00e4ven\",\"url\":\"https:\\\/\\\/fjallshop.hr\\\/sl\\\/\",\"logo\":{\"@type\":\"ImageObject\",\"inLanguage\":\"en-US\",\"@id\":\"https:\\\/\\\/fjallshop.hr\\\/sl\\\/#\\\/schema\\\/logo\\\/image\\\/\",\"url\":\"https:\\\/\\\/fjallshop.hr\\\/wp-content\\\/uploads\\\/2026\\\/01\\\/fjr-logo.svg\",\"contentUrl\":\"https:\\\/\\\/fjallshop.hr\\\/wp-content\\\/uploads\\\/2026\\\/01\\\/fjr-logo.svg\",\"width\":1077,\"height\":393,\"caption\":\"Fj\u00e4llr\u00e4ven\"},\"image\":{\"@id\":\"https:\\\/\\\/fjallshop.hr\\\/sl\\\/#\\\/schema\\\/logo\\\/image\\\/\"}}]}<\/script>\n<!-- \/ Yoast SEO plugin. -->","yoast_head_json":{"title":"High Coast Trail Trousers W - Fj\u00e4llr\u00e4ven","robots":{"index":"index","follow":"follow","max-snippet":"max-snippet:-1","max-image-preview":"max-image-preview:large","max-video-preview":"max-video-preview:-1"},"canonical":"https:\/\/fjallshop.hr\/proizvod\/high-coast-trail-trousers-w\/","og_locale":"en_US","og_type":"article","og_title":"High Coast Trail Trousers W - Fj\u00e4llr\u00e4ven","og_description":"Lagane, udobne hla\u010de za svakodnevnu upotrebu i le\u017eerni ljetni \u017eivot. Proizvedeno bez PFAS-a.","og_url":"https:\/\/fjallshop.hr\/proizvod\/high-coast-trail-trousers-w\/","og_site_name":"Fj\u00e4llr\u00e4ven","article_modified_time":"2026-03-28T15:58:59+00:00","og_image":[{"width":1500,"height":1500,"url":"https:\/\/fjallshop.hr\/wp-content\/uploads\/2026\/03\/High_Coast_Trail_Trousers_W_87091-244_A_MAIN_FJR.webp","type":"image\/webp"}],"twitter_card":"summary_large_image","twitter_misc":{"Est. reading time":"1 minute"},"schema":{"@context":"https:\/\/schema.org","@graph":[{"@type":"WebPage","@id":"https:\/\/fjallshop.hr\/proizvod\/high-coast-trail-trousers-w\/","url":"https:\/\/fjallshop.hr\/proizvod\/high-coast-trail-trousers-w\/","name":"High Coast Trail Trousers W - Fj\u00e4llr\u00e4ven","isPartOf":{"@id":"https:\/\/fjallshop.hr\/sl\/#website"},"primaryImageOfPage":{"@id":"https:\/\/fjallshop.hr\/proizvod\/high-coast-trail-trousers-w\/#primaryimage"},"image":{"@id":"https:\/\/fjallshop.hr\/proizvod\/high-coast-trail-trousers-w\/#primaryimage"},"thumbnailUrl":"https:\/\/fjallshop.hr\/wp-content\/uploads\/2026\/03\/High_Coast_Trail_Trousers_W_87091-244_A_MAIN_FJR.webp","datePublished":"2026-03-12T20:26:52+00:00","dateModified":"2026-03-28T15:58:59+00:00","breadcrumb":{"@id":"https:\/\/fjallshop.hr\/proizvod\/high-coast-trail-trousers-w\/#breadcrumb"},"inLanguage":"en-US","potentialAction":[{"@type":"ReadAction","target":["https:\/\/fjallshop.hr\/proizvod\/high-coast-trail-trousers-w\/"]}]},{"@type":"ImageObject","inLanguage":"en-US","@id":"https:\/\/fjallshop.hr\/proizvod\/high-coast-trail-trousers-w\/#primaryimage","url":"https:\/\/fjallshop.hr\/wp-content\/uploads\/2026\/03\/High_Coast_Trail_Trousers_W_87091-244_A_MAIN_FJR.webp","contentUrl":"https:\/\/fjallshop.hr\/wp-content\/uploads\/2026\/03\/High_Coast_Trail_Trousers_W_87091-244_A_MAIN_FJR.webp","width":1500,"height":1500},{"@type":"BreadcrumbList","@id":"https:\/\/fjallshop.hr\/proizvod\/high-coast-trail-trousers-w\/#breadcrumb","itemListElement":[{"@type":"ListItem","position":1,"name":"Home","item":"https:\/\/fjallshop.hr\/sl\/"},{"@type":"ListItem","position":2,"name":"Shop","item":"https:\/\/fjallshop.hr\/en\/shop\/"},{"@type":"ListItem","position":3,"name":"High Coast Trail Trousers W"}]},{"@type":"WebSite","@id":"https:\/\/fjallshop.hr\/sl\/#website","url":"https:\/\/fjallshop.hr\/sl\/","name":"Fj\u00e4llr\u00e4ven","description":"Web trgovina","publisher":{"@id":"https:\/\/fjallshop.hr\/sl\/#organization"},"potentialAction":[{"@type":"SearchAction","target":{"@type":"EntryPoint","urlTemplate":"https:\/\/fjallshop.hr\/sl\/?s={search_term_string}"},"query-input":{"@type":"PropertyValueSpecification","valueRequired":true,"valueName":"search_term_string"}}],"inLanguage":"en-US"},{"@type":"Organization","@id":"https:\/\/fjallshop.hr\/sl\/#organization","name":"Fj\u00e4llr\u00e4ven","url":"https:\/\/fjallshop.hr\/sl\/","logo":{"@type":"ImageObject","inLanguage":"en-US","@id":"https:\/\/fjallshop.hr\/sl\/#\/schema\/logo\/image\/","url":"https:\/\/fjallshop.hr\/wp-content\/uploads\/2026\/01\/fjr-logo.svg","contentUrl":"https:\/\/fjallshop.hr\/wp-content\/uploads\/2026\/01\/fjr-logo.svg","width":1077,"height":393,"caption":"Fj\u00e4llr\u00e4ven"},"image":{"@id":"https:\/\/fjallshop.hr\/sl\/#\/schema\/logo\/image\/"}}]}},"_links":{"self":[{"href":"https:\/\/fjallshop.hr\/en\/wp-json\/wp\/v2\/product\/1026633","targetHints":{"allow":["GET"]}}],"collection":[{"href":"https:\/\/fjallshop.hr\/en\/wp-json\/wp\/v2\/product"}],"about":[{"href":"https:\/\/fjallshop.hr\/en\/wp-json\/wp\/v2\/types\/product"}],"version-history":[{"count":2,"href":"https:\/\/fjallshop.hr\/en\/wp-json\/wp\/v2\/product\/1026633\/revisions"}],"predecessor-version":[{"id":1026834,"href":"https:\/\/fjallshop.hr\/en\/wp-json\/wp\/v2\/product\/1026633\/revisions\/1026834"}],"wp:featuredmedia":[{"embeddable":true,"href":"https:\/\/fjallshop.hr\/en\/wp-json\/wp\/v2\/media\/1028145"}],"wp:attachment":[{"href":"https:\/\/fjallshop.hr\/en\/wp-json\/wp\/v2\/media?parent=1026633"}],"wp:term":[{"taxonomy":"product_brand","embeddable":true,"href":"https:\/\/fjallshop.hr\/en\/wp-json\/wp\/v2\/product_brand?post=1026633"},{"taxonomy":"product_cat","embeddable":true,"href":"https:\/\/fjallshop.hr\/en\/wp-json\/wp\/v2\/product_cat?post=1026633"},{"taxonomy":"product_tag","embeddable":true,"href":"https:\/\/fjallshop.hr\/en\/wp-json\/wp\/v2\/product_tag?post=1026633"}],"curies":[{"name":"wp","href":"https:\/\/api.w.org\/{rel}","templated":true}]}}