{"id":1026289,"date":"2026-03-12T20:26:06","date_gmt":"2026-03-12T20:26:06","guid":{"rendered":"https:\/\/fjallshop.hr\/?post_type=product&#038;p=1026289"},"modified":"2026-04-03T16:48:12","modified_gmt":"2026-04-03T16:48:12","slug":"totepack-no-2","status":"publish","type":"product","link":"https:\/\/fjallshop.hr\/en\/product\/totepack-no-2\/","title":{"rendered":"Totepack No. 2"},"content":{"rendered":"<p>Prakti\u010dna svakodnevna torba, ve\u0107a verzija popularnog Totepack No. 1 s dodatnom izdr\u017eljivom podlogom od bru\u0161ene ko\u017ee u prirodnoj boji. Mo\u017ee se nositi u ruci, preko ramena ili kao ruksak i savr\u0161ena je za va\u0161 nov\u010danik, dodatni d\u017eemper, tablet i sve ostalo \u0161to trebate imati pri ruci tijekom dana. Izra\u0111ena od robusnog materijala G-1000 HeavyDuty koji je iznimno izdr\u017eljiv i izgleda sve bolje \u0161to se torba vi\u0161e koristi. Glavni pretinac ima otvaranje na patentni zatvara\u010d i mali unutarnji d\u017eep za klju\u010deve, nov\u010danik i druge predmete koje \u017eelite dr\u017eati na sigurnom. Tu je i vanjski d\u017eep na patentni zatvara\u010d, a torba dolazi s privjeskom za klju\u010deve na tekstilnoj traci. Kratke ko\u017ene ru\u010dke i duge tekstilne naramenice, od kojih se potonje mogu podesiti kako bi se torba mogla nositi kao ruksak.<\/p>\n","protected":false},"excerpt":{"rendered":"<p>Prakti\u010dna torba od izdr\u017eljivog G-1000 materijala s ko\u017enim dnom. Torbu je mogu\u0107e nositi preko ramena, u ruci ili kao ruksak. Proizvedeno bez PFAS-a.<\/p>\n","protected":false},"featured_media":1029617,"template":"","meta":[],"product_brand":[460],"product_cat":[151],"product_tag":[578,479,590,480,576,485],"class_list":{"0":"post-1026289","1":"product","2":"type-product","3":"status-publish","4":"has-post-thumbnail","6":"product_brand-ovik","7":"product_cat-ruksaci-i-torbe","8":"product_tag-dnevni-ruksaci","9":"product_tag-everyday-outdoor","10":"product_tag-oprema","11":"product_tag-ovik","12":"product_tag-ruksaci-torbe","13":"product_tag-unisex","15":"first","16":"instock","17":"shipping-taxable","18":"purchasable","19":"product-type-variable"},"yoast_head":"<!-- This site is optimized with the Yoast SEO plugin v27.3 - https:\/\/yoast.com\/product\/yoast-seo-wordpress\/ -->\n<title>Totepack No. 2 - Fj\u00e4llr\u00e4ven<\/title>\n<meta name=\"robots\" content=\"index, follow, max-snippet:-1, max-image-preview:large, max-video-preview:-1\" \/>\n<link rel=\"canonical\" href=\"https:\/\/fjallshop.hr\/proizvod\/totepack-no-2\/\" \/>\n<meta property=\"og:locale\" content=\"en_US\" \/>\n<meta property=\"og:type\" content=\"article\" \/>\n<meta property=\"og:title\" content=\"Totepack No. 2 - Fj\u00e4llr\u00e4ven\" \/>\n<meta property=\"og:description\" content=\"Prakti\u010dna torba od izdr\u017eljivog G-1000 materijala s ko\u017enim dnom. Torbu je mogu\u0107e nositi preko ramena, u ruci ili kao ruksak. Proizvedeno bez PFAS-a.\" \/>\n<meta property=\"og:url\" content=\"https:\/\/fjallshop.hr\/proizvod\/totepack-no-2\/\" \/>\n<meta property=\"og:site_name\" content=\"Fj\u00e4llr\u00e4ven\" \/>\n<meta property=\"article:modified_time\" content=\"2026-04-03T16:48:12+00:00\" \/>\n<meta property=\"og:image\" content=\"https:\/\/fjallshop.hr\/wp-content\/uploads\/2026\/03\/Totepack_No._2_24229-550_A_MAIN_FJR.webp\" \/>\n\t<meta property=\"og:image:width\" content=\"1500\" \/>\n\t<meta property=\"og:image:height\" content=\"1500\" \/>\n\t<meta property=\"og:image:type\" content=\"image\/webp\" \/>\n<meta name=\"twitter:card\" content=\"summary_large_image\" \/>\n<meta name=\"twitter:label1\" content=\"Est. reading time\" \/>\n\t<meta name=\"twitter:data1\" content=\"1 minute\" \/>\n<script type=\"application\/ld+json\" class=\"yoast-schema-graph\">{\"@context\":\"https:\\\/\\\/schema.org\",\"@graph\":[{\"@type\":\"WebPage\",\"@id\":\"https:\\\/\\\/fjallshop.hr\\\/proizvod\\\/totepack-no-2\\\/\",\"url\":\"https:\\\/\\\/fjallshop.hr\\\/proizvod\\\/totepack-no-2\\\/\",\"name\":\"Totepack No. 2 - Fj\u00e4llr\u00e4ven\",\"isPartOf\":{\"@id\":\"https:\\\/\\\/fjallshop.hr\\\/sl\\\/#website\"},\"primaryImageOfPage\":{\"@id\":\"https:\\\/\\\/fjallshop.hr\\\/proizvod\\\/totepack-no-2\\\/#primaryimage\"},\"image\":{\"@id\":\"https:\\\/\\\/fjallshop.hr\\\/proizvod\\\/totepack-no-2\\\/#primaryimage\"},\"thumbnailUrl\":\"https:\\\/\\\/fjallshop.hr\\\/wp-content\\\/uploads\\\/2026\\\/03\\\/Totepack_No._2_24229-550_A_MAIN_FJR.webp\",\"datePublished\":\"2026-03-12T20:26:06+00:00\",\"dateModified\":\"2026-04-03T16:48:12+00:00\",\"breadcrumb\":{\"@id\":\"https:\\\/\\\/fjallshop.hr\\\/proizvod\\\/totepack-no-2\\\/#breadcrumb\"},\"inLanguage\":\"en-US\",\"potentialAction\":[{\"@type\":\"ReadAction\",\"target\":[\"https:\\\/\\\/fjallshop.hr\\\/proizvod\\\/totepack-no-2\\\/\"]}]},{\"@type\":\"ImageObject\",\"inLanguage\":\"en-US\",\"@id\":\"https:\\\/\\\/fjallshop.hr\\\/proizvod\\\/totepack-no-2\\\/#primaryimage\",\"url\":\"https:\\\/\\\/fjallshop.hr\\\/wp-content\\\/uploads\\\/2026\\\/03\\\/Totepack_No._2_24229-550_A_MAIN_FJR.webp\",\"contentUrl\":\"https:\\\/\\\/fjallshop.hr\\\/wp-content\\\/uploads\\\/2026\\\/03\\\/Totepack_No._2_24229-550_A_MAIN_FJR.webp\",\"width\":1500,\"height\":1500},{\"@type\":\"BreadcrumbList\",\"@id\":\"https:\\\/\\\/fjallshop.hr\\\/proizvod\\\/totepack-no-2\\\/#breadcrumb\",\"itemListElement\":[{\"@type\":\"ListItem\",\"position\":1,\"name\":\"Home\",\"item\":\"https:\\\/\\\/fjallshop.hr\\\/sl\\\/\"},{\"@type\":\"ListItem\",\"position\":2,\"name\":\"Shop\",\"item\":\"https:\\\/\\\/fjallshop.hr\\\/en\\\/shop\\\/\"},{\"@type\":\"ListItem\",\"position\":3,\"name\":\"Totepack No. 2\"}]},{\"@type\":\"WebSite\",\"@id\":\"https:\\\/\\\/fjallshop.hr\\\/sl\\\/#website\",\"url\":\"https:\\\/\\\/fjallshop.hr\\\/sl\\\/\",\"name\":\"Fj\u00e4llr\u00e4ven\",\"description\":\"Web trgovina\",\"publisher\":{\"@id\":\"https:\\\/\\\/fjallshop.hr\\\/sl\\\/#organization\"},\"potentialAction\":[{\"@type\":\"SearchAction\",\"target\":{\"@type\":\"EntryPoint\",\"urlTemplate\":\"https:\\\/\\\/fjallshop.hr\\\/sl\\\/?s={search_term_string}\"},\"query-input\":{\"@type\":\"PropertyValueSpecification\",\"valueRequired\":true,\"valueName\":\"search_term_string\"}}],\"inLanguage\":\"en-US\"},{\"@type\":\"Organization\",\"@id\":\"https:\\\/\\\/fjallshop.hr\\\/sl\\\/#organization\",\"name\":\"Fj\u00e4llr\u00e4ven\",\"url\":\"https:\\\/\\\/fjallshop.hr\\\/sl\\\/\",\"logo\":{\"@type\":\"ImageObject\",\"inLanguage\":\"en-US\",\"@id\":\"https:\\\/\\\/fjallshop.hr\\\/sl\\\/#\\\/schema\\\/logo\\\/image\\\/\",\"url\":\"https:\\\/\\\/fjallshop.hr\\\/wp-content\\\/uploads\\\/2026\\\/01\\\/fjr-logo.svg\",\"contentUrl\":\"https:\\\/\\\/fjallshop.hr\\\/wp-content\\\/uploads\\\/2026\\\/01\\\/fjr-logo.svg\",\"width\":1077,\"height\":393,\"caption\":\"Fj\u00e4llr\u00e4ven\"},\"image\":{\"@id\":\"https:\\\/\\\/fjallshop.hr\\\/sl\\\/#\\\/schema\\\/logo\\\/image\\\/\"}}]}<\/script>\n<!-- \/ Yoast SEO plugin. -->","yoast_head_json":{"title":"Totepack No. 2 - Fj\u00e4llr\u00e4ven","robots":{"index":"index","follow":"follow","max-snippet":"max-snippet:-1","max-image-preview":"max-image-preview:large","max-video-preview":"max-video-preview:-1"},"canonical":"https:\/\/fjallshop.hr\/proizvod\/totepack-no-2\/","og_locale":"en_US","og_type":"article","og_title":"Totepack No. 2 - Fj\u00e4llr\u00e4ven","og_description":"Prakti\u010dna torba od izdr\u017eljivog G-1000 materijala s ko\u017enim dnom. Torbu je mogu\u0107e nositi preko ramena, u ruci ili kao ruksak. Proizvedeno bez PFAS-a.","og_url":"https:\/\/fjallshop.hr\/proizvod\/totepack-no-2\/","og_site_name":"Fj\u00e4llr\u00e4ven","article_modified_time":"2026-04-03T16:48:12+00:00","og_image":[{"width":1500,"height":1500,"url":"https:\/\/fjallshop.hr\/wp-content\/uploads\/2026\/03\/Totepack_No._2_24229-550_A_MAIN_FJR.webp","type":"image\/webp"}],"twitter_card":"summary_large_image","twitter_misc":{"Est. reading time":"1 minute"},"schema":{"@context":"https:\/\/schema.org","@graph":[{"@type":"WebPage","@id":"https:\/\/fjallshop.hr\/proizvod\/totepack-no-2\/","url":"https:\/\/fjallshop.hr\/proizvod\/totepack-no-2\/","name":"Totepack No. 2 - Fj\u00e4llr\u00e4ven","isPartOf":{"@id":"https:\/\/fjallshop.hr\/sl\/#website"},"primaryImageOfPage":{"@id":"https:\/\/fjallshop.hr\/proizvod\/totepack-no-2\/#primaryimage"},"image":{"@id":"https:\/\/fjallshop.hr\/proizvod\/totepack-no-2\/#primaryimage"},"thumbnailUrl":"https:\/\/fjallshop.hr\/wp-content\/uploads\/2026\/03\/Totepack_No._2_24229-550_A_MAIN_FJR.webp","datePublished":"2026-03-12T20:26:06+00:00","dateModified":"2026-04-03T16:48:12+00:00","breadcrumb":{"@id":"https:\/\/fjallshop.hr\/proizvod\/totepack-no-2\/#breadcrumb"},"inLanguage":"en-US","potentialAction":[{"@type":"ReadAction","target":["https:\/\/fjallshop.hr\/proizvod\/totepack-no-2\/"]}]},{"@type":"ImageObject","inLanguage":"en-US","@id":"https:\/\/fjallshop.hr\/proizvod\/totepack-no-2\/#primaryimage","url":"https:\/\/fjallshop.hr\/wp-content\/uploads\/2026\/03\/Totepack_No._2_24229-550_A_MAIN_FJR.webp","contentUrl":"https:\/\/fjallshop.hr\/wp-content\/uploads\/2026\/03\/Totepack_No._2_24229-550_A_MAIN_FJR.webp","width":1500,"height":1500},{"@type":"BreadcrumbList","@id":"https:\/\/fjallshop.hr\/proizvod\/totepack-no-2\/#breadcrumb","itemListElement":[{"@type":"ListItem","position":1,"name":"Home","item":"https:\/\/fjallshop.hr\/sl\/"},{"@type":"ListItem","position":2,"name":"Shop","item":"https:\/\/fjallshop.hr\/en\/shop\/"},{"@type":"ListItem","position":3,"name":"Totepack No. 2"}]},{"@type":"WebSite","@id":"https:\/\/fjallshop.hr\/sl\/#website","url":"https:\/\/fjallshop.hr\/sl\/","name":"Fj\u00e4llr\u00e4ven","description":"Web trgovina","publisher":{"@id":"https:\/\/fjallshop.hr\/sl\/#organization"},"potentialAction":[{"@type":"SearchAction","target":{"@type":"EntryPoint","urlTemplate":"https:\/\/fjallshop.hr\/sl\/?s={search_term_string}"},"query-input":{"@type":"PropertyValueSpecification","valueRequired":true,"valueName":"search_term_string"}}],"inLanguage":"en-US"},{"@type":"Organization","@id":"https:\/\/fjallshop.hr\/sl\/#organization","name":"Fj\u00e4llr\u00e4ven","url":"https:\/\/fjallshop.hr\/sl\/","logo":{"@type":"ImageObject","inLanguage":"en-US","@id":"https:\/\/fjallshop.hr\/sl\/#\/schema\/logo\/image\/","url":"https:\/\/fjallshop.hr\/wp-content\/uploads\/2026\/01\/fjr-logo.svg","contentUrl":"https:\/\/fjallshop.hr\/wp-content\/uploads\/2026\/01\/fjr-logo.svg","width":1077,"height":393,"caption":"Fj\u00e4llr\u00e4ven"},"image":{"@id":"https:\/\/fjallshop.hr\/sl\/#\/schema\/logo\/image\/"}}]}},"_links":{"self":[{"href":"https:\/\/fjallshop.hr\/en\/wp-json\/wp\/v2\/product\/1026289","targetHints":{"allow":["GET"]}}],"collection":[{"href":"https:\/\/fjallshop.hr\/en\/wp-json\/wp\/v2\/product"}],"about":[{"href":"https:\/\/fjallshop.hr\/en\/wp-json\/wp\/v2\/types\/product"}],"version-history":[{"count":2,"href":"https:\/\/fjallshop.hr\/en\/wp-json\/wp\/v2\/product\/1026289\/revisions"}],"predecessor-version":[{"id":1026788,"href":"https:\/\/fjallshop.hr\/en\/wp-json\/wp\/v2\/product\/1026289\/revisions\/1026788"}],"wp:featuredmedia":[{"embeddable":true,"href":"https:\/\/fjallshop.hr\/en\/wp-json\/wp\/v2\/media\/1029617"}],"wp:attachment":[{"href":"https:\/\/fjallshop.hr\/en\/wp-json\/wp\/v2\/media?parent=1026289"}],"wp:term":[{"taxonomy":"product_brand","embeddable":true,"href":"https:\/\/fjallshop.hr\/en\/wp-json\/wp\/v2\/product_brand?post=1026289"},{"taxonomy":"product_cat","embeddable":true,"href":"https:\/\/fjallshop.hr\/en\/wp-json\/wp\/v2\/product_cat?post=1026289"},{"taxonomy":"product_tag","embeddable":true,"href":"https:\/\/fjallshop.hr\/en\/wp-json\/wp\/v2\/product_tag?post=1026289"}],"curies":[{"name":"wp","href":"https:\/\/api.w.org\/{rel}","templated":true}]}}