{"id":1020274,"date":"2025-11-21T09:27:22","date_gmt":"2025-11-21T09:27:22","guid":{"rendered":"https:\/\/fjallshop.hr\/?post_type=product&#038;p=1020274"},"modified":"2026-04-17T11:25:25","modified_gmt":"2026-04-17T11:25:25","slug":"kanken-no-2-black-mini","status":"publish","type":"product","link":"https:\/\/fjallshop.hr\/en\/product\/kanken-no-2-black-mini\/","title":{"rendered":"K\u00e5nken No. 2 Black Mini"},"content":{"rendered":"<p>Potpuno crna mini verzija K\u00e5nken br. 2 u izdr\u017eljivom G-1000 HeavyDuty materijalu s ko\u017enim detaljima. Podesivi naramenici koji odgovaraju i malim i velikim le\u0111ima. Savr\u0161eno za ponijeti stvari u vrti\u0107 &#8211; ili kao mali ruksak za svaki dan. 65% reciklirani poliester, 35% organski pamuk. Izdr\u017eljiv, voskani G-1000 HeavyDuty materijal. Duge naramenice od tkanine. Glavni pretinac s velikim otvorom na patentni zatvara\u010d. Prednji d\u017eep s patentnim zatvara\u010dem. Dva otvorena bo\u010dna d\u017eepa. Sjedalo od G-1000 HeavyDuty materijala koje sprje\u010dava da sadr\u017eaj pritiska le\u0111a. Ru\u010dke i detalji od ko\u017ee. Metalni D-prsten. Etiketa s adresom u glavnom pretincu. Odgovara i djeci i odraslima. Impregnirano Greenland voskom.<\/p>\n","protected":false},"excerpt":{"rendered":"<p>Potpuno crna mini verzija K\u00e5nken br. 2. Proizvedeno bez PFAS-a.<\/p>\n","protected":false},"featured_media":1023005,"template":"","meta":[],"product_brand":[],"product_cat":[151],"product_tag":[578,479,500,699,722,590,576,579,485],"class_list":{"0":"post-1020274","1":"product","2":"type-product","3":"status-publish","4":"has-post-thumbnail","6":"product_cat-ruksaci-i-torbe","7":"product_tag-dnevni-ruksaci","8":"product_tag-everyday-outdoor","9":"product_tag-kanken","10":"product_tag-kanken-mini","11":"product_tag-kanken25","12":"product_tag-oprema","13":"product_tag-ruksaci-torbe","14":"product_tag-torbice","15":"product_tag-unisex","17":"first","18":"instock","19":"sale","20":"shipping-taxable","21":"purchasable","22":"product-type-variable"},"yoast_head":"<!-- This site is optimized with the Yoast SEO plugin v27.4 - https:\/\/yoast.com\/product\/yoast-seo-wordpress\/ -->\n<title>K\u00e5nken No. 2 Black Mini - Fj\u00e4llr\u00e4ven<\/title>\n<meta name=\"robots\" content=\"index, follow, max-snippet:-1, max-image-preview:large, max-video-preview:-1\" \/>\n<link rel=\"canonical\" href=\"https:\/\/fjallshop.hr\/proizvod\/kanken-no-2-black-mini\/\" \/>\n<meta property=\"og:locale\" content=\"en_US\" \/>\n<meta property=\"og:type\" content=\"article\" \/>\n<meta property=\"og:title\" content=\"K\u00e5nken No. 2 Black Mini - Fj\u00e4llr\u00e4ven\" \/>\n<meta property=\"og:description\" content=\"Potpuno crna mini verzija K\u00e5nken br. 2. Proizvedeno bez PFAS-a.\" \/>\n<meta property=\"og:url\" content=\"https:\/\/fjallshop.hr\/proizvod\/kanken-no-2-black-mini\/\" \/>\n<meta property=\"og:site_name\" content=\"Fj\u00e4llr\u00e4ven\" \/>\n<meta property=\"article:modified_time\" content=\"2026-04-17T11:25:25+00:00\" \/>\n<meta property=\"og:image\" content=\"https:\/\/fjallshop.hr\/wp-content\/uploads\/2025\/11\/Kanken_No._2_Black_Mini_24261-550_A_MAIN_FJR-3.png\" \/>\n\t<meta property=\"og:image:width\" content=\"1024\" \/>\n\t<meta property=\"og:image:height\" content=\"1024\" \/>\n\t<meta property=\"og:image:type\" content=\"image\/png\" \/>\n<meta name=\"twitter:card\" content=\"summary_large_image\" \/>\n<meta name=\"twitter:label1\" content=\"Est. reading time\" \/>\n\t<meta name=\"twitter:data1\" content=\"1 minute\" \/>\n<script type=\"application\/ld+json\" class=\"yoast-schema-graph\">{\"@context\":\"https:\\\/\\\/schema.org\",\"@graph\":[{\"@type\":\"WebPage\",\"@id\":\"https:\\\/\\\/fjallshop.hr\\\/proizvod\\\/kanken-no-2-black-mini\\\/\",\"url\":\"https:\\\/\\\/fjallshop.hr\\\/proizvod\\\/kanken-no-2-black-mini\\\/\",\"name\":\"K\u00e5nken No. 2 Black Mini - Fj\u00e4llr\u00e4ven\",\"isPartOf\":{\"@id\":\"https:\\\/\\\/fjallshop.hr\\\/sl\\\/#website\"},\"primaryImageOfPage\":{\"@id\":\"https:\\\/\\\/fjallshop.hr\\\/proizvod\\\/kanken-no-2-black-mini\\\/#primaryimage\"},\"image\":{\"@id\":\"https:\\\/\\\/fjallshop.hr\\\/proizvod\\\/kanken-no-2-black-mini\\\/#primaryimage\"},\"thumbnailUrl\":\"https:\\\/\\\/fjallshop.hr\\\/wp-content\\\/uploads\\\/2025\\\/11\\\/Kanken_No._2_Black_Mini_24261-550_A_MAIN_FJR-3.png\",\"datePublished\":\"2025-11-21T09:27:22+00:00\",\"dateModified\":\"2026-04-17T11:25:25+00:00\",\"breadcrumb\":{\"@id\":\"https:\\\/\\\/fjallshop.hr\\\/proizvod\\\/kanken-no-2-black-mini\\\/#breadcrumb\"},\"inLanguage\":\"en-US\",\"potentialAction\":[{\"@type\":\"ReadAction\",\"target\":[\"https:\\\/\\\/fjallshop.hr\\\/proizvod\\\/kanken-no-2-black-mini\\\/\"]}]},{\"@type\":\"ImageObject\",\"inLanguage\":\"en-US\",\"@id\":\"https:\\\/\\\/fjallshop.hr\\\/proizvod\\\/kanken-no-2-black-mini\\\/#primaryimage\",\"url\":\"https:\\\/\\\/fjallshop.hr\\\/wp-content\\\/uploads\\\/2025\\\/11\\\/Kanken_No._2_Black_Mini_24261-550_A_MAIN_FJR-3.png\",\"contentUrl\":\"https:\\\/\\\/fjallshop.hr\\\/wp-content\\\/uploads\\\/2025\\\/11\\\/Kanken_No._2_Black_Mini_24261-550_A_MAIN_FJR-3.png\",\"width\":1500,\"height\":1500},{\"@type\":\"BreadcrumbList\",\"@id\":\"https:\\\/\\\/fjallshop.hr\\\/proizvod\\\/kanken-no-2-black-mini\\\/#breadcrumb\",\"itemListElement\":[{\"@type\":\"ListItem\",\"position\":1,\"name\":\"Home\",\"item\":\"https:\\\/\\\/fjallshop.hr\\\/sl\\\/\"},{\"@type\":\"ListItem\",\"position\":2,\"name\":\"Shop\",\"item\":\"https:\\\/\\\/fjallshop.hr\\\/en\\\/shop\\\/\"},{\"@type\":\"ListItem\",\"position\":3,\"name\":\"K\u00e5nken No. 2 Black Mini\"}]},{\"@type\":\"WebSite\",\"@id\":\"https:\\\/\\\/fjallshop.hr\\\/sl\\\/#website\",\"url\":\"https:\\\/\\\/fjallshop.hr\\\/sl\\\/\",\"name\":\"Fj\u00e4llr\u00e4ven\",\"description\":\"Web trgovina\",\"publisher\":{\"@id\":\"https:\\\/\\\/fjallshop.hr\\\/sl\\\/#organization\"},\"potentialAction\":[{\"@type\":\"SearchAction\",\"target\":{\"@type\":\"EntryPoint\",\"urlTemplate\":\"https:\\\/\\\/fjallshop.hr\\\/sl\\\/?s={search_term_string}\"},\"query-input\":{\"@type\":\"PropertyValueSpecification\",\"valueRequired\":true,\"valueName\":\"search_term_string\"}}],\"inLanguage\":\"en-US\"},{\"@type\":\"Organization\",\"@id\":\"https:\\\/\\\/fjallshop.hr\\\/sl\\\/#organization\",\"name\":\"Fj\u00e4llr\u00e4ven\",\"url\":\"https:\\\/\\\/fjallshop.hr\\\/sl\\\/\",\"logo\":{\"@type\":\"ImageObject\",\"inLanguage\":\"en-US\",\"@id\":\"https:\\\/\\\/fjallshop.hr\\\/sl\\\/#\\\/schema\\\/logo\\\/image\\\/\",\"url\":\"https:\\\/\\\/fjallshop.hr\\\/wp-content\\\/uploads\\\/2026\\\/01\\\/fjr-logo.svg\",\"contentUrl\":\"https:\\\/\\\/fjallshop.hr\\\/wp-content\\\/uploads\\\/2026\\\/01\\\/fjr-logo.svg\",\"width\":1077,\"height\":393,\"caption\":\"Fj\u00e4llr\u00e4ven\"},\"image\":{\"@id\":\"https:\\\/\\\/fjallshop.hr\\\/sl\\\/#\\\/schema\\\/logo\\\/image\\\/\"}}]}<\/script>\n<!-- \/ Yoast SEO plugin. -->","yoast_head_json":{"title":"K\u00e5nken No. 2 Black Mini - Fj\u00e4llr\u00e4ven","robots":{"index":"index","follow":"follow","max-snippet":"max-snippet:-1","max-image-preview":"max-image-preview:large","max-video-preview":"max-video-preview:-1"},"canonical":"https:\/\/fjallshop.hr\/proizvod\/kanken-no-2-black-mini\/","og_locale":"en_US","og_type":"article","og_title":"K\u00e5nken No. 2 Black Mini - Fj\u00e4llr\u00e4ven","og_description":"Potpuno crna mini verzija K\u00e5nken br. 2. Proizvedeno bez PFAS-a.","og_url":"https:\/\/fjallshop.hr\/proizvod\/kanken-no-2-black-mini\/","og_site_name":"Fj\u00e4llr\u00e4ven","article_modified_time":"2026-04-17T11:25:25+00:00","og_image":[{"url":"https:\/\/fjallshop.hr\/wp-content\/uploads\/2025\/11\/Kanken_No._2_Black_Mini_24261-550_A_MAIN_FJR-3.png","width":1024,"height":1024,"type":"image\/png"}],"twitter_card":"summary_large_image","twitter_misc":{"Est. reading time":"1 minute"},"schema":{"@context":"https:\/\/schema.org","@graph":[{"@type":"WebPage","@id":"https:\/\/fjallshop.hr\/proizvod\/kanken-no-2-black-mini\/","url":"https:\/\/fjallshop.hr\/proizvod\/kanken-no-2-black-mini\/","name":"K\u00e5nken No. 2 Black Mini - Fj\u00e4llr\u00e4ven","isPartOf":{"@id":"https:\/\/fjallshop.hr\/sl\/#website"},"primaryImageOfPage":{"@id":"https:\/\/fjallshop.hr\/proizvod\/kanken-no-2-black-mini\/#primaryimage"},"image":{"@id":"https:\/\/fjallshop.hr\/proizvod\/kanken-no-2-black-mini\/#primaryimage"},"thumbnailUrl":"https:\/\/fjallshop.hr\/wp-content\/uploads\/2025\/11\/Kanken_No._2_Black_Mini_24261-550_A_MAIN_FJR-3.png","datePublished":"2025-11-21T09:27:22+00:00","dateModified":"2026-04-17T11:25:25+00:00","breadcrumb":{"@id":"https:\/\/fjallshop.hr\/proizvod\/kanken-no-2-black-mini\/#breadcrumb"},"inLanguage":"en-US","potentialAction":[{"@type":"ReadAction","target":["https:\/\/fjallshop.hr\/proizvod\/kanken-no-2-black-mini\/"]}]},{"@type":"ImageObject","inLanguage":"en-US","@id":"https:\/\/fjallshop.hr\/proizvod\/kanken-no-2-black-mini\/#primaryimage","url":"https:\/\/fjallshop.hr\/wp-content\/uploads\/2025\/11\/Kanken_No._2_Black_Mini_24261-550_A_MAIN_FJR-3.png","contentUrl":"https:\/\/fjallshop.hr\/wp-content\/uploads\/2025\/11\/Kanken_No._2_Black_Mini_24261-550_A_MAIN_FJR-3.png","width":1500,"height":1500},{"@type":"BreadcrumbList","@id":"https:\/\/fjallshop.hr\/proizvod\/kanken-no-2-black-mini\/#breadcrumb","itemListElement":[{"@type":"ListItem","position":1,"name":"Home","item":"https:\/\/fjallshop.hr\/sl\/"},{"@type":"ListItem","position":2,"name":"Shop","item":"https:\/\/fjallshop.hr\/en\/shop\/"},{"@type":"ListItem","position":3,"name":"K\u00e5nken No. 2 Black Mini"}]},{"@type":"WebSite","@id":"https:\/\/fjallshop.hr\/sl\/#website","url":"https:\/\/fjallshop.hr\/sl\/","name":"Fj\u00e4llr\u00e4ven","description":"Web trgovina","publisher":{"@id":"https:\/\/fjallshop.hr\/sl\/#organization"},"potentialAction":[{"@type":"SearchAction","target":{"@type":"EntryPoint","urlTemplate":"https:\/\/fjallshop.hr\/sl\/?s={search_term_string}"},"query-input":{"@type":"PropertyValueSpecification","valueRequired":true,"valueName":"search_term_string"}}],"inLanguage":"en-US"},{"@type":"Organization","@id":"https:\/\/fjallshop.hr\/sl\/#organization","name":"Fj\u00e4llr\u00e4ven","url":"https:\/\/fjallshop.hr\/sl\/","logo":{"@type":"ImageObject","inLanguage":"en-US","@id":"https:\/\/fjallshop.hr\/sl\/#\/schema\/logo\/image\/","url":"https:\/\/fjallshop.hr\/wp-content\/uploads\/2026\/01\/fjr-logo.svg","contentUrl":"https:\/\/fjallshop.hr\/wp-content\/uploads\/2026\/01\/fjr-logo.svg","width":1077,"height":393,"caption":"Fj\u00e4llr\u00e4ven"},"image":{"@id":"https:\/\/fjallshop.hr\/sl\/#\/schema\/logo\/image\/"}}]}},"_links":{"self":[{"href":"https:\/\/fjallshop.hr\/en\/wp-json\/wp\/v2\/product\/1020274","targetHints":{"allow":["GET"]}}],"collection":[{"href":"https:\/\/fjallshop.hr\/en\/wp-json\/wp\/v2\/product"}],"about":[{"href":"https:\/\/fjallshop.hr\/en\/wp-json\/wp\/v2\/types\/product"}],"version-history":[{"count":1,"href":"https:\/\/fjallshop.hr\/en\/wp-json\/wp\/v2\/product\/1020274\/revisions"}],"predecessor-version":[{"id":1020303,"href":"https:\/\/fjallshop.hr\/en\/wp-json\/wp\/v2\/product\/1020274\/revisions\/1020303"}],"wp:featuredmedia":[{"embeddable":true,"href":"https:\/\/fjallshop.hr\/en\/wp-json\/wp\/v2\/media\/1023005"}],"wp:attachment":[{"href":"https:\/\/fjallshop.hr\/en\/wp-json\/wp\/v2\/media?parent=1020274"}],"wp:term":[{"taxonomy":"product_brand","embeddable":true,"href":"https:\/\/fjallshop.hr\/en\/wp-json\/wp\/v2\/product_brand?post=1020274"},{"taxonomy":"product_cat","embeddable":true,"href":"https:\/\/fjallshop.hr\/en\/wp-json\/wp\/v2\/product_cat?post=1020274"},{"taxonomy":"product_tag","embeddable":true,"href":"https:\/\/fjallshop.hr\/en\/wp-json\/wp\/v2\/product_tag?post=1020274"}],"curies":[{"name":"wp","href":"https:\/\/api.w.org\/{rel}","templated":true}]}}