{"id":1020158,"date":"2025-11-21T09:26:58","date_gmt":"2025-11-21T09:26:58","guid":{"rendered":"https:\/\/fjallshop.hr\/?post_type=product&#038;p=1020158"},"modified":"2026-04-17T11:25:55","modified_gmt":"2026-04-17T11:25:55","slug":"kanken-no-2","status":"publish","type":"product","link":"https:\/\/fjallshop.hr\/en\/product\/kanken-no-2\/","title":{"rendered":"K\u00e5nken No. 2"},"content":{"rendered":"<p>Ravna le\u0111a su zdrava le\u0111a! K\u00e5nken je lansiran 1978. godine kako bi pomogao u sprje\u010davanju problema s le\u0111ima kod \u0161vedske \u0161kolske djece. Sada, vi\u0161e od 35 godina kasnije, K\u00e5nken je ispravio milijune le\u0111a i postao jedan od najpopularnijih Fj\u00e4llr\u00e4venovih proizvoda, voljen generacijama korisnika. K\u00e5nken br. 2 izra\u0111en je od izdr\u017eljivog, dvostruko voskanog G-1000 HeavyDuty materijala s unutarnjim stra\u017enjim d\u017eepom od G-1000 Lite materijala. Ba\u0161 kao i njegov prethodnik, to je izdr\u017eljiv svakodnevni ruksak, jednako prakti\u010dan za kori\u0161tenje na putu do \u0161kole ili posla kao i na izletu ili putovanju. Glavni pretinac ima ve\u0107i otvor koji olak\u0161ava pakiranje i va\u0111enje stvari. Stra\u017enji d\u017eep ima podstavljenu podlogu za sjedenje od G-1000 HeavyDuty materijala tako da udoban odmor nikada nije daleko. Dva otvorena d\u017eepa sa strane i d\u017eep s patentnim zatvara\u010dem sprijeda. Detalji i ru\u010dke od ko\u017ee, naramenice od tekstila. Impregnacija se mo\u017ee lako pobolj\u0161ati Greenland Waxom, \u0161to tako\u0111er dodatno pove\u0107ava izdr\u017eljivost.<\/p>\n","protected":false},"excerpt":{"rendered":"<p>K\u00e5nken ruksak od izdr\u017eljivog G-1000 HeavyDuty materijala s ru\u010dkama i detaljima od ko\u017ee. Veliki glavni d\u017eep, prednji d\u017eep i podstavljena podloga za sjedenje. Proizvedeno bez PFAS-a.<\/p>\n","protected":false},"featured_media":1028721,"template":"","meta":[],"product_brand":[150],"product_cat":[151],"product_tag":[578,479,500,524,722,590,576,485],"class_list":{"0":"post-1020158","1":"product","2":"type-product","3":"status-publish","4":"has-post-thumbnail","6":"product_brand-kanken","7":"product_cat-ruksaci-i-torbe","8":"product_tag-dnevni-ruksaci","9":"product_tag-everyday-outdoor","10":"product_tag-kanken","11":"product_tag-kanken-no2","12":"product_tag-kanken25","13":"product_tag-oprema","14":"product_tag-ruksaci-torbe","15":"product_tag-unisex","17":"first","18":"instock","19":"sale","20":"shipping-taxable","21":"purchasable","22":"product-type-variable"},"yoast_head":"<!-- This site is optimized with the Yoast SEO plugin v27.4 - https:\/\/yoast.com\/product\/yoast-seo-wordpress\/ -->\n<title>K\u00e5nken No. 2 - Fj\u00e4llr\u00e4ven<\/title>\n<meta name=\"robots\" content=\"index, follow, max-snippet:-1, max-image-preview:large, max-video-preview:-1\" \/>\n<link rel=\"canonical\" href=\"https:\/\/fjallshop.hr\/proizvod\/kanken-no-2\/\" \/>\n<meta property=\"og:locale\" content=\"en_US\" \/>\n<meta property=\"og:type\" content=\"article\" \/>\n<meta property=\"og:title\" content=\"K\u00e5nken No. 2 - Fj\u00e4llr\u00e4ven\" \/>\n<meta property=\"og:description\" content=\"K\u00e5nken ruksak od izdr\u017eljivog G-1000 HeavyDuty materijala s ru\u010dkama i detaljima od ko\u017ee. Veliki glavni d\u017eep, prednji d\u017eep i podstavljena podloga za sjedenje. Proizvedeno bez PFAS-a.\" \/>\n<meta property=\"og:url\" content=\"https:\/\/fjallshop.hr\/proizvod\/kanken-no-2\/\" \/>\n<meta property=\"og:site_name\" content=\"Fj\u00e4llr\u00e4ven\" \/>\n<meta property=\"article:modified_time\" content=\"2026-04-17T11:25:55+00:00\" \/>\n<meta property=\"og:image\" content=\"https:\/\/fjallshop.hr\/wp-content\/uploads\/2026\/03\/Kanken_No_2_23565-118_A_MAIN.webp\" \/>\n\t<meta property=\"og:image:width\" content=\"1500\" \/>\n\t<meta property=\"og:image:height\" content=\"1500\" \/>\n\t<meta property=\"og:image:type\" content=\"image\/webp\" \/>\n<meta name=\"twitter:card\" content=\"summary_large_image\" \/>\n<meta name=\"twitter:label1\" content=\"Est. reading time\" \/>\n\t<meta name=\"twitter:data1\" content=\"2 minutes\" \/>\n<script type=\"application\/ld+json\" class=\"yoast-schema-graph\">{\"@context\":\"https:\\\/\\\/schema.org\",\"@graph\":[{\"@type\":\"WebPage\",\"@id\":\"https:\\\/\\\/fjallshop.hr\\\/proizvod\\\/kanken-no-2\\\/\",\"url\":\"https:\\\/\\\/fjallshop.hr\\\/proizvod\\\/kanken-no-2\\\/\",\"name\":\"K\u00e5nken No. 2 - Fj\u00e4llr\u00e4ven\",\"isPartOf\":{\"@id\":\"https:\\\/\\\/fjallshop.hr\\\/sl\\\/#website\"},\"primaryImageOfPage\":{\"@id\":\"https:\\\/\\\/fjallshop.hr\\\/proizvod\\\/kanken-no-2\\\/#primaryimage\"},\"image\":{\"@id\":\"https:\\\/\\\/fjallshop.hr\\\/proizvod\\\/kanken-no-2\\\/#primaryimage\"},\"thumbnailUrl\":\"https:\\\/\\\/fjallshop.hr\\\/wp-content\\\/uploads\\\/2026\\\/03\\\/Kanken_No_2_23565-118_A_MAIN.webp\",\"datePublished\":\"2025-11-21T09:26:58+00:00\",\"dateModified\":\"2026-04-17T11:25:55+00:00\",\"breadcrumb\":{\"@id\":\"https:\\\/\\\/fjallshop.hr\\\/proizvod\\\/kanken-no-2\\\/#breadcrumb\"},\"inLanguage\":\"en-US\",\"potentialAction\":[{\"@type\":\"ReadAction\",\"target\":[\"https:\\\/\\\/fjallshop.hr\\\/proizvod\\\/kanken-no-2\\\/\"]}]},{\"@type\":\"ImageObject\",\"inLanguage\":\"en-US\",\"@id\":\"https:\\\/\\\/fjallshop.hr\\\/proizvod\\\/kanken-no-2\\\/#primaryimage\",\"url\":\"https:\\\/\\\/fjallshop.hr\\\/wp-content\\\/uploads\\\/2026\\\/03\\\/Kanken_No_2_23565-118_A_MAIN.webp\",\"contentUrl\":\"https:\\\/\\\/fjallshop.hr\\\/wp-content\\\/uploads\\\/2026\\\/03\\\/Kanken_No_2_23565-118_A_MAIN.webp\",\"width\":1500,\"height\":1500},{\"@type\":\"BreadcrumbList\",\"@id\":\"https:\\\/\\\/fjallshop.hr\\\/proizvod\\\/kanken-no-2\\\/#breadcrumb\",\"itemListElement\":[{\"@type\":\"ListItem\",\"position\":1,\"name\":\"Home\",\"item\":\"https:\\\/\\\/fjallshop.hr\\\/sl\\\/\"},{\"@type\":\"ListItem\",\"position\":2,\"name\":\"Shop\",\"item\":\"https:\\\/\\\/fjallshop.hr\\\/en\\\/shop\\\/\"},{\"@type\":\"ListItem\",\"position\":3,\"name\":\"K\u00e5nken No. 2\"}]},{\"@type\":\"WebSite\",\"@id\":\"https:\\\/\\\/fjallshop.hr\\\/sl\\\/#website\",\"url\":\"https:\\\/\\\/fjallshop.hr\\\/sl\\\/\",\"name\":\"Fj\u00e4llr\u00e4ven\",\"description\":\"Web trgovina\",\"publisher\":{\"@id\":\"https:\\\/\\\/fjallshop.hr\\\/sl\\\/#organization\"},\"potentialAction\":[{\"@type\":\"SearchAction\",\"target\":{\"@type\":\"EntryPoint\",\"urlTemplate\":\"https:\\\/\\\/fjallshop.hr\\\/sl\\\/?s={search_term_string}\"},\"query-input\":{\"@type\":\"PropertyValueSpecification\",\"valueRequired\":true,\"valueName\":\"search_term_string\"}}],\"inLanguage\":\"en-US\"},{\"@type\":\"Organization\",\"@id\":\"https:\\\/\\\/fjallshop.hr\\\/sl\\\/#organization\",\"name\":\"Fj\u00e4llr\u00e4ven\",\"url\":\"https:\\\/\\\/fjallshop.hr\\\/sl\\\/\",\"logo\":{\"@type\":\"ImageObject\",\"inLanguage\":\"en-US\",\"@id\":\"https:\\\/\\\/fjallshop.hr\\\/sl\\\/#\\\/schema\\\/logo\\\/image\\\/\",\"url\":\"https:\\\/\\\/fjallshop.hr\\\/wp-content\\\/uploads\\\/2026\\\/01\\\/fjr-logo.svg\",\"contentUrl\":\"https:\\\/\\\/fjallshop.hr\\\/wp-content\\\/uploads\\\/2026\\\/01\\\/fjr-logo.svg\",\"width\":1077,\"height\":393,\"caption\":\"Fj\u00e4llr\u00e4ven\"},\"image\":{\"@id\":\"https:\\\/\\\/fjallshop.hr\\\/sl\\\/#\\\/schema\\\/logo\\\/image\\\/\"}}]}<\/script>\n<!-- \/ Yoast SEO plugin. -->","yoast_head_json":{"title":"K\u00e5nken No. 2 - Fj\u00e4llr\u00e4ven","robots":{"index":"index","follow":"follow","max-snippet":"max-snippet:-1","max-image-preview":"max-image-preview:large","max-video-preview":"max-video-preview:-1"},"canonical":"https:\/\/fjallshop.hr\/proizvod\/kanken-no-2\/","og_locale":"en_US","og_type":"article","og_title":"K\u00e5nken No. 2 - Fj\u00e4llr\u00e4ven","og_description":"K\u00e5nken ruksak od izdr\u017eljivog G-1000 HeavyDuty materijala s ru\u010dkama i detaljima od ko\u017ee. Veliki glavni d\u017eep, prednji d\u017eep i podstavljena podloga za sjedenje. Proizvedeno bez PFAS-a.","og_url":"https:\/\/fjallshop.hr\/proizvod\/kanken-no-2\/","og_site_name":"Fj\u00e4llr\u00e4ven","article_modified_time":"2026-04-17T11:25:55+00:00","og_image":[{"width":1500,"height":1500,"url":"https:\/\/fjallshop.hr\/wp-content\/uploads\/2026\/03\/Kanken_No_2_23565-118_A_MAIN.webp","type":"image\/webp"}],"twitter_card":"summary_large_image","twitter_misc":{"Est. reading time":"2 minutes"},"schema":{"@context":"https:\/\/schema.org","@graph":[{"@type":"WebPage","@id":"https:\/\/fjallshop.hr\/proizvod\/kanken-no-2\/","url":"https:\/\/fjallshop.hr\/proizvod\/kanken-no-2\/","name":"K\u00e5nken No. 2 - Fj\u00e4llr\u00e4ven","isPartOf":{"@id":"https:\/\/fjallshop.hr\/sl\/#website"},"primaryImageOfPage":{"@id":"https:\/\/fjallshop.hr\/proizvod\/kanken-no-2\/#primaryimage"},"image":{"@id":"https:\/\/fjallshop.hr\/proizvod\/kanken-no-2\/#primaryimage"},"thumbnailUrl":"https:\/\/fjallshop.hr\/wp-content\/uploads\/2026\/03\/Kanken_No_2_23565-118_A_MAIN.webp","datePublished":"2025-11-21T09:26:58+00:00","dateModified":"2026-04-17T11:25:55+00:00","breadcrumb":{"@id":"https:\/\/fjallshop.hr\/proizvod\/kanken-no-2\/#breadcrumb"},"inLanguage":"en-US","potentialAction":[{"@type":"ReadAction","target":["https:\/\/fjallshop.hr\/proizvod\/kanken-no-2\/"]}]},{"@type":"ImageObject","inLanguage":"en-US","@id":"https:\/\/fjallshop.hr\/proizvod\/kanken-no-2\/#primaryimage","url":"https:\/\/fjallshop.hr\/wp-content\/uploads\/2026\/03\/Kanken_No_2_23565-118_A_MAIN.webp","contentUrl":"https:\/\/fjallshop.hr\/wp-content\/uploads\/2026\/03\/Kanken_No_2_23565-118_A_MAIN.webp","width":1500,"height":1500},{"@type":"BreadcrumbList","@id":"https:\/\/fjallshop.hr\/proizvod\/kanken-no-2\/#breadcrumb","itemListElement":[{"@type":"ListItem","position":1,"name":"Home","item":"https:\/\/fjallshop.hr\/sl\/"},{"@type":"ListItem","position":2,"name":"Shop","item":"https:\/\/fjallshop.hr\/en\/shop\/"},{"@type":"ListItem","position":3,"name":"K\u00e5nken No. 2"}]},{"@type":"WebSite","@id":"https:\/\/fjallshop.hr\/sl\/#website","url":"https:\/\/fjallshop.hr\/sl\/","name":"Fj\u00e4llr\u00e4ven","description":"Web trgovina","publisher":{"@id":"https:\/\/fjallshop.hr\/sl\/#organization"},"potentialAction":[{"@type":"SearchAction","target":{"@type":"EntryPoint","urlTemplate":"https:\/\/fjallshop.hr\/sl\/?s={search_term_string}"},"query-input":{"@type":"PropertyValueSpecification","valueRequired":true,"valueName":"search_term_string"}}],"inLanguage":"en-US"},{"@type":"Organization","@id":"https:\/\/fjallshop.hr\/sl\/#organization","name":"Fj\u00e4llr\u00e4ven","url":"https:\/\/fjallshop.hr\/sl\/","logo":{"@type":"ImageObject","inLanguage":"en-US","@id":"https:\/\/fjallshop.hr\/sl\/#\/schema\/logo\/image\/","url":"https:\/\/fjallshop.hr\/wp-content\/uploads\/2026\/01\/fjr-logo.svg","contentUrl":"https:\/\/fjallshop.hr\/wp-content\/uploads\/2026\/01\/fjr-logo.svg","width":1077,"height":393,"caption":"Fj\u00e4llr\u00e4ven"},"image":{"@id":"https:\/\/fjallshop.hr\/sl\/#\/schema\/logo\/image\/"}}]}},"_links":{"self":[{"href":"https:\/\/fjallshop.hr\/en\/wp-json\/wp\/v2\/product\/1020158","targetHints":{"allow":["GET"]}}],"collection":[{"href":"https:\/\/fjallshop.hr\/en\/wp-json\/wp\/v2\/product"}],"about":[{"href":"https:\/\/fjallshop.hr\/en\/wp-json\/wp\/v2\/types\/product"}],"version-history":[{"count":1,"href":"https:\/\/fjallshop.hr\/en\/wp-json\/wp\/v2\/product\/1020158\/revisions"}],"predecessor-version":[{"id":1020168,"href":"https:\/\/fjallshop.hr\/en\/wp-json\/wp\/v2\/product\/1020158\/revisions\/1020168"}],"wp:featuredmedia":[{"embeddable":true,"href":"https:\/\/fjallshop.hr\/en\/wp-json\/wp\/v2\/media\/1028721"}],"wp:attachment":[{"href":"https:\/\/fjallshop.hr\/en\/wp-json\/wp\/v2\/media?parent=1020158"}],"wp:term":[{"taxonomy":"product_brand","embeddable":true,"href":"https:\/\/fjallshop.hr\/en\/wp-json\/wp\/v2\/product_brand?post=1020158"},{"taxonomy":"product_cat","embeddable":true,"href":"https:\/\/fjallshop.hr\/en\/wp-json\/wp\/v2\/product_cat?post=1020158"},{"taxonomy":"product_tag","embeddable":true,"href":"https:\/\/fjallshop.hr\/en\/wp-json\/wp\/v2\/product_tag?post=1020158"}],"curies":[{"name":"wp","href":"https:\/\/api.w.org\/{rel}","templated":true}]}}