{"id":1020126,"date":"2025-11-21T09:26:51","date_gmt":"2025-11-21T09:26:51","guid":{"rendered":"https:\/\/fjallshop.hr\/?post_type=product&#038;p=1020126"},"modified":"2026-04-20T21:53:49","modified_gmt":"2026-04-20T21:53:49","slug":"re-kanken","status":"publish","type":"product","link":"https:\/\/fjallshop.hr\/en\/product\/re-kanken\/","title":{"rendered":"Re-K\u00e5nken"},"content":{"rendered":"<p>Posebno izdanje K\u00e5nkena, u potpunosti izra\u0111eno od poliestera recikliranog od jedanaest plasti\u010dnih boca. Obojeno SpinDye tehnologijom koja drasti\u010dno smanjuje koli\u010dinu vode, energije i kemikalija. Svakodnevni suputnik s istim genijalnim dizajnom kao i original, ali sada redizajniran iz perspektive recikliranja koja \u0161tedi prirodne resurse. Spreman za no\u0161enje, putovanja i ljubav &#8211; a u dalekoj budu\u0107nosti, ponovno recikliran. Glavni odjeljak ima veliki otvor s patentnim zatvara\u010dem koji olak\u0161ava pakiranje i raspakiranje. Dolazi s jastu\u010di\u0107em za sjedenje koji se sprema u unutarnju stra\u017enju vre\u0107icu gdje sprje\u010dava da sadr\u017eaj ruksaka priti\u0161\u0107e le\u0111a &#8211; i uvijek je pri ruci kada je potrebna pauza. Tu su i dva ravna bo\u010dna d\u017eepa i d\u017eep s patentnim zatvara\u010dem sprijeda, savr\u0161eni za male predmete koje \u017eelite dr\u017eati pri ruci. Sustav no\u0161enja je jednostavan, ali funkcionalan s ru\u010dkama na vrhu i fleksibilnim, podesivim naramenicama. Vezeni logotip. Adresa unutar glavnog odjeljka.<\/p>\n","protected":false},"excerpt":{"rendered":"<p>Posebno izdanje K\u00e5nken torbe izra\u0111ene u potpunosti od poliestera recikliranog iz plasti\u010dnih boca. Spremne za no\u0161enje \u017eivotnih potrep\u0161tina \u2013 i daleko u budu\u0107nost: ponovno reciklirane. Proizvedeno bez PFAS-a.<\/p>\n","protected":false},"featured_media":1027060,"template":"","meta":[],"product_brand":[150],"product_cat":[151],"product_tag":[578,479,500,722,590,522,576,485],"class_list":{"0":"post-1020126","1":"product","2":"type-product","3":"status-publish","4":"has-post-thumbnail","6":"product_brand-kanken","7":"product_cat-ruksaci-i-torbe","8":"product_tag-dnevni-ruksaci","9":"product_tag-everyday-outdoor","10":"product_tag-kanken","11":"product_tag-kanken25","12":"product_tag-oprema","13":"product_tag-re-kanken","14":"product_tag-ruksaci-torbe","15":"product_tag-unisex","17":"first","18":"instock","19":"sale","20":"shipping-taxable","21":"purchasable","22":"product-type-variable"},"yoast_head":"<!-- This site is optimized with the Yoast SEO plugin v27.4 - https:\/\/yoast.com\/product\/yoast-seo-wordpress\/ -->\n<title>Re-K\u00e5nken - Fj\u00e4llr\u00e4ven<\/title>\n<meta name=\"robots\" content=\"index, follow, max-snippet:-1, max-image-preview:large, max-video-preview:-1\" \/>\n<link rel=\"canonical\" href=\"https:\/\/fjallshop.hr\/proizvod\/re-kanken\/\" \/>\n<meta property=\"og:locale\" content=\"en_US\" \/>\n<meta property=\"og:type\" content=\"article\" \/>\n<meta property=\"og:title\" content=\"Re-K\u00e5nken - Fj\u00e4llr\u00e4ven\" \/>\n<meta property=\"og:description\" content=\"Posebno izdanje K\u00e5nken torbe izra\u0111ene u potpunosti od poliestera recikliranog iz plasti\u010dnih boca. Spremne za no\u0161enje \u017eivotnih potrep\u0161tina \u2013 i daleko u budu\u0107nost: ponovno reciklirane. Proizvedeno bez PFAS-a.\" \/>\n<meta property=\"og:url\" content=\"https:\/\/fjallshop.hr\/proizvod\/re-kanken\/\" \/>\n<meta property=\"og:site_name\" content=\"Fj\u00e4llr\u00e4ven\" \/>\n<meta property=\"article:modified_time\" content=\"2026-04-20T21:53:49+00:00\" \/>\n<meta property=\"og:image\" content=\"https:\/\/fjallshop.hr\/wp-content\/uploads\/2026\/03\/re-kanken_23548-560_a_main_fjr.webp\" \/>\n\t<meta property=\"og:image:width\" content=\"624\" \/>\n\t<meta property=\"og:image:height\" content=\"624\" \/>\n\t<meta property=\"og:image:type\" content=\"image\/webp\" \/>\n<meta name=\"twitter:card\" content=\"summary_large_image\" \/>\n<meta name=\"twitter:label1\" content=\"Est. reading time\" \/>\n\t<meta name=\"twitter:data1\" content=\"1 minute\" \/>\n<script type=\"application\/ld+json\" class=\"yoast-schema-graph\">{\"@context\":\"https:\\\/\\\/schema.org\",\"@graph\":[{\"@type\":\"WebPage\",\"@id\":\"https:\\\/\\\/fjallshop.hr\\\/proizvod\\\/re-kanken\\\/\",\"url\":\"https:\\\/\\\/fjallshop.hr\\\/proizvod\\\/re-kanken\\\/\",\"name\":\"Re-K\u00e5nken - Fj\u00e4llr\u00e4ven\",\"isPartOf\":{\"@id\":\"https:\\\/\\\/fjallshop.hr\\\/sl\\\/#website\"},\"primaryImageOfPage\":{\"@id\":\"https:\\\/\\\/fjallshop.hr\\\/proizvod\\\/re-kanken\\\/#primaryimage\"},\"image\":{\"@id\":\"https:\\\/\\\/fjallshop.hr\\\/proizvod\\\/re-kanken\\\/#primaryimage\"},\"thumbnailUrl\":\"https:\\\/\\\/fjallshop.hr\\\/wp-content\\\/uploads\\\/2026\\\/03\\\/re-kanken_23548-560_a_main_fjr.webp\",\"datePublished\":\"2025-11-21T09:26:51+00:00\",\"dateModified\":\"2026-04-20T21:53:49+00:00\",\"breadcrumb\":{\"@id\":\"https:\\\/\\\/fjallshop.hr\\\/proizvod\\\/re-kanken\\\/#breadcrumb\"},\"inLanguage\":\"en-US\",\"potentialAction\":[{\"@type\":\"ReadAction\",\"target\":[\"https:\\\/\\\/fjallshop.hr\\\/proizvod\\\/re-kanken\\\/\"]}]},{\"@type\":\"ImageObject\",\"inLanguage\":\"en-US\",\"@id\":\"https:\\\/\\\/fjallshop.hr\\\/proizvod\\\/re-kanken\\\/#primaryimage\",\"url\":\"https:\\\/\\\/fjallshop.hr\\\/wp-content\\\/uploads\\\/2026\\\/03\\\/re-kanken_23548-560_a_main_fjr.webp\",\"contentUrl\":\"https:\\\/\\\/fjallshop.hr\\\/wp-content\\\/uploads\\\/2026\\\/03\\\/re-kanken_23548-560_a_main_fjr.webp\",\"width\":624,\"height\":624},{\"@type\":\"BreadcrumbList\",\"@id\":\"https:\\\/\\\/fjallshop.hr\\\/proizvod\\\/re-kanken\\\/#breadcrumb\",\"itemListElement\":[{\"@type\":\"ListItem\",\"position\":1,\"name\":\"Home\",\"item\":\"https:\\\/\\\/fjallshop.hr\\\/sl\\\/\"},{\"@type\":\"ListItem\",\"position\":2,\"name\":\"Shop\",\"item\":\"https:\\\/\\\/fjallshop.hr\\\/en\\\/shop\\\/\"},{\"@type\":\"ListItem\",\"position\":3,\"name\":\"Re-K\u00e5nken\"}]},{\"@type\":\"WebSite\",\"@id\":\"https:\\\/\\\/fjallshop.hr\\\/sl\\\/#website\",\"url\":\"https:\\\/\\\/fjallshop.hr\\\/sl\\\/\",\"name\":\"Fj\u00e4llr\u00e4ven\",\"description\":\"Web trgovina\",\"publisher\":{\"@id\":\"https:\\\/\\\/fjallshop.hr\\\/sl\\\/#organization\"},\"potentialAction\":[{\"@type\":\"SearchAction\",\"target\":{\"@type\":\"EntryPoint\",\"urlTemplate\":\"https:\\\/\\\/fjallshop.hr\\\/sl\\\/?s={search_term_string}\"},\"query-input\":{\"@type\":\"PropertyValueSpecification\",\"valueRequired\":true,\"valueName\":\"search_term_string\"}}],\"inLanguage\":\"en-US\"},{\"@type\":\"Organization\",\"@id\":\"https:\\\/\\\/fjallshop.hr\\\/sl\\\/#organization\",\"name\":\"Fj\u00e4llr\u00e4ven\",\"url\":\"https:\\\/\\\/fjallshop.hr\\\/sl\\\/\",\"logo\":{\"@type\":\"ImageObject\",\"inLanguage\":\"en-US\",\"@id\":\"https:\\\/\\\/fjallshop.hr\\\/sl\\\/#\\\/schema\\\/logo\\\/image\\\/\",\"url\":\"https:\\\/\\\/fjallshop.hr\\\/wp-content\\\/uploads\\\/2026\\\/01\\\/fjr-logo.svg\",\"contentUrl\":\"https:\\\/\\\/fjallshop.hr\\\/wp-content\\\/uploads\\\/2026\\\/01\\\/fjr-logo.svg\",\"width\":1077,\"height\":393,\"caption\":\"Fj\u00e4llr\u00e4ven\"},\"image\":{\"@id\":\"https:\\\/\\\/fjallshop.hr\\\/sl\\\/#\\\/schema\\\/logo\\\/image\\\/\"}}]}<\/script>\n<!-- \/ Yoast SEO plugin. -->","yoast_head_json":{"title":"Re-K\u00e5nken - Fj\u00e4llr\u00e4ven","robots":{"index":"index","follow":"follow","max-snippet":"max-snippet:-1","max-image-preview":"max-image-preview:large","max-video-preview":"max-video-preview:-1"},"canonical":"https:\/\/fjallshop.hr\/proizvod\/re-kanken\/","og_locale":"en_US","og_type":"article","og_title":"Re-K\u00e5nken - Fj\u00e4llr\u00e4ven","og_description":"Posebno izdanje K\u00e5nken torbe izra\u0111ene u potpunosti od poliestera recikliranog iz plasti\u010dnih boca. Spremne za no\u0161enje \u017eivotnih potrep\u0161tina \u2013 i daleko u budu\u0107nost: ponovno reciklirane. Proizvedeno bez PFAS-a.","og_url":"https:\/\/fjallshop.hr\/proizvod\/re-kanken\/","og_site_name":"Fj\u00e4llr\u00e4ven","article_modified_time":"2026-04-20T21:53:49+00:00","og_image":[{"width":624,"height":624,"url":"https:\/\/fjallshop.hr\/wp-content\/uploads\/2026\/03\/re-kanken_23548-560_a_main_fjr.webp","type":"image\/webp"}],"twitter_card":"summary_large_image","twitter_misc":{"Est. reading time":"1 minute"},"schema":{"@context":"https:\/\/schema.org","@graph":[{"@type":"WebPage","@id":"https:\/\/fjallshop.hr\/proizvod\/re-kanken\/","url":"https:\/\/fjallshop.hr\/proizvod\/re-kanken\/","name":"Re-K\u00e5nken - Fj\u00e4llr\u00e4ven","isPartOf":{"@id":"https:\/\/fjallshop.hr\/sl\/#website"},"primaryImageOfPage":{"@id":"https:\/\/fjallshop.hr\/proizvod\/re-kanken\/#primaryimage"},"image":{"@id":"https:\/\/fjallshop.hr\/proizvod\/re-kanken\/#primaryimage"},"thumbnailUrl":"https:\/\/fjallshop.hr\/wp-content\/uploads\/2026\/03\/re-kanken_23548-560_a_main_fjr.webp","datePublished":"2025-11-21T09:26:51+00:00","dateModified":"2026-04-20T21:53:49+00:00","breadcrumb":{"@id":"https:\/\/fjallshop.hr\/proizvod\/re-kanken\/#breadcrumb"},"inLanguage":"en-US","potentialAction":[{"@type":"ReadAction","target":["https:\/\/fjallshop.hr\/proizvod\/re-kanken\/"]}]},{"@type":"ImageObject","inLanguage":"en-US","@id":"https:\/\/fjallshop.hr\/proizvod\/re-kanken\/#primaryimage","url":"https:\/\/fjallshop.hr\/wp-content\/uploads\/2026\/03\/re-kanken_23548-560_a_main_fjr.webp","contentUrl":"https:\/\/fjallshop.hr\/wp-content\/uploads\/2026\/03\/re-kanken_23548-560_a_main_fjr.webp","width":624,"height":624},{"@type":"BreadcrumbList","@id":"https:\/\/fjallshop.hr\/proizvod\/re-kanken\/#breadcrumb","itemListElement":[{"@type":"ListItem","position":1,"name":"Home","item":"https:\/\/fjallshop.hr\/sl\/"},{"@type":"ListItem","position":2,"name":"Shop","item":"https:\/\/fjallshop.hr\/en\/shop\/"},{"@type":"ListItem","position":3,"name":"Re-K\u00e5nken"}]},{"@type":"WebSite","@id":"https:\/\/fjallshop.hr\/sl\/#website","url":"https:\/\/fjallshop.hr\/sl\/","name":"Fj\u00e4llr\u00e4ven","description":"Web trgovina","publisher":{"@id":"https:\/\/fjallshop.hr\/sl\/#organization"},"potentialAction":[{"@type":"SearchAction","target":{"@type":"EntryPoint","urlTemplate":"https:\/\/fjallshop.hr\/sl\/?s={search_term_string}"},"query-input":{"@type":"PropertyValueSpecification","valueRequired":true,"valueName":"search_term_string"}}],"inLanguage":"en-US"},{"@type":"Organization","@id":"https:\/\/fjallshop.hr\/sl\/#organization","name":"Fj\u00e4llr\u00e4ven","url":"https:\/\/fjallshop.hr\/sl\/","logo":{"@type":"ImageObject","inLanguage":"en-US","@id":"https:\/\/fjallshop.hr\/sl\/#\/schema\/logo\/image\/","url":"https:\/\/fjallshop.hr\/wp-content\/uploads\/2026\/01\/fjr-logo.svg","contentUrl":"https:\/\/fjallshop.hr\/wp-content\/uploads\/2026\/01\/fjr-logo.svg","width":1077,"height":393,"caption":"Fj\u00e4llr\u00e4ven"},"image":{"@id":"https:\/\/fjallshop.hr\/sl\/#\/schema\/logo\/image\/"}}]}},"_links":{"self":[{"href":"https:\/\/fjallshop.hr\/en\/wp-json\/wp\/v2\/product\/1020126","targetHints":{"allow":["GET"]}}],"collection":[{"href":"https:\/\/fjallshop.hr\/en\/wp-json\/wp\/v2\/product"}],"about":[{"href":"https:\/\/fjallshop.hr\/en\/wp-json\/wp\/v2\/types\/product"}],"version-history":[{"count":1,"href":"https:\/\/fjallshop.hr\/en\/wp-json\/wp\/v2\/product\/1020126\/revisions"}],"predecessor-version":[{"id":1020147,"href":"https:\/\/fjallshop.hr\/en\/wp-json\/wp\/v2\/product\/1020126\/revisions\/1020147"}],"wp:featuredmedia":[{"embeddable":true,"href":"https:\/\/fjallshop.hr\/en\/wp-json\/wp\/v2\/media\/1027060"}],"wp:attachment":[{"href":"https:\/\/fjallshop.hr\/en\/wp-json\/wp\/v2\/media?parent=1020126"}],"wp:term":[{"taxonomy":"product_brand","embeddable":true,"href":"https:\/\/fjallshop.hr\/en\/wp-json\/wp\/v2\/product_brand?post=1020126"},{"taxonomy":"product_cat","embeddable":true,"href":"https:\/\/fjallshop.hr\/en\/wp-json\/wp\/v2\/product_cat?post=1020126"},{"taxonomy":"product_tag","embeddable":true,"href":"https:\/\/fjallshop.hr\/en\/wp-json\/wp\/v2\/product_tag?post=1020126"}],"curies":[{"name":"wp","href":"https:\/\/api.w.org\/{rel}","templated":true}]}}