{"id":1020125,"date":"2025-11-21T09:26:51","date_gmt":"2025-11-21T09:26:51","guid":{"rendered":"https:\/\/fjallshop.hr\/?post_type=product&#038;p=1020125"},"modified":"2026-04-17T11:26:00","modified_gmt":"2026-04-17T11:26:00","slug":"kanken-laptop-17","status":"publish","type":"product","link":"https:\/\/fjallshop.hr\/en\/product\/kanken-laptop-17\/","title":{"rendered":"K\u00e5nken Laptop 17&#8243;"},"content":{"rendered":"<p>Verzija K\u00e5nken ruksaka za prijenosno ra\u010dunalo \u2013 K\u00e5nken Laptop 17&#8243; izra\u0111en je od izdr\u017eljive Vinylon F tkanine i ima zaseban, podstavljeni pretinac koji omogu\u0107uje sigurnu pohranu 17-in\u010dnog prijenosnog ra\u010dunala. Ima dodatni d\u017eep s patentnim zatvara\u010dem unutar glavnog pretinca, d\u017eep s patentnim zatvara\u010dem sprijeda, dva bo\u010dna d\u017eepa i udobne podstavljene naramenice.<\/p>\n","protected":false},"excerpt":{"rendered":"<p>Klasi\u010dni K\u00e5nken ruksak s odvojenim, podstavljenim pretincem za 17\u201d prijenosno ra\u010dunalo. Proizvedeno bez PFAS-a.<\/p>\n","protected":false},"featured_media":1027051,"template":"","meta":[],"product_brand":[],"product_cat":[151],"product_tag":[578,479,500,521,722,590,576,485],"class_list":{"0":"post-1020125","1":"product","2":"type-product","3":"status-publish","4":"has-post-thumbnail","6":"product_cat-ruksaci-i-torbe","7":"product_tag-dnevni-ruksaci","8":"product_tag-everyday-outdoor","9":"product_tag-kanken","10":"product_tag-kanken-laptop","11":"product_tag-kanken25","12":"product_tag-oprema","13":"product_tag-ruksaci-torbe","14":"product_tag-unisex","16":"first","17":"instock","18":"sale","19":"shipping-taxable","20":"purchasable","21":"product-type-variable"},"yoast_head":"<!-- This site is optimized with the Yoast SEO plugin v27.4 - https:\/\/yoast.com\/product\/yoast-seo-wordpress\/ -->\n<title>K\u00e5nken Laptop 17&quot; - Fj\u00e4llr\u00e4ven<\/title>\n<meta name=\"robots\" content=\"index, follow, max-snippet:-1, max-image-preview:large, max-video-preview:-1\" \/>\n<link rel=\"canonical\" href=\"https:\/\/fjallshop.hr\/proizvod\/kanken-laptop-17\/\" \/>\n<meta property=\"og:locale\" content=\"en_US\" \/>\n<meta property=\"og:type\" content=\"article\" \/>\n<meta property=\"og:title\" content=\"K\u00e5nken Laptop 17&quot; - Fj\u00e4llr\u00e4ven\" \/>\n<meta property=\"og:description\" content=\"Klasi\u010dni K\u00e5nken ruksak s odvojenim, podstavljenim pretincem za 17\u201d prijenosno ra\u010dunalo. Proizvedeno bez PFAS-a.\" \/>\n<meta property=\"og:url\" content=\"https:\/\/fjallshop.hr\/proizvod\/kanken-laptop-17\/\" \/>\n<meta property=\"og:site_name\" content=\"Fj\u00e4llr\u00e4ven\" \/>\n<meta property=\"article:modified_time\" content=\"2026-04-17T11:26:00+00:00\" \/>\n<meta property=\"og:image\" content=\"https:\/\/fjallshop.hr\/wp-content\/uploads\/2026\/03\/kanken_laptop_17_23525-046_a_main_fjr.jpg\" \/>\n\t<meta property=\"og:image:width\" content=\"624\" \/>\n\t<meta property=\"og:image:height\" content=\"624\" \/>\n\t<meta property=\"og:image:type\" content=\"image\/jpeg\" \/>\n<meta name=\"twitter:card\" content=\"summary_large_image\" \/>\n<meta name=\"twitter:label1\" content=\"Est. reading time\" \/>\n\t<meta name=\"twitter:data1\" content=\"1 minute\" \/>\n<script type=\"application\/ld+json\" class=\"yoast-schema-graph\">{\"@context\":\"https:\\\/\\\/schema.org\",\"@graph\":[{\"@type\":\"WebPage\",\"@id\":\"https:\\\/\\\/fjallshop.hr\\\/proizvod\\\/kanken-laptop-17\\\/\",\"url\":\"https:\\\/\\\/fjallshop.hr\\\/proizvod\\\/kanken-laptop-17\\\/\",\"name\":\"K\u00e5nken Laptop 17\\\" - Fj\u00e4llr\u00e4ven\",\"isPartOf\":{\"@id\":\"https:\\\/\\\/fjallshop.hr\\\/sl\\\/#website\"},\"primaryImageOfPage\":{\"@id\":\"https:\\\/\\\/fjallshop.hr\\\/proizvod\\\/kanken-laptop-17\\\/#primaryimage\"},\"image\":{\"@id\":\"https:\\\/\\\/fjallshop.hr\\\/proizvod\\\/kanken-laptop-17\\\/#primaryimage\"},\"thumbnailUrl\":\"https:\\\/\\\/fjallshop.hr\\\/wp-content\\\/uploads\\\/2026\\\/03\\\/kanken_laptop_17_23525-046_a_main_fjr.jpg\",\"datePublished\":\"2025-11-21T09:26:51+00:00\",\"dateModified\":\"2026-04-17T11:26:00+00:00\",\"breadcrumb\":{\"@id\":\"https:\\\/\\\/fjallshop.hr\\\/proizvod\\\/kanken-laptop-17\\\/#breadcrumb\"},\"inLanguage\":\"en-US\",\"potentialAction\":[{\"@type\":\"ReadAction\",\"target\":[\"https:\\\/\\\/fjallshop.hr\\\/proizvod\\\/kanken-laptop-17\\\/\"]}]},{\"@type\":\"ImageObject\",\"inLanguage\":\"en-US\",\"@id\":\"https:\\\/\\\/fjallshop.hr\\\/proizvod\\\/kanken-laptop-17\\\/#primaryimage\",\"url\":\"https:\\\/\\\/fjallshop.hr\\\/wp-content\\\/uploads\\\/2026\\\/03\\\/kanken_laptop_17_23525-046_a_main_fjr.jpg\",\"contentUrl\":\"https:\\\/\\\/fjallshop.hr\\\/wp-content\\\/uploads\\\/2026\\\/03\\\/kanken_laptop_17_23525-046_a_main_fjr.jpg\",\"width\":624,\"height\":624},{\"@type\":\"BreadcrumbList\",\"@id\":\"https:\\\/\\\/fjallshop.hr\\\/proizvod\\\/kanken-laptop-17\\\/#breadcrumb\",\"itemListElement\":[{\"@type\":\"ListItem\",\"position\":1,\"name\":\"Home\",\"item\":\"https:\\\/\\\/fjallshop.hr\\\/sl\\\/\"},{\"@type\":\"ListItem\",\"position\":2,\"name\":\"Shop\",\"item\":\"https:\\\/\\\/fjallshop.hr\\\/en\\\/shop\\\/\"},{\"@type\":\"ListItem\",\"position\":3,\"name\":\"K\u00e5nken Laptop 17&#8243;\"}]},{\"@type\":\"WebSite\",\"@id\":\"https:\\\/\\\/fjallshop.hr\\\/sl\\\/#website\",\"url\":\"https:\\\/\\\/fjallshop.hr\\\/sl\\\/\",\"name\":\"Fj\u00e4llr\u00e4ven\",\"description\":\"Web trgovina\",\"publisher\":{\"@id\":\"https:\\\/\\\/fjallshop.hr\\\/sl\\\/#organization\"},\"potentialAction\":[{\"@type\":\"SearchAction\",\"target\":{\"@type\":\"EntryPoint\",\"urlTemplate\":\"https:\\\/\\\/fjallshop.hr\\\/sl\\\/?s={search_term_string}\"},\"query-input\":{\"@type\":\"PropertyValueSpecification\",\"valueRequired\":true,\"valueName\":\"search_term_string\"}}],\"inLanguage\":\"en-US\"},{\"@type\":\"Organization\",\"@id\":\"https:\\\/\\\/fjallshop.hr\\\/sl\\\/#organization\",\"name\":\"Fj\u00e4llr\u00e4ven\",\"url\":\"https:\\\/\\\/fjallshop.hr\\\/sl\\\/\",\"logo\":{\"@type\":\"ImageObject\",\"inLanguage\":\"en-US\",\"@id\":\"https:\\\/\\\/fjallshop.hr\\\/sl\\\/#\\\/schema\\\/logo\\\/image\\\/\",\"url\":\"https:\\\/\\\/fjallshop.hr\\\/wp-content\\\/uploads\\\/2026\\\/01\\\/fjr-logo.svg\",\"contentUrl\":\"https:\\\/\\\/fjallshop.hr\\\/wp-content\\\/uploads\\\/2026\\\/01\\\/fjr-logo.svg\",\"width\":1077,\"height\":393,\"caption\":\"Fj\u00e4llr\u00e4ven\"},\"image\":{\"@id\":\"https:\\\/\\\/fjallshop.hr\\\/sl\\\/#\\\/schema\\\/logo\\\/image\\\/\"}}]}<\/script>\n<!-- \/ Yoast SEO plugin. -->","yoast_head_json":{"title":"K\u00e5nken Laptop 17\" - Fj\u00e4llr\u00e4ven","robots":{"index":"index","follow":"follow","max-snippet":"max-snippet:-1","max-image-preview":"max-image-preview:large","max-video-preview":"max-video-preview:-1"},"canonical":"https:\/\/fjallshop.hr\/proizvod\/kanken-laptop-17\/","og_locale":"en_US","og_type":"article","og_title":"K\u00e5nken Laptop 17\" - Fj\u00e4llr\u00e4ven","og_description":"Klasi\u010dni K\u00e5nken ruksak s odvojenim, podstavljenim pretincem za 17\u201d prijenosno ra\u010dunalo. Proizvedeno bez PFAS-a.","og_url":"https:\/\/fjallshop.hr\/proizvod\/kanken-laptop-17\/","og_site_name":"Fj\u00e4llr\u00e4ven","article_modified_time":"2026-04-17T11:26:00+00:00","og_image":[{"width":624,"height":624,"url":"https:\/\/fjallshop.hr\/wp-content\/uploads\/2026\/03\/kanken_laptop_17_23525-046_a_main_fjr.jpg","type":"image\/jpeg"}],"twitter_card":"summary_large_image","twitter_misc":{"Est. reading time":"1 minute"},"schema":{"@context":"https:\/\/schema.org","@graph":[{"@type":"WebPage","@id":"https:\/\/fjallshop.hr\/proizvod\/kanken-laptop-17\/","url":"https:\/\/fjallshop.hr\/proizvod\/kanken-laptop-17\/","name":"K\u00e5nken Laptop 17\" - Fj\u00e4llr\u00e4ven","isPartOf":{"@id":"https:\/\/fjallshop.hr\/sl\/#website"},"primaryImageOfPage":{"@id":"https:\/\/fjallshop.hr\/proizvod\/kanken-laptop-17\/#primaryimage"},"image":{"@id":"https:\/\/fjallshop.hr\/proizvod\/kanken-laptop-17\/#primaryimage"},"thumbnailUrl":"https:\/\/fjallshop.hr\/wp-content\/uploads\/2026\/03\/kanken_laptop_17_23525-046_a_main_fjr.jpg","datePublished":"2025-11-21T09:26:51+00:00","dateModified":"2026-04-17T11:26:00+00:00","breadcrumb":{"@id":"https:\/\/fjallshop.hr\/proizvod\/kanken-laptop-17\/#breadcrumb"},"inLanguage":"en-US","potentialAction":[{"@type":"ReadAction","target":["https:\/\/fjallshop.hr\/proizvod\/kanken-laptop-17\/"]}]},{"@type":"ImageObject","inLanguage":"en-US","@id":"https:\/\/fjallshop.hr\/proizvod\/kanken-laptop-17\/#primaryimage","url":"https:\/\/fjallshop.hr\/wp-content\/uploads\/2026\/03\/kanken_laptop_17_23525-046_a_main_fjr.jpg","contentUrl":"https:\/\/fjallshop.hr\/wp-content\/uploads\/2026\/03\/kanken_laptop_17_23525-046_a_main_fjr.jpg","width":624,"height":624},{"@type":"BreadcrumbList","@id":"https:\/\/fjallshop.hr\/proizvod\/kanken-laptop-17\/#breadcrumb","itemListElement":[{"@type":"ListItem","position":1,"name":"Home","item":"https:\/\/fjallshop.hr\/sl\/"},{"@type":"ListItem","position":2,"name":"Shop","item":"https:\/\/fjallshop.hr\/en\/shop\/"},{"@type":"ListItem","position":3,"name":"K\u00e5nken Laptop 17&#8243;"}]},{"@type":"WebSite","@id":"https:\/\/fjallshop.hr\/sl\/#website","url":"https:\/\/fjallshop.hr\/sl\/","name":"Fj\u00e4llr\u00e4ven","description":"Web trgovina","publisher":{"@id":"https:\/\/fjallshop.hr\/sl\/#organization"},"potentialAction":[{"@type":"SearchAction","target":{"@type":"EntryPoint","urlTemplate":"https:\/\/fjallshop.hr\/sl\/?s={search_term_string}"},"query-input":{"@type":"PropertyValueSpecification","valueRequired":true,"valueName":"search_term_string"}}],"inLanguage":"en-US"},{"@type":"Organization","@id":"https:\/\/fjallshop.hr\/sl\/#organization","name":"Fj\u00e4llr\u00e4ven","url":"https:\/\/fjallshop.hr\/sl\/","logo":{"@type":"ImageObject","inLanguage":"en-US","@id":"https:\/\/fjallshop.hr\/sl\/#\/schema\/logo\/image\/","url":"https:\/\/fjallshop.hr\/wp-content\/uploads\/2026\/01\/fjr-logo.svg","contentUrl":"https:\/\/fjallshop.hr\/wp-content\/uploads\/2026\/01\/fjr-logo.svg","width":1077,"height":393,"caption":"Fj\u00e4llr\u00e4ven"},"image":{"@id":"https:\/\/fjallshop.hr\/sl\/#\/schema\/logo\/image\/"}}]}},"_links":{"self":[{"href":"https:\/\/fjallshop.hr\/en\/wp-json\/wp\/v2\/product\/1020125","targetHints":{"allow":["GET"]}}],"collection":[{"href":"https:\/\/fjallshop.hr\/en\/wp-json\/wp\/v2\/product"}],"about":[{"href":"https:\/\/fjallshop.hr\/en\/wp-json\/wp\/v2\/types\/product"}],"version-history":[{"count":1,"href":"https:\/\/fjallshop.hr\/en\/wp-json\/wp\/v2\/product\/1020125\/revisions"}],"predecessor-version":[{"id":1020140,"href":"https:\/\/fjallshop.hr\/en\/wp-json\/wp\/v2\/product\/1020125\/revisions\/1020140"}],"wp:featuredmedia":[{"embeddable":true,"href":"https:\/\/fjallshop.hr\/en\/wp-json\/wp\/v2\/media\/1027051"}],"wp:attachment":[{"href":"https:\/\/fjallshop.hr\/en\/wp-json\/wp\/v2\/media?parent=1020125"}],"wp:term":[{"taxonomy":"product_brand","embeddable":true,"href":"https:\/\/fjallshop.hr\/en\/wp-json\/wp\/v2\/product_brand?post=1020125"},{"taxonomy":"product_cat","embeddable":true,"href":"https:\/\/fjallshop.hr\/en\/wp-json\/wp\/v2\/product_cat?post=1020125"},{"taxonomy":"product_tag","embeddable":true,"href":"https:\/\/fjallshop.hr\/en\/wp-json\/wp\/v2\/product_tag?post=1020125"}],"curies":[{"name":"wp","href":"https:\/\/api.w.org\/{rel}","templated":true}]}}